{"id":3632,"date":"2021-05-07T14:59:25","date_gmt":"2021-05-07T12:59:25","guid":{"rendered":"https:\/\/us.edu.pl\/instytut\/inp\/?page_id=3632"},"modified":"2022-05-23T12:19:05","modified_gmt":"2022-05-23T10:19:05","slug":"debaty-i-spotkania-kola-naukowego-doradztwa-politycznego-us","status":"publish","type":"page","link":"https:\/\/us.edu.pl\/instytut\/inp\/debaty-i-spotkania-kola-naukowego-doradztwa-politycznego-us\/","title":{"rendered":"Debaty i spotkania Ko\u0142a Naukowego Doradztwa Politycznego U\u015a"},"content":{"rendered":"<p>[vc_row][vc_column]\r\n                <div class=\"text-modules \">\r\n                    <div class=\"container\">\r\n                        <h3 class=\"section-title section-title_border-bottom\">Spotkanie z wiceministrem Paw\u0142em Jab\u0142o\u0144skim<\/h3> <h3 class=\"subtitle text-modules__subtitle\">17.05.2022<\/h3>\r\n                        <div class=\"row m-0\">\r\n                            <div class=\"text-modules__content\">\r\n                                Tym razem go\u015bciem student\u00f3w z Ko\u0142a Naukowego Doradztwa Politycznego i Mi\u0119dzynarodowych Studi\u00f3w Nauk Politycznych i Dyplomacji by\u0142 Pawe\u0142 Jab\u0142o\u0144ski &#8211; podsekretarz stanu w Ministerstwie Spraw Zagranicznych. Rozmawiali\u015bmy o kierunkach polskiej polityki zagranicznej w obliczu inwazji Federacji Rosyjskiej na Ukrain\u0119.<\/p>\n<p><iframe loading=\"lazy\" style=\"border: none; overflow: hidden;\" src=\"https:\/\/www.facebook.com\/plugins\/post.php?href=https%3A%2F%2Fwww.facebook.com%2Fdoradztwopolityczneipubliczne%2Fposts%2F3276195652662787&amp;show_text=true&amp;width=500\" width=\"500\" height=\"748\" frameborder=\"0\" scrolling=\"no\" allowfullscreen=\"allowfullscreen\"><\/iframe> \r\n                                <div class=\"mt-3\"><\/div>\r\n                            <\/div>\r\n                            \r\n                            <div class=\"text-modules__img\"><img src=\"https:\/\/us.edu.pl\/instytut\/inp\/wp-content\/uploads\/sites\/31\/Bez-kategorii\/jablonski.jpg\" alt=\"img\"><\/div>\r\n                        <\/div>\r\n                    <\/div>\r\n                <\/div>[\/vc_column][\/vc_row][vc_row][vc_column]\r\n                <div class=\"text-modules \">\r\n                    <div class=\"container\">\r\n                        <h3 class=\"section-title section-title_border-bottom\">Spotkanie z wicemarsza\u0142kiem Sejmu W\u0142odzimierzem Czarzastym<\/h3> <h3 class=\"subtitle text-modules__subtitle\">25.04.2022<\/h3>\r\n                        <div class=\"row m-0\">\r\n                            <div class=\"text-modules__content\">\r\n                                Cykl spotka\u0144 z politykami w 2022 roku zainaugurowali\u015bmy wizyt\u0105 wicemarsza\u0142ka Sejmu RP i lidera Nowej Lewicy &#8211; W\u0142odzimierza Czarzastego. Spotkanie dotycz\u0105ce kulis dzia\u0142alno\u015bci w sejmie zorganizowa\u0142a Rada Samorz\u0105du Studenckiego Wydzia\u0142u Nauk Spo\u0142ecznych we wsp\u00f3\u0142pracy z Ko\u0142em Naukowym Doradztwa Politycznego.<\/p>\n<p><iframe loading=\"lazy\" style=\"border: none; overflow: hidden;\" src=\"https:\/\/www.facebook.com\/plugins\/post.php?href=https%3A%2F%2Fwww.facebook.com%2Fdoradztwopolityczneipubliczne%2Fposts%2F3258796027736083&amp;show_text=true&amp;width=500\" width=\"500\" height=\"904\" frameborder=\"0\" scrolling=\"no\" allowfullscreen=\"allowfullscreen\"><\/iframe> \r\n                                <div class=\"mt-3\"><\/div>\r\n                            <\/div>\r\n                            \r\n                            <div class=\"text-modules__img\"><img src=\"https:\/\/us.edu.pl\/instytut\/inp\/wp-content\/uploads\/sites\/31\/Bez-kategorii\/czarzasty.jpg\" alt=\"img\"><\/div>\r\n                        <\/div>\r\n                    <\/div>\r\n                <\/div>[\/vc_column][\/vc_row][vc_row][vc_column]\r\n                <div class=\"text-modules \">\r\n                    <div class=\"container\">\r\n                        <h3 class=\"section-title section-title_border-bottom\">Debata dotycz\u0105ca spisu powszechnego<\/h3> <h3 class=\"subtitle text-modules__subtitle\">25.03.2021<\/h3>\r\n                        <div class=\"row m-0\">\r\n                            <div class=\"text-modules__content\">\r\n                                Tematyka spisu powszechnego i mo\u017cliwo\u015bci deklarowania w nim narodowo\u015bci \u015bl\u0105skiej zdominowa\u0142a w ostatnich tygodniach debat\u0119 publiczn\u0105 w naszym wojew\u00f3dztwie. Kwestia ta zainteresowa\u0142a r\u00f3wnie\u017c student\u00f3w z Ko\u0142a Naukowego Doradztwa Politycznego, kt\u00f3rzy na kilkana\u015bcie dni przed rozpocz\u0119ciem Narodowego Spisu Powszechnego 2021 zorganizowali debat\u0119, w kt\u00f3rej na pytania student\u00f3w odpowiadali dr hab. Ma\u0142gorzata My\u015bliwiec, prof. U\u015a oraz eurodeputowany \u0141ukasz Kohut.<\/p>\n<p>Wideorelacja z debaty dost\u0119pna jest na kanale Doradztwa Politycznego i Publicznego.<\/p>\n<div class=\"mt-3\"><\/div>\r\n                            <\/div>\r\n                            \r\n                            <div class=\"text-modules__img\"><img src=\"https:\/\/us.edu.pl\/instytut\/inp\/wp-content\/uploads\/sites\/31\/Nieprzypisane\/debata2-300x170.jpg\" alt=\"img\"><\/div>\r\n                        <\/div>\r\n                    <\/div>\r\n                <\/div>[vc_video link=&#8221;https:\/\/youtu.be\/Kkat-f5RaSM&#8221; el_width=&#8221;40&#8243; css=&#8221;.vc_custom_1645474866819{margin-left: 60px !important;}&#8221;][\/vc_column][\/vc_row][vc_row][vc_column]\r\n                <div class=\"text-modules \">\r\n                    <div class=\"container\">\r\n                        <h3 class=\"section-title section-title_border-bottom\">Spotkanie online z pos\u0142ank\u0105 Monik\u0105 Ros\u0105<\/h3> <h3 class=\"subtitle text-modules__subtitle\">12.11.2020<\/h3>\r\n                        <div class=\"row m-0\">\r\n                            <div class=\"text-modules__content\">\r\n                                Tym razem w ramach cyklu spotka\u0144 z politykami Ko\u0142o Naukowe Doradztwa Politycznego U\u015a zorganizowa\u0142o spotkanie online z pos\u0142ank\u0105 Monik\u0105 Ros\u0105. G\u0142\u00f3wnym tematem spotkania by\u0142a kwestia G\u00f3rnego \u015al\u0105ska i prawa kobiet w bie\u017c\u0105cej polityce. Spotkanie poprowadzi\u0142y przewodnicz\u0105ca ko\u0142a Karolina Kaczmarczyk i jej zast\u0119pczyni Natalia Pyzik.<\/p>\n<p>Wideorelacja ze spotkania dost\u0119pna jest <a href=\"https:\/\/www.facebook.com\/doradztwopolityczneipubliczne\/videos\/5362364900456397\">na kanale Doradztwa Politycznego i Publicznego<\/a>.<\/p>\n<div class=\"mt-3\"><\/div>\r\n                            <\/div>\r\n                            \r\n                            <div class=\"text-modules__img\"><img src=\"https:\/\/us.edu.pl\/instytut\/inp\/wp-content\/uploads\/sites\/31\/Nieprzypisane\/rosa1-300x168.jpg\" alt=\"img\"><\/div>\r\n                        <\/div>\r\n                    <\/div>\r\n                <\/div>[vc_video link=&#8221;https:\/\/youtu.be\/-q_dRGx2grU&#8221; el_width=&#8221;40&#8243; css=&#8221;.vc_custom_1645474978133{margin-left: 60px !important;}&#8221;][\/vc_column][\/vc_row][vc_row][vc_column]\r\n                <div class=\"text-modules \">\r\n                    <div class=\"container\">\r\n                        <h3 class=\"section-title section-title_border-bottom\">Spotkanie z pos\u0142em W\u0142adys\u0142awem Kosiniakiem-Kamyszem<\/h3> <h3 class=\"subtitle text-modules__subtitle\">21.01.2020<\/h3>\r\n                        <div class=\"row m-0\">\r\n                            <div class=\"text-modules__content\">\r\n                                W ramach cyklu spotka\u0144 z politykami tym razem zaproszenie student\u00f3w z Ko\u0142a Naukowego Doradztwa Politycznego przyj\u0105\u0142 przewodnicz\u0105cy PSL W\u0142adys\u0142aw Kosiniak-Kamysz, kt\u00f3ry opowiedzia\u0142 o wyzwaniach dla Polski w polityce krajowej i zagranicznej.<\/p>\n<p>Fotorelacja ze spotkania dost\u0119pna jest na naszej stronie w zak\u0142adce <a href=\"https:\/\/us.edu.pl\/instytut\/inp\/multimedia\/spotkanie-z-wladyslawem-kosiniakiem-kamyszem\/\">multimedia<\/a>.<\/p>\n<p>Wideorejestracj\u0119 spotkania przygotowan\u0105 przez student\u00f3w I roku Dziennikarstwa i komunikacji spo\u0142ecznej pod kierunkiem red. Zbigniewa Markowskiego mo\u017cna natomiast zobaczy\u0107 na <a href=\"https:\/\/youtu.be\/r-aPMctbxV4\">kanale Youtube Wydzia\u0142u Nauk Spo\u0142ecznych<\/a>.<\/p>\n<div class=\"mt-3\"><\/div>\r\n                            <\/div>\r\n                            \r\n                            <div class=\"text-modules__img\"><img src=\"https:\/\/us.edu.pl\/instytut\/inp\/wp-content\/uploads\/sites\/31\/Nieprzypisane\/IMG_4005-300x200.jpg\" alt=\"img\"><\/div>\r\n                        <\/div>\r\n                    <\/div>\r\n                <\/div>[vc_video link=&#8221;https:\/\/youtu.be\/r-aPMctbxV4&#8243; el_width=&#8221;40&#8243; css=&#8221;.vc_custom_1645475253873{margin-left: 60px !important;}&#8221;][\/vc_column][\/vc_row][vc_row][vc_column]\r\n                <div class=\"text-modules \">\r\n                    <div class=\"container\">\r\n                        <h3 class=\"section-title section-title_border-bottom\">Debata kandydat\u00f3w do Parlamentu Europejskiego<\/h3> <h3 class=\"subtitle text-modules__subtitle\">08.05.2019<\/h3>\r\n                        <div class=\"row m-0\">\r\n                            <div class=\"text-modules__content\">\r\n                                Za nami kolejna inicjatywa Ko\u0142a Naukowego Doradztwa Politycznego U\u015a &#8211; debata kandydat\u00f3w do Parlamentu Europejskiego. 8 maja na zaproszenie student\u00f3w na Auli Popio\u0142ka pojawili si\u0119 przedstawiciele sze\u015bciu komitet\u00f3w, kt\u00f3re zdo\u0142a\u0142y zarejestrowa\u0107 listy wyborcze w ca\u0142ej Polsce. W debacie uczestniczyli: Grzegorz D\u0142ugi (Kukiz&#8217;15), Maciej Klimek (Wiosna Biedronia), Pawe\u0142 Kobyli\u0144ski (Koalicja Europejska), Maciej Konieczny (Lewica Razem), Boles\u0142aw Piecha (Prawo i Sprawiedliwo\u015b\u0107) oraz Jacek Wilk (Konfederacja). W czasie p\u00f3\u0142toragodzinnej debaty zaproszeni go\u015bcie prezentowali swoje wyst\u0105pienia w ramach paneli wymy\u015blonych przez student\u00f3w, kt\u00f3re dotyczy\u0142y: przysz\u0142o\u015bci Europy, wizji Polski w Unii Europejskiej oraz perspektyw rozwojowych wojew\u00f3dztwa \u015bl\u0105skiego w Parlamencie Europejskim kadencji 2019-2024. Politycy odpowiadali tak\u017ce na pytania zadane przez swoich kontrkandydat\u00f3w oraz te zaproponowane przez student\u00f3w. \r\n                                <div class=\"mt-3\"><\/div>\r\n                            <\/div>\r\n                            \r\n                            <div class=\"text-modules__img\"><img src=\"https:\/\/us.edu.pl\/instytut\/inp\/wp-content\/uploads\/sites\/31\/Nieprzypisane\/debata1.jpg\" alt=\"img\"><\/div>\r\n                        <\/div>\r\n                    <\/div>\r\n                <\/div>[\/vc_column][\/vc_row][vc_row][vc_column]\r\n                <div class=\"text-modules \">\r\n                    <div class=\"container\">\r\n                        <h3 class=\"section-title section-title_border-bottom\">Spotkanie z \u0141ukaszem Kohutem<\/h3> <h3 class=\"subtitle text-modules__subtitle\">24.04.2019<\/h3>\r\n                        <div class=\"row m-0\">\r\n                            <div class=\"text-modules__content\">\r\n                                Kolejnym go\u015bciem student\u00f3w z Ko\u0142a Naukowego Doradztwa Politycznego U\u015a w ramach spotka\u0144 z politykami by\u0142 \u0141ukasz Kohut z Wiosny Biedronia, kt\u00f3ry opowiedzia\u0142 o prawnych gwarancjach ochrony mniejszo\u015bci narodowych i etnicznych w Polsce. \r\n                                <div class=\"mt-3\"><\/div>\r\n                            <\/div>\r\n                            \r\n                            <div class=\"text-modules__img\"><img src=\"https:\/\/us.edu.pl\/instytut\/inp\/wp-content\/uploads\/sites\/31\/Nieprzypisane\/kohut1.jpg\" alt=\"img\"><\/div>\r\n                        <\/div>\r\n                    <\/div>\r\n                <\/div>[\/vc_column][\/vc_row][vc_row][vc_column]\r\n                <div class=\"text-modules \">\r\n                    <div class=\"container\">\r\n                        <h3 class=\"section-title section-title_border-bottom\">Spotkanie z pos\u0142em Jackiem Wilkiem<\/h3> <h3 class=\"subtitle text-modules__subtitle\">15.04.2019<\/h3>\r\n                        <div class=\"row m-0\">\r\n                            <div class=\"text-modules__content\">\r\n                                Za nami kolejne spotkanie z politykiem organizowane przez Ko\u0142o Naukowe Doradztwa Politycznego U\u015a. Tym razem go\u015bciem ko\u0142a by\u0142 pose\u0142 Jacek Wilk, kt\u00f3ry w ramach spotkania &#8222;Polski w\u0119giel &#8211; skarb czy przekle\u0144stwo?&#8221; opowiedzia\u0142 o pracach Zespo\u0142u Parlamentarnego do spraw kopalni Krupi\u0144ski i technologii podziemnego zgazowania w\u0119gla. Zapraszamy do ogl\u0105dania filmowej relacji z wydarzenia, dost\u0119pnej <a href=\"https:\/\/www.facebook.com\/JacekWilkPL\/videos\/551409918684485\/\">tutaj<\/a>. \r\n                                <div class=\"mt-3\"><\/div>\r\n                            <\/div>\r\n                            \r\n                            <div class=\"text-modules__img\"><img src=\"https:\/\/us.edu.pl\/instytut\/inp\/wp-content\/uploads\/sites\/31\/Nieprzypisane\/IMG_0986w.jpg\" alt=\"img\"><\/div>\r\n                        <\/div>\r\n                    <\/div>\r\n                <\/div>[\/vc_column][\/vc_row][vc_row][vc_column]\r\n                <div class=\"text-modules \">\r\n                    <div class=\"container\">\r\n                        <h3 class=\"section-title section-title_border-bottom\">Spotkanie z pos\u0142em Borysem Budk\u0105<\/h3> <h3 class=\"subtitle text-modules__subtitle\">10.04.2019<\/h3>\r\n                        <div class=\"row m-0\">\r\n                            <div class=\"text-modules__content\">\r\n                                W ramach cyklu spotka\u0144 z politykami organizowanego przez Ko\u0142o Naukowe Doradztwa Politycznego U\u015a na Wydziale Nauk Spo\u0142ecznych go\u015bci\u0142 by\u0142y minister sprawiedliwo\u015bci Borys Budka. W trakcie spotkania &#8222;ACTA 2. Prawa autorskie i nowa dyrektywa UE&#8221; pose\u0142 przedstawi\u0142 kulisy prac nad unijn\u0105 dyrektyw\u0105 o prawach autorskich oraz odpowiada\u0142 na pytania student\u00f3w zwi\u0105zane z jej uchwaleniem.<\/p>\n<div class=\"mt-3\"><\/div>\r\n                            <\/div>\r\n                            \r\n                            <div class=\"text-modules__img\"><img src=\"https:\/\/us.edu.pl\/instytut\/inp\/wp-content\/uploads\/sites\/31\/Nieprzypisane\/budka1.jpg\" alt=\"img\"><\/div>\r\n                        <\/div>\r\n                    <\/div>\r\n                <\/div>[\/vc_column][\/vc_row][vc_row][vc_column]\r\n                <div class=\"text-modules \">\r\n                    <div class=\"container\">\r\n                        <h3 class=\"section-title section-title_border-bottom\">Spotkanie z pos\u0142em Markiem Jakubiakiem<\/h3> <h3 class=\"subtitle text-modules__subtitle\">07.03.2019<\/h3>\r\n                        <div class=\"row m-0\">\r\n                            <div class=\"text-modules__content\">\r\n                                Ko\u0142o Naukowe Doradztwa Politycznego U\u015a zainaugurowa\u0142o cykl spotka\u0144 z polskimi politykami. Pierwszym go\u015bciem student\u00f3w by\u0142 pose\u0142 Marek Jakubiak, kt\u00f3ry podczas spotkania &#8222;Demokracja bezpo\u015brednia &#8211; perspektywy rozwoju&#8221; przedstawi\u0142 techniczne rozwi\u0105zania umo\u017cliwiaj\u0105ce wprowadzenie g\u0142osowania przez Internet. Wideorelacj\u0119 z wydarzenia mo\u017cna obejrze\u0107 <a href=\"https:\/\/www.facebook.com\/871948612817182\/videos\/303008847076992\/\" target=\"_blank\" rel=\"noopener noreferrer\">na kanale Facebookowym pos\u0142a<\/a>.<\/p>\n<div class=\"mt-3\"><\/div>\r\n                            <\/div>\r\n                            \r\n                            <div class=\"text-modules__img\"><img src=\"https:\/\/us.edu.pl\/instytut\/inp\/wp-content\/uploads\/sites\/31\/Nieprzypisane\/jakubiak2.jpg\" alt=\"img\"><\/div>\r\n                        <\/div>\r\n                    <\/div>\r\n                <\/div>[\/vc_column][\/vc_row]<\/p>","protected":false},"excerpt":{"rendered":"<p>[vc_row][vc_column][\/vc_column][\/vc_row][vc_row][vc_column][\/vc_column][\/vc_row][vc_row][vc_column][vc_video link=&#8221;https:\/\/youtu.be\/Kkat-f5RaSM&#8221; el_width=&#8221;40&#8243; css=&#8221;.vc_custom_1645474866819{margin-left: 60px !important;}&#8221;][\/vc_column][\/vc_row][vc_row][vc_column][vc_video link=&#8221;https:\/\/youtu.be\/-q_dRGx2grU&#8221; el_width=&#8221;40&#8243; css=&#8221;.vc_custom_1645474978133{margin-left: 60px !important;}&#8221;][\/vc_column][\/vc_row][vc_row][vc_column][vc_video link=&#8221;https:\/\/youtu.be\/r-aPMctbxV4&#8243; el_width=&#8221;40&#8243; css=&#8221;.vc_custom_1645475253873{margin-left: 60px !important;}&#8221;][\/vc_column][\/vc_row][vc_row][vc_column][\/vc_column][\/vc_row][vc_row][vc_column][\/vc_column][\/vc_row][vc_row][vc_column][\/vc_column][\/vc_row][vc_row][vc_column][\/vc_column][\/vc_row][vc_row][vc_column][\/vc_column][\/vc_row] [&#8230;]<\/p>\n<p><a class=\"btn btn-secondary understrap-read-more-link\" href=\"https:\/\/us.edu.pl\/instytut\/inp\/debaty-i-spotkania-kola-naukowego-doradztwa-politycznego-us\/\">Read More&#8230;<\/a><\/p>\n","protected":false},"author":132,"featured_media":0,"parent":0,"menu_order":0,"comment_status":"closed","ping_status":"closed","template":"","meta":{"_expiration-date-status":"","_expiration-date":0,"_expiration-date-type":"","_expiration-date-categories":[],"_expiration-date-options":[]},"acf":[],"_links":{"self":[{"href":"https:\/\/us.edu.pl\/instytut\/inp\/wp-json\/wp\/v2\/pages\/3632"}],"collection":[{"href":"https:\/\/us.edu.pl\/instytut\/inp\/wp-json\/wp\/v2\/pages"}],"about":[{"href":"https:\/\/us.edu.pl\/instytut\/inp\/wp-json\/wp\/v2\/types\/page"}],"author":[{"embeddable":true,"href":"https:\/\/us.edu.pl\/instytut\/inp\/wp-json\/wp\/v2\/users\/132"}],"replies":[{"embeddable":true,"href":"https:\/\/us.edu.pl\/instytut\/inp\/wp-json\/wp\/v2\/comments?post=3632"}],"version-history":[{"count":10,"href":"https:\/\/us.edu.pl\/instytut\/inp\/wp-json\/wp\/v2\/pages\/3632\/revisions"}],"predecessor-version":[{"id":4368,"href":"https:\/\/us.edu.pl\/instytut\/inp\/wp-json\/wp\/v2\/pages\/3632\/revisions\/4368"}],"wp:attachment":[{"href":"https:\/\/us.edu.pl\/instytut\/inp\/wp-json\/wp\/v2\/media?parent=3632"}],"curies":[{"name":"wp","href":"https:\/\/api.w.org\/{rel}","templated":true}]}}