{"id":3731,"date":"2021-06-11T14:08:30","date_gmt":"2021-06-11T12:08:30","guid":{"rendered":"https:\/\/us.edu.pl\/instytut\/inp\/?page_id=3731"},"modified":"2021-06-11T14:41:54","modified_gmt":"2021-06-11T12:41:54","slug":"uniwersyteckie-centrum-kreatywnego-obywatelstwa","status":"publish","type":"page","link":"https:\/\/us.edu.pl\/instytut\/inp\/uniwersyteckie-centrum-kreatywnego-obywatelstwa\/","title":{"rendered":"Uniwersyteckie Centrum Kreatywnego Obywatelstwa"},"content":{"rendered":"<p>[vc_row][vc_column]\r\n                <div class=\"text-modules \">\r\n                    <div class=\"container\">\r\n                        <h3 class=\"section-title section-title_border-bottom\">Uniwersyteckie Centrum Kreatywnego Obywatelstwa<\/h3> \r\n                        <div class=\"row m-0\">\r\n                            <div class=\"text-modules__content\">\r\n                                Dzi\u0119ki wsp\u00f3\u0142pracy Instytutu Nauk Politycznych i Instytutu Psychologii Uniwersytetu \u015al\u0105skiego powsta\u0142o Uniwersyteckie Centrum Kreatywnego Obywatelstwa.<\/p>\n<div>\n<p>Zesp\u00f3\u0142 Centrum tworz\u0105 m\u0142odzi pracownicy naukowi instytut\u00f3w. Do zada\u0144 Centrum nale\u017cy <a href=\"http:\/\/m.in\" target=\"_blank\" rel=\"noopener noreferrer\">m.in<\/a>. realizacja interdyscyplinarnych projekt\u00f3w badawczych, kt\u00f3rych celem jest wypracowywanie nowych idei i koncepcji aktywno\u015bci obywatelskiej. Centrum prowadzi interdyscyplinarn\u0105 dzia\u0142alno\u015b\u0107 naukow\u0105 i edukacyjn\u0105 we wsp\u00f3\u0142pracy z otoczeniem spo\u0142ecznym Uniwersytetu. W rozpocz\u0119tych ju\u017c projektach, wsp\u00f3\u0142tworzy programy zwi\u0105zane ze wsparciem uczni\u00f3w i nauczycieli w powrocie do nauki bezpo\u015bredniej po okresie pandemii. Cieszymy si\u0119, \u017ce pracownicy naszego Instytutu stworzyli unikatowe pod wzgl\u0119dem zakresu tematycznego i jedno z nielicznych dzia\u0142aj\u0105cych na Uniwersytecie \u015al\u0105skim centr\u00f3w badawczych. Jednocze\u015bnie wszystkich ch\u0119tnych, zar\u00f3wno pracownik\u00f3w, doktorant\u00f3w, jak i student\u00f3w, niezale\u017cnie od reprezentowanej dyscypliny bada\u0144, zapraszamy do wsp\u00f3\u0142pracy.<br \/>\nWi\u0119cej informacji o UCKO na stronie:<br \/>\n<a href=\"https:\/\/us.edu.pl\/nauka-i-badania\/centra-badawcze\/ucko\/\" target=\"_blank\" rel=\"noopener noreferrer\">https:\/\/us.edu.pl\/nauka-i-badania\/centra-badawcze\/ucko\/<\/a><\/p>\n<div>\n<div><\/div>\n<div><\/div>\n<\/div>\n<\/div>\n<div class=\"mt-3\"><\/div>\r\n                            <\/div>\r\n                            \r\n                            <div class=\"text-modules__img\"><img src=\"https:\/\/us.edu.pl\/instytut\/inp\/wp-content\/uploads\/sites\/31\/Nieprzypisane\/startup-3267505_1920.jpg\" alt=\"img\"><\/div>\r\n                        <\/div>\r\n                    <\/div>\r\n                <\/div>[\/vc_column][\/vc_row]<\/p>","protected":false},"excerpt":{"rendered":"<p>[vc_row][vc_column][\/vc_column][\/vc_row] [&#8230;]<\/p>\n<p><a class=\"btn btn-secondary understrap-read-more-link\" href=\"https:\/\/us.edu.pl\/instytut\/inp\/uniwersyteckie-centrum-kreatywnego-obywatelstwa\/\">Read More&#8230;<\/a><\/p>\n","protected":false},"author":141,"featured_media":0,"parent":0,"menu_order":0,"comment_status":"closed","ping_status":"closed","template":"","meta":{"_expiration-date-status":"saved","_expiration-date":0,"_expiration-date-type":"","_expiration-date-categories":[],"_expiration-date-options":[]},"acf":[],"_links":{"self":[{"href":"https:\/\/us.edu.pl\/instytut\/inp\/wp-json\/wp\/v2\/pages\/3731"}],"collection":[{"href":"https:\/\/us.edu.pl\/instytut\/inp\/wp-json\/wp\/v2\/pages"}],"about":[{"href":"https:\/\/us.edu.pl\/instytut\/inp\/wp-json\/wp\/v2\/types\/page"}],"author":[{"embeddable":true,"href":"https:\/\/us.edu.pl\/instytut\/inp\/wp-json\/wp\/v2\/users\/141"}],"replies":[{"embeddable":true,"href":"https:\/\/us.edu.pl\/instytut\/inp\/wp-json\/wp\/v2\/comments?post=3731"}],"version-history":[{"count":4,"href":"https:\/\/us.edu.pl\/instytut\/inp\/wp-json\/wp\/v2\/pages\/3731\/revisions"}],"predecessor-version":[{"id":3741,"href":"https:\/\/us.edu.pl\/instytut\/inp\/wp-json\/wp\/v2\/pages\/3731\/revisions\/3741"}],"wp:attachment":[{"href":"https:\/\/us.edu.pl\/instytut\/inp\/wp-json\/wp\/v2\/media?parent=3731"}],"curies":[{"name":"wp","href":"https:\/\/api.w.org\/{rel}","templated":true}]}}