{"id":3750,"date":"2021-08-05T14:09:53","date_gmt":"2021-08-05T12:09:53","guid":{"rendered":"https:\/\/us.edu.pl\/instytut\/inp\/?page_id=3750"},"modified":"2021-08-05T19:55:39","modified_gmt":"2021-08-05T17:55:39","slug":"satysfakcja-ze-zdalnego-nauczania-raport","status":"publish","type":"page","link":"https:\/\/us.edu.pl\/instytut\/inp\/satysfakcja-ze-zdalnego-nauczania-raport\/","title":{"rendered":"Satysfakcja ze zdalnego nauczania: raport"},"content":{"rendered":"<p>[vc_row][vc_column]\r\n                <div class=\"text-modules \">\r\n                    <div class=\"container\">\r\n                        <h3 class=\"section-title section-title_border-bottom\">Satysfakcja student\u00f3w ze zdalnego nauczania w trakcie pandemii COVID-19<\/h3> <h3 class=\"subtitle text-modules__subtitle\">Raport z bada\u0144<\/h3>\r\n                        <div class=\"row m-0\">\r\n                            <div class=\"text-modules__content\">\r\n                                W ramach modu\u0142u &#8222;Badania marketingowe&#8221; studentki politologii (specjalno\u015b\u0107 doradztwo polityczno-publiczne) pod kierunkiem dr Agaty Olszaneckiej-Marmoli bada\u0142y satysfakcj\u0119 student\u00f3w ze zdalnego nauczania w trakcie pandemii COVID-19. Zesp\u00f3\u0142 badawczy w sk\u0142adzie Anna Brz\u00f3zka, Natalia P\u0119kala, Alicja Pokusa, Natalia Pyzik, Agnieszka Sobol, Karolina Kaczmarczyk i Alicja Nalepa przebada\u0142 416 student\u00f3w Wydzia\u0142u Nauk Spo\u0142ecznych Uniwersytetu \u015al\u0105skiego w Katowicach. Wnioski z bada\u0144 opublikowano w ramach raportu &#8222;Satysfakcja student\u00f3w ze zdalnego nauczania w trakcie pandemii COVID-19 : badanie empiryczne student\u00f3w Wydzia\u0142u Nauk Spo\u0142ecznych Uniwersytetu \u015al\u0105skiego w Katowicach&#8221; wydanego przez Towarzystwo Inicjatyw Naukowych. Tre\u015b\u0107 raportu dost\u0119pna jest na stronie TIN oraz w Repozytorium U\u015a pod adresem: <a href=\"http:\/\/hdl.handle.net\/20.500.12128\/21024\">http:\/\/hdl.handle.net\/20.500.12128\/21024<\/a><\/p>\n<p>Publikacja powsta\u0142a przy wsp\u00f3\u0142pracy z Ko\u0142em Naukowym Doradztwa Politycznego Uniwersytetu \u015al\u0105skiego w Katowicach.<\/p>\n<p>&nbsp;<\/p>\n<div class=\"mt-3\"><\/div>\r\n                            <\/div>\r\n                            \r\n                            <div class=\"text-modules__img\"><img src=\"https:\/\/us.edu.pl\/instytut\/inp\/wp-content\/uploads\/sites\/31\/Nieprzypisane\/SATYSFAKCJA-ZE-ZDALNEGO-NAUCZANIA-4.jpg\" alt=\"img\"><\/div>\r\n                        <\/div>\r\n                    <\/div>\r\n                <\/div>[\/vc_column][\/vc_row]<\/p>","protected":false},"excerpt":{"rendered":"<p>[vc_row][vc_column][\/vc_column][\/vc_row] [&#8230;]<\/p>\n<p><a class=\"btn btn-secondary understrap-read-more-link\" href=\"https:\/\/us.edu.pl\/instytut\/inp\/satysfakcja-ze-zdalnego-nauczania-raport\/\">Read More&#8230;<\/a><\/p>\n","protected":false},"author":132,"featured_media":0,"parent":0,"menu_order":0,"comment_status":"closed","ping_status":"closed","template":"","meta":{"_expiration-date-status":"saved","_expiration-date":0,"_expiration-date-type":"","_expiration-date-categories":[],"_expiration-date-options":[]},"acf":[],"_links":{"self":[{"href":"https:\/\/us.edu.pl\/instytut\/inp\/wp-json\/wp\/v2\/pages\/3750"}],"collection":[{"href":"https:\/\/us.edu.pl\/instytut\/inp\/wp-json\/wp\/v2\/pages"}],"about":[{"href":"https:\/\/us.edu.pl\/instytut\/inp\/wp-json\/wp\/v2\/types\/page"}],"author":[{"embeddable":true,"href":"https:\/\/us.edu.pl\/instytut\/inp\/wp-json\/wp\/v2\/users\/132"}],"replies":[{"embeddable":true,"href":"https:\/\/us.edu.pl\/instytut\/inp\/wp-json\/wp\/v2\/comments?post=3750"}],"version-history":[{"count":4,"href":"https:\/\/us.edu.pl\/instytut\/inp\/wp-json\/wp\/v2\/pages\/3750\/revisions"}],"predecessor-version":[{"id":3764,"href":"https:\/\/us.edu.pl\/instytut\/inp\/wp-json\/wp\/v2\/pages\/3750\/revisions\/3764"}],"wp:attachment":[{"href":"https:\/\/us.edu.pl\/instytut\/inp\/wp-json\/wp\/v2\/media?parent=3750"}],"curies":[{"name":"wp","href":"https:\/\/api.w.org\/{rel}","templated":true}]}}