{"id":3792,"date":"2021-08-17T12:09:02","date_gmt":"2021-08-17T10:09:02","guid":{"rendered":"https:\/\/us.edu.pl\/instytut\/inp\/?page_id=3792"},"modified":"2021-08-17T12:09:02","modified_gmt":"2021-08-17T10:09:02","slug":"potencjal-polityczny-teorii-spiskowych-studium-polski-i-slowenii","status":"publish","type":"page","link":"https:\/\/us.edu.pl\/instytut\/inp\/potencjal-polityczny-teorii-spiskowych-studium-polski-i-slowenii\/","title":{"rendered":"Potencja\u0142 polityczny teorii spiskowych. Studium Polski i S\u0142owenii"},"content":{"rendered":"<p>[vc_row][vc_column]\r\n                <div class=\"text-modules\">\r\n                    <div class=\"container\">\r\n                        <h3 class=\"page-title text__title\">Potencja\u0142 polityczny teorii spiskowych. Studium Polski i S\u0142owenii<\/h3>\r\n                        <div class=\"text-modules__content\"><p>Grant w ramach konkursu <strong>OPUS LAP<\/strong> (NCN).<\/p>\n<p>Kierownik projektu: <strong>dr hab. Agnieszka Turska-Kawa, prof. U\u015a<\/strong> z Instytutu Nauk Politycznych U\u015a<\/p>\n<p>Finansowanie w wysoko\u015bci <strong>699 190 z\u0142<\/strong><\/p>\n<p>Okres realizacji: <strong>48 miesi\u0119cy<\/strong><\/p>\n<p>Partner po stronie s\u0142owe\u0144skiej: Slovenian Research Agency<\/p>\n<p>Przedmiotem bada\u0144 prowadzonych po polskiej stronie b\u0119d\u0105 trzy ruchy oparte na teoriach spiskowych, kt\u00f3rych dzia\u0142alno\u015b\u0107 uaktywni\u0142a sytuacja pandemii na \u015bwiecie: ruch antycovidowy, ruch anty-5G i ruch antyszczepionkowy. Celem projektu jest zbadanie zjawiska wykorzystania tych inicjatyw w polskiej i s\u0142owe\u0144skiej polityce oraz czynnik\u00f3w wp\u0142ywaj\u0105cych na ich ewentualn\u0105 polityczn\u0105 atrakcyjno\u015b\u0107 b\u0105d\u017a jej ewentualny brak.<\/p>\n<p>\n<\/div>\r\n                    <\/div>\r\n                <\/div>[\/vc_column][\/vc_row]<\/p>","protected":false},"excerpt":{"rendered":"<p>[vc_row][vc_column][\/vc_column][\/vc_row] [&#8230;]<\/p>\n<p><a class=\"btn btn-secondary understrap-read-more-link\" href=\"https:\/\/us.edu.pl\/instytut\/inp\/potencjal-polityczny-teorii-spiskowych-studium-polski-i-slowenii\/\">Read More&#8230;<\/a><\/p>\n","protected":false},"author":141,"featured_media":0,"parent":0,"menu_order":0,"comment_status":"closed","ping_status":"closed","template":"page-templates\/page-with-sidebar.php","meta":{"_expiration-date-status":"saved","_expiration-date":0,"_expiration-date-type":"","_expiration-date-categories":[],"_expiration-date-options":[]},"acf":[],"_links":{"self":[{"href":"https:\/\/us.edu.pl\/instytut\/inp\/wp-json\/wp\/v2\/pages\/3792"}],"collection":[{"href":"https:\/\/us.edu.pl\/instytut\/inp\/wp-json\/wp\/v2\/pages"}],"about":[{"href":"https:\/\/us.edu.pl\/instytut\/inp\/wp-json\/wp\/v2\/types\/page"}],"author":[{"embeddable":true,"href":"https:\/\/us.edu.pl\/instytut\/inp\/wp-json\/wp\/v2\/users\/141"}],"replies":[{"embeddable":true,"href":"https:\/\/us.edu.pl\/instytut\/inp\/wp-json\/wp\/v2\/comments?post=3792"}],"version-history":[{"count":1,"href":"https:\/\/us.edu.pl\/instytut\/inp\/wp-json\/wp\/v2\/pages\/3792\/revisions"}],"predecessor-version":[{"id":3797,"href":"https:\/\/us.edu.pl\/instytut\/inp\/wp-json\/wp\/v2\/pages\/3792\/revisions\/3797"}],"wp:attachment":[{"href":"https:\/\/us.edu.pl\/instytut\/inp\/wp-json\/wp\/v2\/media?parent=3792"}],"curies":[{"name":"wp","href":"https:\/\/api.w.org\/{rel}","templated":true}]}}