{"id":3907,"date":"2021-10-25T17:59:00","date_gmt":"2021-10-25T15:59:00","guid":{"rendered":"https:\/\/us.edu.pl\/instytut\/inp\/?page_id=3907"},"modified":"2022-02-22T22:48:26","modified_gmt":"2022-02-22T21:48:26","slug":"seminarium-naukowe-korupcja-polityczna-analiza-zjawiska-w-perspektywie-polityk-publicznych","status":"publish","type":"page","link":"https:\/\/us.edu.pl\/instytut\/inp\/seminarium-naukowe-korupcja-polityczna-analiza-zjawiska-w-perspektywie-polityk-publicznych\/","title":{"rendered":"Seminarium naukowe \u201cKorupcja polityczna. Analiza zjawiska w perspektywie polityk publicznych\u201d"},"content":{"rendered":"<p>[vc_row][vc_column]\r\n                <div class=\"text-modules \">\r\n                    <div class=\"container\">\r\n                         <h3 class=\"subtitle text-modules__subtitle\">Seminarium naukowe \u201cKorupcja polityczna. Analiza zjawiska w perspektywie polityk publicznych\u201d<\/h3>\r\n                        <div class=\"row m-0\">\r\n                            <div class=\"text-modules__content\">\r\n                                <\/p>\n<p><span style=\"font-size: 12pt;\">W dniu 26 marca 2021 r. odby\u0142o si\u0119 seminarium naukowe \u201cKorupcja polityczna. Analiza zjawiska w perspektywie polityk publicznych\u201d. <\/span><\/p>\n<p><span style=\"font-size: 12pt;\">Organizatorzy: Centrum Badawcze Polityki Publicznej i Problem\u00f3w Regulacyjnych oraz Instytut Nauk Politycznych Uniwersytetu \u015al\u0105skiego w Katowicach.<br \/>\n<\/span><\/p>\n<p><span style=\"font-size: 12pt;\">W seminarium uczestniczyli:<\/span><\/p>\n<p><span style=\"font-size: 12pt;\"><strong>Jaros\u0142aw Wichura \u2013 Kancelaria Adwokacka Piro\u017cek&amp;Piro\u017cek<\/strong><\/span><\/p>\n<p><span style=\"font-size: 12pt;\"><strong>Anna Sroka (Uniwersytet Warszawski) i Marta \u017berkowska-Balas (SWPS w Warszawie)<\/strong><\/span><\/p>\n<p><span style=\"font-size: 12pt;\"><strong>Grzegorz Makowski \u2013 Fundacja im. Stefana Batorego<\/strong><\/span><\/p>\n<p><span style=\"font-size: 12pt;\"><strong>Marcin Pi\u0105tek \u2013 Delegatura CBA w Katowicach<\/strong><\/span><\/p>\n<p><span style=\"font-size: 12pt;\"><strong>Waldemar Wojtasik (U\u015a)<\/strong><\/span><\/p>\n<div class=\"mt-3\"><\/div>\r\n                            <\/div>\r\n                            \r\n                            \r\n                        <\/div>\r\n                    <\/div>\r\n                <\/div>[\/vc_column][\/vc_row][vc_row][vc_column width=&#8221;1\/4&#8243;][vc_video link=&#8221;https:\/\/youtu.be\/PLO3nEVki0U&#8221; css=&#8221;.vc_custom_1645566380783{margin-left: 40px !important;}&#8221; title=&#8221;dr hab. Grzegorz Makowski: Grand corruption, czyli wielka korupcja&#8221;][\/vc_column][vc_column width=&#8221;1\/4&#8243;][vc_video link=&#8221;https:\/\/youtu.be\/WiAQr8ZDmGg&#8221; css=&#8221;.vc_custom_1645566447569{margin-left: 40px !important;}&#8221; title=&#8221;dr Jaros\u0142aw Wichura: Przest\u0119pstwa korupcyjne na gruncie prawa karnego&#8221;][\/vc_column][vc_column width=&#8221;1\/4&#8243;][vc_video link=&#8221;https:\/\/youtu.be\/fRkOUJj-7VQ&#8221; css=&#8221;.vc_custom_1645566365907{margin-left: 40px !important;}&#8221; title=&#8221;dr Marta \u017berkowska-Balas: Wp\u0142yw afer korupcyjnych na rozliczalno\u015b\u0107 rz\u0105du&#8221;][\/vc_column][vc_column width=&#8221;1\/4&#8243;][vc_video link=&#8221;https:\/\/youtu.be\/N-JwjbyrqUw&#8221; css=&#8221;.vc_custom_1645566501455{margin-left: 40px !important;}&#8221; title=&#8221;prof. Waldemar Wojtasik: Korupcjogenne wymiary procesu wyborczego&#8221;][\/vc_column][\/vc_row]<\/p>","protected":false},"excerpt":{"rendered":"<p>[vc_row][vc_column][\/vc_column][\/vc_row][vc_row][vc_column width=&#8221;1\/4&#8243;][vc_video link=&#8221;https:\/\/youtu.be\/PLO3nEVki0U&#8221; css=&#8221;.vc_custom_1645566380783{margin-left: 40px !important;}&#8221; title=&#8221;dr hab. Grzegorz Makowski: Grand corruption, czyli wielka korupcja&#8221;][\/vc_column][vc_column width=&#8221;1\/4&#8243;][vc_video link=&#8221;https:\/\/youtu.be\/WiAQr8ZDmGg&#8221; css=&#8221;.vc_custom_1645566447569{margin-left: 40px !important;}&#8221; title=&#8221;dr Jaros\u0142aw Wichura: Przest\u0119pstwa korupcyjne na gruncie prawa karnego&#8221;][\/vc_column][vc_column width=&#8221;1\/4&#8243;][vc_video link=&#8221;https:\/\/youtu.be\/fRkOUJj-7VQ&#8221; css=&#8221;.vc_custom_1645566365907{margin-left: 40px !important;}&#8221; title=&#8221;dr Marta \u017berkowska-Balas: Wp\u0142yw afer korupcyjnych na rozliczalno\u015b\u0107 rz\u0105du&#8221;][\/vc_column][vc_column width=&#8221;1\/4&#8243;][vc_video link=&#8221;https:\/\/youtu.be\/N-JwjbyrqUw&#8221; css=&#8221;.vc_custom_1645566501455{margin-left: 40px !important;}&#8221; title=&#8221;prof. Waldemar Wojtasik: Korupcjogenne wymiary procesu wyborczego&#8221;][\/vc_column][\/vc_row] [&#8230;]<\/p>\n<p><a class=\"btn btn-secondary understrap-read-more-link\" href=\"https:\/\/us.edu.pl\/instytut\/inp\/seminarium-naukowe-korupcja-polityczna-analiza-zjawiska-w-perspektywie-polityk-publicznych\/\">Read More&#8230;<\/a><\/p>\n","protected":false},"author":141,"featured_media":0,"parent":0,"menu_order":0,"comment_status":"closed","ping_status":"closed","template":"","meta":{"_expiration-date-status":"saved","_expiration-date":0,"_expiration-date-type":"","_expiration-date-categories":[],"_expiration-date-options":[]},"acf":[],"_links":{"self":[{"href":"https:\/\/us.edu.pl\/instytut\/inp\/wp-json\/wp\/v2\/pages\/3907"}],"collection":[{"href":"https:\/\/us.edu.pl\/instytut\/inp\/wp-json\/wp\/v2\/pages"}],"about":[{"href":"https:\/\/us.edu.pl\/instytut\/inp\/wp-json\/wp\/v2\/types\/page"}],"author":[{"embeddable":true,"href":"https:\/\/us.edu.pl\/instytut\/inp\/wp-json\/wp\/v2\/users\/141"}],"replies":[{"embeddable":true,"href":"https:\/\/us.edu.pl\/instytut\/inp\/wp-json\/wp\/v2\/comments?post=3907"}],"version-history":[{"count":4,"href":"https:\/\/us.edu.pl\/instytut\/inp\/wp-json\/wp\/v2\/pages\/3907\/revisions"}],"predecessor-version":[{"id":4187,"href":"https:\/\/us.edu.pl\/instytut\/inp\/wp-json\/wp\/v2\/pages\/3907\/revisions\/4187"}],"wp:attachment":[{"href":"https:\/\/us.edu.pl\/instytut\/inp\/wp-json\/wp\/v2\/media?parent=3907"}],"curies":[{"name":"wp","href":"https:\/\/api.w.org\/{rel}","templated":true}]}}