{"id":3915,"date":"2021-10-25T18:13:14","date_gmt":"2021-10-25T16:13:14","guid":{"rendered":"https:\/\/us.edu.pl\/instytut\/inp\/?page_id=3915"},"modified":"2025-02-17T14:22:34","modified_gmt":"2025-02-17T13:22:34","slug":"sciezki-badawcze","status":"publish","type":"page","link":"https:\/\/us.edu.pl\/instytut\/inp\/sciezki-badawcze\/","title":{"rendered":"\u015acie\u017cki badawcze"},"content":{"rendered":"<p>[vc_row][vc_column]\r\n                <div class=\"text-modules\">\r\n                    <div class=\"container\">\r\n                        \r\n                        <div class=\"text-modules__content\"><p>\u015acie\u017cki badawcze w INP to nieformalne projekty naukowe i popularyzatorskie, w innowacyjny cz\u0119sto spos\u00f3b podejmuj\u0105ce wa\u017cne problemy spo\u0142eczne i polityczne. Liderzy \u015bcie\u017cek projektuj\u0105 je w kierunku wsp\u00f3\u0142pracy interdyscyplinarnej, zapraszaj\u0105c do zespo\u0142\u00f3w ekspert\u00f3w, praktyk\u00f3w, jak r\u00f3wnie\u017c doktorant\u00f3w czy student\u00f3w. Celem jest szerokie spojrzenie na problem, ale tak\u017ce uruchomienie proces\u00f3w wymiany do\u015bwiadcze\u0144, wiedzy i kompetencji w ramach intermentoringu, tutoringu czy innych form wsp\u00f3\u0142pracy.<\/p>\n<\/div>\r\n                    <\/div>\r\n                <\/div>[\/vc_column][\/vc_row]<\/p>","protected":false},"excerpt":{"rendered":"<p>[vc_row][vc_column][\/vc_column][\/vc_row] [&#8230;]<\/p>\n<p><a class=\"btn btn-secondary understrap-read-more-link\" href=\"https:\/\/us.edu.pl\/instytut\/inp\/sciezki-badawcze\/\">Read More&#8230;<\/a><\/p>\n","protected":false},"author":141,"featured_media":0,"parent":0,"menu_order":0,"comment_status":"closed","ping_status":"closed","template":"page-templates\/page-with-bookmarks.php","meta":{"_expiration-date-status":"","_expiration-date":0,"_expiration-date-type":"","_expiration-date-categories":[],"_expiration-date-options":[]},"acf":[],"_links":{"self":[{"href":"https:\/\/us.edu.pl\/instytut\/inp\/wp-json\/wp\/v2\/pages\/3915"}],"collection":[{"href":"https:\/\/us.edu.pl\/instytut\/inp\/wp-json\/wp\/v2\/pages"}],"about":[{"href":"https:\/\/us.edu.pl\/instytut\/inp\/wp-json\/wp\/v2\/types\/page"}],"author":[{"embeddable":true,"href":"https:\/\/us.edu.pl\/instytut\/inp\/wp-json\/wp\/v2\/users\/141"}],"replies":[{"embeddable":true,"href":"https:\/\/us.edu.pl\/instytut\/inp\/wp-json\/wp\/v2\/comments?post=3915"}],"version-history":[{"count":11,"href":"https:\/\/us.edu.pl\/instytut\/inp\/wp-json\/wp\/v2\/pages\/3915\/revisions"}],"predecessor-version":[{"id":7548,"href":"https:\/\/us.edu.pl\/instytut\/inp\/wp-json\/wp\/v2\/pages\/3915\/revisions\/7548"}],"wp:attachment":[{"href":"https:\/\/us.edu.pl\/instytut\/inp\/wp-json\/wp\/v2\/media?parent=3915"}],"curies":[{"name":"wp","href":"https:\/\/api.w.org\/{rel}","templated":true}]}}