{"id":3926,"date":"2021-10-25T18:25:03","date_gmt":"2021-10-25T16:25:03","guid":{"rendered":"https:\/\/us.edu.pl\/instytut\/inp\/?page_id=3926"},"modified":"2025-01-09T18:56:20","modified_gmt":"2025-01-09T17:56:20","slug":"postawy-polakow-wobec-mniejszosci-etnicznych-i-narodowych","status":"publish","type":"page","link":"https:\/\/us.edu.pl\/instytut\/inp\/postawy-polakow-wobec-mniejszosci-etnicznych-i-narodowych\/","title":{"rendered":"Postawy Polak\u00f3w wobec mniejszo\u015bci etnicznych i narodowych"},"content":{"rendered":"<p>[vc_row][vc_column]\r\n                <div class=\"text-modules\">\r\n                    <div class=\"container\">\r\n                        <h3 class=\"page-title text__title\">Postawy Polak\u00f3w wobec mniejszo\u015bci etnicznych i narodowych<\/h3>\r\n                        <div class=\"text-modules__content\"><p>Kierownik: dr Anna Mu\u015b<\/p>\n<p>W 1945 roku jako jeden z postulat\u00f3w politycznych zosta\u0142a wprowadzona teza o homogeniczno\u015bci Narodu Polskiego (BERDYCHOWSKA 1998: 16-17). Transformacja ustrojowa z 1989 roku doprowadzi\u0142a wprawdzie do powstania w Polsce systemu ochrony praw uznanych mniejszo\u015bci etnicznych i narodowych (JANUSZ 2011), jednak wydaje si\u0119, \u017ce tylko umiarkowanie wp\u0142yn\u0119\u0142a na zmian\u0119 postaw wi\u0119kszo\u015bci (Polak\u00f3w). Badania postaw wi\u0119kszo\u015bci (przedstawicieli kultury dominuj\u0105cej) wobec mniejszo\u015bci (przedstawicieli kultur niedominuj\u0105cych) ju\u017c od jakiego\u015b czasu s\u0105 prowadzone w pa\u0144stwach Europy Zachodniej i w USA (np. WELDON 2006). Na gruncie polskim, CBOS co roku publikuje badania dotycz\u0105ce stosunku Polak\u00f3w do innych narod\u00f3w, ale badania te nie obejmuj\u0105 mniejszo\u015bci etnicznych (opr\u00f3cz Rom\u00f3w).<\/p>\n<p>Celem niniejszego badania jest wst\u0119pne rozpoznanie postaw oraz wiedzy Polak\u00f3w o uznanych i nieuznanych mniejszo\u015bciach narodowych i etnicznych, zamieszkuj\u0105cych teren Rzeczpospolitej Polskiej.<\/p>\n<p>Pytania badawcze s\u0105 nast\u0119puj\u0105ce: 1. Czy przedstawiciele wi\u0119kszo\u015bci (Polacy) wykazuj\u0105 zrozumienie dla potrzeb i d\u0105\u017ce\u0144 przedstawicieli mniejszo\u015bci? 2. Czy istnieje zwi\u0105zek mi\u0119dzy miejscem zamieszkania a postawami wobec mniejszo\u015bci?<\/p>\n<p>Hipotezy badawcze zak\u0142adaj\u0105, \u017ce: 1. Wi\u0119kszo\u015b\u0107 Polak\u00f3w nie jest zainteresowana lub nie wykazuje zrozumienia dla potrzeb i d\u0105\u017ce\u0144 przedstawicieli mniejszo\u015bci. 2. Mieszka\u0144cy wojew\u00f3dztw, w kt\u00f3rych jest wi\u0119kszy odsetek os\u00f3b deklaruj\u0105cych identyfikacje niepolskie, s\u0105 bardziej otwarci na problemy mniejszo\u015bci, ni\u017c mieszka\u0144cy bardziej homogenicznych etnicznie (i narodowo) wojew\u00f3dztw.<\/p>\n<p>Badanie zosta\u0142o zaplanowane jako badanie por\u00f3wnawcze i zostanie przeprowadzone we wszystkich wojew\u00f3dztwach w Polsce, za\u015b analiza danych b\u0119dzie skupia\u0142a si\u0119 na por\u00f3wnaniu wynik\u00f3w mi\u0119dzy wojew\u00f3dztwami w zale\u017cno\u015bci od udzia\u0142u populacji o identyfikacji niepolskiej w oparciu o dane ze Spisu Powszechnego 2011 (Struktura&#8230;). Je\u017celi opublikowane zostan\u0105 dane ze Spisu Powszechnego 2021, tak\u017ce zostan\u0105 one uwzgl\u0119dnione. Badanie wst\u0119pne b\u0119dzie przeprowadzone jako badanie ilo\u015bciowe z u\u017cyciem metody sonda\u017cowej poprzez wykorzystanie narz\u0119dzia kwestionariusza ankiety, opartej na pi\u0119ciostopniowej skali Likerta do pyta\u0144 dotycz\u0105cych postaw (MAYNTZ, HOLM, H\u00dcBNER 1985: 71-72) oraz trzystopniowej skali tak-nie-nie wiem do pyta\u0144 dotycz\u0105cych wiedzy. Poniewa\u017c nie jest to badanie stricte socjologiczne, a raczej wst\u0119pna analiza do badania politologicznego, wykorzystanie uznanych skal typu skali dystansu spo\u0142ecznego Bogardusa czy metodologii przyj\u0119tej w badaniach the Princeton trilogy by\u0142oby niewystarczaj\u0105ce do osi\u0105gni\u0119cia cel\u00f3w badania (BABBIE 2008). Pr\u00f3ba zostanie dobrana losowo i obejmie 1000 os\u00f3b, wprowadzona zostanie warstwa oparta na wojew\u00f3dztwie zamieszkania, a liczba respondent\u00f3w mieszkaj\u0105cych w ka\u017cdym z nich b\u0119dzie proporcjonalna do wielko\u015bci populacji. W celu zapewnienia najwy\u017cszej jako\u015bci wynik\u00f3w bada\u0144, wykonanie badania zostanie zlecone instytucji zewn\u0119trznej zajmuj\u0105cej si\u0119 badaniami opinii publicznej i zostanie przeprowadzone metod\u0105 CATI (uwzgl\u0119dniaj\u0105c\u0105 ograniczenia wynikaj\u0105ce z trwaj\u0105cej pandemii COVID-19).<\/p>\n<p>&nbsp;<\/p>\n<p>Projekt dofinansowany w ramach konkursu\u00a0<strong>MINIATURA 5<\/strong>\u00a0przez Narodowe Centrum Nauki.<\/p>\n<p>Czas trwania projektu: 1 pa\u017adziernika 2021 &#8211; 30 wrze\u015bnia 2022<\/p>\n<p>Wysoko\u015b\u0107 dofinansowania: 49 500 PLN<\/p>\n<\/div>\r\n                    <\/div>\r\n                <\/div>[\/vc_column][\/vc_row]<\/p>","protected":false},"excerpt":{"rendered":"<p>[vc_row][vc_column][\/vc_column][\/vc_row] [&#8230;]<\/p>\n<p><a class=\"btn btn-secondary understrap-read-more-link\" href=\"https:\/\/us.edu.pl\/instytut\/inp\/postawy-polakow-wobec-mniejszosci-etnicznych-i-narodowych\/\">Read More&#8230;<\/a><\/p>\n","protected":false},"author":141,"featured_media":0,"parent":0,"menu_order":0,"comment_status":"closed","ping_status":"closed","template":"page-templates\/page-with-sidebar.php","meta":{"_expiration-date-status":"saved","_expiration-date":0,"_expiration-date-type":"","_expiration-date-categories":[],"_expiration-date-options":[]},"acf":[],"_links":{"self":[{"href":"https:\/\/us.edu.pl\/instytut\/inp\/wp-json\/wp\/v2\/pages\/3926"}],"collection":[{"href":"https:\/\/us.edu.pl\/instytut\/inp\/wp-json\/wp\/v2\/pages"}],"about":[{"href":"https:\/\/us.edu.pl\/instytut\/inp\/wp-json\/wp\/v2\/types\/page"}],"author":[{"embeddable":true,"href":"https:\/\/us.edu.pl\/instytut\/inp\/wp-json\/wp\/v2\/users\/141"}],"replies":[{"embeddable":true,"href":"https:\/\/us.edu.pl\/instytut\/inp\/wp-json\/wp\/v2\/comments?post=3926"}],"version-history":[{"count":4,"href":"https:\/\/us.edu.pl\/instytut\/inp\/wp-json\/wp\/v2\/pages\/3926\/revisions"}],"predecessor-version":[{"id":7437,"href":"https:\/\/us.edu.pl\/instytut\/inp\/wp-json\/wp\/v2\/pages\/3926\/revisions\/7437"}],"wp:attachment":[{"href":"https:\/\/us.edu.pl\/instytut\/inp\/wp-json\/wp\/v2\/media?parent=3926"}],"curies":[{"name":"wp","href":"https:\/\/api.w.org\/{rel}","templated":true}]}}