{"id":4197,"date":"2022-04-07T10:26:52","date_gmt":"2022-04-07T08:26:52","guid":{"rendered":"https:\/\/us.edu.pl\/instytut\/inp\/?page_id=4197"},"modified":"2026-02-23T09:05:16","modified_gmt":"2026-02-23T08:05:16","slug":"lakomy-miron","status":"publish","type":"page","link":"https:\/\/us.edu.pl\/instytut\/inp\/lakomy-miron\/","title":{"rendered":"Lakomy Miron"},"content":{"rendered":"<p>[vc_row][vc_column]\r\n                <div class=\"text-modules reverse\">\r\n                    <div class=\"container\">\r\n                        <h3 class=\"section-title section-title_border-bottom\">prof. dr hab. Miron Lakomy<\/h3> \r\n                        <div class=\"row m-0\">\r\n                            <div class=\"text-modules__content\">\r\n                                <\/p>\n<div>\n<p style=\"text-align: justify;\">miron.lakomy@us.edu.pl<\/p>\n<p>Profesor nauk spo\u0142ecznych w dyscyplinie nauk o polityce i administracji w Instytucie Nauk Politycznych Uniwersytetu \u015al\u0105skiego oraz <em>non-resident fellow<\/em> w centrum badawczym ITSTIME (Italian Team for Security, Terroristic Issues &amp; Managing Emergencies) w Mediolanie. Cz\u0142onek Komitetu Naukowego EU Knowledge Hub on Prevention of Radicalisation (EUKH), dzia\u0142aj\u0105cego przy Dyrekcji Generalnej ds. Migracji i Spraw Wewn\u0119trznych (DG HOME) Komisji Europejskiej. W przesz\u0142o\u015bci by\u0142 dwukrotnym stypendyst\u0105 University of Cambridge, a tak\u017ce <em>visiting fellow<\/em> w University of Oxford, European University Institute we Florencji oraz Universit\u00e0 Cattolica del Sacro Cuore w Mediolanie (NAWA Bekker, 2023-2024). By\u0142 r\u00f3wnie\u017c <em>International Research Fellow<\/em> (non-resident) w Information Society Law Centre, Universit\u00e0 degli Studi di Milano. Odbywa\u0142 wizyty naukowe lub prowadzi\u0142 badania w takich instytucjach jak University of Toronto, King&#8217;s College London oraz Middle East Media Research Institute w Waszyngtonie. Wyg\u0142asza\u0142 wyk\u0142ady m.in. na Facult\u00e9 de Droit et Science Politique, Universit\u00e9 de Nice Sophia Antipolis we Francji oraz Facolti di Scienze Politiche, Universit\u00e0 Degli Studi di Napoli we W\u0142oszech. Uzyska\u0142 nagrod\u0119 Rektora Uniwersytetu \u015al\u0105skiego dla autor\u00f3w najlepszych rozpraw doktorskich oraz o\u015bmiokrotnie indywidualne nagrody Rektora Uniwersytetu \u015al\u0105skiego za osi\u0105gni\u0119cia naukowo-badawcze. Jest laureatem \u015al\u0105skiej Nagrody Naukowej 2024. Zaanga\u017cowany w krajowe (NCN, OPUS 13) oraz mi\u0119dzynarodowe projekty naukowe (Global Network on Extremism &amp; Technology, King&#8217;s College London, Swansea University, International Council for Canadian Studies, VOX-Pol Institute, Narodowa Agencja Wymiany Akademickiej). Cz\u0142onek rady redakcyjnej \u201eSecurity Journal&#8221; (Palgrave Macmillan, Impact Factor: 1.67), a tak\u017ce sieci badawczych Countering Violent Extremism Working Group w The Washington Institute for Near East Policy (USA) oraz VOX-Pol Network of Excellence (Wielka Brytania).<\/p>\n<p>Jego zainteresowania badawcze koncentruj\u0105 si\u0119 na zagadnieniach zwi\u0105zanych z dzia\u0142alno\u015bci\u0105 organizacji terrorystycznych w Internecie, wojn\u0105 informacyjn\u0105, bezpiecze\u0144stwem teleinformatycznym, a tak\u017ce uwarunkowaniami i implikacjami konflikt\u00f3w zbrojnych. W zakres jego zainteresowa\u0144 naukowych wchodz\u0105 r\u00f3wnie\u017c kwestie zwi\u0105zane z polityk\u0105 bezpiecze\u0144stwa Polski. Jest instruktorem w zakresie OSINT. Do 2026 r. opublikowa\u0142 pi\u0119\u0107 monografii i wsp\u00f3\u0142redagowa\u0142 cztery prace zbiorowe. Jest autorem ponad 80 rozdzia\u0142\u00f3w w pracach zbiorowych oraz artyku\u0142\u00f3w naukowych, wydanych przez wiod\u0105ce polskie i zagraniczne czasopisma naukowe, w tym: \u201eStudies in Conflict &amp; Terrorism&#8221;, \u201eTerrorism and Political Violence&#8221;, \u201eSecurity Journal&#8221;, \u201eSmall Wars and Insurgencies&#8221;, \u201ePerspectives on Terrorism&#8221; oraz \u201eBehavioral Sciences of Terrorism and Political Aggression&#8221;. W kwietniu 2021 r. drukiem w presti\u017cowym wydawnictwie Routledge ukaza\u0142a si\u0119 jego ksi\u0105\u017cka: <a href=\"https:\/\/www.routledge.com\/Islamic-States-Online-Propaganda-A-Comparative-Analysis\/Lakomy\/p\/book\/9780367699475\">Islamic State&#8217;s Online Propaganda: A Comparative Analysis<\/a>. Wyniki jego bada\u0144 komentowa\u0142y zagraniczne media, w tym &#8222;<a href=\"https:\/\/www.huffpost.com\/entry\/isis-cybersecurity_n_5966b48fe4b0d51cda5ffb51\">The Huffington Post<\/a>&#8221; oraz Yahoo! Pisa\u0142 r\u00f3wnie\u017c do \u201e<a href=\"https:\/\/www.scientificamerican.com\/article\/amid-war-in-ukraine-open-source-intelligence-investigators-need-better-ethics\/\">Scientific American<\/a>&#8222;.<\/p>\n<p>Jego zbiorczy Impact Factor wynosi ponad 29,2 (wed\u0142ug bazy opus.us.edu.pl, stan na luty 2026 r.).<\/p>\n<p style=\"text-align: justify;\"><a href=\"https:\/\/www.researchgate.net\/profile\/Miron_Lakomy\">ResearchGate<\/a><\/p>\n<p style=\"text-align: justify;\"><a href=\"https:\/\/scholar.google.pl\/citations?user=Qv3R8zUAAAAJ&amp;hl=pl\">GoogleScholar<\/a><\/p>\n<p style=\"text-align: justify;\"><a href=\"https:\/\/www.linkedin.com\/in\/miron-lakomy-6645212a4\/\">LinkedIn<\/a><\/p>\n<p style=\"text-align: justify;\"><a href=\"https:\/\/pbn.nauka.gov.pl\/core\/#\/person\/view\/5e7092ec878c28a04739f418\/current\">PBN<\/a><\/p>\n<p style=\"text-align: justify;\"><a href=\"https:\/\/orcid.org\/0000-0002-7591-1402\">ORCID<\/a><\/p>\n<\/div>\n<div class=\"mt-3\"><\/div>\r\n                            <\/div>\r\n                            \r\n                            <div class=\"text-modules__img\"><img src=\"https:\/\/us.edu.pl\/instytut\/inp\/wp-content\/uploads\/sites\/31\/Nieprzypisane\/M_lakomy.jpg\" alt=\"img\"><\/div>\r\n                        <\/div>\r\n                    <\/div>\r\n                <\/div>[\/vc_column][\/vc_row]<\/p>","protected":false},"excerpt":{"rendered":"<p>[vc_row][vc_column][\/vc_column][\/vc_row] [&#8230;]<\/p>\n<p><a class=\"btn btn-secondary understrap-read-more-link\" href=\"https:\/\/us.edu.pl\/instytut\/inp\/lakomy-miron\/\">Read More&#8230;<\/a><\/p>\n","protected":false},"author":141,"featured_media":0,"parent":0,"menu_order":0,"comment_status":"closed","ping_status":"closed","template":"","meta":{"_expiration-date-status":"","_expiration-date":0,"_expiration-date-type":"","_expiration-date-categories":[],"_expiration-date-options":[]},"acf":[],"_links":{"self":[{"href":"https:\/\/us.edu.pl\/instytut\/inp\/wp-json\/wp\/v2\/pages\/4197"}],"collection":[{"href":"https:\/\/us.edu.pl\/instytut\/inp\/wp-json\/wp\/v2\/pages"}],"about":[{"href":"https:\/\/us.edu.pl\/instytut\/inp\/wp-json\/wp\/v2\/types\/page"}],"author":[{"embeddable":true,"href":"https:\/\/us.edu.pl\/instytut\/inp\/wp-json\/wp\/v2\/users\/141"}],"replies":[{"embeddable":true,"href":"https:\/\/us.edu.pl\/instytut\/inp\/wp-json\/wp\/v2\/comments?post=4197"}],"version-history":[{"count":10,"href":"https:\/\/us.edu.pl\/instytut\/inp\/wp-json\/wp\/v2\/pages\/4197\/revisions"}],"predecessor-version":[{"id":5150,"href":"https:\/\/us.edu.pl\/instytut\/inp\/wp-json\/wp\/v2\/pages\/4197\/revisions\/5150"}],"wp:attachment":[{"href":"https:\/\/us.edu.pl\/instytut\/inp\/wp-json\/wp\/v2\/media?parent=4197"}],"curies":[{"name":"wp","href":"https:\/\/api.w.org\/{rel}","templated":true}]}}