{"id":4445,"date":"2022-08-11T10:17:08","date_gmt":"2022-08-11T08:17:08","guid":{"rendered":"https:\/\/us.edu.pl\/instytut\/inp\/?page_id=4445"},"modified":"2022-08-11T10:25:55","modified_gmt":"2022-08-11T08:25:55","slug":"miedzynarodowa-konferencja-naukowa-wyzwania-europy-srodkowej-i-wschodniej-vol-3-konflikty-i-migracje","status":"publish","type":"page","link":"https:\/\/us.edu.pl\/instytut\/inp\/miedzynarodowa-konferencja-naukowa-wyzwania-europy-srodkowej-i-wschodniej-vol-3-konflikty-i-migracje\/","title":{"rendered":"Mi\u0119dzynarodowa Konferencja Naukowa \u201eWyzwania Europy \u015arodkowej i Wschodniej vol. 3: Konflikty i Migracje\u201d"},"content":{"rendered":"<p>[vc_row][vc_column][vc_column_text][\/vc_column_text][\/vc_column][\/vc_row][vc_row][vc_column]\r\n                <div class=\"text-modules \">\r\n                    <div class=\"container\">\r\n                         <h3 class=\"subtitle text-modules__subtitle\">Mi\u0119dzynarodowa Konferencja Naukowa \u201eWyzwania Europy \u015arodkowej i Wschodniej vol. 3: Konflikty i Migracje\u201d<\/h3>\r\n                        <div class=\"row m-0\">\r\n                            <div class=\"text-modules__content\">\r\n                                W ostatnich miesi\u0105cach byli\u015bmy \u015bwiadkami kryzysu migracyjnego na granicy polsko \u2013 bia\u0142oruskiej. Kilka lat temu kryzys migracyjny dotkn\u0105\u0142 r\u00f3wnie\u017c Europ\u0119 Zachodni\u0105 \u2013 same Niemcy przyj\u0119\u0142y w\u00f3wczas co najmniej 800 tysi\u0119cy uchod\u017ac\u00f3w z zwi\u0105zku z wojn\u0105 w Syrii. R\u00f3wnie\u017c trwaj\u0105ca od lutego wojna w Ukrainie spowodowa\u0142a, \u017ce obecnie w Polsce przebywa oko\u0142o 2 milion\u00f3w uchod\u017ac\u00f3w ukrai\u0144skich.<\/p>\n<p>W zwi\u0105zku z trwaj\u0105cym za nasz\u0105 wschodni\u0105 granic\u0105 konfliktem zbrojnym oraz nasilaj\u0105cymi si\u0119 problemami migracyjnymi, organizatorzy konferencji pragn\u0105 pochyli\u0107 si\u0119 nad problemem migracji oraz konflikt\u00f3w w kontek\u015bcie zar\u00f3wno spo\u0142ecznym jak i historycznym, ekonomicznym i prawnym. Zapraszamy do udzia\u0142u w konferencji wszystkich zainteresowanych student\u00f3w oraz naukowc\u00f3w.<\/p>\n<p>&nbsp;<\/p>\n<p>Termin: 13-14.09.2022<\/p>\n<p>&nbsp;<\/p>\n<p>Op\u0142ata konferencyjna:<\/p>\n<ul>\n<li>uczestnicy stacjonarni \u2013 50 z\u0142<\/li>\n<li>uczestnicy online \u2013 10 z\u0142<\/li>\n<\/ul>\n<p>&nbsp;<\/p>\n<p>Zapewniamy certyfikat uczestnictwa w konferencji dostarczony poczt\u0105 na adres uczestnika oraz stanowisko kawowe ze s\u0142onymi i s\u0142odkimi przek\u0105skami.<\/p>\n<p>Konferencja odb\u0119dzie si\u0119 w formie hybrydowej \u2013 stacjonarnie na Uniwersytecie \u015al\u0105skim w Katowicach oraz online.<\/p>\n<p>&nbsp;<\/p>\n<p>Zg\u0142oszenia konferencyjne prosimy przes\u0142a\u0107 do 15 sierpnia 2022 na adres mailowy\u00a0 . Zg\u0142oszenie powinno zawiera\u0107:<\/p>\n<ul>\n<li>imi\u0119, nazwisko, stopie\u0144 naukowy, afiliacj\u0119,<\/li>\n<li>adres korespondencyjny,<\/li>\n<li>abstrakt \u2013 max 500 znak\u00f3w,<\/li>\n<li>tytu\u0142 referatu,<\/li>\n<li>potwierdzenie dokonania wp\u0142aty.<\/li>\n<\/ul>\n<p>&nbsp;<\/p>\n<p>Organizatorzy:<\/p>\n<p>Doktoranckie Ko\u0142o Nauk o Polityce Uniwersytetu \u015al\u0105skiego<\/p>\n<p>Instytut Europy \u015arodkowej i Wschodniej Fundacja Tr\u00f3jmorza<\/p>\n<p>Forum M\u0142odych Dyplomat\u00f3w<\/p>\n<p>Regionalny O\u015brodek Debaty mi\u0119dzynarodowej w Katowicach<\/p>\n<p>&nbsp;<\/p>\n<p>&nbsp;<\/p>\n<p>&nbsp;<\/p>\n<p>&nbsp;<\/p>\n<p>&nbsp;<\/p>\n<div class=\"mt-3\"><\/div>\r\n                            <\/div>\r\n                            \r\n                            <div class=\"text-modules__img\"><img src=\"https:\/\/us.edu.pl\/instytut\/inp\/wp-content\/uploads\/sites\/31\/Bez-kategorii\/Plakat-konferencji-3-2-724x1024.jpg\" alt=\"img\"><\/div>\r\n                        <\/div>\r\n                    <\/div>\r\n                <\/div>[\/vc_column][\/vc_row]<\/p>","protected":false},"excerpt":{"rendered":"<p>[vc_row][vc_column][vc_column_text][\/vc_column_text][\/vc_column][\/vc_row][vc_row][vc_column][\/vc_column][\/vc_row] [&#8230;]<\/p>\n<p><a class=\"btn btn-secondary understrap-read-more-link\" href=\"https:\/\/us.edu.pl\/instytut\/inp\/miedzynarodowa-konferencja-naukowa-wyzwania-europy-srodkowej-i-wschodniej-vol-3-konflikty-i-migracje\/\">Read More&#8230;<\/a><\/p>\n","protected":false},"author":141,"featured_media":0,"parent":0,"menu_order":0,"comment_status":"closed","ping_status":"closed","template":"","meta":{"_expiration-date-status":"","_expiration-date":0,"_expiration-date-type":"","_expiration-date-categories":[],"_expiration-date-options":[]},"acf":[],"_links":{"self":[{"href":"https:\/\/us.edu.pl\/instytut\/inp\/wp-json\/wp\/v2\/pages\/4445"}],"collection":[{"href":"https:\/\/us.edu.pl\/instytut\/inp\/wp-json\/wp\/v2\/pages"}],"about":[{"href":"https:\/\/us.edu.pl\/instytut\/inp\/wp-json\/wp\/v2\/types\/page"}],"author":[{"embeddable":true,"href":"https:\/\/us.edu.pl\/instytut\/inp\/wp-json\/wp\/v2\/users\/141"}],"replies":[{"embeddable":true,"href":"https:\/\/us.edu.pl\/instytut\/inp\/wp-json\/wp\/v2\/comments?post=4445"}],"version-history":[{"count":3,"href":"https:\/\/us.edu.pl\/instytut\/inp\/wp-json\/wp\/v2\/pages\/4445\/revisions"}],"predecessor-version":[{"id":4451,"href":"https:\/\/us.edu.pl\/instytut\/inp\/wp-json\/wp\/v2\/pages\/4445\/revisions\/4451"}],"wp:attachment":[{"href":"https:\/\/us.edu.pl\/instytut\/inp\/wp-json\/wp\/v2\/media?parent=4445"}],"curies":[{"name":"wp","href":"https:\/\/api.w.org\/{rel}","templated":true}]}}