{"id":449,"date":"2020-01-02T10:19:23","date_gmt":"2020-01-02T09:19:23","guid":{"rendered":"http:\/\/us.edu.pl\/instytut\/inp\/?page_id=449"},"modified":"2020-01-02T10:22:48","modified_gmt":"2020-01-02T09:22:48","slug":"wplyw-kryzysu-gospodarczego-na-dzialanie-systemu-politycznego-analiza-przypadku-grecji-hiszpanii-i-wloch","status":"publish","type":"page","link":"https:\/\/us.edu.pl\/instytut\/inp\/wplyw-kryzysu-gospodarczego-na-dzialanie-systemu-politycznego-analiza-przypadku-grecji-hiszpanii-i-wloch\/","title":{"rendered":"Wp\u0142yw kryzysu gospodarczego na dzia\u0142anie systemu politycznego. Analiza przypadku Grecji, Hiszpanii i W\u0142och"},"content":{"rendered":"<p>[vc_row][vc_column]\r\n                <div class=\"text-modules\">\r\n                    <div class=\"container\">\r\n                        <h3 class=\"page-title text__title\">Wp\u0142yw kryzysu gospodarczego na dzia\u0142anie systemu politycznego. Analiza przypadku Grecji, Hiszpanii i W\u0142och<\/h3>\r\n                        <div class=\"text-modules__content\"><p>Grant w ramach konkursu <strong>Opus 5<\/strong> (NCN) (UMO-2013\/09\/B\/HS5\/00021 do wniosku nr 2013\/09\/B\/HS5\/00021). Czas trwania grantu: 36 miesi\u0119cy (18.02.2014 \u2013 17.02.2017). Przyznana kwota: <strong>131 560,00 z\u0142.<\/strong><\/p>\n<p>Kierownik grantu: <strong>dr hab. Ma\u0142gorzata My\u015bliwiec, prof. U\u015a. <\/strong><\/p>\n<p>Wykonawcy grantu: <strong>dr hab. Tomasz Kubin,prof. U\u015a, dr Ma\u0142gorzata Lorencka<\/strong><\/p>\n<p>Podstawowym celem badawczym projektu by\u0142o pokazanie wp\u0142ywu kryzysu gospodarczego na funkcjonowanie systemu politycznego. Przedmiotem szczeg\u00f3\u0142owych prac badawczych by\u0142y systemy polityczne Grecji, Hiszpanii i W\u0142och. To bowiem w tych pa\u0144stwach Unii Europejskiej skutki \u015bwiatowego kryzysu gospodarczego z 2008 roku mia\u0142y najwi\u0119kszy wp\u0142yw na dzia\u0142anie najwa\u017cniejszych element\u00f3w owych system\u00f3w.<\/p>\n<p>Trwaj\u0105cy od 2008 roku kryzys gospodarczy i zad\u0142u\u017ceniowy sk\u0142oni\u0142y badaczy w najwa\u017cniejszych o\u015brodkach naukowych zachodniego \u015bwiata do podj\u0119cia bada\u0144 w tym zakresie \u2013 r\u00f3wnie\u017c na gruncie nauk politycznych. Do najwa\u017cniejszych prac w owej dyscyplinie, og\u0142oszonych w drugiej dekadzie XXI wieku, mo\u017cna zaliczy\u0107 mi\u0119dzy innymi publikacje prof. Nancy Bermeo z Princeton University, prof. Larry M. Bartelsa z Vanderbilt University, prof. Pablo Beramendiego i prof. Herberta P. Kitscheltza z Duke University, czy prof. Petera Maira z European University Institute. Jednak w \u017cadnej z nich w spos\u00f3b kompleksowy nie zosta\u0142a scharakteryzowana geneza, przebieg i konsekwencje kryzysu gospodarczego 2008 roku w trzech pa\u0144stwach Europy Po\u0142udniowej: w Grecji, Hiszpanii i we W\u0142oszech. Pod tym wzgl\u0119dem przygotowane przez zesp\u00f3\u0142 realizuj\u0105cy grant publikacje maj\u0105 charakter nowatorski i uzupe\u0142niaj\u0105 luk\u0119 w \u015bwiatowej literaturze przedmiotu. Nale\u017cy przy tym podkre\u015bli\u0107, \u017ce autorom uda\u0142o si\u0119 po\u0142\u0105czy\u0107 rozwa\u017cania z zakresu wsp\u00f3\u0142czesnych system\u00f3w politycznych z wynikami analiz typowych dla nauk ekonomicznych oraz bada\u0144 nad zjawiskami zwi\u0105zanymi z procesami integracyjnymi w Unii Europejskiej.<\/p>\n<p>W procesie badawczym autorom uda\u0142o si\u0119 pozytywnie zweryfikowa\u0107 za\u0142o\u017cenie, \u017ce w warunkach demokracji przedstawicielskiej sytuacja gospodarcza pa\u0144stwa jest jednym z najistotniejszych czynnik\u00f3w warunkuj\u0105cych stabilno\u015b\u0107 i trwa\u0142o\u015b\u0107 systemu politycznego. Im lepsza sytuacja gospodarcza pa\u0144stwa, tym wi\u0119ksza stabilno\u015b\u0107 funkcjonowania i mo\u017cliwo\u015b\u0107 przetrwania systemu politycznego. Natomiast w sytuacji kryzysu gospodarczego stabilno\u015b\u0107 i trwa\u0142o\u015b\u0107 systemu politycznego jest powa\u017cnie zagro\u017cona. \u0179r\u00f3de\u0142 takiej zale\u017cno\u015bci nale\u017cy niew\u0105tpliwie szuka\u0107 w naturze relacji obywatel-pa\u0144stwo, ukszta\u0142towanych w ci\u0105gu ostatnich dziesi\u0119cioleci. Na przestrzeni XX wieku \u017c\u0105dania ekonomiczne obywateli wzgl\u0119dem pa\u0144stw europejskich (np. w zakresie pokrycia koszt\u00f3w opieki medycznej, systemu opieki nad dzie\u0107mi i ich edukacji, czy te\u017c zabezpieczenia emerytalnego) rozwin\u0119\u0142y si\u0119 na niespotykan\u0105 do tej pory skal\u0119. To, co przez wiele stuleci pozostawa\u0142o w sferze prywatnej, dzi\u0119ki dzia\u0142aniom i decyzjom politycznym sta\u0142o si\u0119 zadaniem pa\u0144stwa. A to oznacza, \u017ce na organach w\u0142adzy publicznej spocz\u0119\u0142a ogromna odpowiedzialno\u015b\u0107 ekonomiczna. Dobry stan gospodarki pa\u0144stwa umo\u017cliwia bowiem, w realiach demokracji przedstawicielskiej, realizowanie coraz dalej id\u0105cych roszcze\u0144, artyku\u0142owanych przez poszczeg\u00f3lne grupy interesu, kt\u00f3re tworz\u0105 wyborcy. Natomiast pojawienie si\u0119 kryzysu gospodarczego zdecydowanie utrudnia realizacj\u0119 wielu kosztownych i z\u0142o\u017conych, lecz spo\u0142ecznie oczekiwanych zada\u0144. Sytuacj\u0119 dodatkowo komplikuje fakt, \u017ce we wsp\u00f3\u0142czesnych realiach, zwi\u0105zanych z globalizacj\u0105 proces\u00f3w gospodarczych, niemo\u017cliwym wr\u0119cz staje si\u0119 samodzielne i skuteczne zapobieganie sytuacjom kryzysowym przez pojedyncze pa\u0144stwa i walka z nimi. Zar\u00f3wno pojawienie si\u0119 takiej sytuacji, jak i p\u00f3\u017aniejsze przeciwdzia\u0142anie jej skutkom jest z regu\u0142y procesem anga\u017cuj\u0105cym wiele podmiot\u00f3w na arenie mi\u0119dzynarodowej, co jest szczeg\u00f3lnie widoczne w przypadku pa\u0144stw Unii Europejskiej. To z kolei oznacza, \u017ce procesy te zachodz\u0105 nie wewn\u0105trz, a w otoczeniu system\u00f3w politycznych pojedynczych pa\u0144stw. Natomiast w sytuacji, gdy tworzy si\u0119 system silnych zale\u017cno\u015bci pomi\u0119dzy politycznym centrum pa\u0144stwa (wyst\u0119puj\u0105cego w charakterze d\u0142u\u017cnika) i innym pa\u0144stwem, grup\u0105 pa\u0144stw lub podmiotem dzia\u0142aj\u0105cym na arenie mi\u0119dzynarodowej (wyst\u0119puj\u0105cym w charakterze wierzyciela) zdecydowanie s\u0142abnie wi\u0119\u017a i poziom zaufania pomi\u0119dzy politycznym centrum i obywatelami, kt\u00f3rzy wybieraj\u0105 do jego organ\u00f3w swoich przedstawicieli. \u00d3w brak zaufania skutkuje najcz\u0119\u015bciej w pierwszej kolejno\u015bci zmian\u0105 preferencji wyborczych i alternacj\u0105 w\u0142adzy. Lecz gdy sytuacji kryzysowej nie da si\u0119 przezwyci\u0119\u017cy\u0107 szybko, ani te\u017c w spos\u00f3b \u0142agodny, unikaj\u0105c trudnych decyzji politycznych, proces dezintegracji i przekszta\u0142cenia danego systemu politycznego wydaje si\u0119 nieunikniony. Sytuacja kryzysowa sprzyja dekompozycji systemu partyjnego danego pa\u0144stwa. Z regu\u0142y jest ona wykorzystywana do tworzenia nowych ugrupowa\u0144, kt\u00f3re za cen\u0119 iluzji poradzenia sobie z trudn\u0105 sytuacj\u0105 i powrotu do realizacji spo\u0142ecznych oczekiwa\u0144 buduj\u0105 w\u0142asny kapita\u0142 polityczny. Jednak ich przetrwanie na scenie politycznej pa\u0144stwa jest mo\u017cliwe jedynie w\u00f3wczas, gdy rzeczywi\u015bcie uda im si\u0119 znale\u017a\u0107 recept\u0119 na przezwyci\u0119\u017cenie kryzysu gospodarczego, co z regu\u0142y bywa bardzo trudne. Przej\u0119cie ster\u00f3w w\u0142adzy centralnej przez inny podmiot nie oznacza bowiem automatycznego znikni\u0119cia zewn\u0119trznych zobowi\u0105za\u0144 pa\u0144stwa wobec podmiot\u00f3w, dzia\u0142aj\u0105cych w jego otoczeniu. W badanych pa\u0144stwach przekonali si\u0119 o tym i liderzy Syrizy w Grecji, i Podemos oraz Ciudadanos w Hiszpanii, jak i przedstawiciele Ruchu Pi\u0119ciu Gwiazd we W\u0142oszech.<\/p>\n<p>Kryzys gospodarczy powoduje tak\u017ce d\u0105\u017cenie do przeprowadzenia zmian w zakresie funkcjonowania organ\u00f3w administracji publicznej. Podj\u0119cie takich dzia\u0142a\u0144 przez w\u0142adze centralne pa\u0144stwa doskonale pokaza\u0142a analiza przypadk\u00f3w Grecji i W\u0142och. W sytuacji konieczno\u015bci realizowania zada\u0144, wynikaj\u0105cych ze spo\u0142ecznych oczekiwa\u0144, wi\u0105\u017c\u0105cej si\u0119 jednak z niewystarczaj\u0105cymi \u015brodkami na ich realizacj\u0119, pa\u0144stwa zaczynaj\u0105 szuka\u0107 mo\u017cliwo\u015bci ekonomicznej optymalizacji dzia\u0142a\u0144. Likwidacja po\u015brednich szczebli administracji publicznej lub zmniejszanie liczby jednostek podzia\u0142u terytorialnego to dzia\u0142anie zdecydowanie zmieniaj\u0105ce funkcjonowanie ca\u0142ego systemu politycznego.<\/p>\n<p>Innym zjawiskiem, kt\u00f3re mo\u017ce wyst\u0105pi\u0107 w sytuacji kryzysowej i \u015bci\u015ble wi\u0105\u017ce si\u0119 z problemem decentralizacji pa\u0144stwa, jest nasilenie si\u0119 tendencji od\u015brodkowych w regionach charakteryzuj\u0105cych si\u0119 szczeg\u00f3lnymi odr\u0119bno\u015bciami. Wykorzystanie sytuacji kryzysowej przez regionalne elity polityczne do pog\u0142\u0119bienie roz\u0142amu spocjopolitycznego na linii centrum-peryferie mo\u017ce prowadzi\u0107 do powa\u017cnych zmian w zakresie dzia\u0142ania ca\u0142ego systemu politycznego: od zmiany formy organizacji terytorialnej pa\u0144stwa, po pr\u00f3b\u0119 przeprowadzenia procesu jego dezintegracji.<\/p>\n<p>Pojawienie si\u0119 powa\u017cnego w skutkach kryzysu gospodarczego sprzyja tak\u017ce wprowadzeniu do publicznej debaty problemu konieczno\u015bci zmiany przepis\u00f3w konstytucji. Natomiast udane przeprowadzenie takiego planu oznacza radykaln\u0105 zmian\u0119 w dzia\u0142aniu systemu politycznego pa\u0144stwa.<\/p>\n<p>WYKAZ PRAC OPUBLIKOWANYCH W WYNIKU REALIZACJI PROJEKTU<\/p>\n<ol>\n<li>Kubin, M. Lorencka, M. My\u015bliwiec, <em>Wp\u0142yw kryzysu gospodarczego na dzia\u0142anie systemu politycznego. Analiza przypadku Grecji, Hiszpanii i W\u0142och<\/em>, Wydawnictwo Uniwersytetu \u015al\u0105skiego, Katowice 2017.<\/li>\n<li>Kubin, M. Lorencka, M. My\u015bliwiec, <em>Impact of Economic Crisis on the Functioning of Political Systems. A Case Study of Greece, Spain, and Italy<\/em>, Wydawnictwo Uniwersytetu \u015al\u0105skiego, Katowice 2017.<\/li>\n<li>Tomasz Kubin, <em>Economic system of the European Union. Between particularisms and universalism<\/em>, (w:) Studia Politicae Universitatis Silesiensis, Wydawnictwo Uniwersytetu \u015al\u0105skiego tom 14\/2015, s.15-39.<\/li>\n<li>Ma\u0142gorzata My\u015bliwiec, <em>Spain`s Party System at Times of the Economical Crisis after 2008<\/em>, (w:) Political Preferences 11\/2015, s. 125-162.<\/li>\n<li>Monika Urbaniak, Ma\u0142gorzata Lorencka, <em>Prawo do s\u0105du we W\u0142oszech<\/em>, (w:) Przegl\u0105d Prawa Konstytucyjnego, Wydawnictwo Adam Marsza\u0142ek 3\/2016, s. 223-243.<\/li>\n<li>Ma\u0142gorzata My\u015bliwiec, <em>Wp\u0142yw czynnik\u00f3w gospodarczych na dzia\u0142anie systemu politycznego wsp\u00f3\u0142czesnej Hiszpanii<\/em>, (w:) Przegl\u0105d Narodowo\u015bciowy &#8211; Review of Nationalities, 5\/2016, s. 43-62.<\/li>\n<li>Tomasz Kubin, <em>Opublikowane Kryzys gospodarczy w Hiszpanii. Przyczyny, przejawy, nast\u0119pstwa<\/em>, (w:) Studia Ekonomiczne 287\/2016, s. 90-110.<\/li>\n<li>Tomasz Kubin, <em>Zagraniczna pomoc finansowa i reformy gospodarcze w Grecji w walce z kryzysem oraz ich rezultaty<\/em>, (w:) Ekonomista 2017\/4, s. 434-456.<\/li>\n<li>Ma\u0142gorzata Lorencka, <em>Niestabilne gabinety rz\u0105dowe we W\u0142oszech<\/em> (w:) \u201eRz\u0105dy mniejszo\u015bciowe w wybranych pa\u0144stwach \u015bwiata. Studium prawno-politologiczne\u201d, red. R. Radek, Remar, Sosnowiec 2014, s. 103-122.<\/li>\n<li>Ma\u0142gorzata My\u015bliwiec, <em>Zasady podzia\u0142u w\u0142adzy we wsp\u00f3\u0142czesnej Hiszpanii<\/em>, (w:) \u201eZasady podzia\u0142u w\u0142adzy we wsp\u00f3\u0142czesnych pa\u0144stwach europejskich\u201d, red. S. Grabowska, R. Grabowski, Wydawnictwo Uniwersytetu Rzeszowskiego, Rzesz\u00f3w 2016, s. 323-340.<\/li>\n<li>Ma\u0142gorzata Lorencka, <em>Zasada podzia\u0142u w\u0142adzy w Republice W\u0142oskiej<\/em>, (w:) \u201eZasady podzia\u0142u w\u0142adzy we wsp\u00f3\u0142czesnych pa\u0144stwach europejskich\u201d, red. S. Grabowska, R. Grabowski, Wydawnictwo Uniwersytetu Rzeszowskiego, Rzesz\u00f3w 2016, s. 156-171.<\/li>\n<li>Tomasz Kubin, <em>Kryzys przyczyn\u0105 wzrostu eurosceptycyzmu? Zaufanie do Unii Europejskiej i jej instytucji w warunkach kryzysu gospodarczego<\/em>, (w:) Integracja europejska. G\u0142\u00f3wne obszary badawcze\u201d, Wydawnictwo Uniwersytetu Warszawskiego, Warszawa 2015, s. 829-842.<\/li>\n<\/ol>\n<p>\n<\/div>\r\n                    <\/div>\r\n                <\/div>[\/vc_column][\/vc_row]<\/p>","protected":false},"excerpt":{"rendered":"<p>[vc_row][vc_column][\/vc_column][\/vc_row] [&#8230;]<\/p>\n<p><a class=\"btn btn-secondary understrap-read-more-link\" href=\"https:\/\/us.edu.pl\/instytut\/inp\/wplyw-kryzysu-gospodarczego-na-dzialanie-systemu-politycznego-analiza-przypadku-grecji-hiszpanii-i-wloch\/\">Read More&#8230;<\/a><\/p>\n","protected":false},"author":141,"featured_media":0,"parent":0,"menu_order":0,"comment_status":"closed","ping_status":"closed","template":"page-templates\/page-with-sidebar.php","meta":{"_expiration-date-status":"saved","_expiration-date":0,"_expiration-date-type":"","_expiration-date-categories":[],"_expiration-date-options":[]},"acf":[],"_links":{"self":[{"href":"https:\/\/us.edu.pl\/instytut\/inp\/wp-json\/wp\/v2\/pages\/449"}],"collection":[{"href":"https:\/\/us.edu.pl\/instytut\/inp\/wp-json\/wp\/v2\/pages"}],"about":[{"href":"https:\/\/us.edu.pl\/instytut\/inp\/wp-json\/wp\/v2\/types\/page"}],"author":[{"embeddable":true,"href":"https:\/\/us.edu.pl\/instytut\/inp\/wp-json\/wp\/v2\/users\/141"}],"replies":[{"embeddable":true,"href":"https:\/\/us.edu.pl\/instytut\/inp\/wp-json\/wp\/v2\/comments?post=449"}],"version-history":[{"count":2,"href":"https:\/\/us.edu.pl\/instytut\/inp\/wp-json\/wp\/v2\/pages\/449\/revisions"}],"predecessor-version":[{"id":463,"href":"https:\/\/us.edu.pl\/instytut\/inp\/wp-json\/wp\/v2\/pages\/449\/revisions\/463"}],"wp:attachment":[{"href":"https:\/\/us.edu.pl\/instytut\/inp\/wp-json\/wp\/v2\/media?parent=449"}],"curies":[{"name":"wp","href":"https:\/\/api.w.org\/{rel}","templated":true}]}}