{"id":4498,"date":"2022-08-18T11:53:54","date_gmt":"2022-08-18T09:53:54","guid":{"rendered":"https:\/\/us.edu.pl\/instytut\/inp\/?page_id=4498"},"modified":"2022-08-18T11:53:54","modified_gmt":"2022-08-18T09:53:54","slug":"horyzont-europa-trust-in-european-democracies","status":"publish","type":"page","link":"https:\/\/us.edu.pl\/instytut\/inp\/horyzont-europa-trust-in-european-democracies\/","title":{"rendered":"Horyzont Europa: \u201eTrust in European Democracies&#8221;"},"content":{"rendered":"<p>[vc_row][vc_column]\r\n                <div class=\"text-modules\">\r\n                    <div class=\"container\">\r\n                        <h3 class=\"page-title text__title\"> Horyzont Europa, projekt pt. \u201eTrust in European Democracies``<\/h3>\r\n                        <div class=\"text-modules__content\"><\/p>\n<div>\n<blockquote>\n<div>\n<div>Instytut Nauk Politycznych przyst\u0105pi do realizacji skierowanego do dofinansowania z programu\u00a0<strong>Horyzont Europa\u00a0<\/strong>projektu pt. <strong>\u201eTrust in European Democracies&#8221;.\u00a0<\/strong><\/div>\n<div>Kierownikiem tego mi\u0119dzynarodowego projektu badawczego, w kt\u00f3rym pe\u0142nimy rol\u0119 partnera, b\u0119dzie Pani <strong>dr hab. Agnieszka Turska-Kawa, prof. U\u015a<\/strong>.<\/div>\n<div>Czas trwania projektu: <strong>1.01.2023-31.12.2025<\/strong><\/div>\n<div><\/div>\n<div><\/div>\n<div><span lang=\"EN-GB\">Sk\u0142ad\u00a0konsorcjum:\u00a0<\/span><\/div>\n<div><span lang=\"EN-GB\">\u00a0<\/span><\/div>\n<div><span lang=\"EN-GB\">Institute for Comparative Survey Research Vienna (Lider),\u00a0<\/span><\/div>\n<div><span lang=\"EN-GB\">Metropolitan University Prague,\u00a0<\/span><\/div>\n<div><span lang=\"EN-GB\">Grenoble Alpes University,<\/span><\/div>\n<div><span lang=\"EN-GB\">Leuphana University Luneburg,\u00a0<\/span><\/div>\n<div><span lang=\"EN-GB\">University of the Peloponnese,\u00a0<\/span><\/div>\n<div><span lang=\"EN-GB\">University of Salerno,\u00a0<\/span><\/div>\n<div><span lang=\"EN-GB\">University of Amsterdam,<\/span><\/div>\n<div><span lang=\"EN-GB\">University of Bucharest,<\/span><\/div>\n<div><span lang=\"EN-GB\">Comenius University in Bratislava,\u00a0<\/span><\/div>\n<div><span lang=\"EN-GB\">University of Ljubljana,<\/span><\/div>\n<div><span lang=\"EN-GB\">Institute for Future Studies,\u00a0<\/span><\/div>\n<div><span lang=\"EN-GB\">V.N.Karazin Kharkiv National University<\/span><\/div>\n<div><span lang=\"EN-GB\">\u00a0<\/span><\/div>\n<div>Opis\u00a0dzia\u0142a\u0144:<\/div>\n<div><\/div>\n<div>W ramach projektu<\/div>\n<\/div>\n<\/blockquote>\n<p>&#8211;\u00a0zostanie stworzona solidna i kompleksowa baza wiedzy na temat d\u0142ugoterminowej dynamiki i czynnik\u00f3w prognostycznych w zakresie zaufania do instytucji politycznych demokracji przedstawicielskiej (partii, organ\u00f3w wykonawczych, parlament\u00f3w, s\u0105downictwa itp.).<\/p>\n<\/div>\n<div>&#8211; zbadana zostanie rola nowych wzorc\u00f3w zachowa\u0144 wyborczych, w tym zmienno\u015bci zmienno\u015bci wybor\u00f3w i tendencji do zmniejszania si\u0119 frekwencji wyborczej, a tak\u017ce implikacje pojawienia si\u0119 nowych ruch\u00f3w spo\u0142ecznych i partii dla w\u0142\u0105czenia spo\u0142ecznego, ruch\u00f3w spo\u0142ecznych i partii dla inkluzywno\u015bci, reprezentatywno\u015bci i legitymizacji w europejskich demokracji europejskiej.<\/div>\n<div>-zbadany zostanie \u015brednio- i d\u0142ugoterminowy wp\u0142yw przemian spo\u0142eczno-ekonomicznych zwi\u0105zanych z pandemi\u0105 korony, kryzysem gospodarczym, a ostatnio &#8211; kryzysem energetycznym, migracyjnym i uchod\u017aczym spowodowanym wojn\u0105 na Ukrainie na poziom zaufania politycznego, wydajno\u015b\u0107, przejrzysto\u015b\u0107 i \u017cywotno\u015b\u0107 system\u00f3w demokratycznych w UE.<\/div>\n<div>&#8211; opracowany zostanie wielopoziomowy plan dzia\u0142a\u0144 politycznych, obejmuj\u0105cy zestaw kr\u00f3tko-, \u015brednio- i d\u0142ugoterminowych interwencji na poziomie lokalnym, krajowym, regionalnym i unijnym, oparty na ocenie ich og\u00f3lnej skuteczno\u015bci i zgodno\u015bci z krajowym kontekstem kulturowym i politycznym.<\/div>\n<p>\n<\/div>\r\n                    <\/div>\r\n                <\/div>[\/vc_column][\/vc_row]<\/p>","protected":false},"excerpt":{"rendered":"<p>[vc_row][vc_column][\/vc_column][\/vc_row] [&#8230;]<\/p>\n<p><a class=\"btn btn-secondary understrap-read-more-link\" href=\"https:\/\/us.edu.pl\/instytut\/inp\/horyzont-europa-trust-in-european-democracies\/\">Read More&#8230;<\/a><\/p>\n","protected":false},"author":141,"featured_media":0,"parent":0,"menu_order":0,"comment_status":"closed","ping_status":"closed","template":"page-templates\/page-with-sidebar.php","meta":{"_expiration-date-status":"","_expiration-date":0,"_expiration-date-type":"","_expiration-date-categories":[],"_expiration-date-options":[]},"acf":[],"_links":{"self":[{"href":"https:\/\/us.edu.pl\/instytut\/inp\/wp-json\/wp\/v2\/pages\/4498"}],"collection":[{"href":"https:\/\/us.edu.pl\/instytut\/inp\/wp-json\/wp\/v2\/pages"}],"about":[{"href":"https:\/\/us.edu.pl\/instytut\/inp\/wp-json\/wp\/v2\/types\/page"}],"author":[{"embeddable":true,"href":"https:\/\/us.edu.pl\/instytut\/inp\/wp-json\/wp\/v2\/users\/141"}],"replies":[{"embeddable":true,"href":"https:\/\/us.edu.pl\/instytut\/inp\/wp-json\/wp\/v2\/comments?post=4498"}],"version-history":[{"count":2,"href":"https:\/\/us.edu.pl\/instytut\/inp\/wp-json\/wp\/v2\/pages\/4498\/revisions"}],"predecessor-version":[{"id":4508,"href":"https:\/\/us.edu.pl\/instytut\/inp\/wp-json\/wp\/v2\/pages\/4498\/revisions\/4508"}],"wp:attachment":[{"href":"https:\/\/us.edu.pl\/instytut\/inp\/wp-json\/wp\/v2\/media?parent=4498"}],"curies":[{"name":"wp","href":"https:\/\/api.w.org\/{rel}","templated":true}]}}