{"id":4557,"date":"2022-08-22T12:55:35","date_gmt":"2022-08-22T10:55:35","guid":{"rendered":"https:\/\/us.edu.pl\/instytut\/inp\/?page_id=4557"},"modified":"2026-03-06T10:28:06","modified_gmt":"2026-03-06T09:28:06","slug":"sekurytyzacja-wspolpracy-rozwojowej-przyklad-wybranych-panstw-europy-srodkowej-i-wschodniej","status":"publish","type":"page","link":"https:\/\/us.edu.pl\/instytut\/inp\/sekurytyzacja-wspolpracy-rozwojowej-przyklad-wybranych-panstw-europy-srodkowej-i-wschodniej\/","title":{"rendered":"Sekurytyzacja wsp\u00f3\u0142pracy rozwojowej. Przyk\u0142ad wybranych pa\u0144stw Europy \u015arodkowej i Wschodniej"},"content":{"rendered":"<p>[vc_row][vc_column]\r\n                <div class=\"text-modules\">\r\n                    <div class=\"container\">\r\n                        <h3 class=\"page-title text__title\">Sekurytyzacja wsp\u00f3\u0142pracy rozwojowej. Przyk\u0142ad wybranych pa\u0144stw Europy \u015arodkowej i Wschodniej<\/h3>\r\n                        <div class=\"text-modules__content\"><p>The Securitization of Development Cooperation. The Case of Selected Central and Eastern European Countries<\/p>\n<p>Kierownik: dr Monika Szynol<\/p>\n<p>G\u0142\u00f3wnym celem projektu jest zbadanie sekurytyzacji wsp\u00f3\u0142pracy rozwojowej. Wsp\u00f3\u0142praca rozwojowa nie jest jednak \u201ekwesti\u0105 przedstawian\u0105 jako zagro\u017cenie egzystencjalne, wymagaj\u0105ce dzia\u0142a\u0144 nadzwyczajnych i uzasadniaj\u0105ce dzia\u0142ania wykraczaj\u0105ce poza normalne granice procedury politycznej\u201d, jak termin ten definiowali pierwotnie przedstawiciele Szko\u0142y Kopenhaskiej. Nie jest postrzegana jako zagro\u017cenie samo w sobie, ale jako narz\u0119dzie sekurytyzacji problem\u00f3w, kt\u00f3re zosta\u0142y uj\u0119te w agendzie rozwojowej. Innymi s\u0142owy, wsp\u00f3\u0142praca rozwojowa realizuje interesy darczy\u0144c\u00f3w zwi\u0105zane z bezpiecze\u0144stwem. Tak rozumiana sekurytyzacja mo\u017ce przejawia\u0107 si\u0119 m.in. politycznymi deklaracjami dotycz\u0105cymi powod\u00f3w podejmowania dzia\u0142a\u0144 pomocowych, uzasadnieniem dzia\u0142a\u0144 pomocowych w dokumentach strategicznych, kierowaniem ODA do konkretnych beneficjent\u00f3w, sposobem kszta\u0142towania priorytet\u00f3w do osi\u0105gni\u0119cia dzi\u0119ki ODA.<\/p>\n<p>Zweryfikowane zostan\u0105 dwie hipotezy: sekurytyzacja wp\u0142ywa na wsp\u00f3\u0142prac\u0119 rozwojow\u0105; sekurytyzacja ma dominuj\u0105cy wp\u0142yw na wsp\u00f3\u0142prac\u0119 rozwojow\u0105 (zw\u0142aszcza jej programowanie, praktyk\u0119 udzielania pomocy, schematy alokacji). Konieczna b\u0119dzie odpowied\u017a na g\u0142\u00f3wne pytanie badawcze: Jaki jest wp\u0142yw sekurytyzacji na wsp\u00f3\u0142prac\u0119 rozwojow\u0105? Odpowied\u017a zostanie udzielona na podstawie analizy wsp\u00f3\u0142pracy rozwojowej realizowanej przez wybrane kraje Europy \u015arodkowo-Wschodniej. Ich wyb\u00f3r oparto na projekcie najbardziej podobnych system\u00f3w. Zgodnie z t\u0105 zasad\u0105 do analizy wytypowano nast\u0119puj\u0105ce pa\u0144stwa: Czechy, W\u0119gry, Polsk\u0119 i S\u0142owacj\u0119. Wszystkie te kraje w drugiej dekadzie XXI wieku, w czasie kryzysu uchod\u017aczego i migracyjnego, kt\u00f3ry dotkn\u0105\u0142 Europ\u0119, wyra\u017anie sprzeciwia\u0142y si\u0119 planom UE przyj\u0119cia imigrant\u00f3w z Afryki i Bliskiego Wschodu, widz\u0105c w tym istotne zagro\u017cenie dla swojego bezpiecze\u0144stwa (m.in. jako narastaj\u0105c\u0105 perspektyw\u0119 zagro\u017cenia terrorystycznego oraz jako zagro\u017cenie wynikaj\u0105ce z r\u00f3\u017cnic kulturowych). Zaapelowa\u0142y o pomoc na miejscu i rozwi\u0105zywanie problem\u00f3w u ich \u017ar\u00f3d\u0142a, co mo\u017cna odczytywa\u0107 jako\u00a0speech\u00a0act\u00a0w procesie sekurytyzacji wsp\u00f3\u0142pracy rozwojowej. Kwestie te znalaz\u0142y r\u00f3wnie\u017c odzwierciedlenie w ich oficjalnych programach pomocowych i schematach alokacji pomocy. Jednak ich motywacje zwi\u0105zane z bezpiecze\u0144stwem pojawi\u0142y si\u0119 ju\u017c wcze\u015bniej \u2013 na pocz\u0105tku XXI wieku \u2013 cho\u0107 nie by\u0142y tak wyra\u017ane.<\/p>\n<p>Wiedza zdobyta w trakcie analizy pozwoli zidentyfikowa\u0107 sposoby \u0142\u0105czenia zagadnie\u0144 zwi\u0105zanych z bezpiecze\u0144stwem i wsp\u00f3\u0142prac\u0105 rozwojow\u0105 (jej programowaniem, praktyk\u0105, alokacj\u0105 pomocy). Dzi\u0119ki temu mo\u017cliwe b\u0119dzie opracowanie modelu pomiaru sekurytyzacji wsp\u00f3\u0142pracy rozwojowej. Zbudowany model b\u0119dzie wykorzystywa\u0142 dane jako\u015bciowe i ilo\u015bciowe (nie tylko dotycz\u0105ce ODA przekazywanej przez wybrane pa\u0144stwa Europy \u015arodkowej i Wschodniej, ale tak\u017ce zbiory danych o zagro\u017ceniach i ryzykach dla bezpiecze\u0144stwa narodowego i mi\u0119dzynarodowego). Skonstruowany model b\u0119dzie testowany na przyk\u0142adach kraj\u00f3w-darczy\u0144c\u00f3w, a nast\u0119pnie konsultowany z ekspertami zajmuj\u0105cymi si\u0119 problematyk\u0105 rozwojow\u0105. Pozwoli to na korekt\u0119 ewentualnych b\u0142\u0119d\u00f3w i udoskonalenie modelu tak, aby by\u0142 uniwersalny i u\u017cyteczny dla badaczy zajmuj\u0105cych si\u0119 sekurytyzacj\u0105 wsp\u00f3\u0142pracy rozwojowej.<\/p>\n<p>Badania, oparte na metodach jako\u015bciowych i ilo\u015bciowych, b\u0119d\u0105 prowadzone w trzech g\u0142\u00f3wnych fazach:<\/p>\n<ul>\n<li>faza 1\u00a0\u2013 kwerenda w archiwach MSZ, bibliotekach narodowych i o\u015brodkach naukowych posiadaj\u0105cych w swoich zasobach materia\u0142y \u017ar\u00f3d\u0142owe dotycz\u0105ce wsp\u00f3\u0142pracy rozwojowej;<\/li>\n<li>faza 2\u00a0\u2013 analiza dokument\u00f3w, zgodnie z zasadami badania procesu sekurytyzacji przedstawionymi przez Szko\u0142\u0119 Kopenhask\u0105, co pozwoli na okre\u015blenie powi\u0105za\u0144 mi\u0119dzy kwestiami bezpiecze\u0144stwa a wsp\u00f3\u0142prac\u0105 rozwojow\u0105;<\/li>\n<li>faza 3\u00a0\u2013 pomiar sekurytyzacji w teorii i praktyce wsp\u00f3\u0142pracy rozwojowej w wybranych krajach Europy \u015arodkowej i Wschodniej.<\/li>\n<\/ul>\n<p>Projekt dofinansowany w ramach konkursu <strong>PRELUDIUM 20 przez Narodowe Centrum Nauki<\/strong>\u00a0(umowa\u00a0UMO-2021\/41\/HS5\/01281\u00a0z dnia 10 stycznia 2022 roku)<\/p>\n<p>Czas trwania projektu: <strong>10 stycznia 2022 \u2013 9 stycznia 2027<\/strong><\/p>\n<p>Wysoko\u015b\u0107 dofinansowania: <strong>163\u00a0428,00 PLN<\/strong><\/p>\n<\/div>\r\n                    <\/div>\r\n                <\/div>[\/vc_column][\/vc_row]<\/p>","protected":false},"excerpt":{"rendered":"<p>[vc_row][vc_column][\/vc_column][\/vc_row] [&#8230;]<\/p>\n<p><a class=\"btn btn-secondary understrap-read-more-link\" href=\"https:\/\/us.edu.pl\/instytut\/inp\/sekurytyzacja-wspolpracy-rozwojowej-przyklad-wybranych-panstw-europy-srodkowej-i-wschodniej\/\">Read More&#8230;<\/a><\/p>\n","protected":false},"author":141,"featured_media":0,"parent":0,"menu_order":0,"comment_status":"closed","ping_status":"closed","template":"page-templates\/page-with-sidebar.php","meta":{"_expiration-date-status":"","_expiration-date":0,"_expiration-date-type":"","_expiration-date-categories":[],"_expiration-date-options":[]},"acf":[],"_links":{"self":[{"href":"https:\/\/us.edu.pl\/instytut\/inp\/wp-json\/wp\/v2\/pages\/4557"}],"collection":[{"href":"https:\/\/us.edu.pl\/instytut\/inp\/wp-json\/wp\/v2\/pages"}],"about":[{"href":"https:\/\/us.edu.pl\/instytut\/inp\/wp-json\/wp\/v2\/types\/page"}],"author":[{"embeddable":true,"href":"https:\/\/us.edu.pl\/instytut\/inp\/wp-json\/wp\/v2\/users\/141"}],"replies":[{"embeddable":true,"href":"https:\/\/us.edu.pl\/instytut\/inp\/wp-json\/wp\/v2\/comments?post=4557"}],"version-history":[{"count":5,"href":"https:\/\/us.edu.pl\/instytut\/inp\/wp-json\/wp\/v2\/pages\/4557\/revisions"}],"predecessor-version":[{"id":8663,"href":"https:\/\/us.edu.pl\/instytut\/inp\/wp-json\/wp\/v2\/pages\/4557\/revisions\/8663"}],"wp:attachment":[{"href":"https:\/\/us.edu.pl\/instytut\/inp\/wp-json\/wp\/v2\/media?parent=4557"}],"curies":[{"name":"wp","href":"https:\/\/api.w.org\/{rel}","templated":true}]}}