{"id":4608,"date":"2022-08-22T13:17:59","date_gmt":"2022-08-22T11:17:59","guid":{"rendered":"https:\/\/us.edu.pl\/instytut\/inp\/?page_id=4608"},"modified":"2023-05-05T14:56:11","modified_gmt":"2023-05-05T12:56:11","slug":"blockchai-centrum-edukacji-promocji-i-implementacji-technologii-blockchain-w-przestrzeni-publicznej","status":"publish","type":"page","link":"https:\/\/us.edu.pl\/instytut\/inp\/blockchai-centrum-edukacji-promocji-i-implementacji-technologii-blockchain-w-przestrzeni-publicznej\/","title":{"rendered":"Centrum Edukacji, Promocji i Implementacji Technologii Blockchain w Przestrzeni Publicznej"},"content":{"rendered":"<p>[vc_row][vc_column]\r\n                <div class=\"text-modules\">\r\n                    <div class=\"container\">\r\n                        <h3 class=\"page-title text__title\">Centrum Edukacji, Promocji i Implementacji Technologii Blockchain w Przestrzeni Publicznej<\/h3>\r\n                        <div class=\"text-modules__content\"><p>Kierownik: dr hab. Waldemar Wojtasik, prof. U\u015a<\/p>\n<p>Prof. dr hab. Waldemar Wojtasik z Wydzia\u0142u Nauk Spo\u0142ecznych Uniwersytetu \u015al\u0105skiego w Katowicach uzyska\u0142 grant Ministra Edukacji i Nauki w ramach programu \u201eNauka dla Spo\u0142ecze\u0144stwa\u201d na realizacj\u0119 projektu <strong><em>\u201eCentrum Edukacji, Promocji i Implementacji Technologii Blockchain w Przestrzeni Publicznej\u201d<\/em><\/strong><\/p>\n<p>\u0141\u0105czna kwota dofinansowania wynosi 962 550 z\u0142.<\/p>\n<p>Celem przedstawianego projektu jest stworzenie narz\u0119dzi\u00a0 wspomagaj\u0105cych implementacj\u0119 technologii blockchain dla podmiot\u00f3w dzia\u0142aj\u0105cych w sferze publicznej, a szczeg\u00f3lnie realizuj\u0105cych zadania z zakresu polityk publicznych w Polsce. Jego najwa\u017cniejszym dzia\u0142aniem b\u0119dzie powstanie Centrum Edukacji i Promocji Technologii Blockchain w Politykach Publicznych. B\u0119dzie to narz\u0119dzie s\u0142u\u017c\u0105ce kreacji, gromadzeniu i udost\u0119pnianiu informacji orz wprowadzania technologii do konkretnych obszar\u00f3w oddzia\u0142ywania polityk publicznych.<\/p>\n<p>Przedmiotem programu \u201eNauka dla Spo\u0142ecze\u0144stwa\u201d jest wsparcie podmiot\u00f3w systemu szkolnictwa wy\u017cszego i nauki oraz innych jednostek organizacyjnych dzia\u0142aj\u0105cych na rzecz upowszechniania nauki w realizacji projekt\u00f3w maj\u0105cych na celu budowanie wsp\u00f3\u0142pracy mi\u0119dzy podmiotami dzia\u0142aj\u0105cymi w obszarze nauki a podmiotami dzia\u0142aj\u0105cymi w sferze spo\u0142eczno-gospodarczej.<\/p>\n<p>Wi\u0119cej informacji o przyznanych grantach, a tak\u017ce szczeg\u00f3\u0142ach programu mo\u017cna uzyska\u0107 na <a href=\"https:\/\/programy.nauka.gov.pl\/nauka-dla-spoleczenstwa\/\">stronie internetowej konkursu<\/a>. (https:\/\/programy.nauka.gov.pl\/nauka-dla-spoleczenstwa\/)<\/p>\n<\/div>\r\n                    <\/div>\r\n                <\/div>[\/vc_column][\/vc_row]<\/p>","protected":false},"excerpt":{"rendered":"<p>[vc_row][vc_column][\/vc_column][\/vc_row] [&#8230;]<\/p>\n<p><a class=\"btn btn-secondary understrap-read-more-link\" href=\"https:\/\/us.edu.pl\/instytut\/inp\/blockchai-centrum-edukacji-promocji-i-implementacji-technologii-blockchain-w-przestrzeni-publicznej\/\">Read More&#8230;<\/a><\/p>\n","protected":false},"author":141,"featured_media":0,"parent":0,"menu_order":0,"comment_status":"closed","ping_status":"closed","template":"page-templates\/page-with-sidebar.php","meta":{"_expiration-date-status":"","_expiration-date":0,"_expiration-date-type":"","_expiration-date-categories":[],"_expiration-date-options":[]},"acf":[],"_links":{"self":[{"href":"https:\/\/us.edu.pl\/instytut\/inp\/wp-json\/wp\/v2\/pages\/4608"}],"collection":[{"href":"https:\/\/us.edu.pl\/instytut\/inp\/wp-json\/wp\/v2\/pages"}],"about":[{"href":"https:\/\/us.edu.pl\/instytut\/inp\/wp-json\/wp\/v2\/types\/page"}],"author":[{"embeddable":true,"href":"https:\/\/us.edu.pl\/instytut\/inp\/wp-json\/wp\/v2\/users\/141"}],"replies":[{"embeddable":true,"href":"https:\/\/us.edu.pl\/instytut\/inp\/wp-json\/wp\/v2\/comments?post=4608"}],"version-history":[{"count":9,"href":"https:\/\/us.edu.pl\/instytut\/inp\/wp-json\/wp\/v2\/pages\/4608\/revisions"}],"predecessor-version":[{"id":5099,"href":"https:\/\/us.edu.pl\/instytut\/inp\/wp-json\/wp\/v2\/pages\/4608\/revisions\/5099"}],"wp:attachment":[{"href":"https:\/\/us.edu.pl\/instytut\/inp\/wp-json\/wp\/v2\/media?parent=4608"}],"curies":[{"name":"wp","href":"https:\/\/api.w.org\/{rel}","templated":true}]}}