{"id":4940,"date":"2023-02-20T18:56:36","date_gmt":"2023-02-20T17:56:36","guid":{"rendered":"https:\/\/us.edu.pl\/instytut\/inp\/?page_id=4940"},"modified":"2025-01-07T12:13:41","modified_gmt":"2025-01-07T11:13:41","slug":"batko-kornelia","status":"publish","type":"page","link":"https:\/\/us.edu.pl\/instytut\/inp\/batko-kornelia\/","title":{"rendered":"Batko Kornelia"},"content":{"rendered":"<p>[vc_row][vc_column]\r\n                <div class=\"text-modules reverse\">\r\n                    <div class=\"container\">\r\n                        <h3 class=\"section-title section-title_border-bottom\">dr Kornelia Batko, prof. U\u015a<\/h3> \r\n                        <div class=\"row m-0\">\r\n                            <div class=\"text-modules__content\">\r\n                                <\/p>\n<p style=\"text-align: justify;\">kornelia.batko@us.edu.pl<\/p>\n<p style=\"text-align: justify;\">Doktor nauk ekonomicznych, absolwentka Akademii Ekonomicznej im. Karola Adamieckiego w Katowicach (biznes elektroniczny na kierunku zarz\u0105dzanie i marketing) oraz Haute Ecole &lt;Groupe ICHEC \u2013 ISC Saint- Louis \u2013 ISFC&gt; (European Master in Interactive Multimedia Project &#8211; Master in e\u2013business Management, w ramach programu Leonardo da Vinci Unii Europejskiej). W latach 2005- 2022 pracownik naukowo-dydaktyczny w Katedrze Informatyki Ekonomicznej Uniwersytetu Ekonomicznego w Katowicach. \u00a0Wykonawca w projektach naukowo-badawczych realizowanych w ramach: EFS, Programu Operacyjnego Wiedza Edukacja Rozw\u00f3j, Europejskiego Funduszu Rozwoju Regionalnego oraz projekt\u00f3w uczelnianych. Nagrodzona przez Rektora Uniwersytetu Ekonomicznego w Katowicach za: rozpraw\u0119 doktorsk\u0105, publikacje naukowe w czasopismach z tzw. listy filadelfijskiej. Otrzyma\u0142a nagrod\u0119 II stopnia Naukowego Towarzystwa Informatyki Ekonomicznej za prac\u0119 doktorsk\u0105. Jej praca dydaktyczna zosta\u0142a doceniona Medalem Komisji Edukacji Narodowej.<\/p>\n<p style=\"text-align: justify;\">Jest recenzentem artyku\u0142\u00f3w naukowych do czasopism o zasi\u0119gu mi\u0119dzynarodowym: Plos One, Healthcare, Sustainability, International Journal of Environmental Research and Public Health, oraz materia\u0142\u00f3w mi\u0119dzynarodowych konferencji naukowych (np. Hawaii International Conference on System Sciences). W ramach wsp\u00f3\u0142pracy z biznesem i administracja publiczn\u0105 realizuje wywiady eksperckie, ekspertyzy, badania komercyjne oraz koordynacj\u0119 bada\u0144 dotycz\u0105cych kompetencji cyfrowych, oceny poziomu \u015bwiadczonych us\u0142ug zdrowotnych wybranych jednostkach ochrony zdrowia czy wykorzystania medi\u00f3w spo\u0142eczno\u015bciowych. W 2021 roku odby\u0142a, w ramach wsp\u00f3\u0142pracy polsko-ukrai\u0144skiej, sta\u017c naukowo-dydaktyczny &#8211; International internship under the program\u201d Fundraising and Organization of Project Activities in Educational Establishments: Europen Experience\u201d. W latach 2016-2020 by\u0142a cz\u0142onkini\u0105 Komitetu Redakcyjnego Studi\u00f3w Ekonomicznych wydawanych przez Uniwersytet Ekonomiczny w Katowicach. Jest wsp\u00f3\u0142tw\u00f3rczyni\u0105 i redaktorem tematycznym czasopisma dla doktorant\u00f3w i m\u0142odych naukowc\u00f3w \u201eAcademic Review of Business and Economics\u201d (ARBE). Wsp\u00f3\u0142tw\u00f3rczyni i kierownik studi\u00f3w podyplomowych \u201eMened\u017cer e-commerce i social media\u201d (2016-2022) oraz \u201eMaster of Business and Administration dla Organizacji Pozarz\u0105dowych\u201d (2022). Bra\u0142a r\u00f3wnie\u017c udzia\u0142 w tworzeniu dw\u00f3ch kierunk\u00f3w studi\u00f3w I i II stopnia na Uniwersytecie Ekonomicznym: \u201eE-commerce\u201d oraz \u201eGospodarka cyfrowa\u201d). Autorka ponad 70 artyku\u0142\u00f3w naukowych.\u00a0Jej zainteresowania badawcze koncentruj\u0105 si\u0119 wok\u00f3\u0142 problematyki:\u00a0polityki zdrowotnej;\u00a0wykorzystania system\u00f3w analitycznych oraz Big Data w ochronie zdrowia; kreowaniu wizerunku organizacji (zw\u0142aszcza jednostek ochrony zdrowia); selfcare i dobrostanu spo\u0142ecze\u0144stwa, komunikacji i kreowania wizerunku w social mediach oraz termodynamiki nier\u00f3wnowagowej mikrosystem\u00f3w.\u00a0Publikowa\u0142a w takich czasopismach jak: Journal of Big Data, Transport in Porous Media, Journal of Porous Media, Desalination, Entropy, Energies.<\/p>\n<p style=\"text-align: justify;\"><a href=\"https:\/\/www.researchgate.net\/profile\/Kornelia-Batko-2\">Researchgate<\/a><\/p>\n<p style=\"text-align: justify;\"><a href=\"https:\/\/scholar.google.com\/citations?user=K1kHP08AAAAJ&amp;hl=pl\">GoogleScholar<\/a><\/p>\n<p style=\"text-align: justify;\"><a href=\"https:\/\/pbn.nauka.gov.pl\/core\/#\/profile\/public\/5e7092da878c28a04739e1ee\">PBN<\/a><\/p>\n<p style=\"text-align: justify;\"><a href=\"https:\/\/orcid.org\/0000-0001-6561-3826\">ORCID<\/a><\/p>\n<div class=\"mt-3\"><\/div>\r\n                            <\/div>\r\n                            \r\n                            <div class=\"text-modules__img\"><img src=\"https:\/\/us.edu.pl\/instytut\/inp\/wp-content\/uploads\/sites\/31\/Bez-kategorii\/Kornelia-Batko-150x150.jpg\" alt=\"img\"><\/div>\r\n                        <\/div>\r\n                    <\/div>\r\n                <\/div>[\/vc_column][\/vc_row][vc_row][vc_column][vc_column_text][\/vc_column_text][\/vc_column][\/vc_row]<\/p>","protected":false},"excerpt":{"rendered":"<p>[vc_row][vc_column][\/vc_column][\/vc_row][vc_row][vc_column][vc_column_text][\/vc_column_text][\/vc_column][\/vc_row] [&#8230;]<\/p>\n<p><a class=\"btn btn-secondary understrap-read-more-link\" href=\"https:\/\/us.edu.pl\/instytut\/inp\/batko-kornelia\/\">Read More&#8230;<\/a><\/p>\n","protected":false},"author":141,"featured_media":0,"parent":0,"menu_order":0,"comment_status":"closed","ping_status":"closed","template":"","meta":{"_expiration-date-status":"","_expiration-date":0,"_expiration-date-type":"","_expiration-date-categories":[],"_expiration-date-options":[]},"acf":[],"_links":{"self":[{"href":"https:\/\/us.edu.pl\/instytut\/inp\/wp-json\/wp\/v2\/pages\/4940"}],"collection":[{"href":"https:\/\/us.edu.pl\/instytut\/inp\/wp-json\/wp\/v2\/pages"}],"about":[{"href":"https:\/\/us.edu.pl\/instytut\/inp\/wp-json\/wp\/v2\/types\/page"}],"author":[{"embeddable":true,"href":"https:\/\/us.edu.pl\/instytut\/inp\/wp-json\/wp\/v2\/users\/141"}],"replies":[{"embeddable":true,"href":"https:\/\/us.edu.pl\/instytut\/inp\/wp-json\/wp\/v2\/comments?post=4940"}],"version-history":[{"count":7,"href":"https:\/\/us.edu.pl\/instytut\/inp\/wp-json\/wp\/v2\/pages\/4940\/revisions"}],"predecessor-version":[{"id":6791,"href":"https:\/\/us.edu.pl\/instytut\/inp\/wp-json\/wp\/v2\/pages\/4940\/revisions\/6791"}],"wp:attachment":[{"href":"https:\/\/us.edu.pl\/instytut\/inp\/wp-json\/wp\/v2\/media?parent=4940"}],"curies":[{"name":"wp","href":"https:\/\/api.w.org\/{rel}","templated":true}]}}