{"id":504,"date":"2020-01-02T11:23:16","date_gmt":"2020-01-02T10:23:16","guid":{"rendered":"http:\/\/us.edu.pl\/instytut\/inp\/?page_id=504"},"modified":"2020-01-02T11:59:03","modified_gmt":"2020-01-02T10:59:03","slug":"magazyny-cyberdzihadystyczne-jako-instrument-kampanii-propagandowej-tzw-panstwa-islamskiego","status":"publish","type":"page","link":"https:\/\/us.edu.pl\/instytut\/inp\/magazyny-cyberdzihadystyczne-jako-instrument-kampanii-propagandowej-tzw-panstwa-islamskiego\/","title":{"rendered":"Magazyny cyberd\u017cihadystyczne jako instrument kampanii propagandowej tzw. Pa\u0144stwa Islamskiego"},"content":{"rendered":"<p>[vc_row][vc_column]\r\n                <div class=\"text-modules\">\r\n                    <div class=\"container\">\r\n                        <h3 class=\"page-title text__title\">Magazyny cyberd\u017cihadystyczne jako instrument kampanii propagandowej tzw. Pa\u0144stwa Islamskiego<\/h3>\r\n                        <div class=\"text-modules__content\"><p>Grant w ramach konkursu <strong>OPUS 13<\/strong> (NCN) (2017\/25\/B\/HS5\/00002). Czas trwania grantu: 36 miesi\u0119cy. Przyznana kwota: <strong>172 340 z\u0142.<\/strong><\/p>\n<p>Kierownik grantu: <strong>dr hab. Miron Lakomy, prof. U\u015a <\/strong><\/p>\n<p>Kampania propagandowa tzw. Pa\u0144stwa Islamskiego w cyberprzestrzeni jest obecnie jednym z najpowa\u017cniejszych zagro\u017ce\u0144 dla bezpiecze\u0144stwa pa\u0144stw, generowanych w \u015brodowisku cyberprzestrzennym. Z jednej strony, wynika to z jej ogromnej skali. Od 2014 roku jej odbiorcami sta\u0142y si\u0119 miliony u\u017cytkownik\u00f3w Internetu. Z drugiej strony, jest ona zdecydowanie bardziej profesjonalna, ni\u017c dotychczasowe publikacje cyberd\u017cihadystyczne innych organizacji terrorystycznych, takich jak al-Kaida czy al-Szabab. Produkcj\u0105 materia\u0142\u00f3w propagandowych Daesz w formie film\u00f3w, magazyn\u00f3w, reklam, zdj\u0119\u0107 czy muzyki (nasheed) zajmuj\u0105 si\u0119 bowiem wyspecjalizowane kom\u00f3rki, takie jak np. al-Hayat Media Center, Amaq News Agency czy al-Furqan Media. Symbolem skuteczno\u015bci tej kampanii sta\u0142y si\u0119 s\u0142ynne nagrania egzekucji zachodnich je\u0144c\u00f3w, takich jak James Foley czy Steven Sotloff, kt\u00f3re wywo\u0142a\u0142y znaczne poruszenie opinii publicznej na ca\u0142ym \u015bwiecie. Wielu badaczy wskazuje na fakt, i\u017c dzia\u0142alno\u015b\u0107 propagandowa Daesz w przestrzeni teleinformatycznej podnosi jej atrakcyjno\u015b\u0107 w\u015br\u00f3d potencjalnych d\u017cihadyst\u00f3w, u\u0142atwia jej rekrutacj\u0119, przyczynia si\u0119 do wyst\u0119powania zamach\u00f3w samob\u00f3jczych, a tak\u017ce pozwala zastrasza\u0107 oraz dezorientowa\u0107 spo\u0142ecze\u0144stwa pa\u0144stw zachodnich. W tym kontek\u015bcie, nale\u017cy podkre\u015bli\u0107, i\u017c w literaturze specjalistycznej nadal brakuje jednak opracowa\u0144, kt\u00f3re jednoznacznie zidentyfikowa\u0142yby stosowane przez tzw. Pa\u0144stwo Islamskie metody propagandowego oddzia\u0142ywania na odbiorc\u00f3w, z perspektywy teorii propagandy. Prezentowany projekt badawczy stara si\u0119 wype\u0142ni\u0107 t\u0119 luk\u0119. Jego g\u0142\u00f3wnym celem jest bowiem zidentyfikowanie metod propagandy wykorzystywanych w dw\u00f3ch najpopularniejszych, angloj\u0119zycznych magazynach internetowych, kt\u00f3re s\u0105 publikowane przez Daesz: \u201eDabiq\u201d oraz \u201eRumiyah\u201d. Projekt zmierza tak\u017ce do odpowiedzi na szereg pyta\u0144 badawczych, obejmuj\u0105cych m.in.: charakter prezentowanych przez te czasopisma tre\u015bci, a tak\u017ce u\u017cytych w nich technik propagandy wed\u0142ug klasyfikacji IPA oraz sposob\u00f3w argumentacji. Ponadto, projekt podda analizie tak\u017ce warstw\u0119 wizualn\u0105 tych czasopism, w formie np. zdj\u0119\u0107 czy infografik. Aby zrealizowa\u0107 cel badawczy oraz odpowiedzie\u0107 na pytania badawcze, projekt zamierza wykorzysta\u0107 przede wszystkim metod\u0119 analizy tre\u015bci, a tak\u017ce metod\u0119 komparatywn\u0105, analiz\u0119 i krytyk\u0119 pi\u015bmiennictwa, analiz\u0119 i krytyk\u0119 \u017ar\u00f3de\u0142, a tak\u017ce syntez\u0119 i opis. Zastosuje zar\u00f3wno podej\u015bcie ilo\u015bciowe, jak i jako\u015bciowe.<\/p>\n<p>Dotychczasowe publikacje, b\u0119d\u0105ce wynikiem grantu:<\/p>\n<ol>\n<li>Miron Lakomy, Danse macabre: gore images in the Islamic State&#8217;s &#8222;Dabiq&#8221; magazine as a propaganda device (z\u0142o\u017cone)<\/li>\n<li>Miron Lakomy (2019), &#8222;One of the Two Good Outcomes&#8221;: Turning Defeats into Victories in the Islamic State&#8221;s Flagship Magazine Rumiyah, <em>Terrorism and Political Violence<\/em>, Wydawca: <em>Taylor &amp; Francis Online<\/em><\/li>\n<li>Miron Lakomy (2021), Recruitment and incitement to violence in the Islamic State&#8221;s online propaganda: comparative analysis of &#8222;Dabiq&#8221; and &#8222;Rumiyah&#8221;, <em>Studies in Conflict &amp; Terrorism<\/em> (tom: 44), Wydawca: <em>Taylor &amp; Francis Online<\/em><\/li>\n<li><em>Miron Lakomy (2019), <\/em><em>Magazyny \u201eDabiq\u201d i \u201eRumiyah\u201d jako instrumenty kampanii cyberd\u017cihadystycznej tzw. Pa\u0144stwa Islamskiego. W: Ochrona infrastruktury bezpiecze\u0144stwa pa\u0144stwa. Warszawa: Akademia Sztuki Wojennej.<\/em><\/li>\n<\/ol>\n<p>\n<\/div>\r\n                    <\/div>\r\n                <\/div>[\/vc_column][\/vc_row]<\/p>","protected":false},"excerpt":{"rendered":"<p>[vc_row][vc_column][\/vc_column][\/vc_row] [&#8230;]<\/p>\n<p><a class=\"btn btn-secondary understrap-read-more-link\" href=\"https:\/\/us.edu.pl\/instytut\/inp\/magazyny-cyberdzihadystyczne-jako-instrument-kampanii-propagandowej-tzw-panstwa-islamskiego\/\">Read More&#8230;<\/a><\/p>\n","protected":false},"author":141,"featured_media":0,"parent":0,"menu_order":0,"comment_status":"closed","ping_status":"closed","template":"page-templates\/page-with-sidebar.php","meta":{"_expiration-date-status":"saved","_expiration-date":0,"_expiration-date-type":"","_expiration-date-categories":[],"_expiration-date-options":[]},"acf":[],"_links":{"self":[{"href":"https:\/\/us.edu.pl\/instytut\/inp\/wp-json\/wp\/v2\/pages\/504"}],"collection":[{"href":"https:\/\/us.edu.pl\/instytut\/inp\/wp-json\/wp\/v2\/pages"}],"about":[{"href":"https:\/\/us.edu.pl\/instytut\/inp\/wp-json\/wp\/v2\/types\/page"}],"author":[{"embeddable":true,"href":"https:\/\/us.edu.pl\/instytut\/inp\/wp-json\/wp\/v2\/users\/141"}],"replies":[{"embeddable":true,"href":"https:\/\/us.edu.pl\/instytut\/inp\/wp-json\/wp\/v2\/comments?post=504"}],"version-history":[{"count":1,"href":"https:\/\/us.edu.pl\/instytut\/inp\/wp-json\/wp\/v2\/pages\/504\/revisions"}],"predecessor-version":[{"id":509,"href":"https:\/\/us.edu.pl\/instytut\/inp\/wp-json\/wp\/v2\/pages\/504\/revisions\/509"}],"wp:attachment":[{"href":"https:\/\/us.edu.pl\/instytut\/inp\/wp-json\/wp\/v2\/media?parent=504"}],"curies":[{"name":"wp","href":"https:\/\/api.w.org\/{rel}","templated":true}]}}