{"id":5074,"date":"2023-04-26T09:42:18","date_gmt":"2023-04-26T07:42:18","guid":{"rendered":"https:\/\/us.edu.pl\/instytut\/inp\/?page_id=5074"},"modified":"2025-01-07T15:37:28","modified_gmt":"2025-01-07T14:37:28","slug":"tatarczyk-dawid","status":"publish","type":"page","link":"https:\/\/us.edu.pl\/instytut\/inp\/tatarczyk-dawid\/","title":{"rendered":"Tatarczyk Dawid"},"content":{"rendered":"<p>[vc_row][vc_column]\r\n                <div class=\"text-modules reverse\">\r\n                    <div class=\"container\">\r\n                        <h3 class=\"section-title section-title_border-bottom\">dr Dawid Tatarczyk<\/h3> \r\n                        <div class=\"row m-0\">\r\n                            <div class=\"text-modules__content\">\r\n                                <\/p>\n<p style=\"text-align: justify;\">Dr Dawid Tatarczyk obroni\u0142 doktorat z politologii na Western Michigan University, USA (2018). W swojej dzia\u0142alno\u015bci naukowej skupia si\u0119 na badaniu wp\u0142ywu religii na polityk\u0119, analizie proces\u00f3w demokratyzacji oraz na egzaminacji rozwoju i aplikacji metodologii nauk spo\u0142ecznych. Jego artyku\u0142u zosta\u0142y opublikowane w czo\u0142owych periodykach naukowych takich jak International Journal of Public Opinion Research, East European Politics and Societies, Qualitative and Multi-Method Research i Polish Sociological Review. Jego badania finansowane by\u0142y tak\u017ce przez American Political Science Association. Obecnie jest cz\u0119\u015bci\u0105 zespo\u0142u pracuj\u0105cego nad projektem Trust in European Democracies w ramach grantu Horyzont Europa.<\/p>\n<p><a href=\"https:\/\/scholar.google.com\/citations?user=H1dXsvwAAAAJ&amp;hl=pl&amp;oi=ao\">GoogleScholar<\/a><\/p>\n<p><a href=\"https:\/\/pbn.nauka.gov.pl\/core\/#\/person\/view\/635b3eaa7523405a7dcc44cf\/current\">PBN<\/a><\/p>\n<p><a href=\"https:\/\/orcid.org\/0000-0003-4042-7562\">ORCID<\/a> \r\n                                <div class=\"mt-3\"><\/div>\r\n                            <\/div>\r\n                            \r\n                            <div class=\"text-modules__img\"><img src=\"https:\/\/us.edu.pl\/instytut\/inp\/wp-content\/uploads\/sites\/31\/Bez-kategorii\/Tatarczyk-Dawid.jpeg\" alt=\"img\"><\/div>\r\n                        <\/div>\r\n                    <\/div>\r\n                <\/div>[\/vc_column][\/vc_row]<\/p>","protected":false},"excerpt":{"rendered":"<p>[vc_row][vc_column][\/vc_column][\/vc_row] [&#8230;]<\/p>\n<p><a class=\"btn btn-secondary understrap-read-more-link\" href=\"https:\/\/us.edu.pl\/instytut\/inp\/tatarczyk-dawid\/\">Read More&#8230;<\/a><\/p>\n","protected":false},"author":5165,"featured_media":0,"parent":0,"menu_order":0,"comment_status":"closed","ping_status":"closed","template":"","meta":{"_expiration-date-status":"","_expiration-date":0,"_expiration-date-type":"","_expiration-date-categories":[],"_expiration-date-options":[]},"acf":[],"_links":{"self":[{"href":"https:\/\/us.edu.pl\/instytut\/inp\/wp-json\/wp\/v2\/pages\/5074"}],"collection":[{"href":"https:\/\/us.edu.pl\/instytut\/inp\/wp-json\/wp\/v2\/pages"}],"about":[{"href":"https:\/\/us.edu.pl\/instytut\/inp\/wp-json\/wp\/v2\/types\/page"}],"author":[{"embeddable":true,"href":"https:\/\/us.edu.pl\/instytut\/inp\/wp-json\/wp\/v2\/users\/5165"}],"replies":[{"embeddable":true,"href":"https:\/\/us.edu.pl\/instytut\/inp\/wp-json\/wp\/v2\/comments?post=5074"}],"version-history":[{"count":7,"href":"https:\/\/us.edu.pl\/instytut\/inp\/wp-json\/wp\/v2\/pages\/5074\/revisions"}],"predecessor-version":[{"id":6884,"href":"https:\/\/us.edu.pl\/instytut\/inp\/wp-json\/wp\/v2\/pages\/5074\/revisions\/6884"}],"wp:attachment":[{"href":"https:\/\/us.edu.pl\/instytut\/inp\/wp-json\/wp\/v2\/media?parent=5074"}],"curies":[{"name":"wp","href":"https:\/\/api.w.org\/{rel}","templated":true}]}}