{"id":538,"date":"2020-01-02T12:15:27","date_gmt":"2020-01-02T11:15:27","guid":{"rendered":"http:\/\/us.edu.pl\/instytut\/inp\/?page_id=538"},"modified":"2021-08-17T10:42:52","modified_gmt":"2021-08-17T08:42:52","slug":"professionalisation-and-social-impact-of-european-political-science","status":"publish","type":"page","link":"https:\/\/us.edu.pl\/instytut\/inp\/professionalisation-and-social-impact-of-european-political-science\/","title":{"rendered":"Professionalisation and Social Impact of European Political Science"},"content":{"rendered":"<p>[vc_row][vc_column]\r\n                <div class=\"text-modules\">\r\n                    <div class=\"container\">\r\n                        <h3 class=\"page-title text__title\">Professionalisation and Social Impact of European Political Science<\/h3>\r\n                        <div class=\"text-modules__content\"><p>Projekt finansowany z funduszy Unii Europejskiej w ramach Akcji COST Akcji CA15207<\/p>\n<p><strong>Dr hab. Agnieszka Turska-Kawa, prof. U\u015a<\/strong> &#8211; Delegatka Polski w Management Committee, uczestniczka grupy badawczej: \u201eSocial impact, media visibility and participation od Political Science in public sphere\u201d (2016-2020).<\/p>\n<p>Celem projektu by\u0142a wymiana do\u015bwiadcze\u0144 badaczy w zakresie system\u00f3w edukacyjnych w obszarze nauk politycznych oraz internacjonalizacji bada\u0144. Innowacyjno\u015b\u0107 projektu zasadza si\u0119 przede wszystkim na wielop\u0142aszczyznowo\u015bci analizy. W prowadzonej refleksji brano pod uwag\u0119 przeobra\u017cenia politologii jako nauki akademickiej, widoczno\u015b\u0107 politolog\u00f3w w przestrzeni publicznej (jako komentator\u00f3w i ekspert\u00f3w), wska\u017aniki mobilno\u015bci mi\u0119dzynarodowej i mi\u0119dzynarodowego obiegu wynik\u00f3w bada\u0144, spo\u0142eczne oddzia\u0142ywanie wynik\u00f3w bada\u0144 politolog\u00f3w, praktyczne wykorzystanie tych wynik\u00f3w w przestrzeni publicznej.<\/p>\n<p>Badania prowadzone w ramach projektu maj\u0105 by\u0107 \u015brodkiem do profesjonalizacji edukacyjnej, jak i stosowanej roli nauk politycznych w poszczeg\u00f3lnych pa\u0144stwach. Bezpo\u015brednio ma doprowadzi\u0107 do:<\/p>\n<ol>\n<li>Komparatystycznego uj\u0119cia podj\u0119tej problematyki w 32 zrzeszonych krajach<\/li>\n<li>Stworzenie mapy instytucji akademickich, kt\u00f3rej poszczeg\u00f3lne jendosktim maj\u0105 si\u0119 wzajemnie wspiera\u0107 w kierunku profesjonalizacji bada\u0144 naukowych<\/li>\n<li>Zgromadzenie i wymian\u0119 do\u015bwiadcze\u0144 w zakresie aktywno\u015bci badaczy nauk politycznych w dyskursie publicznym celem jego profesjonalizacji<\/li>\n<\/ol>\n<p><strong>Spotkania robocze w ramach COST mia\u0142y miejce:<\/strong><\/p>\n<ul>\n<li>Bruksela, Belgia 09.2016<\/li>\n<li>Malta \u2013 25-28.01.2017<\/li>\n<li>Leuven, Belgia 21-23.09.2017<\/li>\n<li>Lisbona, Portugalia 14-17.03. 2018<\/li>\n<li>Sarajewo, Bo\u015bnia i Hercegowina &#8211; 18-21.09. 2018<\/li>\n<li>Ateny, Grecja \u2013 26-29.03.2019<\/li>\n<li>Haga, Niderlandy \u2013 18-21.09.2019<\/li>\n<\/ul>\n<p>Wi\u0119cej informacji na stronie internetowej <a href=\"http:\/\/proseps.unibo.it\/\">PROSEPS<\/a>.<\/p>\n<\/div>\r\n                    <\/div>\r\n                <\/div>[\/vc_column][\/vc_row]<\/p>","protected":false},"excerpt":{"rendered":"<p>[vc_row][vc_column][\/vc_column][\/vc_row] [&#8230;]<\/p>\n<p><a class=\"btn btn-secondary understrap-read-more-link\" href=\"https:\/\/us.edu.pl\/instytut\/inp\/professionalisation-and-social-impact-of-european-political-science\/\">Read More&#8230;<\/a><\/p>\n","protected":false},"author":141,"featured_media":0,"parent":0,"menu_order":0,"comment_status":"closed","ping_status":"closed","template":"page-templates\/page-with-sidebar.php","meta":{"_expiration-date-status":"saved","_expiration-date":0,"_expiration-date-type":"","_expiration-date-categories":[],"_expiration-date-options":[]},"acf":[],"_links":{"self":[{"href":"https:\/\/us.edu.pl\/instytut\/inp\/wp-json\/wp\/v2\/pages\/538"}],"collection":[{"href":"https:\/\/us.edu.pl\/instytut\/inp\/wp-json\/wp\/v2\/pages"}],"about":[{"href":"https:\/\/us.edu.pl\/instytut\/inp\/wp-json\/wp\/v2\/types\/page"}],"author":[{"embeddable":true,"href":"https:\/\/us.edu.pl\/instytut\/inp\/wp-json\/wp\/v2\/users\/141"}],"replies":[{"embeddable":true,"href":"https:\/\/us.edu.pl\/instytut\/inp\/wp-json\/wp\/v2\/comments?post=538"}],"version-history":[{"count":2,"href":"https:\/\/us.edu.pl\/instytut\/inp\/wp-json\/wp\/v2\/pages\/538\/revisions"}],"predecessor-version":[{"id":3781,"href":"https:\/\/us.edu.pl\/instytut\/inp\/wp-json\/wp\/v2\/pages\/538\/revisions\/3781"}],"wp:attachment":[{"href":"https:\/\/us.edu.pl\/instytut\/inp\/wp-json\/wp\/v2\/media?parent=538"}],"curies":[{"name":"wp","href":"https:\/\/api.w.org\/{rel}","templated":true}]}}