{"id":578,"date":"2020-01-02T13:21:31","date_gmt":"2020-01-02T12:21:31","guid":{"rendered":"http:\/\/us.edu.pl\/instytut\/inp\/?page_id=578"},"modified":"2025-01-07T11:16:30","modified_gmt":"2025-01-07T10:16:30","slug":"czyz-anna","status":"publish","type":"page","link":"https:\/\/us.edu.pl\/instytut\/inp\/czyz-anna\/","title":{"rendered":"Czy\u017c Anna"},"content":{"rendered":"<p>[vc_row][vc_column]\r\n                <div class=\"text-modules reverse\">\r\n                    <div class=\"container\">\r\n                        <h3 class=\"section-title section-title_border-bottom\">dr hab. Anna Czy\u017c, prof. U\u015a<\/h3> \r\n                        <div class=\"row m-0\">\r\n                            <div class=\"text-modules__content\">\r\n                                <\/p>\n<p style=\"text-align: justify;\">anna.czyz@us.edu.pl<\/p>\n<p style=\"text-align: justify;\">Absolwentka jednolitych studi\u00f3w magisterskich na kierunku politologia (specjalno\u015b\u0107 samorz\u0105dowa) Uniwersytetu \u015al\u0105skiego w Katowicach (2004). Stopie\u0144 doktora nauk humanistycznych w zakresie nauk o polityce uzyska\u0142a w 2008 roku, za\u015b w 2018 roku zosta\u0142 jej nadany stopie\u0144 doktora habilitowanego nauk spo\u0142ecznych w dyscyplinie nauki o polityce. Od 2004 roku pracuje w Instytucie Nauk Politycznych U\u015a na stanowisku asystenta, od 2010 roku na stanowisku adiunkta, a od 2019 roku na stanowisku profesora uczelni.<\/p>\n<p style=\"text-align: justify;\">Autorka, wsp\u00f3\u0142autorka i wsp\u00f3\u0142redaktorka kilku monografii i prac zbiorowych oraz kilkunastu artyku\u0142\u00f3w w czasopismach naukowych i rozdzia\u0142\u00f3w w pracach zbiorowych po\u015bwi\u0119conych problematyce system\u00f3w politycznych pa\u0144stw Grupy Wyszehradzkiej, wsp\u00f3\u0142pracy czterech pa\u0144stw Europy \u015arodkowej oraz zagadnie\u0144 zwi\u0105zanych z funkcjonowaniem samorz\u0105du terytorialnego w pa\u0144stwach Europy \u015arodkowo-Wschodniej.<\/p>\n<p style=\"text-align: justify;\">W ramach programu Erasmus +\/LLP prowadzi\u0142a wyk\u0142ady za granic\u0105 m.in. w Univerzita Mateja Bela v Banskej Bystrici, Universit\u00e0 degli Studi di Firenze, w Universidad Complutense de Madrid, Universita degli Studi di Napoli l\u2019Orientale, Kadir Has \u00dcniversitesi w Stambule.<\/p>\n<p style=\"text-align: justify;\">Jej zainteresowania badawcze koncentruj\u0105 si\u0119 wok\u00f3\u0142 zagadnie\u0144 system\u00f3w politycznych pa\u0144stw Europy \u015arodkowo-Wschodniej, samorz\u0105du terytorialnego, Grupy Wyszehradzkiej oraz znaczenia Europy \u015arodkowej oraz obszaru postradzieckiego w stosunkach mi\u0119dzynarodowych.<\/p>\n<p style=\"text-align: justify;\"><a href=\"https:\/\/www.researchgate.net\/profile\/Anna_Czyz5\">ResearchGate<\/a><\/p>\n<p style=\"text-align: justify;\"><a href=\"https:\/\/scholar.google.pl\/citations?user=nszJqqkAAAAJ&amp;hl=pl\">GoogleScholar<\/a><\/p>\n<p style=\"text-align: justify;\"><a href=\"https:\/\/pbn.nauka.gov.pl\/pbn-report-web\/pages\/analytics\/author\/1461408\">PBN<\/a><\/p>\n<p><a href=\"https:\/\/orcid.org\/0000-0003-2534-0733\">ORCID<\/a> \r\n                                <div class=\"mt-3\"><\/div>\r\n                            <\/div>\r\n                            \r\n                            <div class=\"text-modules__img\"><img src=\"https:\/\/us.edu.pl\/instytut\/inp\/wp-content\/uploads\/sites\/31\/Nieprzypisane\/A_Czy\u017c.png\" alt=\"img\"><\/div>\r\n                        <\/div>\r\n                    <\/div>\r\n                <\/div>[\/vc_column][\/vc_row]<\/p>","protected":false},"excerpt":{"rendered":"<p>[vc_row][vc_column][\/vc_column][\/vc_row] [&#8230;]<\/p>\n<p><a class=\"btn btn-secondary understrap-read-more-link\" href=\"https:\/\/us.edu.pl\/instytut\/inp\/czyz-anna\/\">Read More&#8230;<\/a><\/p>\n","protected":false},"author":141,"featured_media":0,"parent":0,"menu_order":0,"comment_status":"closed","ping_status":"closed","template":"","meta":{"_expiration-date-status":"","_expiration-date":0,"_expiration-date-type":"","_expiration-date-categories":[],"_expiration-date-options":[]},"acf":[],"_links":{"self":[{"href":"https:\/\/us.edu.pl\/instytut\/inp\/wp-json\/wp\/v2\/pages\/578"}],"collection":[{"href":"https:\/\/us.edu.pl\/instytut\/inp\/wp-json\/wp\/v2\/pages"}],"about":[{"href":"https:\/\/us.edu.pl\/instytut\/inp\/wp-json\/wp\/v2\/types\/page"}],"author":[{"embeddable":true,"href":"https:\/\/us.edu.pl\/instytut\/inp\/wp-json\/wp\/v2\/users\/141"}],"replies":[{"embeddable":true,"href":"https:\/\/us.edu.pl\/instytut\/inp\/wp-json\/wp\/v2\/comments?post=578"}],"version-history":[{"count":10,"href":"https:\/\/us.edu.pl\/instytut\/inp\/wp-json\/wp\/v2\/pages\/578\/revisions"}],"predecessor-version":[{"id":6745,"href":"https:\/\/us.edu.pl\/instytut\/inp\/wp-json\/wp\/v2\/pages\/578\/revisions\/6745"}],"wp:attachment":[{"href":"https:\/\/us.edu.pl\/instytut\/inp\/wp-json\/wp\/v2\/media?parent=578"}],"curies":[{"name":"wp","href":"https:\/\/api.w.org\/{rel}","templated":true}]}}