{"id":595,"date":"2020-01-02T14:20:48","date_gmt":"2020-01-02T13:20:48","guid":{"rendered":"http:\/\/us.edu.pl\/instytut\/inp\/?page_id=595"},"modified":"2025-01-13T20:59:09","modified_gmt":"2025-01-13T19:59:09","slug":"czuba-michal","status":"publish","type":"page","link":"https:\/\/us.edu.pl\/instytut\/inp\/czuba-michal\/","title":{"rendered":"Czuba Micha\u0142"},"content":{"rendered":"<p>[vc_row][vc_column]\r\n                <div class=\"text-modules reverse\">\r\n                    <div class=\"container\">\r\n                        <h3 class=\"section-title section-title_border-bottom\">dr Micha\u0142 Czuba<\/h3> \r\n                        <div class=\"row m-0\">\r\n                            <div class=\"text-modules__content\">\r\n                                <\/p>\n<p style=\"text-align: justify;\">michal.czuba@us.edu.pl<\/p>\n<p style=\"text-align: justify;\">Jest \u00a0doktorem\u00a0 nauk ekonomicznych w zakresie nauk o zarz\u0105dzaniu. Swoj\u0105 prac\u0119 doktorsk\u0105 obroni\u0142 w 2004 r. na Akademii Ekonomicznej w Katowicach. Jego do\u015bwiadczenia zawodowe zwi\u0105zane s\u0105 z prac\u0105 w uczelniach wy\u017cszych, zar\u00f3wno pa\u0144stwowych, jak i prywatnych. Prac\u0119 na Uniwersytecie \u015al\u0105skim rozpocz\u0105\u0142 w 2006 r. jako pracownik Wydzia\u0142owego Zespo\u0142u Dydaktycznego Nauk Ekonomicznych. Od pa\u017adziernika 2019 r. jest pracownikiem naukowo-dydaktycznym Instytutu Nauk Politycznych U\u015a. Jest zatrudniony jako adiunkt.<\/p>\n<p style=\"text-align: justify;\">Jego zainteresowaniami naukowymi s\u0105: polityka ekologiczna, bezpiecze\u0144stwo ekologiczne, prekariat jako adresat dzia\u0142a\u0144 ekonomicznych, spo\u0142ecznych i politycznych.<\/p>\n<p style=\"text-align: justify;\">Prowadzi zaj\u0119cia zwi\u0105zane z problematyk\u0105 zarz\u0105dzania i finans\u00f3w na studiach dziennych, zaocznych oraz podyplomowych na poszczeg\u00f3lnych wydzia\u0142ach Uniwersytetu \u015al\u0105skiego. Jest autorem kilku dziesi\u0119ciu artyku\u0142\u00f3w w j\u0119zyku polskim i angloj\u0119zycznych, dotycz\u0105cych wy\u017cej wymienionej problematyki.<\/p>\n<p style=\"text-align: justify;\"><strong><a href=\"https:\/\/www.researchgate.net\/profile\/Michal-Czuba\">ResearchGate<\/a><\/strong><\/p>\n<p><strong><a href=\"https:\/\/scholar.google.pl\/citations?user=8B52QPIAAAAJ&amp;hl=pl\">GoogleScholar<\/a><\/strong><\/p>\n<p><strong><a href=\"https:\/\/pbn.nauka.gov.pl\/core\/#\/person\/view\/5e709273878c28a047395dde\/current\">PBN<\/a><\/strong><\/p>\n<p><strong><a href=\"http:\/\/orcid.org\/0000-0001-6018-3484\">ORCID<\/a><\/strong> \r\n                                <div class=\"mt-3\"><\/div>\r\n                            <\/div>\r\n                            \r\n                            \r\n                        <\/div>\r\n                    <\/div>\r\n                <\/div>[\/vc_column][\/vc_row]<\/p>","protected":false},"excerpt":{"rendered":"<p>[vc_row][vc_column][\/vc_column][\/vc_row] [&#8230;]<\/p>\n<p><a class=\"btn btn-secondary understrap-read-more-link\" href=\"https:\/\/us.edu.pl\/instytut\/inp\/czuba-michal\/\">Read More&#8230;<\/a><\/p>\n","protected":false},"author":141,"featured_media":0,"parent":0,"menu_order":0,"comment_status":"closed","ping_status":"closed","template":"","meta":{"_expiration-date-status":"","_expiration-date":0,"_expiration-date-type":"","_expiration-date-categories":[],"_expiration-date-options":[]},"acf":[],"_links":{"self":[{"href":"https:\/\/us.edu.pl\/instytut\/inp\/wp-json\/wp\/v2\/pages\/595"}],"collection":[{"href":"https:\/\/us.edu.pl\/instytut\/inp\/wp-json\/wp\/v2\/pages"}],"about":[{"href":"https:\/\/us.edu.pl\/instytut\/inp\/wp-json\/wp\/v2\/types\/page"}],"author":[{"embeddable":true,"href":"https:\/\/us.edu.pl\/instytut\/inp\/wp-json\/wp\/v2\/users\/141"}],"replies":[{"embeddable":true,"href":"https:\/\/us.edu.pl\/instytut\/inp\/wp-json\/wp\/v2\/comments?post=595"}],"version-history":[{"count":3,"href":"https:\/\/us.edu.pl\/instytut\/inp\/wp-json\/wp\/v2\/pages\/595\/revisions"}],"predecessor-version":[{"id":7484,"href":"https:\/\/us.edu.pl\/instytut\/inp\/wp-json\/wp\/v2\/pages\/595\/revisions\/7484"}],"wp:attachment":[{"href":"https:\/\/us.edu.pl\/instytut\/inp\/wp-json\/wp\/v2\/media?parent=595"}],"curies":[{"name":"wp","href":"https:\/\/api.w.org\/{rel}","templated":true}]}}