{"id":601,"date":"2020-01-02T14:30:46","date_gmt":"2020-01-02T13:30:46","guid":{"rendered":"http:\/\/us.edu.pl\/instytut\/inp\/?page_id=601"},"modified":"2025-01-07T12:15:25","modified_gmt":"2025-01-07T11:15:25","slug":"czornik-katarzyna","status":"publish","type":"page","link":"https:\/\/us.edu.pl\/instytut\/inp\/czornik-katarzyna\/","title":{"rendered":"Czornik Katarzyna"},"content":{"rendered":"<p>[vc_row][vc_column]\r\n                <div class=\"text-modules reverse\">\r\n                    <div class=\"container\">\r\n                        <h3 class=\"section-title section-title_border-bottom\">dr hab. Katarzyna Czornik, prof. U\u015a<\/h3> \r\n                        <div class=\"row m-0\">\r\n                            <div class=\"text-modules__content\">\r\n                                <\/p>\n<div style=\"text-align: justify;\">\n<p>katarzyna.czornik@us.edu.pl<\/p>\n<p>Doktor habilitowana nauk spo\u0142ecznych w dyscyplinie nauki o polityce i administracji (specjalno\u015bci: bezpiecze\u0144stwo mi\u0119dzynarodowe, stosunki mi\u0119dzynarodowe). Absolwentka politologii Uniwersytetu \u015al\u0105skiego w Katowicach. Uko\u0144czy\u0142a r\u00f3wnie\u017c Akademi\u0119 M\u0142odych Dyplomat\u00f3w ze specjalizacj\u0105 s\u0142u\u017cba zagraniczna w Europejskiej Akademii Dyplomacji w Warszawie, a tak\u017ce liczne kursy i szkolenia w Polskim Instytucie Spraw Mi\u0119dzynarodowych oraz w Europejskiej Akademii Dyplomacji. Pe\u0142ni\u0142a funkcj\u0119 eksperta wspieraj\u0105cego dzia\u0142alno\u015b\u0107 Regionalnego O\u015brodka Debaty Mi\u0119dzynarodowej w Katowicach a tak\u017ce eksperta Akademii Lider\u00f3w Dyplomacji (2024\/2025). Uzyska\u0142a nagrod\u0119 Rektora Uniwersytetu \u015al\u0105skiego dla autor\u00f3w najlepszych rozpraw doktorskich, nagrod\u0119 indywidualn\u0105 Rektora Uniwersytetu \u015al\u0105skiego I stopnia za wybitne osi\u0105gniecia badawcze, indywidualne nagrody Rektora Uniwersytetu \u015al\u0105skiego za osi\u0105gni\u0119cia naukowo-badawcze (II stopnia) oraz indywidualn\u0105 nagrod\u0119 Rektora Uniwersytetu \u015al\u0105skiego za dzia\u0142alno\u015b\u0107 organizacyjn\u0105. Otrzyma\u0142a r\u00f3wnie\u017c Medal Komisji Edukacji Narodowej. Zosta\u0142a odznaczona Srebrn\u0105 Odznak\u0105 za Zas\u0142ugi dla Uniwersytetu \u015al\u0105skiego w Katowicach.<\/p>\n<p>W latach 2012-2020 pe\u0142ni\u0142a funkcj\u0119 zast\u0119pcy Dyrektora Instytutu Nauk Politycznych i Dziennikarstwa (ds. kszta\u0142cenia). W latach 2020-2022 pe\u0142ni\u0142a funkcj\u0119 Dyrektora Kierunk\u00f3w Bezpiecze\u0144stwo Narodowe i Mi\u0119dzynarodowe, Doradztwo Polityczne i Publiczne, Politologia.<\/p>\n<p>Pe\u0142ni funkcj\u0119 koordynatora ze strony Uniwersytetu \u015al\u0105skiego nast\u0119puj\u0105cych um\u00f3w o wsp\u00f3\u0142pracy naukowo-dydaktycznej: Porozumienia o wsp\u00f3\u0142pracy naukowo-dydaktycznej zawartego w dniu 9 grudnia 2014 r. w Katowicach pomi\u0119dzy Okr\u0119gowym Inspektoratem S\u0142u\u017cby Wi\u0119ziennej w Katowicach a Uniwersytetem \u015al\u0105skim w Katowicach; Porozumienia o wsp\u00f3\u0142pracy naukowo-dydaktycznej zawartego w dniu 9 grudnia 2014 r. w Katowicach pomi\u0119dzy Szefem Agencji Bezpiecze\u0144stwa Wewn\u0119trznego a Uniwersytetem \u015al\u0105skim w Katowicach; Porozumienia o wsp\u00f3\u0142pracy naukowo-dydaktycznej podpisanego dnia 22 kwietnia 2015 r. w Raciborzu pomi\u0119dzy \u015al\u0105sko-Ma\u0142opolskim Oddzia\u0142em Stra\u017cy Granicznej im. nadkom. Jana Boche\u0144skiego a Uniwersytetem \u015al\u0105skim w Katowicach; Porozumienia o wsp\u00f3\u0142pracy naukowo-dydaktycznej podpisanego dnia 1 marca 2016 r. w Krakowie pomi\u0119dzy Okr\u0119gowym Inspektoratem S\u0142u\u017cby Wi\u0119ziennej w Krakowie a Uniwersytetem \u015al\u0105skim w Katowicach; a tak\u017ce Umowy o wsp\u00f3\u0142pracy dydaktycznej pomi\u0119dzy Uniwersytetem \u015al\u0105skim w Katowicach a II Liceum Og\u00f3lnokszta\u0142c\u0105cym im. Powsta\u0144c\u00f3w \u015al\u0105skich w Mys\u0142owicach.<\/p>\n<p>Od 2012 roku pe\u0142ni funkcj\u0119 opiekuna Ko\u0142a Naukowego Stosunk\u00f3w Mi\u0119dzynarodowych w Uniwersytecie \u015al\u0105skim.<\/p>\n<p>Laureatka II edycji konkursu Ministerstwa Nauki i Szkolnictwa Wy\u017cszego w ramach programu \u201eDoskona\u0142a Nauka II\u201d \u2013 modu\u0142 wsparcie monografii naukowych (2024).<\/p>\n<p>Jej zainteresowania badawcze koncentruj\u0105 si\u0119 wok\u00f3\u0142 problematyki: Bliski Wsch\u00f3d w stosunkach mi\u0119dzynarodowych; polityka zagraniczna Stan\u00f3w Zjednoczonych (ze szczeg\u00f3lnym uwzgl\u0119dnieniem polityki USA wobec Bliskiego Wschodu i Federacji Rosyjskiej); terroryzm mi\u0119dzynarodowy, d\u017cihadyzm i fundamentalizm islamski; konflikty zbrojne i spory mi\u0119dzynarodowe; polityka zagraniczna Polski.<\/p>\n<p>Autorka czterech monografii:\u00a0<em>Irak w polityce zagranicznej Stan\u00f3w Zjednoczonych w okresie pozimnowojennym<\/em>\u00a0(Katowice 2011);\u00a0<em>Bliski Wsch\u00f3d w polityce zagranicznej Stan\u00f3w Zjednoczonych w latach 1945-2012<\/em>\u00a0(Katowice 2012);\u00a0<em>System konstytucyjny Islamskiej Republiki Iranu<\/em>\u00a0(Warszawa 2014);\u00a0<em>Polityka zagraniczna Stan\u00f3w Zjednoczonych Ameryki wobec Bliskiego Wschodu w okresie pozimnowojennym. Elementy kontynuacji i zmiany<\/em>\u00a0(Toru\u0144 2019). Wsp\u00f3\u0142autorka monografii:\u00a0<em>Konflikty zbrojne na Bliskim Wschodzie i w Afryce w drugiej dekadzie XXI wieku<\/em>\u00a0(Katowice 2018) oraz sze\u015bciu prac pod redakcj\u0105. Autorka 68 artyku\u0142\u00f3w naukowych opublikowanych w Polsce i za granic\u0105.<\/p>\n<p>Cz\u0142onkini Polskiego Towarzystwa Nauk Politycznych, Polskiego Towarzystwa Orientalistycznego oraz Stowarzyszenia Studi\u00f3w Strategicznych.<\/p>\n<p><a href=\"https:\/\/www.researchgate.net\/profile\/Katarzyna_Czornik\">ResearchGate<\/a><\/p>\n<p><a href=\"https:\/\/scholar.google.pl\/citations?user=cSYIoH8AAAAJ&amp;hl=pl&amp;oi=ao\">GoogleScholar<\/a><\/p>\n<p><a href=\"https:\/\/pbn.nauka.gov.pl\/pbn-report-web\/pages\/analytics\/author\/1461431\">PBN<\/a><\/p>\n<p><a href=\"https:\/\/orcid.org\/0000-0001-9388-9467\">ORCID<\/a><\/p>\n<\/div>\n<div class=\"mt-3\"><\/div>\r\n                            <\/div>\r\n                            \r\n                            <div class=\"text-modules__img\"><img src=\"https:\/\/us.edu.pl\/instytut\/inp\/wp-content\/uploads\/sites\/31\/Nieprzypisane\/K_Czornik.png\" alt=\"img\"><\/div>\r\n                        <\/div>\r\n                    <\/div>\r\n                <\/div>[\/vc_column][\/vc_row][vc_row][vc_column][vc_column_text]<br \/>\n[\/vc_column_text][\/vc_column][\/vc_row]<\/p>","protected":false},"excerpt":{"rendered":"<p>[vc_row][vc_column][\/vc_column][\/vc_row][vc_row][vc_column][vc_column_text] [\/vc_column_text][\/vc_column][\/vc_row] [&#8230;]<\/p>\n<p><a class=\"btn btn-secondary understrap-read-more-link\" href=\"https:\/\/us.edu.pl\/instytut\/inp\/czornik-katarzyna\/\">Read More&#8230;<\/a><\/p>\n","protected":false},"author":141,"featured_media":0,"parent":0,"menu_order":0,"comment_status":"closed","ping_status":"closed","template":"","meta":{"_expiration-date-status":"","_expiration-date":0,"_expiration-date-type":"","_expiration-date-categories":[],"_expiration-date-options":[]},"acf":[],"_links":{"self":[{"href":"https:\/\/us.edu.pl\/instytut\/inp\/wp-json\/wp\/v2\/pages\/601"}],"collection":[{"href":"https:\/\/us.edu.pl\/instytut\/inp\/wp-json\/wp\/v2\/pages"}],"about":[{"href":"https:\/\/us.edu.pl\/instytut\/inp\/wp-json\/wp\/v2\/types\/page"}],"author":[{"embeddable":true,"href":"https:\/\/us.edu.pl\/instytut\/inp\/wp-json\/wp\/v2\/users\/141"}],"replies":[{"embeddable":true,"href":"https:\/\/us.edu.pl\/instytut\/inp\/wp-json\/wp\/v2\/comments?post=601"}],"version-history":[{"count":10,"href":"https:\/\/us.edu.pl\/instytut\/inp\/wp-json\/wp\/v2\/pages\/601\/revisions"}],"predecessor-version":[{"id":6793,"href":"https:\/\/us.edu.pl\/instytut\/inp\/wp-json\/wp\/v2\/pages\/601\/revisions\/6793"}],"wp:attachment":[{"href":"https:\/\/us.edu.pl\/instytut\/inp\/wp-json\/wp\/v2\/media?parent=601"}],"curies":[{"name":"wp","href":"https:\/\/api.w.org\/{rel}","templated":true}]}}