{"id":620,"date":"2020-01-02T15:19:20","date_gmt":"2020-01-02T14:19:20","guid":{"rendered":"http:\/\/us.edu.pl\/instytut\/inp\/?page_id=620"},"modified":"2025-01-07T12:48:15","modified_gmt":"2025-01-07T11:48:15","slug":"wajzer-mateusz","status":"publish","type":"page","link":"https:\/\/us.edu.pl\/instytut\/inp\/wajzer-mateusz\/","title":{"rendered":"Wajzer Mateusz"},"content":{"rendered":"<p>[vc_row][vc_column]\r\n                <div class=\"text-modules reverse\">\r\n                    <div class=\"container\">\r\n                        <h3 class=\"section-title section-title_border-bottom\">dr Mateusz Wajzer<\/h3> \r\n                        <div class=\"row m-0\">\r\n                            <div class=\"text-modules__content\">\r\n                                <\/p>\n<p style=\"text-align: justify;\">mateusz.wajzer@us.edu.pl<\/p>\n<p style=\"text-align: justify;\">Doktor nauk spo\u0142ecznych w zakresie nauk o polityce. Od 2017 roku zatrudniony w Instytucie Nauk Politycznych Uniwersytetu \u015al\u0105skiego na stanowisku adiunkta. Jego zainteresowania badawcze obejmuj\u0105 modelowanie zjawisk politycznych, teori\u0119 racjonalnego wyboru, empiryczn\u0105 biopolityk\u0119 oraz filozofi\u0119 nauk spo\u0142ecznych.<\/p>\n<p style=\"text-align: justify;\">W 2019 roku otrzyma\u0142 grant badawczy w ramach konkursu MINIATURA 3 Narodowego Centrum Nauki (2019\/03\/X\/HS5\/00856). Publikowa\u0142 w takich czasopismach, jak: Synthese, Foundations of Science, Studies in History and Philosophy of Science Part A, Interdisciplinary Science Reviews, Endeavour, Political Studies Review.<\/p>\n<p style=\"text-align: justify;\"><a href=\"https:\/\/www.researchgate.net\/profile\/Mateusz_Wajzer2\">ResearchGate<\/a><\/p>\n<p style=\"text-align: justify;\"><a href=\"https:\/\/scholar.google.com\/citations?user=U9N2BO4AAAAJ&amp;hl=pl\">GoogleScholar<\/a><\/p>\n<p style=\"text-align: justify;\"><a href=\"https:\/\/pbn.nauka.gov.pl\/pbn-report-web\/pages\/analytics\/author\/4446516\">PBN<\/a><\/p>\n<p><a href=\"https:\/\/orcid.org\/0000-0002-3108-883X\">ORCID<\/a> \r\n                                <div class=\"mt-3\"><\/div>\r\n                            <\/div>\r\n                            \r\n                            <div class=\"text-modules__img\"><img src=\"https:\/\/us.edu.pl\/instytut\/inp\/wp-content\/uploads\/sites\/31\/Nieprzypisane\/M_Wajzer-150x150.jpg\" alt=\"img\"><\/div>\r\n                        <\/div>\r\n                    <\/div>\r\n                <\/div>[\/vc_column][\/vc_row]<\/p>","protected":false},"excerpt":{"rendered":"<p>[vc_row][vc_column][\/vc_column][\/vc_row] [&#8230;]<\/p>\n<p><a class=\"btn btn-secondary understrap-read-more-link\" href=\"https:\/\/us.edu.pl\/instytut\/inp\/wajzer-mateusz\/\">Read More&#8230;<\/a><\/p>\n","protected":false},"author":141,"featured_media":0,"parent":0,"menu_order":0,"comment_status":"closed","ping_status":"closed","template":"","meta":{"_expiration-date-status":"saved","_expiration-date":0,"_expiration-date-type":"","_expiration-date-categories":[],"_expiration-date-options":[]},"acf":[],"_links":{"self":[{"href":"https:\/\/us.edu.pl\/instytut\/inp\/wp-json\/wp\/v2\/pages\/620"}],"collection":[{"href":"https:\/\/us.edu.pl\/instytut\/inp\/wp-json\/wp\/v2\/pages"}],"about":[{"href":"https:\/\/us.edu.pl\/instytut\/inp\/wp-json\/wp\/v2\/types\/page"}],"author":[{"embeddable":true,"href":"https:\/\/us.edu.pl\/instytut\/inp\/wp-json\/wp\/v2\/users\/141"}],"replies":[{"embeddable":true,"href":"https:\/\/us.edu.pl\/instytut\/inp\/wp-json\/wp\/v2\/comments?post=620"}],"version-history":[{"count":6,"href":"https:\/\/us.edu.pl\/instytut\/inp\/wp-json\/wp\/v2\/pages\/620\/revisions"}],"predecessor-version":[{"id":6824,"href":"https:\/\/us.edu.pl\/instytut\/inp\/wp-json\/wp\/v2\/pages\/620\/revisions\/6824"}],"wp:attachment":[{"href":"https:\/\/us.edu.pl\/instytut\/inp\/wp-json\/wp\/v2\/media?parent=620"}],"curies":[{"name":"wp","href":"https:\/\/api.w.org\/{rel}","templated":true}]}}