{"id":641,"date":"2020-01-02T15:55:15","date_gmt":"2020-01-02T14:55:15","guid":{"rendered":"http:\/\/us.edu.pl\/instytut\/inp\/?page_id=641"},"modified":"2022-11-07T12:42:19","modified_gmt":"2022-11-07T11:42:19","slug":"obrebska-marta","status":"publish","type":"page","link":"https:\/\/us.edu.pl\/instytut\/inp\/obrebska-marta\/","title":{"rendered":"Obr\u0119bska Marta"},"content":{"rendered":"<p>[vc_row][vc_column]\r\n                <div class=\"text-modules reverse\">\r\n                    <div class=\"container\">\r\n                        <h3 class=\"section-title section-title_border-bottom\">dr Marta Obr\u0119bska<\/h3> \r\n                        <div class=\"row m-0\">\r\n                            <div class=\"text-modules__content\">\r\n                                marta.obrebska@us.edu.pl<\/p>\n<p>Absolwentka dw\u00f3ch kierunk\u00f3w, kt\u00f3re uko\u0144czy\u0142a na Uniwersytecie \u015al\u0105skim \u2013 politologii (2007) oraz filologii angielskiej (2006). Stopie\u0144 doktora nauk humanistycznych w zakresie nauk o polityce uzyska\u0142a w 2011 roku. Jej praca doktorska zdoby\u0142a III miejsce w IX edycji Konkursu redakcji miesi\u0119cznika \u201eSamorz\u0105d Terytorialny\u201d i jego wydawcy Wolters Kluwer Polska sp. z o.o. na najlepsze rozprawy doktorskie oraz prace magisterskie i licencjackie dotycz\u0105ce samorz\u0105du terytorialnego i zagadnie\u0144 decentralizacji, w kategorii rozpraw doktorskich.\u00a0W latach 2007-2015 by\u0142a zatrudniona na stanowisku asystenta, nast\u0119pnie adiunkta w Wydziale Zamiejscowym w Chorzowie Wy\u017cszej Szkole Bankowej w Poznaniu. Od 2015 roku pracuje w Instytucie Nauk Politycznych (wcze\u015bniej Instytucie Nauk Politycznych i Dziennikarstwa) na Wydziale Nauk Spo\u0142ecznych Uniwersytetu \u015al\u0105skiego.<\/p>\n<p>Jej zainteresowania naukowe skupiaj\u0105 si\u0119 na problematyce partycypacji politycznej, samorz\u0105dzie terytorialnym, zagadnieniach regionalizmu i systemie politycznym Wielkiej Brytanii. Cz\u0142onek redakcji czasopisma \u201ePolitical Preferences\u201d. Sekretarz katowickiego oddzia\u0142u Polskiego Towarzystwa Nauk Politycznych. Cz\u0142onek European Consortium for Political Research.<\/p>\n<p><a href=\"https:\/\/www.researchgate.net\/profile\/Marta_Obrebska\">ResearchGate<\/a><\/p>\n<p><a href=\"https:\/\/scholar.google.pl\/citations?user=W10kDW4AAAAJ&amp;hl=pl&amp;oi=ao\">GoogleScholar<\/a><\/p>\n<p><span style=\"font-family: 'Verdana',sans-serif;\"><a href=\"https:\/\/pbn.nauka.gov.pl\/pbn-report-web\/pages\/analytics\/author\/947199\">PBN<\/a><\/span> \r\n                                <div class=\"mt-3\"><\/div>\r\n                            <\/div>\r\n                            \r\n                            <div class=\"text-modules__img\"><img src=\"https:\/\/us.edu.pl\/instytut\/inp\/wp-content\/uploads\/sites\/31\/Nieprzypisane\/M_obrebska-150x150.jpg\" alt=\"img\"><\/div>\r\n                        <\/div>\r\n                    <\/div>\r\n                <\/div>[\/vc_column][\/vc_row]<\/p>","protected":false},"excerpt":{"rendered":"<p>[vc_row][vc_column][\/vc_column][\/vc_row] [&#8230;]<\/p>\n<p><a class=\"btn btn-secondary understrap-read-more-link\" href=\"https:\/\/us.edu.pl\/instytut\/inp\/obrebska-marta\/\">Read More&#8230;<\/a><\/p>\n","protected":false},"author":141,"featured_media":0,"parent":0,"menu_order":0,"comment_status":"closed","ping_status":"closed","template":"","meta":{"_expiration-date-status":"","_expiration-date":0,"_expiration-date-type":"","_expiration-date-categories":[],"_expiration-date-options":[]},"acf":[],"_links":{"self":[{"href":"https:\/\/us.edu.pl\/instytut\/inp\/wp-json\/wp\/v2\/pages\/641"}],"collection":[{"href":"https:\/\/us.edu.pl\/instytut\/inp\/wp-json\/wp\/v2\/pages"}],"about":[{"href":"https:\/\/us.edu.pl\/instytut\/inp\/wp-json\/wp\/v2\/types\/page"}],"author":[{"embeddable":true,"href":"https:\/\/us.edu.pl\/instytut\/inp\/wp-json\/wp\/v2\/users\/141"}],"replies":[{"embeddable":true,"href":"https:\/\/us.edu.pl\/instytut\/inp\/wp-json\/wp\/v2\/comments?post=641"}],"version-history":[{"count":6,"href":"https:\/\/us.edu.pl\/instytut\/inp\/wp-json\/wp\/v2\/pages\/641\/revisions"}],"predecessor-version":[{"id":4792,"href":"https:\/\/us.edu.pl\/instytut\/inp\/wp-json\/wp\/v2\/pages\/641\/revisions\/4792"}],"wp:attachment":[{"href":"https:\/\/us.edu.pl\/instytut\/inp\/wp-json\/wp\/v2\/media?parent=641"}],"curies":[{"name":"wp","href":"https:\/\/api.w.org\/{rel}","templated":true}]}}