{"id":646,"date":"2020-01-02T16:00:46","date_gmt":"2020-01-02T15:00:46","guid":{"rendered":"http:\/\/us.edu.pl\/instytut\/inp\/?page_id=646"},"modified":"2020-01-14T07:55:05","modified_gmt":"2020-01-14T06:55:05","slug":"stolarczyk-mieczyslaw","status":"publish","type":"page","link":"https:\/\/us.edu.pl\/instytut\/inp\/stolarczyk-mieczyslaw\/","title":{"rendered":"Stolarczyk Mieczys\u0142aw"},"content":{"rendered":"<p>[vc_row][vc_column]\r\n                <div class=\"text-modules reverse\">\r\n                    <div class=\"container\">\r\n                        <h3 class=\"section-title section-title_border-bottom\">prof. dr hab. Mieczys\u0142aw Stolarczyk<\/h3> \r\n                        <div class=\"row m-0\">\r\n                            <div class=\"text-modules__content\">\r\n                                <span style=\"font-family: 'Verdana',sans-serif\">mieczyslaw.stolarczyk@us.edu.pl<\/span><\/p>\n<p><span style=\"font-family: 'Verdana',sans-serif\">Pracownik Instytutu Nauk Politycznych Wydzia\u0142u Nauk Spo\u0142ecznych Uniwersytetu \u015al\u0105skiego w Katowicach. Tytu\u0142 naukowy profesora nauk humanistycznych uzyska\u0142 w 2012 roku. Autor 4 monografii oraz ponad 140 artyku\u0142\u00f3w zamieszczonych w czasopismach specjalistycznych i w pracach zbiorowych. Promotor 9 zako\u0144czonych doktorat\u00f3w, w wi\u0119kszo\u015bci obronionych z wyr\u00f3\u017cnieniem. Recenzent ponad 40 prac doktorskich i habilitacyjnych oraz recenzji w post\u0119powaniu o tytu\u0142 naukowy. Redaktor b\u0105d\u017a wsp\u00f3\u0142redaktor prawie 20 prac zbiorowych. Recenzent wydawniczy 24 prac zbiorowych wydanych w czo\u0142owych polskich wydawnictwach akademickich. W latach 2003-2017 kierownik Zak\u0142adu Stosunk\u00f3w Mi\u0119dzynarodowych w INPiDz Wydzia\u0142u Nauk Spo\u0142ecznych U\u015a.<\/span><\/p>\n<p><span style=\"font-family: 'Verdana',sans-serif\">Zainteresowania badawcze dotycz\u0105 przede wszystkim: problemu niemieckiego po II wojnie \u015bwiatowej, polityki zagranicznej RFN, stosunk\u00f3w polsko-niemieckich, polityki zagranicznej RP, miejsca Rosji w polityce bezpiecze\u0144stwa Polski oraz stosunk\u00f3w polsko-rosyjskich, problem\u00f3w integracji europejskiej, problem\u00f3w bezpiecze\u0144stwa w pozimnowojennej Europie, relacji transatlantyckich, ewolucji europejskiego i globalnego systemu mi\u0119dzynarodowego w okresie pozimnowojennym. <\/span><\/p>\n<p><span style=\"font-family: 'Verdana',sans-serif\">Realizowany projekt badawczy: Tendencje ewolucji globalnego i europejskiego systemu mi\u0119dzynarodowego w okresie pozimnowojennym i ich implikacje dla bezpiecze\u0144stwa Polski.<\/span><\/p>\n<p><a href=\"https:\/\/pbn.nauka.gov.pl\/pbn-report-web\/pages\/analytics\/author\/1460478\">PBN<\/a> \r\n                                <div class=\"mt-3\"><\/div>\r\n                            <\/div>\r\n                            \r\n                            \r\n                        <\/div>\r\n                    <\/div>\r\n                <\/div>[\/vc_column][\/vc_row]<\/p>","protected":false},"excerpt":{"rendered":"<p>[vc_row][vc_column][\/vc_column][\/vc_row] [&#8230;]<\/p>\n<p><a class=\"btn btn-secondary understrap-read-more-link\" href=\"https:\/\/us.edu.pl\/instytut\/inp\/stolarczyk-mieczyslaw\/\">Read More&#8230;<\/a><\/p>\n","protected":false},"author":141,"featured_media":0,"parent":0,"menu_order":0,"comment_status":"closed","ping_status":"closed","template":"","meta":{"_expiration-date-status":"saved","_expiration-date":0,"_expiration-date-type":"","_expiration-date-categories":[],"_expiration-date-options":[]},"acf":[],"_links":{"self":[{"href":"https:\/\/us.edu.pl\/instytut\/inp\/wp-json\/wp\/v2\/pages\/646"}],"collection":[{"href":"https:\/\/us.edu.pl\/instytut\/inp\/wp-json\/wp\/v2\/pages"}],"about":[{"href":"https:\/\/us.edu.pl\/instytut\/inp\/wp-json\/wp\/v2\/types\/page"}],"author":[{"embeddable":true,"href":"https:\/\/us.edu.pl\/instytut\/inp\/wp-json\/wp\/v2\/users\/141"}],"replies":[{"embeddable":true,"href":"https:\/\/us.edu.pl\/instytut\/inp\/wp-json\/wp\/v2\/comments?post=646"}],"version-history":[{"count":3,"href":"https:\/\/us.edu.pl\/instytut\/inp\/wp-json\/wp\/v2\/pages\/646\/revisions"}],"predecessor-version":[{"id":1176,"href":"https:\/\/us.edu.pl\/instytut\/inp\/wp-json\/wp\/v2\/pages\/646\/revisions\/1176"}],"wp:attachment":[{"href":"https:\/\/us.edu.pl\/instytut\/inp\/wp-json\/wp\/v2\/media?parent=646"}],"curies":[{"name":"wp","href":"https:\/\/api.w.org\/{rel}","templated":true}]}}