{"id":649,"date":"2020-01-02T16:06:48","date_gmt":"2020-01-02T15:06:48","guid":{"rendered":"http:\/\/us.edu.pl\/instytut\/inp\/?page_id=649"},"modified":"2025-01-07T12:08:01","modified_gmt":"2025-01-07T11:08:01","slug":"miarka-agnieszka","status":"publish","type":"page","link":"https:\/\/us.edu.pl\/instytut\/inp\/miarka-agnieszka\/","title":{"rendered":"Miarka Agnieszka"},"content":{"rendered":"<p>[vc_row][vc_column]\r\n                <div class=\"text-modules reverse\">\r\n                    <div class=\"container\">\r\n                        <h3 class=\"section-title section-title_border-bottom\">dr Agnieszka Miarka, prof. U\u015a<\/h3> \r\n                        <div class=\"row m-0\">\r\n                            <div class=\"text-modules__content\">\r\n                                <\/p>\n<div>\n<p style=\"text-align: justify;\">agnieszka.miarka@us.edu.pl<\/p>\n<p style=\"text-align: justify;\">Politolog, doktor w dziedzinie nauk spo\u0142ecznych w dyscyplinie nauki o polityce i administracji. Laureatka Stypendium Ministra Edukacji i Nauki dla wybitnych m\u0142odych naukowc\u00f3w (2022). Uzyska\u0142a indywidualn\u0105 nagrod\u0119 Rektora Uniwersytetu \u015al\u0105skiego za osi\u0105gni\u0119cia naukowo-badawcze (2020). Uzyska\u0142a grant w ramach konkursu Miniatura (NCN, 2021). Cz\u0142onkini zespo\u0142u badawczego Uniwersyteckiego Centrum Kreatywnego Obywatelstwa. Cz\u0142onkini Polskiego Towarzystwa Nauk Politycznych (o. Katowice). Redaktorka tematyczna dzia\u0142u Studia bezpiecze\u0144stwa w czasopi\u015bmie naukowym \u201ePolish Political Science Yearbook\u201d. Od pa\u017adziernika 2023 roku zatrudniona na stanowisku profesora uczelni.<\/p>\n<p style=\"text-align: justify;\">Autorka artyku\u0142\u00f3w naukowych w presti\u017cowych czasopismach naukowych takich jak: \u201eNationalities Papers\u201d, \u201eProblems of Post-Communism\u201d, \u201eAsian Affairs\u201d, \u201eCommunist and Post-Communist Studies\u201d, \u201eJournal of Strategic Security\u201d czy \u201eEuropean Politics and Society\u201d.<\/p>\n<p style=\"text-align: justify;\">Zainteresowania naukowe: funkcjonowanie de facto states w przestrzeni poradzieckiej, polityka zagraniczna i bezpiecze\u0144stwa wybranych pa\u0144stw Europy Wschodniej i Kaukazu Po\u0142udniowego (ze szczeg\u00f3lnym uwzgl\u0119dnieniem Armenii i Mo\u0142dawii), konflikty zbrojne w przestrzeni poradzieckiej.<\/p>\n<p style=\"text-align: justify;\"><a href=\"https:\/\/www.researchgate.net\/profile\/Agnieszka-Miarka\">ResearchGate<\/a><\/p>\n<p style=\"text-align: justify;\"><a href=\"https:\/\/scholar.google.pl\/citations?user=HfGIyHYAAAAJ&amp;hl=pl\">Google Scholar<\/a><\/p>\n<p><a href=\"https:\/\/pbn.nauka.gov.pl\/core\/#\/person\/view\/5e70937d878c28a0473aaf52\/current\">PBN<\/a><\/p>\n<p style=\"text-align: justify;\"><a href=\"https:\/\/orcid.org\/0000-0002-2851-1676\">ORCID<\/a><\/p>\n<\/div>\n<div class=\"mt-3\"><\/div>\r\n                            <\/div>\r\n                            \r\n                            <div class=\"text-modules__img\"><img src=\"https:\/\/us.edu.pl\/instytut\/inp\/wp-content\/uploads\/sites\/31\/Nieprzypisane\/zdj\u0119cie_dr_Agnieszka_Miarka-150x150.jpg\" alt=\"img\"><\/div>\r\n                        <\/div>\r\n                    <\/div>\r\n                <\/div>[\/vc_column][\/vc_row]<\/p>","protected":false},"excerpt":{"rendered":"<p>[vc_row][vc_column][\/vc_column][\/vc_row] [&#8230;]<\/p>\n<p><a class=\"btn btn-secondary understrap-read-more-link\" href=\"https:\/\/us.edu.pl\/instytut\/inp\/miarka-agnieszka\/\">Read More&#8230;<\/a><\/p>\n","protected":false},"author":141,"featured_media":0,"parent":0,"menu_order":0,"comment_status":"closed","ping_status":"closed","template":"","meta":{"_expiration-date-status":"","_expiration-date":0,"_expiration-date-type":"","_expiration-date-categories":[],"_expiration-date-options":[]},"acf":[],"_links":{"self":[{"href":"https:\/\/us.edu.pl\/instytut\/inp\/wp-json\/wp\/v2\/pages\/649"}],"collection":[{"href":"https:\/\/us.edu.pl\/instytut\/inp\/wp-json\/wp\/v2\/pages"}],"about":[{"href":"https:\/\/us.edu.pl\/instytut\/inp\/wp-json\/wp\/v2\/types\/page"}],"author":[{"embeddable":true,"href":"https:\/\/us.edu.pl\/instytut\/inp\/wp-json\/wp\/v2\/users\/141"}],"replies":[{"embeddable":true,"href":"https:\/\/us.edu.pl\/instytut\/inp\/wp-json\/wp\/v2\/comments?post=649"}],"version-history":[{"count":9,"href":"https:\/\/us.edu.pl\/instytut\/inp\/wp-json\/wp\/v2\/pages\/649\/revisions"}],"predecessor-version":[{"id":6783,"href":"https:\/\/us.edu.pl\/instytut\/inp\/wp-json\/wp\/v2\/pages\/649\/revisions\/6783"}],"wp:attachment":[{"href":"https:\/\/us.edu.pl\/instytut\/inp\/wp-json\/wp\/v2\/media?parent=649"}],"curies":[{"name":"wp","href":"https:\/\/api.w.org\/{rel}","templated":true}]}}