{"id":652,"date":"2020-01-02T16:12:13","date_gmt":"2020-01-02T15:12:13","guid":{"rendered":"http:\/\/us.edu.pl\/instytut\/inp\/?page_id=652"},"modified":"2020-01-06T16:48:15","modified_gmt":"2020-01-06T15:48:15","slug":"baranski-marek","status":"publish","type":"page","link":"https:\/\/us.edu.pl\/instytut\/inp\/baranski-marek\/","title":{"rendered":"Bara\u0144ski Marek"},"content":{"rendered":"<p>[vc_row][vc_column]\r\n                <div class=\"text-modules reverse\">\r\n                    <div class=\"container\">\r\n                        <h3 class=\"section-title section-title_border-bottom\">prof. dr hab. Marek Bara\u0144ski<\/h3> \r\n                        <div class=\"row m-0\">\r\n                            <div class=\"text-modules__content\">\r\n                                marek.baranski@us.edu.pl<\/p>\n<p>Prac\u0119 w Instytucie Nauk Politycznych rozpocz\u0105\u0142em w 1977 r. po uko\u0144czeniu nauk politycznych \u2013 specjalno\u015b\u0107 dziennikarstwo i kontynuuj\u0119 nadal. W 1984 r. obroni\u0142em prac\u0119 doktorsk\u0105 a w 1992 r. uzyska\u0142em stopie\u0144 naukowy doktora habilitowanego nauk humanistycznych w zakresie filozofii i socjologii. W 1993 r. obj\u0105\u0142em kierownictwo Zak\u0142adu System\u00f3w Politycznych Pa\u0144stw Europy \u015arodkowej i Wschodniej. 5 kwietnia 2015 r. uzyska\u0142em tytu\u0142 naukowy profesora nauk spo\u0142ecznych.<\/p>\n<p>Dorobek naukowy obejmuje obszar politologii i socjologii polityki, w tym system\u00f3w politycznych, samorz\u0105du terytorialnego, w\u0142adzy i demokracji lokalnej oraz spo\u0142ecze\u0144stwa obywatelskiego i sk\u0142ada si\u0119 z 6 samodzielnych i 4 wsp\u00f3\u0142autorskich monografii, ponad 120 artyku\u0142\u00f3w oraz 31 redakcji ksi\u0105\u017cek naukowych. Wypromowa\u0142em 18 doktor\u00f3w nauk spo\u0142ecznych w zakresie nauk o polityce, ponad 500 magistr\u00f3w nauk politycznych oraz dziennikarstwa i komunikacji spo\u0142ecznej.<\/p>\n<p>Jestem cz\u0142onkiem 4 kolegi\u00f3w redakcyjnych czasopism naukowych: Studia Wyborcze, Polish Political Science Yearbook, Studia Politicae Universitatis Silesiensis oraz Serii \u201eSamorz\u0105d terytorialny w XXI wieku\u201d Wydawnictwa Adam Marsza\u0142ek.<\/p>\n<p><a href=\"https:\/\/pbn.nauka.gov.pl\/pbn-report-web\/pages\/analytics\/author\/925660\">PBN<\/a> \r\n                                <div class=\"mt-3\"><\/div>\r\n                            <\/div>\r\n                            \r\n                            <div class=\"text-modules__img\"><img src=\"https:\/\/us.edu.pl\/instytut\/inp\/wp-content\/uploads\/sites\/31\/Nieprzypisane\/baranski.png\" alt=\"img\"><\/div>\r\n                        <\/div>\r\n                    <\/div>\r\n                <\/div>[\/vc_column][\/vc_row]<\/p>","protected":false},"excerpt":{"rendered":"<p>[vc_row][vc_column][\/vc_column][\/vc_row] [&#8230;]<\/p>\n<p><a class=\"btn btn-secondary understrap-read-more-link\" href=\"https:\/\/us.edu.pl\/instytut\/inp\/baranski-marek\/\">Read More&#8230;<\/a><\/p>\n","protected":false},"author":141,"featured_media":0,"parent":0,"menu_order":0,"comment_status":"closed","ping_status":"closed","template":"","meta":{"_expiration-date-status":"saved","_expiration-date":0,"_expiration-date-type":"","_expiration-date-categories":[],"_expiration-date-options":[]},"acf":[],"_links":{"self":[{"href":"https:\/\/us.edu.pl\/instytut\/inp\/wp-json\/wp\/v2\/pages\/652"}],"collection":[{"href":"https:\/\/us.edu.pl\/instytut\/inp\/wp-json\/wp\/v2\/pages"}],"about":[{"href":"https:\/\/us.edu.pl\/instytut\/inp\/wp-json\/wp\/v2\/types\/page"}],"author":[{"embeddable":true,"href":"https:\/\/us.edu.pl\/instytut\/inp\/wp-json\/wp\/v2\/users\/141"}],"replies":[{"embeddable":true,"href":"https:\/\/us.edu.pl\/instytut\/inp\/wp-json\/wp\/v2\/comments?post=652"}],"version-history":[{"count":2,"href":"https:\/\/us.edu.pl\/instytut\/inp\/wp-json\/wp\/v2\/pages\/652\/revisions"}],"predecessor-version":[{"id":843,"href":"https:\/\/us.edu.pl\/instytut\/inp\/wp-json\/wp\/v2\/pages\/652\/revisions\/843"}],"wp:attachment":[{"href":"https:\/\/us.edu.pl\/instytut\/inp\/wp-json\/wp\/v2\/media?parent=652"}],"curies":[{"name":"wp","href":"https:\/\/api.w.org\/{rel}","templated":true}]}}