{"id":656,"date":"2020-01-02T16:18:27","date_gmt":"2020-01-02T15:18:27","guid":{"rendered":"http:\/\/us.edu.pl\/instytut\/inp\/?page_id=656"},"modified":"2025-01-07T15:36:02","modified_gmt":"2025-01-07T14:36:02","slug":"radek-robert","status":"publish","type":"page","link":"https:\/\/us.edu.pl\/instytut\/inp\/radek-robert\/","title":{"rendered":"Radek Robert"},"content":{"rendered":"<p>[vc_row][vc_column]\r\n                <div class=\"text-modules reverse\">\r\n                    <div class=\"container\">\r\n                        <h3 class=\"section-title section-title_border-bottom\">dr Robert Radek<\/h3> \r\n                        <div class=\"row m-0\">\r\n                            <div class=\"text-modules__content\">\r\n                                <\/p>\n<div>\n<p style=\"text-align: justify;\">robert.radek@us.edu.pl<\/p>\n<p style=\"text-align: justify;\">Absolwent jednolitych studi\u00f3w magisterskich na kierunku politologia (specjalno\u015b\u0107: samorz\u0105dowa i nauczycielska). Doktor nauk humanistycznych w zakresie nauk o polityce (rozprawa doktorska obroniona w 2008 roku z wyr\u00f3\u017cnieniem), zatrudniony na stanowisku adiunkta w Instytucie Nauk Politycznych Uniwersytetu \u015al\u0105skiego w Katowicach.<\/p>\n<p style=\"text-align: justify;\">Cz\u0142onek Polskiego Towarzystwa Nauk Politycznych, od 2024 roku prezes katowickiego oddzia\u0142u PTNP. Cz\u0142onek Kolegium w Og\u00f3lnopolskim Czasopi\u015bmie Politologicznym \u201eAthenaeum. Polskie Studia Politologiczne\u201d w latach 2008-2020 oraz \u201ePogranicze. Polish Borderland Studies\u201d. Uczestnik licznych krajowych konferencji naukowych. Posiada bogate do\u015bwiadczenie dydaktyczne, w tym r\u00f3wnie\u017c obejmuj\u0105ce prowadzenie zaj\u0119\u0107 w j\u0119zyku angielskim ze studentami uczestnicz\u0105cymi w wymianach mi\u0119dzynarodowych oraz na kierunkach angloj\u0119zycznych. Wielokrotny stypendysta w ramach Programu Erasmus+ Mobilno\u015b\u0107 Akademicka. W ramach program\u00f3w prowadzi\u0142 wyk\u0142ady m.in. w: Univerzita Mateja Bela w Ba\u0144skiej Bystrzycy (S\u0142owacja), Masarykova Univerzita w Brnie (Czechy), Universidad Complutense de Madrid (Hiszpania) i Universit\u00e4t Stuttgart (Niemcy). Cz\u0142onek Zespo\u0142u Ekspert\u00f3w w dziale Nauk Humanistycznych, Spo\u0142ecznych i o Sztuce, do oceny wniosk\u00f3w o finansowanie projekt\u00f3w badawczych z\u0142o\u017conych w konkursach og\u0142oszonych przez Narodowe Centrum Nauki w Krakowie w latach 2013\u20132014. Autor dw\u00f3ch monografii i wielu artyku\u0142\u00f3w naukowych, a tak\u017ce redaktor trzech prac zbiorowych.<\/p>\n<p style=\"text-align: justify;\">Jego zainteresowania naukowe koncentruj\u0105 si\u0119 wok\u00f3\u0142 problem\u00f3w funkcjonowania egzekutywy w tym zw\u0142aszcza jako\u015bci i skuteczno\u015bci jej dzia\u0142ania, a tak\u017ce zjawiska tzw. rz\u0105d\u00f3w mniejszo\u015bciowych w r\u00f3\u017cnych pa\u0144stwach na \u015bwiecie. Podejmuje te\u017c badania w zakresie instytucjonalnej ochrony praw dziecka w Polsce i na \u015bwiecie. Poza rozwijanym obecnie nurtem badawczym zajmuje si\u0119 r\u00f3wnie\u017c zagadnieniami lokalizmu i regionalizmu w jednocz\u0105cej si\u0119 Europie, w tym zw\u0142aszcza problematyk\u0105 wsp\u00f3\u0142pracy transgranicznej, a tak\u017ce r\u00f3\u017cnymi aspektami funkcjonowania system\u00f3w politycznych, a w szczeg\u00f3lno\u015bci systemu politycznego Rzeczypospolitej Polskiej.<\/p>\n<p style=\"text-align: justify;\">Kilkukrotny laureat nagr\u00f3d Jego Magnificencji Rektora Uniwersytetu \u015al\u0105skiego (nagroda indywidualna II stopnia &#8211; 2009, nagroda zespo\u0142owa III stopnia &#8211; 2015, nagroda indywidualna III stopnia &#8211; 2017). Laureat II miejsca w konkursie Lider umi\u0119dzynarodowienia Uniwersytetu \u015al\u0105skiego w Katowicach w 2015 roku.<\/p>\n<p style=\"text-align: justify;\">W latach 2022-2024 zast\u0119pca dyrektora kierunk\u00f3w: bezpiecze\u0144stwo narodowe i mi\u0119dzynarodowe, doradztwo polityczne i publiczne, mi\u0119dzynarodowe studia nauk politycznych i dyplomacji, politologia.<\/p>\n<p style=\"text-align: justify;\"><a href=\"https:\/\/www.researchgate.net\/profile\/Robert_Radek\">ResearchGate<\/a><\/p>\n<p><a href=\"https:\/\/scholar.google.com\/citations?user=rzyEd40AAAAJ&amp;hl=pl&amp;oi=ao\">GoogleScholar<\/a><\/p>\n<p style=\"text-align: justify;\"><a href=\"https:\/\/orcid.org\/0000-0003-1674-6600\">ORCID<\/a><\/p>\n<p style=\"text-align: justify;\"><a href=\"https:\/\/pbn.nauka.gov.pl\/pbn-report-web\/pages\/analytics\/author\/1431797\">PBN<\/a><\/p>\n<\/div>\n<div class=\"mt-3\"><\/div>\r\n                            <\/div>\r\n                            \r\n                            <div class=\"text-modules__img\"><img src=\"https:\/\/us.edu.pl\/instytut\/inp\/wp-content\/uploads\/sites\/31\/Bez-kategorii\/radek.jpg\" alt=\"img\"><\/div>\r\n                        <\/div>\r\n                    <\/div>\r\n                <\/div>[\/vc_column][\/vc_row]<\/p>","protected":false},"excerpt":{"rendered":"<p>[vc_row][vc_column][\/vc_column][\/vc_row] [&#8230;]<\/p>\n<p><a class=\"btn btn-secondary understrap-read-more-link\" href=\"https:\/\/us.edu.pl\/instytut\/inp\/radek-robert\/\">Read More&#8230;<\/a><\/p>\n","protected":false},"author":141,"featured_media":0,"parent":0,"menu_order":0,"comment_status":"closed","ping_status":"closed","template":"","meta":{"_expiration-date-status":"","_expiration-date":0,"_expiration-date-type":"","_expiration-date-categories":[],"_expiration-date-options":[]},"acf":[],"_links":{"self":[{"href":"https:\/\/us.edu.pl\/instytut\/inp\/wp-json\/wp\/v2\/pages\/656"}],"collection":[{"href":"https:\/\/us.edu.pl\/instytut\/inp\/wp-json\/wp\/v2\/pages"}],"about":[{"href":"https:\/\/us.edu.pl\/instytut\/inp\/wp-json\/wp\/v2\/types\/page"}],"author":[{"embeddable":true,"href":"https:\/\/us.edu.pl\/instytut\/inp\/wp-json\/wp\/v2\/users\/141"}],"replies":[{"embeddable":true,"href":"https:\/\/us.edu.pl\/instytut\/inp\/wp-json\/wp\/v2\/comments?post=656"}],"version-history":[{"count":7,"href":"https:\/\/us.edu.pl\/instytut\/inp\/wp-json\/wp\/v2\/pages\/656\/revisions"}],"predecessor-version":[{"id":6879,"href":"https:\/\/us.edu.pl\/instytut\/inp\/wp-json\/wp\/v2\/pages\/656\/revisions\/6879"}],"wp:attachment":[{"href":"https:\/\/us.edu.pl\/instytut\/inp\/wp-json\/wp\/v2\/media?parent=656"}],"curies":[{"name":"wp","href":"https:\/\/api.w.org\/{rel}","templated":true}]}}