{"id":661,"date":"2020-01-02T17:15:31","date_gmt":"2020-01-02T16:15:31","guid":{"rendered":"http:\/\/us.edu.pl\/instytut\/inp\/?page_id=661"},"modified":"2025-01-07T11:53:01","modified_gmt":"2025-01-07T10:53:01","slug":"lorencka-malgorzata","status":"publish","type":"page","link":"https:\/\/us.edu.pl\/instytut\/inp\/lorencka-malgorzata\/","title":{"rendered":"Lorencka Ma\u0142gorzata"},"content":{"rendered":"<p>[vc_row][vc_column]\r\n                <div class=\"text-modules reverse\">\r\n                    <div class=\"container\">\r\n                        <h3 class=\"section-title section-title_border-bottom\">dr Ma\u0142gorzata Lorencka<\/h3> \r\n                        <div class=\"row m-0\">\r\n                            <div class=\"text-modules__content\">\r\n                                <\/p>\n<div>\n<p style=\"text-align: justify;\">malgorzata.lorencka@us.edu.pl<\/p>\n<p style=\"text-align: justify;\">Adiunkt w Instytucie Nauk Politycznych. Skarbnik katowickiego oddzia\u0142u Polskiego Towarzystwa Nauk Politycznych. Cz\u0142onek redakcji czasopism \u201ePrzegl\u0105d Prawa Konstytucyjnego\u201d oraz \u201ePogranicze. Polish Borderlands Studies\u201d. Cz\u0142onek wielu mi\u0119dzynarodowych organizacji naukowych, m.in. W\u0142oskiego Towarzystwa Nauki o Polityce (SISP \u2013 Societ\u00e0 Italiana di Scienza Politica,), W\u0142oskiego Towarzystwa Studi\u00f3w Wyborczych (SISE \u2013 Societ\u00e0 Italiana di Studi Elettorali), Greckiego Towarzystwa Nauk Politycznych (HPSA \u2013 \u0395\u03bb\u03bb\u03b7\u03bd\u03b9\u03ba\u03ae \u0395\u03c4\u03b1\u03b9\u03c0\u03b5\u03af\u03b1 \u03a0\u03bf\u03bb\u03b9\u03c4\u03b9\u03ba\u03b7\u03ae\u03c2 \u0395\u03c0\u03b9\u03c3\u03c4\u03ae\u03bc\u03b7\u03c2), ECPR (European Consortium for Political Research), IPSA (International Political Science Association), PSA (Political Studies Association).<\/p>\n<p style=\"text-align: justify;\">Zajmuje si\u0119 problematyk\u0105 system\u00f3w politycznych Republiki W\u0142oskiej i Republiki Greckiej, ze szczeg\u00f3lnym uwzgl\u0119dnieniem systemu wyborczego i systemu partyjnego.<\/p>\n<p style=\"text-align: justify;\"><a href=\"https:\/\/www.researchgate.net\/profile\/Malgorzata_Lorencka\">ResearchGate<\/a><\/p>\n<p style=\"text-align: justify;\"><a href=\"https:\/\/scholar.google.com\/citations?user=C-ZI5jcAAAAJ&amp;hl=pl\">GoogleScholar<\/a><\/p>\n<p style=\"text-align: justify;\"><a href=\"https:\/\/pbn.nauka.gov.pl\/pbn-report-web\/pages\/analytics\/author\/1461400\">PBN<\/a><\/p>\n<p><a href=\"https:\/\/orcid.org\/0000-0002-7083-9923\">ORCID<\/a><\/p>\n<\/div>\n<div class=\"mt-3\"><\/div>\r\n                            <\/div>\r\n                            \r\n                            <div class=\"text-modules__img\"><img src=\"https:\/\/us.edu.pl\/instytut\/inp\/wp-content\/uploads\/sites\/31\/Nieprzypisane\/lorencka.png\" alt=\"img\"><\/div>\r\n                        <\/div>\r\n                    <\/div>\r\n                <\/div>[\/vc_column][\/vc_row][vc_row][vc_column][vc_column_text][\/vc_column_text][\/vc_column][\/vc_row]<\/p>","protected":false},"excerpt":{"rendered":"<p>[vc_row][vc_column][\/vc_column][\/vc_row][vc_row][vc_column][vc_column_text][\/vc_column_text][\/vc_column][\/vc_row] [&#8230;]<\/p>\n<p><a class=\"btn btn-secondary understrap-read-more-link\" href=\"https:\/\/us.edu.pl\/instytut\/inp\/lorencka-malgorzata\/\">Read More&#8230;<\/a><\/p>\n","protected":false},"author":141,"featured_media":0,"parent":0,"menu_order":0,"comment_status":"closed","ping_status":"closed","template":"","meta":{"_expiration-date-status":"","_expiration-date":0,"_expiration-date-type":"","_expiration-date-categories":[],"_expiration-date-options":[]},"acf":[],"_links":{"self":[{"href":"https:\/\/us.edu.pl\/instytut\/inp\/wp-json\/wp\/v2\/pages\/661"}],"collection":[{"href":"https:\/\/us.edu.pl\/instytut\/inp\/wp-json\/wp\/v2\/pages"}],"about":[{"href":"https:\/\/us.edu.pl\/instytut\/inp\/wp-json\/wp\/v2\/types\/page"}],"author":[{"embeddable":true,"href":"https:\/\/us.edu.pl\/instytut\/inp\/wp-json\/wp\/v2\/users\/141"}],"replies":[{"embeddable":true,"href":"https:\/\/us.edu.pl\/instytut\/inp\/wp-json\/wp\/v2\/comments?post=661"}],"version-history":[{"count":5,"href":"https:\/\/us.edu.pl\/instytut\/inp\/wp-json\/wp\/v2\/pages\/661\/revisions"}],"predecessor-version":[{"id":6768,"href":"https:\/\/us.edu.pl\/instytut\/inp\/wp-json\/wp\/v2\/pages\/661\/revisions\/6768"}],"wp:attachment":[{"href":"https:\/\/us.edu.pl\/instytut\/inp\/wp-json\/wp\/v2\/media?parent=661"}],"curies":[{"name":"wp","href":"https:\/\/api.w.org\/{rel}","templated":true}]}}