{"id":665,"date":"2020-01-02T17:21:04","date_gmt":"2020-01-02T16:21:04","guid":{"rendered":"http:\/\/us.edu.pl\/instytut\/inp\/?page_id=665"},"modified":"2025-01-07T15:34:04","modified_gmt":"2025-01-07T14:34:04","slug":"szynol-monika","status":"publish","type":"page","link":"https:\/\/us.edu.pl\/instytut\/inp\/szynol-monika\/","title":{"rendered":"Szynol Monika"},"content":{"rendered":"<p>[vc_row][vc_column]\r\n                <div class=\"text-modules reverse\">\r\n                    <div class=\"container\">\r\n                        <h3 class=\"section-title section-title_border-bottom\">dr Monika Szynol<\/h3> \r\n                        <div class=\"row m-0\">\r\n                            <div class=\"text-modules__content\">\r\n                                <\/p>\n<div style=\"text-align: justify;\">\n<p>monika.szynol@us.edu.pl<\/p>\n<p>Doktor w dziedzinie nauk spo\u0142ecznych w dyscyplinie nauki o polityce i administracji. Adiunkt w Instytucie Nauk Politycznych Uniwersytetu \u015al\u0105skiego w Katowicach. Od pa\u017adziernika 2024 roku Zast\u0119pca Dyrektora Instytutu Nauk Politycznych Uniwersytetu \u015al\u0105skiego w Katowicach.<\/p>\n<\/div>\n<p style=\"text-align: justify;\">Od 2022 roku nale\u017cy do Team Europe Direct &#8211; sieci eksperckiej Komisji Europejskiej.\u00a0Cz\u0142onkini Polskiego Towarzystwa Nauk Politycznych, oddzia\u0142 w Katowicach; od 2021 roku sekretarz katowickiego oddzia\u0142u PTNP.<\/p>\n<div style=\"text-align: justify;\">\n<p>Od 2022 roku realizuje projekt &#8222;Sekurytyzacja wsp\u00f3\u0142pracy rozwojowej. Przyk\u0142ad wybranych pa\u0144stw Europy \u015arodkowej i Wschodniej&#8221;, finansowany przez Narodowe Centrum Nauki w ramach konkursu Preludium.<\/p>\n<p>W latach 2010\u20132016 zwi\u0105zana z sektorem pozarz\u0105dowym. Realizatorka projekt\u00f3w wsp\u00f3\u0142finansowanych ze \u015brodk\u00f3w europejskich (w ramach Europejskiego Funduszu Spo\u0142ecznego i dotacji Komisji Europejskiej) i krajowych (w ramach dofinansowa\u0144 Ministerstwa Spraw Zagranicznych oraz Ministerstwa Infrastruktury i Rozwoju). Konsultantka ds. europejskich w Punkcie Informacji Europejskiej Europe Direct \u2013 Katowice, dzia\u0142aj\u0105cym w ramach sieci informacyjnej zarz\u0105dzanej przez Komisj\u0119 Europejsk\u0105 (2011\u20132016), konsultantka ds. europejskich w Regionalnym Centrum Informacji Europejskiej w Katowicach (2011\u20132012) oraz konsultantka ds. mi\u0119dzynarodowych w Regionalnym O\u015brodku Debaty Mi\u0119dzynarodowej w Katowicach (2013\u20132015), dzia\u0142aj\u0105cych w ramach sieci informacyjnych Ministerstwa Spraw Zagranicznych.<\/p>\n<p>Redaktorka dw\u00f3ch recenzowanych monografii naukowych, autorka kilkunastu rozdzia\u0142\u00f3w i\u00a0artyku\u0142\u00f3w opublikowanych w pracach zbiorowych oraz czasopismach naukowych. Autorka i\u00a0wsp\u00f3\u0142autorka kilkunastu publikacji popularnonaukowych i dydaktycznych.<\/p>\n<p>Prowadzone przedmioty (wyb\u00f3r): polityka zagraniczna Polski po 1989 roku; wsp\u00f3lna polityka bezpiecze\u0144stwa i obrony UE; terroryzm jako zagro\u017cenie dla bezpiecze\u0144stwa narodowego i mi\u0119dzynarodowego; strategie bezpiecze\u0144stwa narodowego i mi\u0119dzynarodowego mocarstw; protok\u00f3\u0142 dyplomatyczny i savoir-vivre w praktyce.<\/p>\n<p>Jej zainteresowania badawcze koncentruj\u0105 si\u0119 wok\u00f3\u0142: mi\u0119dzynarodowej i polskiej wsp\u00f3\u0142pracy rozwojowej, polityki zagranicznej Polski po 1989 roku, integracji europejskiej (ze szczeg\u00f3lnym uwzgl\u0119dnieniem polityki rozszerzenia UE, polityki rozwojowej UE, wsp\u00f3lnej polityki zagranicznej i bezpiecze\u0144stwa UE), terroryzmu mi\u0119dzynarodowego oraz upadku pa\u0144stw w\u00a0stosunkach mi\u0119dzynarodowych.<\/p>\n<p><a href=\"https:\/\/www.researchgate.net\/profile\/Monika_Szynol\">ResearchGate<\/a><\/p>\n<p><a href=\"https:\/\/scholar.google.pl\/citations?hl=pl&amp;user=C1kFwykAAAAJ\">GoogleScholar<\/a><\/p>\n<p><a href=\"https:\/\/pbn.nauka.gov.pl\/pbn-report-web\/pages\/analytics\/author\/3957981\">PBN<\/a><\/p>\n<p><a href=\"https:\/\/orcid.org\/0000-0003-4811-6304\">ORCID<\/a><\/p>\n<\/div>\n<div class=\"mt-3\"><\/div>\r\n                            <\/div>\r\n                            \r\n                            <div class=\"text-modules__img\"><img src=\"https:\/\/us.edu.pl\/instytut\/inp\/wp-content\/uploads\/sites\/31\/Bez-kategorii\/szynol2.jpg\" alt=\"img\"><\/div>\r\n                        <\/div>\r\n                    <\/div>\r\n                <\/div>[\/vc_column][\/vc_row]<\/p>","protected":false},"excerpt":{"rendered":"<p>[vc_row][vc_column][\/vc_column][\/vc_row] [&#8230;]<\/p>\n<p><a class=\"btn btn-secondary understrap-read-more-link\" href=\"https:\/\/us.edu.pl\/instytut\/inp\/szynol-monika\/\">Read More&#8230;<\/a><\/p>\n","protected":false},"author":141,"featured_media":0,"parent":0,"menu_order":0,"comment_status":"closed","ping_status":"closed","template":"","meta":{"_expiration-date-status":"","_expiration-date":0,"_expiration-date-type":"","_expiration-date-categories":[],"_expiration-date-options":[]},"acf":[],"_links":{"self":[{"href":"https:\/\/us.edu.pl\/instytut\/inp\/wp-json\/wp\/v2\/pages\/665"}],"collection":[{"href":"https:\/\/us.edu.pl\/instytut\/inp\/wp-json\/wp\/v2\/pages"}],"about":[{"href":"https:\/\/us.edu.pl\/instytut\/inp\/wp-json\/wp\/v2\/types\/page"}],"author":[{"embeddable":true,"href":"https:\/\/us.edu.pl\/instytut\/inp\/wp-json\/wp\/v2\/users\/141"}],"replies":[{"embeddable":true,"href":"https:\/\/us.edu.pl\/instytut\/inp\/wp-json\/wp\/v2\/comments?post=665"}],"version-history":[{"count":10,"href":"https:\/\/us.edu.pl\/instytut\/inp\/wp-json\/wp\/v2\/pages\/665\/revisions"}],"predecessor-version":[{"id":6865,"href":"https:\/\/us.edu.pl\/instytut\/inp\/wp-json\/wp\/v2\/pages\/665\/revisions\/6865"}],"wp:attachment":[{"href":"https:\/\/us.edu.pl\/instytut\/inp\/wp-json\/wp\/v2\/media?parent=665"}],"curies":[{"name":"wp","href":"https:\/\/api.w.org\/{rel}","templated":true}]}}