{"id":671,"date":"2020-01-02T17:32:19","date_gmt":"2020-01-02T16:32:19","guid":{"rendered":"http:\/\/us.edu.pl\/instytut\/inp\/?page_id=671"},"modified":"2025-01-07T12:57:42","modified_gmt":"2025-01-07T11:57:42","slug":"turon-kowalska-agnieszka","status":"publish","type":"page","link":"https:\/\/us.edu.pl\/instytut\/inp\/turon-kowalska-agnieszka\/","title":{"rendered":"Turo\u0144-Kowalska Agnieszka"},"content":{"rendered":"<p>[vc_row][vc_column]\r\n                <div class=\"text-modules reverse\">\r\n                    <div class=\"container\">\r\n                        <h3 class=\"section-title section-title_border-bottom\">dr Agnieszka Turo\u0144-Kowalska<\/h3> \r\n                        <div class=\"row m-0\">\r\n                            <div class=\"text-modules__content\">\r\n                                <\/p>\n<p style=\"text-align: justify;\">agnieszka.turon@us.edu.pl<\/p>\n<p style=\"text-align: justify;\">Absolwentka dw\u00f3ch kierunk\u00f3w studi\u00f3w w Uniwersytecie \u015al\u0105skim: politologii oraz filozofii, kt\u00f3re konsekwentnie \u0142\u0105czy w ramach dzia\u0142alno\u015bci naukowej. Studia z nauk o polityce uko\u0144czy\u0142a z wyr\u00f3\u017cnieniem w roku 2007, broni\u0105c pracy \u201eCywilizacja i kultura XX wieku w my\u015bli Tomasza Manna\u201d pod kierunkiem prof. dra hab. Wojciecha Kaute. Studia z filozofii uko\u0144czy\u0142a z wyr\u00f3\u017cnieniem w roku 2009, broni\u0105c pracy \u201eOblicza sceptycyzmu\u2026 Spotkanie Leszka Ko\u0142akowskiego z my\u015bl\u0105 chrze\u015bcija\u0144sk\u0105\u201d pod kierunkiem prof. dra hab. Czes\u0142awa G\u0142ombika. W lutym 2009 roku by\u0142a uczestniczk\u0105 presti\u017cowego Seminarium \u201eChrze\u015bcijanie na wsp\u00f3\u0142czesnych areopagach\u201d, organizowanego przez Instytut Tertio Millennio. Stopie\u0144 doktora uzyska\u0142a w 2016 roku, broni\u0105c pracy \u201eIntelektualista w \u0142adzie ja\u0142ta\u0144skim. Wok\u00f3\u0142 \u00bbheglowskiego uk\u0105szenia\u00ab Leszka Ko\u0142akowskiego\u201d pod kierunkiem prof. dra hab. Wojciecha Kaute.<\/p>\n<p style=\"text-align: justify;\">W pa\u017adzierniku 2007 roku zosta\u0142a zatrudniona w Instytucie Nauk o Polityce i Dziennikarstwa na stanowisku asystenta w Zak\u0142adzie Historii My\u015bli Spo\u0142ecznej i Politycznej, nast\u0119pnie w Zak\u0142adzie Teorii Polityki i My\u015bli Politycznej. W latach 2012-2014 by\u0142a uczestniczk\u0105 wyjazd\u00f3w w ramach programu Erasmus z wyk\u0142adami na Uniwersytecie w Padwie. Od pa\u017adziernika 2016 roku jest zatrudniona na stanowisku adiunkta.<\/p>\n<p style=\"text-align: justify;\">Jej zainteresowania naukowe skupiaj\u0105 si\u0119 na doktrynach europejskiej my\u015bli spo\u0142ecznej i politycznej XIX i XX wieku, kt\u00f3re stanowi\u0105 dorobek czas\u00f3w nowo\u017cytnych i pozwalaj\u0105 na podj\u0119cie refleksji nad problemami cywilizacji i kultury czas\u00f3w wsp\u00f3\u0142czesnych. Wyrazem tych zainteresowa\u0144 by\u0142a obroniona praca magisterska na kierunku nauk o polityce. Podejmowane zagadnienia znajduj\u0105 si\u0119 w obr\u0119bie szeroko rozumianej historii idei, filozofii polityki, filozofii spo\u0142ecznej oraz kwestii z zakresu antropologii filozoficznej. Ponadto zainteresowania koncentruj\u0105 si\u0119 r\u00f3wnie\u017c na polskiej filozofii i my\u015bli spo\u0142eczno-politycznej II po\u0142owy XX wieku, w szczeg\u00f3lno\u015bci nad zagadnieniem \u201eheglowskiego uk\u0105szenia\u201d. Wyrazem tych zainteresowa\u0144 by\u0142a obroniona praca magisterska na kierunku filozofia oraz dysertacja doktorska z zakresu nauk o polityce. Badania naukowe skupiaj\u0105 si\u0119 przede wszystkim na my\u015bli wybitnego polskiego intelektualisty \u2013 Leszka Ko\u0142akowskiego.<\/p>\n<p style=\"text-align: justify;\">PROJEKTY:<\/p>\n<p style=\"text-align: justify;\">2015-2016: Demokracja deliberatywna: utopia czy ratunek dla demokratycznych warto\u015bci? (kierownik, zespo\u0142owy)<\/p>\n<p style=\"text-align: justify;\">2016-2018: Problem wolno\u015bci negatywnej i pozytywnej w demokracji. Teoria i praktyka. (kierownik, zespo\u0142owy)<\/p>\n<p style=\"text-align: justify;\">2018-2019: \u201eHa\u0144ba domowa\u201d. Intelektualista wobec totalitaryzmu. (kierownik, indywidualny)<\/p>\n<p style=\"text-align: justify;\"><a href=\"https:\/\/www.researchgate.net\/profile\/Agnieszka_Turon-Kowalska\">ResearchGate<\/a><\/p>\n<p style=\"text-align: justify;\"><a href=\"https:\/\/scholar.google.pl\/citations?user=PAkB79gAAAAJ&amp;hl=pl\">GoogleScholar<\/a><\/p>\n<p style=\"text-align: justify;\"><a href=\"https:\/\/pbn.nauka.gov.pl\/pbn-report-web\/pages\/analytics\/author\/1461413\">PBN<\/a><\/p>\n<p><a href=\"https:\/\/orcid.org\/0000-0002-7913-0777\">ORCID<\/a> \r\n                                <div class=\"mt-3\"><\/div>\r\n                            <\/div>\r\n                            \r\n                            <div class=\"text-modules__img\"><img src=\"https:\/\/us.edu.pl\/instytut\/inp\/wp-content\/uploads\/sites\/31\/Nieprzypisane\/turon.png\" alt=\"img\"><\/div>\r\n                        <\/div>\r\n                    <\/div>\r\n                <\/div>[\/vc_column][\/vc_row]<\/p>","protected":false},"excerpt":{"rendered":"<p>[vc_row][vc_column][\/vc_column][\/vc_row] [&#8230;]<\/p>\n<p><a class=\"btn btn-secondary understrap-read-more-link\" href=\"https:\/\/us.edu.pl\/instytut\/inp\/turon-kowalska-agnieszka\/\">Read More&#8230;<\/a><\/p>\n","protected":false},"author":141,"featured_media":0,"parent":0,"menu_order":0,"comment_status":"closed","ping_status":"closed","template":"","meta":{"_expiration-date-status":"saved","_expiration-date":0,"_expiration-date-type":"","_expiration-date-categories":[],"_expiration-date-options":[]},"acf":[],"_links":{"self":[{"href":"https:\/\/us.edu.pl\/instytut\/inp\/wp-json\/wp\/v2\/pages\/671"}],"collection":[{"href":"https:\/\/us.edu.pl\/instytut\/inp\/wp-json\/wp\/v2\/pages"}],"about":[{"href":"https:\/\/us.edu.pl\/instytut\/inp\/wp-json\/wp\/v2\/types\/page"}],"author":[{"embeddable":true,"href":"https:\/\/us.edu.pl\/instytut\/inp\/wp-json\/wp\/v2\/users\/141"}],"replies":[{"embeddable":true,"href":"https:\/\/us.edu.pl\/instytut\/inp\/wp-json\/wp\/v2\/comments?post=671"}],"version-history":[{"count":4,"href":"https:\/\/us.edu.pl\/instytut\/inp\/wp-json\/wp\/v2\/pages\/671\/revisions"}],"predecessor-version":[{"id":6833,"href":"https:\/\/us.edu.pl\/instytut\/inp\/wp-json\/wp\/v2\/pages\/671\/revisions\/6833"}],"wp:attachment":[{"href":"https:\/\/us.edu.pl\/instytut\/inp\/wp-json\/wp\/v2\/media?parent=671"}],"curies":[{"name":"wp","href":"https:\/\/api.w.org\/{rel}","templated":true}]}}