{"id":6848,"date":"2025-01-07T13:27:39","date_gmt":"2025-01-07T12:27:39","guid":{"rendered":"https:\/\/us.edu.pl\/instytut\/inp\/?page_id=6848"},"modified":"2025-01-07T15:32:46","modified_gmt":"2025-01-07T14:32:46","slug":"szwajnoch-emilie","status":"publish","type":"page","link":"https:\/\/us.edu.pl\/instytut\/inp\/szwajnoch-emilie\/","title":{"rendered":"Szwajnoch Emilie"},"content":{"rendered":"<p>[vc_row][vc_column]\r\n                <div class=\"text-modules reverse\">\r\n                    <div class=\"container\">\r\n                        <h3 class=\"section-title section-title_border-bottom\">mgr Emilie Szwajnoch<\/h3> \r\n                        <div class=\"row m-0\">\r\n                            <div class=\"text-modules__content\">\r\n                                <\/p>\n<p style=\"text-align: justify;\">emilie.szwajnoch@us.edu.pl<\/p>\n<p style=\"text-align: justify;\">Asystent badawczo-dydaktyczny w Instytucie Nauk Politycznych, doktorantka Szko\u0142y Doktorskiej i kierownik projektu badawczego pod tytu\u0142em \u201eKrajowa polityka bezpiecze\u0144stwa Chin jako instrument sekurytyzacji projekt\u00f3w infrastrukturalnych wdra\u017canych w Azji Centralnej\u201d (\u201cChina\u2019s domestic security policy as an instrument of securitization of infrastructure projects implemented in Central Asia\u201d) finansowanego przez Narodowe Centrum Nauki. Projekt w ramach grantu Preludium otrzyma\u0142 finansowanie w kwocie 180 684 z\u0142otych (numer rejestracyjny: 2020\/37\/N\/HS5\/02910).<\/p>\n<p style=\"text-align: justify;\">W swoich badaniach naukowych skupia si\u0119 w szczeg\u00f3lno\u015bci na wybranych aspektach polityki wewn\u0119trznej Chin (m.in. na rozwijaniu i dzia\u0142aniu Systemu Zaufania Spo\u0142ecznego) oraz na tym, w jaki spos\u00f3b i z jakim efektem Chiny mog\u0105 eksportowa\u0107 narz\u0119dzia inwigilacji rozwini\u0119te w swoim kraju do innych pa\u0144stw (ze szczeg\u00f3lnym uwzgl\u0119dnieniem projekt\u00f3w zak\u0142adaj\u0105cych szerokie stosowanie system\u00f3w kamer, takich jak Safe czy Smart City).<\/p>\n<p style=\"text-align: justify;\">W pracy naukowej mgr Szwajnoch wykorzystuje swoje wcze\u015bniejsze wykszta\u0142cenie w zakresie filologii. Jest absolwentk\u0105 studi\u00f3w o specjalizacji t\u0142umacze\u0144 chi\u0144sko-angielskich. Podczas studi\u00f3w magisterskich otrzyma\u0142a stypendium rz\u0105du chi\u0144skiego, kt\u00f3re umo\u017cliwi\u0142o jej nauk\u0119 j\u0119zyka w Uniwersytecie Dongbei w Shenyangu (Northeastern University).<\/p>\n<p style=\"text-align: justify;\">W ramach pracy naukowej mgr Szwajnoch odby\u0142a szereg wyjazd\u00f3w zagranicznych. Mi\u0119dzy innymi przebywa\u0142a jako Visiting Researcher w Leiden University (Holandia) oraz w Queen\u2019s University (Kanada). Odby\u0142a sta\u017c naukowy w Universit\u00e9 du Qu\u00e9bec \u00e0 Montr\u00e9al (Kanada) w ramach Canada Research Chair in Digital Regulation at Work and in Life. Wyniki swoich bada\u0144 prezentowa\u0142a podczas mi\u0119dzynarodowych konferencji, m.in. w University of Copenhagen (Dania), University of Ljubljana (S\u0142owenia) i University of Central Lancashire (Anglia) oraz go\u015bcinnych wyk\u0142ad\u00f3w, m.in. w University of Glasgow (Szkocja) i University of Montreal (Kanada).<\/p>\n<p style=\"text-align: justify;\"><a href=\"https:\/\/www.researchgate.net\/profile\/Emilie_Szwajnoch\">ResearchGate<\/a><\/p>\n<p style=\"text-align: justify;\"><a href=\"https:\/\/scholar.google.com\/citations?user=kVtVBGwAAAAJ&amp;hl=pl\">GoogleScholar<\/a><\/p>\n<p style=\"text-align: justify;\"><a href=\"https:\/\/pbn.nauka.gov.pl\/core\/#\/person\/view\/602bb0529543c7410626df94\/current\">PBN<\/a><\/p>\n<p style=\"text-align: justify;\"><a href=\"https:\/\/orcid.org\/0000-0001-6971-515X\">ORCID<\/a><\/p>\n<div class=\"mt-3\"><\/div>\r\n                            <\/div>\r\n                            \r\n                            <div class=\"text-modules__img\"><img src=\"https:\/\/us.edu.pl\/instytut\/inp\/wp-content\/uploads\/sites\/31\/Bez-kategorii\/Szwajnoch-zdj-300x200-1.jpg\" alt=\"img\"><\/div>\r\n                        <\/div>\r\n                    <\/div>\r\n                <\/div>[\/vc_column][\/vc_row]<\/p>","protected":false},"excerpt":{"rendered":"<p>[vc_row][vc_column][\/vc_column][\/vc_row] [&#8230;]<\/p>\n<p><a class=\"btn btn-secondary understrap-read-more-link\" href=\"https:\/\/us.edu.pl\/instytut\/inp\/szwajnoch-emilie\/\">Read More&#8230;<\/a><\/p>\n","protected":false},"author":7155,"featured_media":0,"parent":0,"menu_order":0,"comment_status":"closed","ping_status":"closed","template":"","meta":{"_expiration-date-status":"","_expiration-date":0,"_expiration-date-type":"","_expiration-date-categories":[],"_expiration-date-options":[]},"acf":[],"_links":{"self":[{"href":"https:\/\/us.edu.pl\/instytut\/inp\/wp-json\/wp\/v2\/pages\/6848"}],"collection":[{"href":"https:\/\/us.edu.pl\/instytut\/inp\/wp-json\/wp\/v2\/pages"}],"about":[{"href":"https:\/\/us.edu.pl\/instytut\/inp\/wp-json\/wp\/v2\/types\/page"}],"author":[{"embeddable":true,"href":"https:\/\/us.edu.pl\/instytut\/inp\/wp-json\/wp\/v2\/users\/7155"}],"replies":[{"embeddable":true,"href":"https:\/\/us.edu.pl\/instytut\/inp\/wp-json\/wp\/v2\/comments?post=6848"}],"version-history":[{"count":2,"href":"https:\/\/us.edu.pl\/instytut\/inp\/wp-json\/wp\/v2\/pages\/6848\/revisions"}],"predecessor-version":[{"id":6857,"href":"https:\/\/us.edu.pl\/instytut\/inp\/wp-json\/wp\/v2\/pages\/6848\/revisions\/6857"}],"wp:attachment":[{"href":"https:\/\/us.edu.pl\/instytut\/inp\/wp-json\/wp\/v2\/media?parent=6848"}],"curies":[{"name":"wp","href":"https:\/\/api.w.org\/{rel}","templated":true}]}}