{"id":698,"date":"2020-01-02T18:42:12","date_gmt":"2020-01-02T17:42:12","guid":{"rendered":"http:\/\/us.edu.pl\/instytut\/inp\/?page_id=698"},"modified":"2025-01-07T12:10:57","modified_gmt":"2025-01-07T11:10:57","slug":"mus-anna","status":"publish","type":"page","link":"https:\/\/us.edu.pl\/instytut\/inp\/mus-anna\/","title":{"rendered":"Mu\u015b Anna"},"content":{"rendered":"<p>[vc_row][vc_column]\r\n                <div class=\"text-modules reverse\">\r\n                    <div class=\"container\">\r\n                        <h3 class=\"section-title section-title_border-bottom\">dr Anna Mu\u015b, prof. U\u015a<\/h3> \r\n                        <div class=\"row m-0\">\r\n                            <div class=\"text-modules__content\">\r\n                                <\/p>\n<p style=\"text-align: justify;\">anna.mus@us.edu.pl<\/p>\n<p style=\"text-align: justify;\">Absolwentka Mi\u0119dzywydzia\u0142owych Indywidualnych Studi\u00f3w Humanistycznych Uniwersytetu \u015al\u0105skiego w Katowicach. Tytu\u0142 magistra prawa zdoby\u0142a w 2016 roku, a stopie\u0144 doktora nauk spo\u0142ecznych w zakresie nauki o polityce i administracji obroni\u0142a w 2019 roku. Obecnie profesor uczelni w Instytucie Nauk Politycznych.<\/p>\n<p style=\"text-align: justify;\">Jeszcze jako studentka bra\u0142a udzia\u0142 w konkursie 2016 Philip C. Jessup International Law Moot Court Competition. Swoje zainteresowania naukowe rozwija\u0142a tak\u017ce za granic\u0105 wsp\u00f3\u0142pracuj\u0105c z NISE (National Movements and Intermediary Structures in Europe w Antwerpii) oraz ECMI (European Centre for Minority Issues we Flensburgu). Jako stypendystka przebywa\u0142a na Slezsk\u00e1 univerzita v Opav\u011b, prowadz\u0105c badania naukowe dotycz\u0105ce ruchu etnoregionalistycznego na Morawach i \u015al\u0105sku Opawskim.<\/p>\n<p style=\"text-align: justify;\">W latach 2021-2022 by\u0142a kierowniczk\u0105 projektu finansowanego przez Narodowe Centrum Nauki: \u201ePostawy Polak\u00f3w wobec mniejszo\u015bci narodowych i etnicznych\u201d. Od 2022 roku jest laureatk\u0105 stypendium Ministra Edukacji i Nauki dla wybitnych m\u0142odych naukowc\u00f3w.<\/p>\n<p style=\"text-align: justify;\">Jedna z inicjatorek akcji \u201eNapraw Sobie Uniwersytet!\u201d. Organizatorka cyklu szkole\u0144 \u201eZam\u00f3wienia publiczne dla pocz\u0105tkuj\u0105cych\u201d oraz wielu konferencji naukowych. Od 2022 roku organizuje cykl seminari\u00f3w naukowych \u201eSilesian studies\u201d\/ \u201eBadania \u015bl\u0105skoznawcze\u201d.<\/p>\n<p style=\"text-align: justify;\">Wsp\u00f3\u0142pracuje jako senior researcher z Centrum Badawczym Polityki Publicznej i Problem\u00f3w Regulacyjnych Uniwersytetu \u015al\u0105skiego w Katowicach.<\/p>\n<p style=\"text-align: justify;\">Jej zainteresowania badawcze zwi\u0105zane s\u0105 z ruchami etnoregionalistycznymi w Europie \u015arodkowej, a przede wszystkim na G\u00f3rnym \u015al\u0105sku. Ponadto prowadzi badania oraz publikuje w obszarze polityki etnicznej, a tak\u017ce praw os\u00f3b nale\u017c\u0105cych do mniejszo\u015bci narodowych i etnicznych. Jej badania obejmuj\u0105 te\u017c problematyk\u0119 stanowienia akt\u00f3w prawa miejscowego.<\/p>\n<p style=\"text-align: justify;\">Prowadzi zaj\u0119cia dydaktyczne z prawa administracyjnego oraz prawa mi\u0119dzynarodowego publicznego.<\/p>\n<p style=\"text-align: justify;\"><a href=\"https:\/\/www.researchgate.net\/profile\/Anna_Mus\">ResearchGate<\/a><\/p>\n<p style=\"text-align: justify;\"><a href=\"https:\/\/scholar.google.pl\/citations?user=ToorqwcAAAAJ&amp;hl=pl\">GoogleScholar<\/a><\/p>\n<p><a href=\"https:\/\/pbn.nauka.gov.pl\/pbn-report-web\/pages\/analytics\/author\/4099190\">PBN<\/a><\/p>\n<p style=\"text-align: justify;\"><a href=\"https:\/\/orcid.org\/0000-0002-9010-3139\">ORCID<\/a><\/p>\n<div class=\"mt-3\"><\/div>\r\n                            <\/div>\r\n                            \r\n                            <div class=\"text-modules__img\"><img src=\"https:\/\/us.edu.pl\/instytut\/inp\/wp-content\/uploads\/sites\/31\/Nieprzypisane\/Ania-2-150x150.jpg\" alt=\"img\"><\/div>\r\n                        <\/div>\r\n                    <\/div>\r\n                <\/div>[\/vc_column][\/vc_row]<\/p>","protected":false},"excerpt":{"rendered":"<p>[vc_row][vc_column][\/vc_column][\/vc_row] [&#8230;]<\/p>\n<p><a class=\"btn btn-secondary understrap-read-more-link\" href=\"https:\/\/us.edu.pl\/instytut\/inp\/mus-anna\/\">Read More&#8230;<\/a><\/p>\n","protected":false},"author":141,"featured_media":0,"parent":0,"menu_order":0,"comment_status":"closed","ping_status":"closed","template":"","meta":{"_expiration-date-status":"","_expiration-date":0,"_expiration-date-type":"","_expiration-date-categories":[],"_expiration-date-options":[]},"acf":[],"_links":{"self":[{"href":"https:\/\/us.edu.pl\/instytut\/inp\/wp-json\/wp\/v2\/pages\/698"}],"collection":[{"href":"https:\/\/us.edu.pl\/instytut\/inp\/wp-json\/wp\/v2\/pages"}],"about":[{"href":"https:\/\/us.edu.pl\/instytut\/inp\/wp-json\/wp\/v2\/types\/page"}],"author":[{"embeddable":true,"href":"https:\/\/us.edu.pl\/instytut\/inp\/wp-json\/wp\/v2\/users\/141"}],"replies":[{"embeddable":true,"href":"https:\/\/us.edu.pl\/instytut\/inp\/wp-json\/wp\/v2\/comments?post=698"}],"version-history":[{"count":10,"href":"https:\/\/us.edu.pl\/instytut\/inp\/wp-json\/wp\/v2\/pages\/698\/revisions"}],"predecessor-version":[{"id":6787,"href":"https:\/\/us.edu.pl\/instytut\/inp\/wp-json\/wp\/v2\/pages\/698\/revisions\/6787"}],"wp:attachment":[{"href":"https:\/\/us.edu.pl\/instytut\/inp\/wp-json\/wp\/v2\/media?parent=698"}],"curies":[{"name":"wp","href":"https:\/\/api.w.org\/{rel}","templated":true}]}}