{"id":701,"date":"2020-01-02T18:44:12","date_gmt":"2020-01-02T17:44:12","guid":{"rendered":"http:\/\/us.edu.pl\/instytut\/inp\/?page_id=701"},"modified":"2025-01-07T18:45:39","modified_gmt":"2025-01-07T17:45:39","slug":"grzywna-pawel","status":"publish","type":"page","link":"https:\/\/us.edu.pl\/instytut\/inp\/grzywna-pawel\/","title":{"rendered":"Grzywna Pawe\u0142"},"content":{"rendered":"<p>[vc_row][vc_column]\r\n                <div class=\"text-modules reverse\">\r\n                    <div class=\"container\">\r\n                        <h3 class=\"section-title section-title_border-bottom\">dr Pawe\u0142 Grzywna, prof. U\u015a<\/h3> \r\n                        <div class=\"row m-0\">\r\n                            <div class=\"text-modules__content\">\r\n                                <\/p>\n<div style=\"text-align: justify;\">pawel.grzywna@us.edu.pl<\/div>\n<div>\n<p style=\"text-align: justify;\">Absolwent jednolitych studi\u00f3w magisterskich na kierunku Politologia. Doktor nauk spo\u0142ecznych w zakresie nauk o polityce (rozprawa doktorska obroniona w 2016 roku z wyr\u00f3\u017cnieniem). Od 2009 roku zatrudniony w Instytucie Nauk Politycznych Uniwersytetu \u015al\u0105skiego w Katowicach na stanowisku adiunkta. Jego zainteresowania naukowe wi\u0105\u017c\u0105 si\u0119 z polityk\u0105 spo\u0142eczn\u0105, w tym w szczeg\u00f3lno\u015bci z polityk\u0105 zdrowotn\u0105, bezpiecze\u0144stwem spo\u0142ecznym i zdrowotnym oraz zr\u00f3wnowa\u017conym rozwojem. Prowadzi\u0142 zaj\u0119cia dla student\u00f3w w Instytucie Nauk Politycznych, Instytucie Dziennikarstwa i Komunikacji Medialnej, Instytucie Matematyki oraz Instytucie J\u0119zyk\u00f3w Roma\u0144skich i Translatoryki w Uniwersytecie \u015al\u0105skim. Od 2014 roku prowadzi warsztaty i wyk\u0142ady dla m\u0142odzie\u017cy ze szk\u00f3\u0142 gimnazjalnych w ramach Uniwersytetu \u015al\u0105skiego M\u0142odzie\u017cy. W roku akademickim 2018\/2019 pe\u0142ni\u0142 funkcj\u0119 koordynatora pierwszej edycji programu Uniwersytet Najlepszych \u2014 wsp\u00f3lnej inicjatywy UM Katowice i Uniwersytetu \u015al\u0105skiego. Ekspert zaanga\u017cowany w prace nad \u00a0Regionaln\u0105 Polityk\u0105 Zdrowia Wojew\u00f3dztwa \u015al\u0105skiego. Sekretarz Kolegium Redakcyjnego czasopisma naukowego \u201eStudia Politicae Universitatis Silesiensis\u201d. Wiceprezes Towarzystwa Inicjatyw Naukowych. Cz\u0142onek Polskiego Towarzystwa Polityki Spo\u0142ecznej. Autor dw\u00f3ch monografii naukowych i kilkunastu artyku\u0142\u00f3w. W latach 2019-2024 pe\u0142ni\u0142 funkcj\u0119 zast\u0119pcy dyrektora kierunku studi\u00f3w: Bezpiecze\u0144stwo Narodowe i Mi\u0119dzynarodowe, Doradztwo polityczne i publiczne oraz Politologia.<\/p>\n<p style=\"text-align: justify;\"><a href=\"https:\/\/www.researchgate.net\/profile\/Pawel_Grzywna\">ResearchGate<\/a><\/p>\n<p style=\"text-align: justify;\"><a href=\"https:\/\/orcid.org\/0000-0001-5741-6320\">ORCID<\/a><\/p>\n<p style=\"text-align: justify;\"><a href=\"https:\/\/pbn.nauka.gov.pl\/pbn-report-web\/pages\/analytics\/author\/938346\">PBN<\/a><\/p>\n<\/div>\n<div class=\"mt-3\"><\/div>\r\n                            <\/div>\r\n                            \r\n                            <div class=\"text-modules__img\"><img src=\"https:\/\/us.edu.pl\/instytut\/inp\/wp-content\/uploads\/sites\/31\/Nieprzypisane\/grzywna.png\" alt=\"img\"><\/div>\r\n                        <\/div>\r\n                    <\/div>\r\n                <\/div>[\/vc_column][\/vc_row]<\/p>","protected":false},"excerpt":{"rendered":"<p>[vc_row][vc_column][\/vc_column][\/vc_row] [&#8230;]<\/p>\n<p><a class=\"btn btn-secondary understrap-read-more-link\" href=\"https:\/\/us.edu.pl\/instytut\/inp\/grzywna-pawel\/\">Read More&#8230;<\/a><\/p>\n","protected":false},"author":141,"featured_media":0,"parent":0,"menu_order":0,"comment_status":"closed","ping_status":"closed","template":"","meta":{"_expiration-date-status":"","_expiration-date":0,"_expiration-date-type":"","_expiration-date-categories":[],"_expiration-date-options":[]},"acf":[],"_links":{"self":[{"href":"https:\/\/us.edu.pl\/instytut\/inp\/wp-json\/wp\/v2\/pages\/701"}],"collection":[{"href":"https:\/\/us.edu.pl\/instytut\/inp\/wp-json\/wp\/v2\/pages"}],"about":[{"href":"https:\/\/us.edu.pl\/instytut\/inp\/wp-json\/wp\/v2\/types\/page"}],"author":[{"embeddable":true,"href":"https:\/\/us.edu.pl\/instytut\/inp\/wp-json\/wp\/v2\/users\/141"}],"replies":[{"embeddable":true,"href":"https:\/\/us.edu.pl\/instytut\/inp\/wp-json\/wp\/v2\/comments?post=701"}],"version-history":[{"count":7,"href":"https:\/\/us.edu.pl\/instytut\/inp\/wp-json\/wp\/v2\/pages\/701\/revisions"}],"predecessor-version":[{"id":7123,"href":"https:\/\/us.edu.pl\/instytut\/inp\/wp-json\/wp\/v2\/pages\/701\/revisions\/7123"}],"wp:attachment":[{"href":"https:\/\/us.edu.pl\/instytut\/inp\/wp-json\/wp\/v2\/media?parent=701"}],"curies":[{"name":"wp","href":"https:\/\/api.w.org\/{rel}","templated":true}]}}