{"id":704,"date":"2020-01-02T18:53:42","date_gmt":"2020-01-02T17:53:42","guid":{"rendered":"http:\/\/us.edu.pl\/instytut\/inp\/?page_id=704"},"modified":"2025-01-07T16:30:43","modified_gmt":"2025-01-07T15:30:43","slug":"marmola-maciej","status":"publish","type":"page","link":"https:\/\/us.edu.pl\/instytut\/inp\/marmola-maciej\/","title":{"rendered":"Marmola Maciej"},"content":{"rendered":"<p>[vc_row][vc_column]\r\n                <div class=\"text-modules reverse\">\r\n                    <div class=\"container\">\r\n                        <h3 class=\"section-title section-title_border-bottom\">dr Maciej Marmola<\/h3> \r\n                        <div class=\"row m-0\">\r\n                            <div class=\"text-modules__content\">\r\n                                <\/p>\n<div>\n<p style=\"text-align: justify;\">maciej.marmola@us.edu.pl<\/p>\n<p style=\"text-align: justify;\">Absolwent studi\u00f3w licencjackich i magisterskich z zakresu politologii (Uniwersytet \u015al\u0105ski w Katowicach) oraz licencjackich z zakresu finans\u00f3w i rachunkowo\u015bci (Uniwersytet Ekonomiczny w Katowicach). W okresie X 2022- IX 2024 roku pe\u0142ni\u0142 funkcj\u0119 Zast\u0119pcy Dyrektora Instytutu Nauk Politycznych U\u015a. Od pa\u017adziernika 2024 roku Dyrektor Instytutu Nauk Politycznych U\u015a.<\/p>\n<p style=\"text-align: justify;\">W kwietniu 2019 roku obroni\u0142 rozpraw\u0119 doktorsk\u0105 \u201eNowe partie w systemach partyjnych pa\u0144stw Grupy Wyszehradzkiej\u201d (promotor: dr hab. Waldemar Wojtasik). Autor publikacji naukowych z zakresu systemu partyjnego (szczeg\u00f3lnie nowych partii politycznych), zachowa\u0144 wyborczych i najnowszej historii politycznej \u015al\u0105ska. Cz\u0142onek Polskiego Towarzystwa Nauk Politycznych o\/Katowice, European Consortium for Political Research (ECPR) oraz Zwi\u0105zku Autor\u00f3w i Producent\u00f3w Audiowizualnych. Opr\u00f3cz dzia\u0142alno\u015bci naukowo-dydaktycznej pe\u0142ni\u0142 m. in. funkcj\u0119 zast\u0119pcy redaktora naczelnego czasopisma \u201ePolitical Preferences\u201d czy p.o. czasopisma &#8222;Studia Politicae Universitatis Silesiensis&#8221;. Wsp\u00f3\u0142pracuje r\u00f3wnie\u017c z instytucjami kultury, stowarzyszeniami i organizacjami pozarz\u0105dowymi.<\/p>\n<p style=\"text-align: justify;\">Prywatnie pasjonuje si\u0119 histori\u0105 (szczeg\u00f3lnie dwudziestowiecznymi dziejami \u015al\u0105ska) oraz filmem. W wolnych chwilach tworzy scenariusze i zajmuje si\u0119 realizacj\u0105 historycznych film\u00f3w dokumentalnych, m. in. serii dokumentalnej Filmowa Encyklopedia Powsta\u0144 \u015al\u0105skich, filmowej serii popularnonaukowej Wielcy Polacy \u2013 nieznani wynalazcy oraz serii Polacy, kt\u00f3rzy zmienili \u015bwiat medycyny. Za dzia\u0142alno\u015b\u0107 naukow\u0105 i popularyzatorsk\u0105 nagradzany m.in.: I nagrod\u0105 w Konkursie Polskiego Towarzystwa Nauk Politycznych na najlepsz\u0105 prac\u0119 doktorsk\u0105 obronion\u0105 w 2019 roku w dyscyplinie nauk o polityce, nagrod\u0105 Wydarzenie Historyczne Roku 2016 w kategorii Edukacja i Multimedia (za seri\u0119 dokumentaln\u0105 Filmowa Encyklopedia Powsta\u0144 \u015al\u0105skich), Z\u0142otym Kopernikiem na XI Festiwalu Film\u00f3w Edukacyjnych EDUKINO 2020 (za film \u201cStefan Bry\u0142a\u201d w ramach serii Wielcy Polacy \u2013 nieznani wynalazcy), wyr\u00f3\u017cnieniem w XXXVII edycji konkursu na Wydarzenie Muzealne Roku Sybilla 2016 \u2013 kategoria edukacja (za projekt Filmowa Encyklopedia Powsta\u0144 \u015alaskich), wyr\u00f3\u017cnieniem Marsza\u0142ka Wojew\u00f3dztwa \u015al\u0105skiego za Wydarzenie Muzealne Roku 2017 \u2013 kategoria: dokonania z zakresu inicjatyw edukacyjnych oraz popularyzacji dziedzictwa kulturowego (za projekt Filmowa Encyklopedia Powsta\u0144 \u015alaskich. Seria II), wyr\u00f3\u017cnieniem na 6. Zamojskim Festiwalu Filmowym \u201cSpotkania z histori\u0105\u201d (za re\u017cyseri\u0119 filmu dokumentalnego \u201cZ Radzionkowa na o\u0142tarze\u201d) oraz 8. Zamojskim Festiwalu Filmowym \u201cSpotkania z histori\u0105\u201d (za re\u017cyseri\u0119 filmu \u201cStefan Bry\u0142a\u201d w ramach serii Wielcy Polacy \u2013 nieznani wynalazcy), wyr\u00f3\u017cnieniem JM Rektora Uniwersytetu \u015al\u0105skiego dla najlepszych absolwent\u00f3w roku akademickiego 2012\/2013 oraz wyr\u00f3\u017cnieniem JM Rektora Uniwersytetu \u015al\u0105skiego dla najlepszych doktorant\u00f3w.<\/p>\n<p style=\"text-align: justify;\"><a href=\"https:\/\/www.researchgate.net\/profile\/Maciej_Marmola\">ResearchGate<\/a><\/p>\n<p style=\"text-align: justify;\"><a href=\"https:\/\/scholar.google.pl\/citations?user=3syS-8IAAAAJ\">GoogleScholar<\/a><\/p>\n<p style=\"text-align: justify;\"><a href=\"https:\/\/pbn.nauka.gov.pl\/pbn-report-web\/pages\/analytics\/author\/3957979\">PBN<\/a><\/p>\n<p><a href=\"https:\/\/orcid.org\/0000-0003-1911-1125\">ORCID<\/a><\/p>\n<\/div>\n<div class=\"mt-3\"><\/div>\r\n                            <\/div>\r\n                            \r\n                            <div class=\"text-modules__img\"><img src=\"https:\/\/us.edu.pl\/instytut\/inp\/wp-content\/uploads\/sites\/31\/Bez-kategorii\/DSC_8684-Edit-1-200x300-1.jpg\" alt=\"img\"><\/div>\r\n                        <\/div>\r\n                    <\/div>\r\n                <\/div>[\/vc_column][\/vc_row]<\/p>","protected":false},"excerpt":{"rendered":"<p>[vc_row][vc_column][\/vc_column][\/vc_row] [&#8230;]<\/p>\n<p><a class=\"btn btn-secondary understrap-read-more-link\" href=\"https:\/\/us.edu.pl\/instytut\/inp\/marmola-maciej\/\">Read More&#8230;<\/a><\/p>\n","protected":false},"author":141,"featured_media":0,"parent":0,"menu_order":0,"comment_status":"closed","ping_status":"closed","template":"","meta":{"_expiration-date-status":"","_expiration-date":0,"_expiration-date-type":"","_expiration-date-categories":[],"_expiration-date-options":[]},"acf":[],"_links":{"self":[{"href":"https:\/\/us.edu.pl\/instytut\/inp\/wp-json\/wp\/v2\/pages\/704"}],"collection":[{"href":"https:\/\/us.edu.pl\/instytut\/inp\/wp-json\/wp\/v2\/pages"}],"about":[{"href":"https:\/\/us.edu.pl\/instytut\/inp\/wp-json\/wp\/v2\/types\/page"}],"author":[{"embeddable":true,"href":"https:\/\/us.edu.pl\/instytut\/inp\/wp-json\/wp\/v2\/users\/141"}],"replies":[{"embeddable":true,"href":"https:\/\/us.edu.pl\/instytut\/inp\/wp-json\/wp\/v2\/comments?post=704"}],"version-history":[{"count":10,"href":"https:\/\/us.edu.pl\/instytut\/inp\/wp-json\/wp\/v2\/pages\/704\/revisions"}],"predecessor-version":[{"id":7073,"href":"https:\/\/us.edu.pl\/instytut\/inp\/wp-json\/wp\/v2\/pages\/704\/revisions\/7073"}],"wp:attachment":[{"href":"https:\/\/us.edu.pl\/instytut\/inp\/wp-json\/wp\/v2\/media?parent=704"}],"curies":[{"name":"wp","href":"https:\/\/api.w.org\/{rel}","templated":true}]}}