{"id":7055,"date":"2025-01-07T16:08:26","date_gmt":"2025-01-07T15:08:26","guid":{"rendered":"https:\/\/us.edu.pl\/instytut\/inp\/?page_id=7055"},"modified":"2025-01-13T09:42:04","modified_gmt":"2025-01-13T08:42:04","slug":"wator-wlodzimierz","status":"publish","type":"page","link":"https:\/\/us.edu.pl\/instytut\/inp\/wator-wlodzimierz\/","title":{"rendered":"W\u0105tor W\u0142odzimierz"},"content":{"rendered":"<p>[vc_row][vc_column]\r\n                <div class=\"text-modules reverse\">\r\n                    <div class=\"container\">\r\n                        <h3 class=\"section-title section-title_border-bottom\">p\u0142k dr W\u0142odzimierz W\u0105tor<\/h3> \r\n                        <div class=\"row m-0\">\r\n                            <div class=\"text-modules__content\">\r\n                                <\/p>\n<p style=\"text-align: justify;\">wlodzimierz.wator@us.edu.pl<\/p>\n<p style=\"text-align: justify;\">Od 2014 r. adiunkt w Instytucie Nauk Politycznych Uniwersytetu \u015al\u0105skiego (1\/2 etatu).<\/p>\n<p style=\"text-align: justify;\">Doktor nauk wojskowych w dyscyplinie nauki o bezpiecze\u0144stwie w specjalno\u015bci bezpiecze\u0144stwo narodowe. Pu\u0142kownik Wojska Polskiego (specjalno\u015b\u0107 Obrona Przed Broni\u0105 Masowego Ra\u017cenia), d\u0142ugoletni szef Centrum Szkolenia Obrony Przed Broni\u0105 Masowego Ra\u017cenia w Si\u0142ach Zbrojnych RP. Absolwent Akademii Obrony Narodowej (studia III stopnia), Akademii Pedagogicznej w Krakowie (magister pedagogiki), studi\u00f3w podyplomowych w: Szkole G\u0142\u00f3wnej S\u0142u\u017cby Po\u017carniczej, Krakowskiej Akademii im. A. Frycza Modrzewskiego, Uniwersytecie Rolniczym (\u201eProfesjonalny kierownik projekt\u00f3w badawczo-rozwojowych\u201d) oraz licznych kurs\u00f3w specjalistycznych.<\/p>\n<p style=\"text-align: justify;\">Posiada du\u017ce do\u015bwiadczenie planistyczne, organizacyjne oraz dydaktyczne (szkoleniowo-metodyczne) nabyte podczas d\u0142ugoletniej s\u0142u\u017cby w jednostkach operacyjnych, dow\u00f3dztwach i sztabach oraz pracy w uczelni wojskowej i cywilnej.<\/p>\n<p style=\"text-align: justify;\">Autor program\u00f3w studi\u00f3w oraz kurs\u00f3w specjalistycznych. Uczestnik projekt\u00f3w badawczych Europejskiej Agencji Obrony oraz w ramach Programu Horyzont 2020.<\/p>\n<p style=\"text-align: justify;\">Krajowy specjalista ds. ratownictwa chemiczno-ekologicznego z listy Komendanta G\u0142\u00f3wnego Pa\u0144stwowej Stra\u017cy Po\u017carnej \u2013 funkcja spo\u0142eczna.<\/p>\n<p style=\"text-align: justify;\">Zainteresowania naukowe: bezpiecze\u0144stwo CBRN, terroryzm CBRN, proliferacja BMR, energetyka j\u0105drowa, bezpiecze\u0144stwo j\u0105drowe i ochrona radiologiczna, ratownictwo i ochrona ludno\u015bci, monitoring \u015brodowiska, wsp\u00f3\u0142czesne doktryny militarne, organizacje mi\u0119dzynarodowe, stosunki polityczno-militarne, andragogika.<\/p>\n<p style=\"text-align: justify;\">Wyr\u00f3\u017cnienia: Srebrny Krzy\u017c Zas\u0142ugi, Wojskowy Krzy\u017c Zas\u0142ugi, Zas\u0142u\u017cony \u017bo\u0142nierz RP (II stopnia), Kordzik Honorowy Si\u0142 Zbrojnych RP oraz medale resortowe.<\/p>\n<p><strong><a href=\"https:\/\/pbn.nauka.gov.pl\/core\/#\/person\/view\/5e70933d878c28a0473a575e\/current\">PBN<\/a><\/strong><\/p>\n<p style=\"text-align: justify;\"><strong><a href=\"https:\/\/orcid.org\/0000-0002-9402-5350\">ORCID<\/a><\/strong><\/p>\n<div class=\"mt-3\"><\/div>\r\n                            <\/div>\r\n                            \r\n                            <div class=\"text-modules__img\"><img src=\"https:\/\/us.edu.pl\/instytut\/inp\/wp-content\/uploads\/sites\/31\/Bez-kategorii\/Wator-Wlodzimierz-dow-dr-e1736757593280.jpg\" alt=\"img\"><\/div>\r\n                        <\/div>\r\n                    <\/div>\r\n                <\/div>[\/vc_column][\/vc_row]<\/p>","protected":false},"excerpt":{"rendered":"<p>[vc_row][vc_column][\/vc_column][\/vc_row] [&#8230;]<\/p>\n<p><a class=\"btn btn-secondary understrap-read-more-link\" href=\"https:\/\/us.edu.pl\/instytut\/inp\/wator-wlodzimierz\/\">Read More&#8230;<\/a><\/p>\n","protected":false},"author":7155,"featured_media":0,"parent":0,"menu_order":0,"comment_status":"closed","ping_status":"closed","template":"","meta":{"_expiration-date-status":"","_expiration-date":0,"_expiration-date-type":"","_expiration-date-categories":[],"_expiration-date-options":[]},"acf":[],"_links":{"self":[{"href":"https:\/\/us.edu.pl\/instytut\/inp\/wp-json\/wp\/v2\/pages\/7055"}],"collection":[{"href":"https:\/\/us.edu.pl\/instytut\/inp\/wp-json\/wp\/v2\/pages"}],"about":[{"href":"https:\/\/us.edu.pl\/instytut\/inp\/wp-json\/wp\/v2\/types\/page"}],"author":[{"embeddable":true,"href":"https:\/\/us.edu.pl\/instytut\/inp\/wp-json\/wp\/v2\/users\/7155"}],"replies":[{"embeddable":true,"href":"https:\/\/us.edu.pl\/instytut\/inp\/wp-json\/wp\/v2\/comments?post=7055"}],"version-history":[{"count":3,"href":"https:\/\/us.edu.pl\/instytut\/inp\/wp-json\/wp\/v2\/pages\/7055\/revisions"}],"predecessor-version":[{"id":7472,"href":"https:\/\/us.edu.pl\/instytut\/inp\/wp-json\/wp\/v2\/pages\/7055\/revisions\/7472"}],"wp:attachment":[{"href":"https:\/\/us.edu.pl\/instytut\/inp\/wp-json\/wp\/v2\/media?parent=7055"}],"curies":[{"name":"wp","href":"https:\/\/api.w.org\/{rel}","templated":true}]}}