{"id":709,"date":"2020-01-02T19:07:10","date_gmt":"2020-01-02T18:07:10","guid":{"rendered":"http:\/\/us.edu.pl\/instytut\/inp\/?page_id=709"},"modified":"2025-01-07T16:41:01","modified_gmt":"2025-01-07T15:41:01","slug":"olszanecka-marmola-agata","status":"publish","type":"page","link":"https:\/\/us.edu.pl\/instytut\/inp\/olszanecka-marmola-agata\/","title":{"rendered":"Olszanecka-Marmola Agata"},"content":{"rendered":"<p>[vc_row][vc_column]\r\n                <div class=\"text-modules reverse\">\r\n                    <div class=\"container\">\r\n                        <h3 class=\"section-title section-title_border-bottom\">dr Agata Olszanecka-Marmola<\/h3> \r\n                        <div class=\"row m-0\">\r\n                            <div class=\"text-modules__content\">\r\n                                <\/p>\n<p style=\"text-align: justify;\">agata.olszanecka-marmola@us.edu.pl<\/p>\n<div>\n<p style=\"text-align: justify;\">Absolwentka studi\u00f3w magisterskich z zakresu politologii i socjologii na Uniwersytecie \u015al\u0105skim w Katowicach, a tak\u017ce studi\u00f3w podyplomowych Psychologia spo\u0142eczna w praktyce (Uniwersytet SWPS). W marcu 2020 roku uzyska\u0142a stopie\u0144 doktora nauk spo\u0142ecznych na podstawie rozprawy doktorskiej \u201eOddzia\u0142ywanie telewizyjnej reklamy politycznej na zmian\u0119 postrzegania wizerunku kandydat\u00f3w w wyborach prezydenckich w 2015 roku w Polsce\u201d, napisanej pod kierunkiem dra hab. Mariusza Kolczy\u0144skiego.<\/p>\n<p style=\"text-align: justify;\">Jej zainteresowania badawcze koncentruj\u0105 si\u0119 wok\u00f3\u0142 psychologii polityki, marketingu politycznego (szczeg\u00f3lnie telewizyjnej reklamy politycznej) oraz zachowa\u0144 wyborczych. Cz\u0142onkini Polskiego Towarzystwa Nauk Politycznych o\/Katowice (od 2024 roku wiceprezes oddzia\u0142u) oraz European Consortium for Political Research (ECPR). Za dzia\u0142alno\u015b\u0107 naukow\u0105 nagrodzona m.in.: wyr\u00f3\u017cnieniem w Konkursie Polskiego Towarzystwa Nauk Politycznych na najlepsz\u0105 prac\u0119 doktorsk\u0105 obronion\u0105 w 2020 roku w dyscyplinie nauk o polityce i administracji, Wyr\u00f3\u017cnieniem JM Rektora Uniwersytetu \u015al\u0105skiego dla najlepszych absolwent\u00f3w roku akademickiego 2012\/2013 oraz Wyr\u00f3\u017cnieniem JM Rektora Uniwersytetu \u015al\u0105skiego dla najlepszych doktorant\u00f3w, a tak\u017ce Wyr\u00f3\u017cnieniem JM Rektora Uniwersytetu \u015al\u0105skiego za doskona\u0142\u0105 dydaktyk\u0119 w roku akademickim 2023\/2024 w kategorii &#8222;Praca z osobami studiuj\u0105cymi lub ucz\u0105cymi si\u0119 w szkole doktorskiej&#8221;.<\/p>\n<p style=\"text-align: justify;\"><a href=\"https:\/\/www.researchgate.net\/profile\/Agata_Olszanecka-Marmola\">ResearchGate<\/a><\/p>\n<p style=\"text-align: justify;\"><a href=\"https:\/\/scholar.google.pl\/citations?hl=pl&amp;user=A_wFNxAAAAAJ\">GoogleScholar<\/a><\/p>\n<p style=\"text-align: justify;\"><a href=\"https:\/\/pbn.nauka.gov.pl\/pbn-report-web\/pages\/analytics\/author\/3998046\">PBN<\/a><\/p>\n<p><a href=\"https:\/\/orcid.org\/0000-0002-0382-2267\">ORCID<\/a><\/p>\n<\/div>\n<div class=\"mt-3\"><\/div>\r\n                            <\/div>\r\n                            \r\n                            <div class=\"text-modules__img\"><img src=\"https:\/\/us.edu.pl\/instytut\/inp\/wp-content\/uploads\/sites\/31\/Bez-kategorii\/agata.olszanecka-1.jpg\" alt=\"img\"><\/div>\r\n                        <\/div>\r\n                    <\/div>\r\n                <\/div>[\/vc_column][\/vc_row]<\/p>","protected":false},"excerpt":{"rendered":"<p>[vc_row][vc_column][\/vc_column][\/vc_row] [&#8230;]<\/p>\n<p><a class=\"btn btn-secondary understrap-read-more-link\" href=\"https:\/\/us.edu.pl\/instytut\/inp\/olszanecka-marmola-agata\/\">Read More&#8230;<\/a><\/p>\n","protected":false},"author":141,"featured_media":0,"parent":0,"menu_order":0,"comment_status":"closed","ping_status":"closed","template":"","meta":{"_expiration-date-status":"","_expiration-date":0,"_expiration-date-type":"","_expiration-date-categories":[],"_expiration-date-options":[]},"acf":[],"_links":{"self":[{"href":"https:\/\/us.edu.pl\/instytut\/inp\/wp-json\/wp\/v2\/pages\/709"}],"collection":[{"href":"https:\/\/us.edu.pl\/instytut\/inp\/wp-json\/wp\/v2\/pages"}],"about":[{"href":"https:\/\/us.edu.pl\/instytut\/inp\/wp-json\/wp\/v2\/types\/page"}],"author":[{"embeddable":true,"href":"https:\/\/us.edu.pl\/instytut\/inp\/wp-json\/wp\/v2\/users\/141"}],"replies":[{"embeddable":true,"href":"https:\/\/us.edu.pl\/instytut\/inp\/wp-json\/wp\/v2\/comments?post=709"}],"version-history":[{"count":10,"href":"https:\/\/us.edu.pl\/instytut\/inp\/wp-json\/wp\/v2\/pages\/709\/revisions"}],"predecessor-version":[{"id":7077,"href":"https:\/\/us.edu.pl\/instytut\/inp\/wp-json\/wp\/v2\/pages\/709\/revisions\/7077"}],"wp:attachment":[{"href":"https:\/\/us.edu.pl\/instytut\/inp\/wp-json\/wp\/v2\/media?parent=709"}],"curies":[{"name":"wp","href":"https:\/\/api.w.org\/{rel}","templated":true}]}}