{"id":7400,"date":"2025-01-09T18:47:33","date_gmt":"2025-01-09T17:47:33","guid":{"rendered":"https:\/\/us.edu.pl\/instytut\/inp\/?page_id=7400"},"modified":"2025-01-09T18:47:33","modified_gmt":"2025-01-09T17:47:33","slug":"nacjonalizujace-panstwo-i-demokracja-liberalna","status":"publish","type":"page","link":"https:\/\/us.edu.pl\/instytut\/inp\/nacjonalizujace-panstwo-i-demokracja-liberalna\/","title":{"rendered":"Nacjonalizuj\u0105ce Pa\u0144stwo i Demokracja Liberalna"},"content":{"rendered":"<p>[vc_row][vc_column]\r\n                <div class=\"text-modules\">\r\n                    <div class=\"container\">\r\n                        <h3 class=\"page-title text__title\">Nacjonalizuj\u0105ca Pa\u0144stwo i Demokracja Liberalna<\/h3>\r\n                        <div class=\"text-modules__content\"><p>Nacjonalizuj\u0105ce Pa\u0144stwo i Demokracja Liberalna<\/p>\n<p>Kierownik: dr Anna Mu\u015b, prof. U\u015a<\/p>\n<p>Polityka etniczna jest polityk\u0105 publiczn\u0105, kt\u00f3ra reguluje stosunki etniczne w pa\u0144stwie. W praktyce cz\u0119sto ograniczamy my\u015blenie o niej do problematyki ochrony mniejszo\u015bci narodowych i etnicznych. Widzimy j\u0105 jako system rozwi\u0105za\u0144 oraz praw pozwalaj\u0105cy zapewni\u0107 bezpiecze\u0144stwo kulturowe grupom niedominuj\u0105cym. Cz\u0119sto zapominamy, \u017ce polityka etniczna sama w sobie reguluje tak\u017ce problem uznania, to znaczy okre\u015bla kt\u00f3ra grupa zaliczana jest do mniejszo\u015bci, dlaczego tak si\u0119 dzieje i co z tego wynika. A to w\u0142a\u015bnie te normy og\u00f3lne maj\u0105 pierwszorz\u0119dne znaczenie dla utrzymania r\u00f3\u017cnorodno\u015bci, zachowania odr\u0119bnych kultur r\u00f3\u017cnych grup etnicznych i zapewnienia pe\u0142nej ochrony jednostkom, zw\u0142aszcza przed dyskryminacj\u0105.<\/p>\n<p>Ponadto w pa\u0144stwach narodowych, w tym w Europie \u015arodkowej, mamy cz\u0119sto do czynienia z istnieniem dominuj\u0105cej grupy etnicznej, uwa\u017canej za \u201erdze\u0144\u201d pa\u0144stwa. Kultura owej grupy etnicznej staje si\u0119 w ten spos\u00f3b kultur\u0105 narodow\u0105, prezentowan\u0105 jako kultura legitymizowana i wyznaczaj\u0105ca normy kulturowe. Wielokrotnie nie kwestionujemy tego stanu rzeczy. Na przyk\u0142ad cz\u0119sto nie zastanawiamy si\u0119 nad tym, dlaczego poj\u0119cie \u201epolityka kulturalna\u201d dotyczy w praktyce tylko dzia\u0142a\u0144 zwi\u0105zanych z kultur\u0105 grupy dominuj\u0105cej, a dzia\u0142ania zwi\u0105zane z kulturami innych grup s\u0105 klasyfikowane jako polityka etniczna.<\/p>\n<p>Bardzo rzadko zdajemy sobie tak\u017ce spraw\u0119, \u017ce mamy do czynienia z konkuruj\u0105cymi roszczeniami o ochron\u0119 bezpiecze\u0144stwa kulturowego r\u00f3\u017cnych grup etnicznych (grupy dominuj\u0105cej i grupy mniejszo\u015bciowej lub grup mniejszo\u015bciowych mi\u0119dzy sob\u0105). Wydaje si\u0119, \u017ce w debacie publicznej czy w procesie legislacyjnym nawet nie wypracowali\u015bmy j\u0119zyka oraz modelu pozwalaj\u0105cego na wa\u017cenie tych roszcze\u0144 oraz ocen\u0119 ich skutk\u00f3w dla poszczeg\u00f3lnych grup. Dzia\u0142ania podejmowane s\u0105 od przypadku do przypadku i cz\u0119sto wynikaj\u0105 z wdra\u017cania rozwi\u0105za\u0144, do kt\u00f3rych pa\u0144stwo polskie jest zobowi\u0105zane na mocy um\u00f3w mi\u0119dzynarodowych. Niestety nie zawsze oznacza to, \u017ce rozwi\u0105zania te wdra\u017cane s\u0105 w spos\u00f3b przemy\u015blany.<\/p>\n<p>Celem projektu jest zbadanie relacji mi\u0119dzy grup\u0105 dominuj\u0105c\u0105 a grupami niedominuj\u0105cymi w Rzeczypospolitej Polskiej. Teoria pa\u0144stwa nacjonalizuj\u0105cego jest wykorzystywana do wyja\u015bnienia strategii pa\u0144stwa w odniesieniu do polityki etnicznej. Analizowany jest r\u00f3wnie\u017c proces tworzenia granic etnicznych, kt\u00f3ry okre\u015bla spos\u00f3b definiowania grup narodowych i etnicznych. Nast\u0119pnie badana jest politycyzacja grup etnicznych i \u017c\u0105dania wysuwane przez przedstawicieli tych grup jako cz\u0119\u015b\u0107 procesu negocjacji etnicznych. Na koniec analizowana jest zdolno\u015b\u0107 systemu politycznego do uwzgl\u0119dnienia r\u00f3\u017cnych interes\u00f3w grup mniejszo\u015bciowych.<\/p>\n<p>Badanie ma obejmowa\u0107 analiz\u0119 danych ze spisu powszechnego z 2021 roku. Ponadto zastosowana zostanie analiza dyskursu prowadzonego przez grupy niedominuj\u0105ce i grup\u0119 dominuj\u0105c\u0105, w kt\u00f3rym okre\u015blane s\u0105 granice grup etnicznych oraz zakres ochrony, kt\u00f3ry pa\u0144stwo jest gotowe im zapewni\u0107. Analizie b\u0119d\u0105 poddane tak\u017ce zachowania polityczne i inne dzia\u0142ania aktor\u00f3w niepublicznych oraz publicznych, podejmowane w zwi\u0105zku z polityk\u0105 etniczn\u0105 pa\u0144stwa. G\u0142\u00f3wnym przedmiotem bada\u0144 jest polityka etniczna oraz struktura etniczna pa\u0144stwa polskiego. Jednak\u017ce, w projekcie zastosowane zostan\u0105 tak\u017ce elementy por\u00f3wnawcze pokazuj\u0105ce jak podobne kwestie rozwi\u0105zywane s\u0105 w innych pa\u0144stwach Europy \u015arodkowej.<\/p>\n<p>Projekt dofinansowany w ramach konkursu <strong>SONATA 19<\/strong> przez Narodowe Centrum Nauki.<\/p>\n<p>Czas trwania projektu: 10 lipca 2024 &#8211; 9 lipca 2027<\/p>\n<p>Wysoko\u015b\u0107 dofinansowania: 930 428\u00a0PLN<\/p>\n<\/div>\r\n                    <\/div>\r\n                <\/div>[\/vc_column][\/vc_row]<\/p>","protected":false},"excerpt":{"rendered":"<p>[vc_row][vc_column][\/vc_column][\/vc_row] [&#8230;]<\/p>\n<p><a class=\"btn btn-secondary understrap-read-more-link\" href=\"https:\/\/us.edu.pl\/instytut\/inp\/nacjonalizujace-panstwo-i-demokracja-liberalna\/\">Read More&#8230;<\/a><\/p>\n","protected":false},"author":7155,"featured_media":0,"parent":0,"menu_order":0,"comment_status":"closed","ping_status":"closed","template":"page-templates\/page-with-sidebar.php","meta":{"_expiration-date-status":"","_expiration-date":0,"_expiration-date-type":"","_expiration-date-categories":[],"_expiration-date-options":[]},"acf":[],"_links":{"self":[{"href":"https:\/\/us.edu.pl\/instytut\/inp\/wp-json\/wp\/v2\/pages\/7400"}],"collection":[{"href":"https:\/\/us.edu.pl\/instytut\/inp\/wp-json\/wp\/v2\/pages"}],"about":[{"href":"https:\/\/us.edu.pl\/instytut\/inp\/wp-json\/wp\/v2\/types\/page"}],"author":[{"embeddable":true,"href":"https:\/\/us.edu.pl\/instytut\/inp\/wp-json\/wp\/v2\/users\/7155"}],"replies":[{"embeddable":true,"href":"https:\/\/us.edu.pl\/instytut\/inp\/wp-json\/wp\/v2\/comments?post=7400"}],"version-history":[{"count":1,"href":"https:\/\/us.edu.pl\/instytut\/inp\/wp-json\/wp\/v2\/pages\/7400\/revisions"}],"predecessor-version":[{"id":7412,"href":"https:\/\/us.edu.pl\/instytut\/inp\/wp-json\/wp\/v2\/pages\/7400\/revisions\/7412"}],"wp:attachment":[{"href":"https:\/\/us.edu.pl\/instytut\/inp\/wp-json\/wp\/v2\/media?parent=7400"}],"curies":[{"name":"wp","href":"https:\/\/api.w.org\/{rel}","templated":true}]}}