{"id":772,"date":"2020-01-02T22:05:16","date_gmt":"2020-01-02T21:05:16","guid":{"rendered":"http:\/\/us.edu.pl\/instytut\/inp\/?page_id=772"},"modified":"2025-01-08T13:22:34","modified_gmt":"2025-01-08T12:22:34","slug":"kubin-tomasz-ekspert","status":"publish","type":"page","link":"https:\/\/us.edu.pl\/instytut\/inp\/kubin-tomasz-ekspert\/","title":{"rendered":"Kubin Tomasz &#8211; ekspert"},"content":{"rendered":"<p>[vc_row][vc_column]\r\n                <div class=\"text-modules reverse\">\r\n                    <div class=\"container\">\r\n                        <h3 class=\"section-title section-title_border-bottom\">dr hab. Tomasz Kubin, prof. U\u015a<\/h3> \r\n                        <div class=\"row m-0\">\r\n                            <div class=\"text-modules__content\">\r\n                                <\/p>\n<h3>1) Dane<\/h3>\n<p>Imi\u0119 i nazwisko: <a href=\"https:\/\/www.researchgate.net\/profile\/Tomasz_Kubin\">Tomasz Kubin<\/a><br \/>\nInstytut: Instytut Nauk Politycznych<br \/>\nE-mail: tomasz.kubin@us.edu.pl<\/p>\n<h3>2) Proponowane pola wsp\u00f3\u0142pracy<\/h3>\n<ul>\n<li>nauka<\/li>\n<li>media<\/li>\n<li>biznes<\/li>\n<li>administracja<\/li>\n<\/ul>\n<h3>3) Sylwetka eksperta<\/h3>\n<p>Profesor U\u015a, doktor habilitowany w dziedzinie nauk spo\u0142ecznych w dyscyplinie nauk o polityce; uko\u0144czy\u0142 r\u00f3wnie\u017c studia podyplomowe na kierunku handel zagraniczny (Uniwersytet Ekonomiczny w Katowicach) oraz prawo Unii Europejskiej (Uniwersytet Jagiello\u0144ski).<\/p>\n<p>Zainteresowania naukowe: stosunki mi\u0119dzynarodowe, szczeg\u00f3lnie integracja europejska (m.in. takie zagadnienia jak: system instytucjonalny Unii Europejskiej, Polska w UE, Unia Gospodarcza i Walutowa, stosunki zewn\u0119trzne UE, zr\u00f3\u017cnicowanie integracji w UE), ekonomia polityczna oraz problematyka dotycz\u0105ca Bia\u0142orusi.<\/p>\n<h3>4) Do\u015bwiadczenia &#8211; realizowane projekty badawcze i praktyczne<\/h3>\n<ul>\n<li>cz\u0142onek Rady Naukowej Polskiego Towarzystwa Studi\u00f3w Europejskich (PTSE);<\/li>\n<li>koordynator Zarz\u0105du PTSE ds. O\u015brodka Analiz, Studi\u00f3w i Szkole\u0144;<\/li>\n<li>cz\u0142onek Zarz\u0105du (sekretarz) Towarzystwa Inicjatyw Naukowych;<\/li>\n<li>w przesz\u0142o\u015bci pracownik\/wsp\u00f3\u0142pracownik kilku publicznych (Akademia Techniczno-Humanistyczna w Bielsku-Bia\u0142ej, Uniwersytet Ekonomiczny w Katowicach) i niepublicznych szk\u00f3\u0142 wy\u017cszych;<\/li>\n<li>pobyty naukowe w ramach programu Erasmus na uniwersytetach w Valladolid, Brnie, Ba\u0144skiej Bystrzycy, Opawie;<\/li>\n<li>wykonawca i\/lub wsp\u00f3\u0142wykonawca kilku projekt\u00f3w naukowych w realizowanych w ramach konkurs\u00f3w NCN, ministerialnych, WNS U\u015a;<\/li>\n<li>autor dw\u00f3ch ksi\u0105\u017cek, wsp\u00f3\u0142autor dw\u00f3ch ksi\u0105\u017cek oraz kilkudziesi\u0119ciu artyku\u0142\u00f3w naukowych opublikowanych w czasopismach specjalistycznych (,,Athenaeum. Polskie Studia Politologiczne\u201d, ,,Baltic Journal of European Studies\u201d, ,,Current Politics and Economics of Europe\u201d, ,,Ekonomista\u201d ,,Investigaciones Hist\u00f3ricas. \u00c9poca Moderna y Contempor\u00e1nea&#8221;, ,,Politeja\u201d, ,,Polski Przegl\u0105d Dyplomatyczny\u201d, ,,Progress in Economics Research\u201d, ,,Przegl\u0105d Europejski\u201d, ,,Przegl\u0105d Politologiczny\u201d, ,,Przegl\u0105d Zachodni\u201d, ,,Rocznik Integracji Europejskiej\u201d, ,,Stosunki Mi\u0119dzynarodowe\u201d, ,,Studia Ekonomiczne. Zeszyty Naukowe Uniwersytetu Ekonomicznego w Katowicach\u201d, ,,Studia Europejskie\u201d, ,,Studia Politicae Universitatis Silesiensis\u201d, ,,Teka Komisji Politologii i Stosunk\u00f3w Mi\u0119dzynarodowych\u201d, ,,Yearbook of Polish European Studies\u201d) oraz w publikacjach zbiorowych;<\/li>\n<li>w latach 2010-2013 i 2013-2016 przewodnicz\u0105cy Rady Nadzorczej Sp\u00f3\u0142dzielni Mieszkaniowej ,,Nad Jamn\u0105\u2019\u2019 w Miko\u0142owie.<\/li>\n<\/ul>\n<div class=\"mt-3\"><\/div>\r\n                            <\/div>\r\n                            \r\n                            \r\n                        <\/div>\r\n                    <\/div>\r\n                <\/div>[\/vc_column][\/vc_row]<\/p>","protected":false},"excerpt":{"rendered":"<p>[vc_row][vc_column][\/vc_column][\/vc_row] [&#8230;]<\/p>\n<p><a class=\"btn btn-secondary understrap-read-more-link\" href=\"https:\/\/us.edu.pl\/instytut\/inp\/kubin-tomasz-ekspert\/\">Read More&#8230;<\/a><\/p>\n","protected":false},"author":141,"featured_media":0,"parent":0,"menu_order":0,"comment_status":"closed","ping_status":"closed","template":"","meta":{"_expiration-date-status":"saved","_expiration-date":0,"_expiration-date-type":"","_expiration-date-categories":[],"_expiration-date-options":[]},"acf":[],"_links":{"self":[{"href":"https:\/\/us.edu.pl\/instytut\/inp\/wp-json\/wp\/v2\/pages\/772"}],"collection":[{"href":"https:\/\/us.edu.pl\/instytut\/inp\/wp-json\/wp\/v2\/pages"}],"about":[{"href":"https:\/\/us.edu.pl\/instytut\/inp\/wp-json\/wp\/v2\/types\/page"}],"author":[{"embeddable":true,"href":"https:\/\/us.edu.pl\/instytut\/inp\/wp-json\/wp\/v2\/users\/141"}],"replies":[{"embeddable":true,"href":"https:\/\/us.edu.pl\/instytut\/inp\/wp-json\/wp\/v2\/comments?post=772"}],"version-history":[{"count":6,"href":"https:\/\/us.edu.pl\/instytut\/inp\/wp-json\/wp\/v2\/pages\/772\/revisions"}],"predecessor-version":[{"id":7367,"href":"https:\/\/us.edu.pl\/instytut\/inp\/wp-json\/wp\/v2\/pages\/772\/revisions\/7367"}],"wp:attachment":[{"href":"https:\/\/us.edu.pl\/instytut\/inp\/wp-json\/wp\/v2\/media?parent=772"}],"curies":[{"name":"wp","href":"https:\/\/api.w.org\/{rel}","templated":true}]}}