{"id":777,"date":"2020-01-02T22:14:52","date_gmt":"2020-01-02T21:14:52","guid":{"rendered":"http:\/\/us.edu.pl\/instytut\/inp\/?page_id=777"},"modified":"2025-01-08T13:23:53","modified_gmt":"2025-01-08T12:23:53","slug":"wojtasik-waldemar-ekspert","status":"publish","type":"page","link":"https:\/\/us.edu.pl\/instytut\/inp\/wojtasik-waldemar-ekspert\/","title":{"rendered":"Wojtasik Waldemar &#8211; ekspert"},"content":{"rendered":"<p>[vc_row][vc_column]\r\n                <div class=\"text-modules reverse\">\r\n                    <div class=\"container\">\r\n                        <h3 class=\"section-title section-title_border-bottom\">prof. dr hab. Waldemar Wojtasik<\/h3> \r\n                        <div class=\"row m-0\">\r\n                            <div class=\"text-modules__content\">\r\n                                <\/p>\n<h3>1) Dane<\/h3>\n<p>Imi\u0119 i nazwisko: Waldemar Wojtasik<br \/>\nInstytut: Instytut Nauk Politycznych<br \/>\nE-mail: waldemar.wojtasik@us.edu.pl<\/p>\n<h3>2) Proponowane pola wsp\u00f3\u0142pracy<\/h3>\n<p>Empiryczne diagnozy oczekiwa\u0144 i potrzeb spo\u0142ecznych, analiza otoczenia spo\u0142ecznego, projektowanie, bud\u017cetowanie i realizacja kampanii spo\u0142ecznych i wyborczych.<br \/>\nIndywidualne i instytucjonalne doradztwo wizerunkowe. Kreowanie i zarz\u0105dzanie wizerunkiem w warunkach kryzysu. Promocja wizerunkowa.<\/p>\n<h3>3) Sylwetka eksperta<\/h3>\n<p>Autor ponad 100 prac naukowych opublikowanych w kraju i za granic\u0105. Za\u0142o\u017cyciel Towarzystwa Inicjatyw Naukowych, Fundacji Akademickiej IPSO ORDO, czasopisma Political Preferences i Sekcji Bada\u0144 Wyborczych Polskiego Towarzystwa Nauk Politycznych. Prezes katowickiego oddzia\u0142u Polskiego Towarzystwa Nauk Politycznych w latach 2008-2014. Ekspert Fundacji Edukacji Rynku Kapita\u0142owego, Obserwatorium Proces\u00f3w Miejskich i Metropolitalnych oraz Sektorowego Programu Operacyjnego Rozw\u00f3j Zasob\u00f3w Ludzkich &#8211; Priorytet 2, Dzia\u0142anie 2.1.<\/p>\n<h3>4) Do\u015bwiadczenia &#8211; realizowane projekty badawcze i praktyczne<\/h3>\n<p>Tw\u00f3rca Zintegrowanego Systemu Zabezpieczenia Antykorupcyjnego (ZSZA), wdra\u017canego w administracji, samorz\u0105dzie terytorialnym, przedsi\u0119biorstwach pa\u0144stwowych i firmach prywatnych, realizuj\u0105cego za\u0142o\u017cenia Rz\u0105dowej Strategii Przeciwdzia\u0142ania Korupcji 2014-2019. Wprowadzi\u0142 do mi\u0119dzynarodowego dyskursu naukowego pierwsze empiryczne narz\u0119dzie do badania poziomu deformacji politycznej reprezentacji (Congruent Representation), uzyskiwanej w wyniku przeprowadzonych wybor\u00f3w powszechnych. Ekspert w wiod\u0105cym europejskim programie badawczym EUvox, analizuj\u0105cym zale\u017cno\u015bci przestrzennych teorii g\u0142osowania i realizowanym we wszystkich pa\u0144stwach Unii Europejskiej. Ekspert w projekcie EPAC \u2013 Expert Survey on Ethnonationalism in Party Competition, realizowanym od 2011 roku przez Universit\u00e4t Konstanz i University of Bern. \r\n                                <div class=\"mt-3\"><\/div>\r\n                            <\/div>\r\n                            \r\n                            <div class=\"text-modules__img\"><img src=\"https:\/\/us.edu.pl\/instytut\/inp\/wp-content\/uploads\/sites\/31\/Nieprzypisane\/waldemar_wojtasik.jpg\" alt=\"img\"><\/div>\r\n                        <\/div>\r\n                    <\/div>\r\n                <\/div>[\/vc_column][\/vc_row]<\/p>","protected":false},"excerpt":{"rendered":"<p>[vc_row][vc_column][\/vc_column][\/vc_row] [&#8230;]<\/p>\n<p><a class=\"btn btn-secondary understrap-read-more-link\" href=\"https:\/\/us.edu.pl\/instytut\/inp\/wojtasik-waldemar-ekspert\/\">Read More&#8230;<\/a><\/p>\n","protected":false},"author":141,"featured_media":0,"parent":0,"menu_order":0,"comment_status":"closed","ping_status":"closed","template":"","meta":{"_expiration-date-status":"saved","_expiration-date":0,"_expiration-date-type":"","_expiration-date-categories":[],"_expiration-date-options":[]},"acf":[],"_links":{"self":[{"href":"https:\/\/us.edu.pl\/instytut\/inp\/wp-json\/wp\/v2\/pages\/777"}],"collection":[{"href":"https:\/\/us.edu.pl\/instytut\/inp\/wp-json\/wp\/v2\/pages"}],"about":[{"href":"https:\/\/us.edu.pl\/instytut\/inp\/wp-json\/wp\/v2\/types\/page"}],"author":[{"embeddable":true,"href":"https:\/\/us.edu.pl\/instytut\/inp\/wp-json\/wp\/v2\/users\/141"}],"replies":[{"embeddable":true,"href":"https:\/\/us.edu.pl\/instytut\/inp\/wp-json\/wp\/v2\/comments?post=777"}],"version-history":[{"count":5,"href":"https:\/\/us.edu.pl\/instytut\/inp\/wp-json\/wp\/v2\/pages\/777\/revisions"}],"predecessor-version":[{"id":7368,"href":"https:\/\/us.edu.pl\/instytut\/inp\/wp-json\/wp\/v2\/pages\/777\/revisions\/7368"}],"wp:attachment":[{"href":"https:\/\/us.edu.pl\/instytut\/inp\/wp-json\/wp\/v2\/media?parent=777"}],"curies":[{"name":"wp","href":"https:\/\/api.w.org\/{rel}","templated":true}]}}