{"id":788,"date":"2020-01-02T22:35:21","date_gmt":"2020-01-02T21:35:21","guid":{"rendered":"http:\/\/us.edu.pl\/instytut\/inp\/?page_id=788"},"modified":"2020-01-03T10:12:29","modified_gmt":"2020-01-03T09:12:29","slug":"lorencka-malgorzata-ekspert","status":"publish","type":"page","link":"https:\/\/us.edu.pl\/instytut\/inp\/lorencka-malgorzata-ekspert\/","title":{"rendered":"Lorencka Ma\u0142gorzata &#8211; ekspert"},"content":{"rendered":"<p>[vc_row][vc_column]\r\n                <div class=\"text-modules reverse\">\r\n                    <div class=\"container\">\r\n                        <h3 class=\"section-title section-title_border-bottom\">dr Malgorzata Lorencka<\/h3> \r\n                        <div class=\"row m-0\">\r\n                            <div class=\"text-modules__content\">\r\n                                <\/p>\n<h3>1) Dane<\/h3>\n<p>Imi\u0119 i nazwisko:\u00a0Ma\u0142gorzata Lorencka<br \/>\nInstytut:\u00a0Instytut Nauk Politycznych<br \/>\nE-mail:\u00a0malgorzata.lorencka@us.edu.pl<\/p>\n<h3>2) Proponowane pola wsp\u00f3\u0142pracy<\/h3>\n<p>Problematyka funkcjonowania system\u00f3w politycznych W\u0142och i Grecji ze szczeg\u00f3lnym uwzgl\u0119dnieniem systemu wyborczego i partyjnego poni\u017cszych pa\u0144stw.<\/p>\n<h3>3) Sylwetka eksperta<\/h3>\n<p>Doktor, adiunkt w Instytucie Nauk Politycznych Uniwersytetu \u015al\u0105skiego. Zajmuje si\u0119 problematyk\u0105 system\u00f3w politycznych Republiki W\u0142oskiej i Republik Greckiej, ze szczeg\u00f3lnym uwzgl\u0119dnieniem systemu wyborczego i systemu partyjnego. Jest autorem m.in. pracy doktorskiej W\u0142oski system partyjny. Studium politologiczne (Katowice 2007) i wielu publikacji po\u015bwi\u0119conych mianom politycznym we W\u0142oszech i Grecji, m.in. W\u0142oskie pa\u0144stwo regionalne (Przegl\u0105d Sejmowy nr 4\/2005), Dyskusje wok\u00f3\u0142 konstytucyjnej reformy systemu rz\u0105d\u00f3w we W\u0142oszech (Przegl\u0105d Prawa Konstytucyjnego, nr 2-3\/2010), \u0179r\u00f3d\u0142a deformacji wyniku wybor\u00f3w parlamentarnych we W\u0142oszech (W: J. Iwanek (red.) Wp\u0142yw deformacji wyborczych na systemy polityczne, Toru\u0144 2014), W\u0142ochy i Grecja (W: M. My\u015bliwiec, K. Krysieniel (red.), Systemy polityczne wybranych pa\u0144stw Basenu Morza \u015ar\u00f3dziemnego , Pozna\u0144-Chorz\u00f3w 2011).<\/p>\n<h3>4) Do\u015bwiadczenia &#8211; realizowane projekty badawcze i praktyczne<\/h3>\n<p>Udzia\u0142 w dw\u00f3ch grantach NCN: w latach 2013-2017 -\u201eWp\u0142yw kryzysu gospodarczego na dzia\u0142anie systemu politycznego. Analiza przypadku Grecji, Hiszpanii i W\u0142och\u201d, nr wniosku 2013\/09\/B\/HS5\/00021, kierownik grantu \u2013 dr hab. Ma\u0142gorzata My\u015bliwiec; \u201eWp\u0142yw deformacji wyborczych na systemy polityczne\u201d, nr wniosku 2011\/01\/B\/HS5\/00549, kierownik grantu prof. dr hab. Jan Iwanek.<\/p>\n<h3>5) Sukcesy i nagrody<\/h3>\n<ul>\n<li>9 miesi\u0119czne stypendium naukowe rz\u0105du Republiki W\u0142oskiej w latach 2002\/2003<\/li>\n<li>isiting Professor w grudniu 2012 roku na Uniwersytecie Ivana Franki we Lwowie<\/li>\n<li>podpisanie 4 um\u00f3w bilateralnych w ramach programu Erasmus z uczelniami w\u0142oskimi i ich koordynacja (Rzym \u2013 La Sapienza, Padwa, Florencja, Neapol \u2013L\u2019Orientale<\/li>\n<\/ul>\n<div class=\"mt-3\"><\/div>\r\n                            <\/div>\r\n                            \r\n                            <div class=\"text-modules__img\"><img src=\"https:\/\/us.edu.pl\/instytut\/inp\/wp-content\/uploads\/sites\/31\/Nieprzypisane\/lorencka.png\" alt=\"img\"><\/div>\r\n                        <\/div>\r\n                    <\/div>\r\n                <\/div>[\/vc_column][\/vc_row]<\/p>","protected":false},"excerpt":{"rendered":"<p>[vc_row][vc_column][\/vc_column][\/vc_row] [&#8230;]<\/p>\n<p><a class=\"btn btn-secondary understrap-read-more-link\" href=\"https:\/\/us.edu.pl\/instytut\/inp\/lorencka-malgorzata-ekspert\/\">Read More&#8230;<\/a><\/p>\n","protected":false},"author":141,"featured_media":0,"parent":0,"menu_order":0,"comment_status":"closed","ping_status":"closed","template":"","meta":{"_expiration-date-status":"saved","_expiration-date":0,"_expiration-date-type":"","_expiration-date-categories":[],"_expiration-date-options":[]},"acf":[],"_links":{"self":[{"href":"https:\/\/us.edu.pl\/instytut\/inp\/wp-json\/wp\/v2\/pages\/788"}],"collection":[{"href":"https:\/\/us.edu.pl\/instytut\/inp\/wp-json\/wp\/v2\/pages"}],"about":[{"href":"https:\/\/us.edu.pl\/instytut\/inp\/wp-json\/wp\/v2\/types\/page"}],"author":[{"embeddable":true,"href":"https:\/\/us.edu.pl\/instytut\/inp\/wp-json\/wp\/v2\/users\/141"}],"replies":[{"embeddable":true,"href":"https:\/\/us.edu.pl\/instytut\/inp\/wp-json\/wp\/v2\/comments?post=788"}],"version-history":[{"count":3,"href":"https:\/\/us.edu.pl\/instytut\/inp\/wp-json\/wp\/v2\/pages\/788\/revisions"}],"predecessor-version":[{"id":800,"href":"https:\/\/us.edu.pl\/instytut\/inp\/wp-json\/wp\/v2\/pages\/788\/revisions\/800"}],"wp:attachment":[{"href":"https:\/\/us.edu.pl\/instytut\/inp\/wp-json\/wp\/v2\/media?parent=788"}],"curies":[{"name":"wp","href":"https:\/\/api.w.org\/{rel}","templated":true}]}}