{"id":792,"date":"2020-01-02T22:41:17","date_gmt":"2020-01-02T21:41:17","guid":{"rendered":"http:\/\/us.edu.pl\/instytut\/inp\/?page_id=792"},"modified":"2020-01-03T10:09:59","modified_gmt":"2020-01-03T09:09:59","slug":"stepien-lampa-natalia-ekspert","status":"publish","type":"page","link":"https:\/\/us.edu.pl\/instytut\/inp\/stepien-lampa-natalia-ekspert\/","title":{"rendered":"St\u0119pie\u0144-Lampa Natalia &#8211; ekspert"},"content":{"rendered":"<p>[vc_row][vc_column]\r\n                <div class=\"text-modules reverse\">\r\n                    <div class=\"container\">\r\n                        <h3 class=\"section-title section-title_border-bottom\">dr Natalia St\u0119pie\u0144-Lampa<\/h3> \r\n                        <div class=\"row m-0\">\r\n                            <div class=\"text-modules__content\">\r\n                                <\/p>\n<h3>1) Dane<\/h3>\n<p>Imi\u0119 i nazwisko: Natalia St\u0119pie\u0144-Lampa<br \/>\nInstytut: Instytut Nauk Politycznych<br \/>\nE-mail:\u00a0natalia.stepien@us.edu.pl<\/p>\n<h3>2) Proponowane pola wsp\u00f3\u0142pracy<\/h3>\n<p>Szkolenia dla nauczycieli z zakresu nowoczesnych metod nauczania (w tym narz\u0119dzi cyfrowych oraz form aktywizuj\u0105cych), a tak\u017ce autoprezentacji.<br \/>\nProwadzenie bada\u0144 z zakresu problem\u00f3w spo\u0142ecznych i polityki spo\u0142ecznej na zlecenie jednostek samorz\u0105du terytorialnego.<\/p>\n<h3>3) Sylwetka eksperta<\/h3>\n<p>Natalia St\u0119pie\u0144-Lampa, adiunkt w Zak\u0142adzie Polityki Spo\u0142ecznej. Wsp\u00f3\u0142pracuje z Centrum Kszta\u0142cenia U\u015a Maturzyst\u00f3w i U\u015a dla Nauczycieli. Zainteresowania naukowe zwi\u0105zane z problematyk\u0105 wyr\u00f3wnywania szans edukacyjnych, polityk\u0105 edukacyjn\u0105, zjawiskiem ub\u00f3stwa, w tym jego przestrzennej koncentracji.<\/p>\n<h3>4) Do\u015bwiadczenia &#8211; realizowane projekty badawcze i praktyczne<\/h3>\n<p>W latach 2012\u20142013 przeprowadzenie bada\u0144 nt. szans edukacyjnych dzieci i m\u0142odzie\u017cy z obszar\u00f3w wielkomiejskiej biedy w Siemianowicach \u015al\u0105skich. Od lutego 2013 roku wsp\u00f3\u0142tworzenie U\u015a M\u0142odzie\u017cy, od listopada 2013 roku trener U\u015a Maturzyst\u00f3w, od sierpnia 2016 roku trener U\u015a dla Nauczycieli.<\/p>\n<h3>5) Sukcesy i nagrody<\/h3>\n<p>W lipcu 2014 roku uzyskanie stopnia naukowego doktora nauk spo\u0142ecznych, praca doktorska obroniona z wyr\u00f3\u017cnieniem i rekomendacj\u0105 do druku. \r\n                                <div class=\"mt-3\"><\/div>\r\n                            <\/div>\r\n                            \r\n                            \r\n                        <\/div>\r\n                    <\/div>\r\n                <\/div>[\/vc_column][\/vc_row]<\/p>","protected":false},"excerpt":{"rendered":"<p>[vc_row][vc_column][\/vc_column][\/vc_row] [&#8230;]<\/p>\n<p><a class=\"btn btn-secondary understrap-read-more-link\" href=\"https:\/\/us.edu.pl\/instytut\/inp\/stepien-lampa-natalia-ekspert\/\">Read More&#8230;<\/a><\/p>\n","protected":false},"author":141,"featured_media":0,"parent":0,"menu_order":0,"comment_status":"closed","ping_status":"closed","template":"","meta":{"_expiration-date-status":"saved","_expiration-date":0,"_expiration-date-type":"","_expiration-date-categories":[],"_expiration-date-options":[]},"acf":[],"_links":{"self":[{"href":"https:\/\/us.edu.pl\/instytut\/inp\/wp-json\/wp\/v2\/pages\/792"}],"collection":[{"href":"https:\/\/us.edu.pl\/instytut\/inp\/wp-json\/wp\/v2\/pages"}],"about":[{"href":"https:\/\/us.edu.pl\/instytut\/inp\/wp-json\/wp\/v2\/types\/page"}],"author":[{"embeddable":true,"href":"https:\/\/us.edu.pl\/instytut\/inp\/wp-json\/wp\/v2\/users\/141"}],"replies":[{"embeddable":true,"href":"https:\/\/us.edu.pl\/instytut\/inp\/wp-json\/wp\/v2\/comments?post=792"}],"version-history":[{"count":2,"href":"https:\/\/us.edu.pl\/instytut\/inp\/wp-json\/wp\/v2\/pages\/792\/revisions"}],"predecessor-version":[{"id":799,"href":"https:\/\/us.edu.pl\/instytut\/inp\/wp-json\/wp\/v2\/pages\/792\/revisions\/799"}],"wp:attachment":[{"href":"https:\/\/us.edu.pl\/instytut\/inp\/wp-json\/wp\/v2\/media?parent=792"}],"curies":[{"name":"wp","href":"https:\/\/api.w.org\/{rel}","templated":true}]}}