{"id":795,"date":"2020-01-03T10:02:42","date_gmt":"2020-01-03T09:02:42","guid":{"rendered":"http:\/\/us.edu.pl\/instytut\/inp\/?page_id=795"},"modified":"2025-01-08T13:29:14","modified_gmt":"2025-01-08T12:29:14","slug":"turska-kawa-agnieszka-ekspert","status":"publish","type":"page","link":"https:\/\/us.edu.pl\/instytut\/inp\/turska-kawa-agnieszka-ekspert\/","title":{"rendered":"Turska-Kawa Agnieszka &#8211; ekspert"},"content":{"rendered":"<p>[vc_row][vc_column]\r\n                <div class=\"text-modules reverse\">\r\n                    <div class=\"container\">\r\n                        <h3 class=\"section-title section-title_border-bottom\">dr hab. Agnieszka Turska-Kawa, prof. U\u015a<\/h3> \r\n                        <div class=\"row m-0\">\r\n                            <div class=\"text-modules__content\">\r\n                                <\/p>\n<h3>1) Dane<\/h3>\n<p>Imi\u0119 i nazwisko: <a href=\"https:\/\/www.researchgate.net\/profile\/Agnieszka_Turska-Kawa\">Agnieszka Turska-Kawa<\/a><br \/>\nInstytut: Instytut Nauk Politycznych<br \/>\nE-mail: agnieszka.turska-kawa@us.edu.pl<\/p>\n<h3>2) Proponowane pola wsp\u00f3\u0142pracy<\/h3>\n<p>Nauka \u2013 empiryczne projekty badawcze na wszystkich etapach analizy (projektowanie bada\u0144, przeprowadzenie, analiza statystyczna, raport badawczy wraz z merytoryczn\u0105 analiz\u0105)<br \/>\nAdministracja \u2013 wsp\u00f3\u0142praca w ramach empirycznej diagnozy oczekiwa\u0144 i potrzeb spo\u0142ecznych, analiza otoczenia spo\u0142ecznego urz\u0119du, projektowanie kampanii spo\u0142ecznych i wyborczych<\/p>\n<h3>3) Sylwetka eksperta<\/h3>\n<p>Absolwentka dw\u00f3ch kierunk\u00f3w w Uniwersytecie \u015al\u0105skim \u2013 politologii oraz psychologii \u2013 kt\u00f3re konsekwentnie \u0142\u0105czy w ramach prac naukowo-badawczych. Pracownik Zak\u0142adu Bada\u0144 nad Zachowaniami Politycznymi, prezes Fundacji Akademickiej IPSO ORDO, redaktor naczelna czasopisma \u201ePolitical Preferences\u201d. Kierownik i wykonawczyni licznych grant\u00f3w naukowo-badawczych (m.in. Fundacji Wsp\u00f3\u0142pracy Polsko-Niemieckiej; Ministerstwa Rozwoju Regionalnego, Funduszu Inicjatyw Obywatelskich).<\/p>\n<h3>4) Do\u015bwiadczenia &#8211; realizowane projekty badawcze i praktyczne<\/h3>\n<ul>\n<li>Delegatka Polski w Management Committee COST Akcji CA15207 \u201eProfessionalisation and Social Impact of European Political Science\u201d. Prace naukowo-badawcze prowadzone s\u0105 w ramach grupy \u201eSocial impact, media visibility and participation od Political Science in public sphere\u201d (2016-2020);<\/li>\n<li>\u201ePsychological determinants of civic competences\u201d \u2013 mi\u0119dzynarodowy projekt w ramach wsp\u00f3\u0142pracy z Babes-Bolyai University (od 2016);<\/li>\n<li>Intergovernmental Media Relations and Agenda Building During the Smolensk Airline Crash, University of Florida, College of Journalism and Communications (od 2016).<\/li>\n<\/ul>\n<h3>5) Sukcesy i nagrody<\/h3>\n<ul>\n<li>Nagroda indywidualna II stopnia za dzia\u0142alno\u015b\u0107 naukowo-badawcz\u0105 przyznana przez JM Rektora Uniwersytetu \u015al\u0105skiego (2014);<\/li>\n<li>Nagroda \u201eDoktorat 2010\u201d za najlepsz\u0105 prac\u0119 doktorsk\u0105 obronion\u0105 w roku 2010, nagroda przyznana przez Polskie Towarzystwo Komunikacji Spo\u0142ecznej (2011);<\/li>\n<li>Nagroda III stopnia za najlepsz\u0105 prac\u0119 doktorsk\u0105 obronion\u0105 w 2010 roku na Uniwersytecie \u015al\u0105skim w zakresie nauk spo\u0142ecznych przyznana przez JM Rektora Uniwersytetu \u015al\u0105skiego (2011);<\/li>\n<li>Nagroda indywidualna II stopnia za dzia\u0142alno\u015b\u0107 naukowo-badawcz\u0105 przyznana przez JM Rektora Uniwersytetu \u015al\u0105skiego (2011);<\/li>\n<li>Stypendium naukowe MNiSW dla wybitnych m\u0142odych naukowc\u00f3w 2018-2019.<\/li>\n<\/ul>\n<div class=\"mt-3\"><\/div>\r\n                            <\/div>\r\n                            \r\n                            <div class=\"text-modules__img\"><img src=\"https:\/\/us.edu.pl\/instytut\/inp\/wp-content\/uploads\/sites\/31\/Nieprzypisane\/ATK.png\" alt=\"img\"><\/div>\r\n                        <\/div>\r\n                    <\/div>\r\n                <\/div>[\/vc_column][\/vc_row]<\/p>","protected":false},"excerpt":{"rendered":"<p>[vc_row][vc_column][\/vc_column][\/vc_row] [&#8230;]<\/p>\n<p><a class=\"btn btn-secondary understrap-read-more-link\" href=\"https:\/\/us.edu.pl\/instytut\/inp\/turska-kawa-agnieszka-ekspert\/\">Read More&#8230;<\/a><\/p>\n","protected":false},"author":141,"featured_media":0,"parent":0,"menu_order":0,"comment_status":"closed","ping_status":"closed","template":"","meta":{"_expiration-date-status":"saved","_expiration-date":0,"_expiration-date-type":"","_expiration-date-categories":[],"_expiration-date-options":[]},"acf":[],"_links":{"self":[{"href":"https:\/\/us.edu.pl\/instytut\/inp\/wp-json\/wp\/v2\/pages\/795"}],"collection":[{"href":"https:\/\/us.edu.pl\/instytut\/inp\/wp-json\/wp\/v2\/pages"}],"about":[{"href":"https:\/\/us.edu.pl\/instytut\/inp\/wp-json\/wp\/v2\/types\/page"}],"author":[{"embeddable":true,"href":"https:\/\/us.edu.pl\/instytut\/inp\/wp-json\/wp\/v2\/users\/141"}],"replies":[{"embeddable":true,"href":"https:\/\/us.edu.pl\/instytut\/inp\/wp-json\/wp\/v2\/comments?post=795"}],"version-history":[{"count":2,"href":"https:\/\/us.edu.pl\/instytut\/inp\/wp-json\/wp\/v2\/pages\/795\/revisions"}],"predecessor-version":[{"id":7373,"href":"https:\/\/us.edu.pl\/instytut\/inp\/wp-json\/wp\/v2\/pages\/795\/revisions\/7373"}],"wp:attachment":[{"href":"https:\/\/us.edu.pl\/instytut\/inp\/wp-json\/wp\/v2\/media?parent=795"}],"curies":[{"name":"wp","href":"https:\/\/api.w.org\/{rel}","templated":true}]}}