{"id":805,"date":"2020-01-03T11:07:42","date_gmt":"2020-01-03T10:07:42","guid":{"rendered":"http:\/\/us.edu.pl\/instytut\/inp\/?page_id=805"},"modified":"2020-11-03T11:57:45","modified_gmt":"2020-11-03T10:57:45","slug":"ipsa","status":"publish","type":"page","link":"https:\/\/us.edu.pl\/instytut\/inp\/ipsa\/","title":{"rendered":"IPSA"},"content":{"rendered":"<p>[vc_row][vc_column]\r\n                <div class=\"text-modules \">\r\n                    <div class=\"container\">\r\n                        <h3 class=\"section-title section-title_border-bottom\">IPSA<\/h3> \r\n                        <div class=\"row m-0\">\r\n                            <div class=\"text-modules__content\">\r\n                                <strong>International Political Science Association (IPSA)<\/strong> zosta\u0142o za\u0142o\u017cone w Pary\u017cu w 1949 roku pod egid\u0105 United Nations Educational, Scientific and Cultural Organisation (UNESCO). Fundamentalny cel stowarzyszenia, wyra\u017cony w jego oficjalnych dokumentach to wspieranie rozwoju nauk politycznych na ca\u0142ym \u015bwiecie oraz poprzez to, budowanie zintegrowanej sieci spo\u0142eczno\u015bci badaczy zajmuj\u0105cych si\u0119 w przedmiocie swoich refleksji naukami politycznymi.<\/p>\n<p>Dzia\u0142ania podejmowane przez IPSA wspieraj\u0105 jej misj\u0119. IPSA integruje krajowe stowarzyszenia nauk politycznych, inicjuje wsp\u00f3\u0142prac\u0119 mi\u0119dzy nimi. Wspiera rozw\u00f3j innych mi\u0119dzynarodowych i regionalnych jednostek nauk politycznych. Cele wzmacnia r\u00f3wnie\u017c aktywno\u015b\u0107 publikacyjna \u2013 IPSA prowadzi czasopisma: Political Science Review, International Political Science Abstract, World Political Science, Participation oraz Portal IPSA, na \u0142amach kt\u00f3rych zamieszczaj\u0105 swoje analizy badacze z ca\u0142ego \u015bwiata. IPSAm.in. co dwa lata organizuje \u015awiatowe Kongresy Nauk Politycznych, prowadzi letnie szko\u0142y metodologiczne.<\/p>\n<p>Pracownicy INP bior\u0105 udzia\u0142 w przedsi\u0119wzi\u0119ciach inicjowanych przez IPSA.<\/p>\n<p>Wi\u0119cej szczeg\u00f3\u0142\u00f3w na stornie internetowej <a href=\"https:\/\/www.ipsa.org\/\">IPSA<\/a>. \r\n                                <div class=\"mt-3\"><\/div>\r\n                            <\/div>\r\n                            \r\n                            <div class=\"text-modules__img\"><img src=\"https:\/\/us.edu.pl\/instytut\/inp\/wp-content\/uploads\/sites\/31\/Nieprzypisane\/ipsa-logo.png\" alt=\"img\"><\/div>\r\n                        <\/div>\r\n                    <\/div>\r\n                <\/div>[\/vc_column][\/vc_row]<\/p>","protected":false},"excerpt":{"rendered":"<p>[vc_row][vc_column][\/vc_column][\/vc_row] [&#8230;]<\/p>\n<p><a class=\"btn btn-secondary understrap-read-more-link\" href=\"https:\/\/us.edu.pl\/instytut\/inp\/ipsa\/\">Read More&#8230;<\/a><\/p>\n","protected":false},"author":141,"featured_media":0,"parent":0,"menu_order":0,"comment_status":"closed","ping_status":"closed","template":"page-templates\/page-with-sidebar.php","meta":{"_expiration-date-status":"saved","_expiration-date":0,"_expiration-date-type":"","_expiration-date-categories":[],"_expiration-date-options":[]},"acf":[],"_links":{"self":[{"href":"https:\/\/us.edu.pl\/instytut\/inp\/wp-json\/wp\/v2\/pages\/805"}],"collection":[{"href":"https:\/\/us.edu.pl\/instytut\/inp\/wp-json\/wp\/v2\/pages"}],"about":[{"href":"https:\/\/us.edu.pl\/instytut\/inp\/wp-json\/wp\/v2\/types\/page"}],"author":[{"embeddable":true,"href":"https:\/\/us.edu.pl\/instytut\/inp\/wp-json\/wp\/v2\/users\/141"}],"replies":[{"embeddable":true,"href":"https:\/\/us.edu.pl\/instytut\/inp\/wp-json\/wp\/v2\/comments?post=805"}],"version-history":[{"count":4,"href":"https:\/\/us.edu.pl\/instytut\/inp\/wp-json\/wp\/v2\/pages\/805\/revisions"}],"predecessor-version":[{"id":3014,"href":"https:\/\/us.edu.pl\/instytut\/inp\/wp-json\/wp\/v2\/pages\/805\/revisions\/3014"}],"wp:attachment":[{"href":"https:\/\/us.edu.pl\/instytut\/inp\/wp-json\/wp\/v2\/media?parent=805"}],"curies":[{"name":"wp","href":"https:\/\/api.w.org\/{rel}","templated":true}]}}