{"id":811,"date":"2020-01-03T11:19:57","date_gmt":"2020-01-03T10:19:57","guid":{"rendered":"http:\/\/us.edu.pl\/instytut\/inp\/?page_id=811"},"modified":"2025-01-15T15:05:45","modified_gmt":"2025-01-15T14:05:45","slug":"my-w-mediach","status":"publish","type":"page","link":"https:\/\/us.edu.pl\/instytut\/inp\/en\/my-w-mediach\/","title":{"rendered":"Our media presence"},"content":{"rendered":"<p>[vc_row][vc_column]\r\n                <div class=\"tiles-section\" style=\"background: \">\r\n                    <div class=\"container\">\r\n                        <div class=\"tiles tiles-3 color-blue\">\r\n                            <a href=\"https:\/\/www.cope.es\/programas\/la-linterna\/el-tema-del-dia\/audios\/anos-liberacion-auschwitz-20200127_988425\" class=\"tile tile_2\">\r\n                                <div class=\"tile__img\">\r\n                                    \r\n                                <\/div>\r\n                                <div class=\"tile__title-small\">Ma\u0142gorzata My\u015bliwiec<\/div>\r\n                                <div class=\"tile__title-big\">75 a\u00f1os de la liberaci\u00f3n de Auschwitz (g\u0142os o 75 rocznicy wyzwolenia Auschwitz w hiszpa\u0144skim radio COPE - 27.01.2020)<\/div>\r\n                            <\/a><\/div>\r\n                    <\/div>\r\n                <\/div>\r\n                [\/vc_column][\/vc_row]<\/p>","protected":false},"excerpt":{"rendered":"<p>[vc_row][vc_column][\/vc_column][\/vc_row] [&#8230;]<\/p>\n<p><a class=\"btn btn-secondary understrap-read-more-link\" href=\"https:\/\/us.edu.pl\/instytut\/inp\/en\/my-w-mediach\/\">Read More&#8230;<\/a><\/p>\n","protected":false},"author":141,"featured_media":0,"parent":0,"menu_order":0,"comment_status":"closed","ping_status":"closed","template":"","meta":{"_expiration-date-status":"saved","_expiration-date":0,"_expiration-date-type":"","_expiration-date-categories":[],"_expiration-date-options":[]},"acf":[],"_links":{"self":[{"href":"https:\/\/us.edu.pl\/instytut\/inp\/en\/wp-json\/wp\/v2\/pages\/811"}],"collection":[{"href":"https:\/\/us.edu.pl\/instytut\/inp\/en\/wp-json\/wp\/v2\/pages"}],"about":[{"href":"https:\/\/us.edu.pl\/instytut\/inp\/en\/wp-json\/wp\/v2\/types\/page"}],"author":[{"embeddable":true,"href":"https:\/\/us.edu.pl\/instytut\/inp\/en\/wp-json\/wp\/v2\/users\/141"}],"replies":[{"embeddable":true,"href":"https:\/\/us.edu.pl\/instytut\/inp\/en\/wp-json\/wp\/v2\/comments?post=811"}],"version-history":[{"count":10,"href":"https:\/\/us.edu.pl\/instytut\/inp\/en\/wp-json\/wp\/v2\/pages\/811\/revisions"}],"predecessor-version":[{"id":7490,"href":"https:\/\/us.edu.pl\/instytut\/inp\/en\/wp-json\/wp\/v2\/pages\/811\/revisions\/7490"}],"wp:attachment":[{"href":"https:\/\/us.edu.pl\/instytut\/inp\/en\/wp-json\/wp\/v2\/media?parent=811"}],"curies":[{"name":"wp","href":"https:\/\/api.w.org\/{rel}","templated":true}]}}