{"id":8328,"date":"2025-07-09T18:15:52","date_gmt":"2025-07-09T16:15:52","guid":{"rendered":"https:\/\/us.edu.pl\/instytut\/inp\/?page_id=8328"},"modified":"2025-07-09T18:15:52","modified_gmt":"2025-07-09T16:15:52","slug":"ksztaltowanie-kompetencji-obywatelskich","status":"publish","type":"page","link":"https:\/\/us.edu.pl\/instytut\/inp\/ksztaltowanie-kompetencji-obywatelskich\/","title":{"rendered":"Kszta\u0142towanie kompetencji obywatelskich jako wyzwanie dla wsp\u00f3\u0142czesnych politolog\u00f3w"},"content":{"rendered":"<p>[vc_row][vc_column]\r\n                <div class=\"text-modules\">\r\n                    <div class=\"container\">\r\n                        <h3 class=\"page-title text__title\">Kszta\u0142towanie kompetencji obywatelskich jako wyzwanie dla wsp\u00f3\u0142czesnych politolog\u00f3w<\/h3>\r\n                        <div class=\"text-modules__content\"><p>Kszta\u0142towanie kompetencji obywatelskich jako wyzwanie dla wsp\u00f3\u0142czesnych politolog\u00f3w<\/p>\n<p>Kierownik: dr hab. Rafa\u0142 Glajcar, prof. U\u015a<\/p>\n<p>&nbsp;<\/p>\n<p>&nbsp;<\/p>\n<p>Czas trwania projektu: 1 pa\u017adziernika 2023 &#8211; 31 grudnia 2025<\/p>\n<p><img class=\"alignnone size-medium wp-image-8342\" src=\"https:\/\/us.edu.pl\/instytut\/inp\/wp-content\/uploads\/sites\/31\/Bez-kategorii\/men-1-300x102.png\" alt=\"\" width=\"300\" height=\"102\" srcset=\"https:\/\/us.edu.pl\/instytut\/inp\/wp-content\/uploads\/sites\/31\/Bez-kategorii\/men-1-300x102.png 300w, https:\/\/us.edu.pl\/instytut\/inp\/wp-content\/uploads\/sites\/31\/Bez-kategorii\/men-1.png 407w\" sizes=\"(max-width: 300px) 100vw, 300px\" \/><\/p>\n<p>Projekt dofinansowany ze \u015brodk\u00f3w bud\u017cetu pa\u0144stwa, przyznanych przez Ministra Edukacji i Nauki w ramach Programu \u201eSpo\u0142eczna odpowiedzialno\u015b\u0107 nauki II &#8211; Popularyzacja nauki&#8221;<\/p>\n<\/div>\r\n                    <\/div>\r\n                <\/div>[\/vc_column][\/vc_row]<\/p>","protected":false},"excerpt":{"rendered":"<p>[vc_row][vc_column][\/vc_column][\/vc_row] [&#8230;]<\/p>\n<p><a class=\"btn btn-secondary understrap-read-more-link\" href=\"https:\/\/us.edu.pl\/instytut\/inp\/ksztaltowanie-kompetencji-obywatelskich\/\">Read More&#8230;<\/a><\/p>\n","protected":false},"author":7155,"featured_media":0,"parent":0,"menu_order":0,"comment_status":"closed","ping_status":"closed","template":"page-templates\/page-with-sidebar.php","meta":{"_expiration-date-status":"","_expiration-date":0,"_expiration-date-type":"","_expiration-date-categories":[],"_expiration-date-options":[]},"acf":[],"_links":{"self":[{"href":"https:\/\/us.edu.pl\/instytut\/inp\/wp-json\/wp\/v2\/pages\/8328"}],"collection":[{"href":"https:\/\/us.edu.pl\/instytut\/inp\/wp-json\/wp\/v2\/pages"}],"about":[{"href":"https:\/\/us.edu.pl\/instytut\/inp\/wp-json\/wp\/v2\/types\/page"}],"author":[{"embeddable":true,"href":"https:\/\/us.edu.pl\/instytut\/inp\/wp-json\/wp\/v2\/users\/7155"}],"replies":[{"embeddable":true,"href":"https:\/\/us.edu.pl\/instytut\/inp\/wp-json\/wp\/v2\/comments?post=8328"}],"version-history":[{"count":1,"href":"https:\/\/us.edu.pl\/instytut\/inp\/wp-json\/wp\/v2\/pages\/8328\/revisions"}],"predecessor-version":[{"id":8346,"href":"https:\/\/us.edu.pl\/instytut\/inp\/wp-json\/wp\/v2\/pages\/8328\/revisions\/8346"}],"wp:attachment":[{"href":"https:\/\/us.edu.pl\/instytut\/inp\/wp-json\/wp\/v2\/media?parent=8328"}],"curies":[{"name":"wp","href":"https:\/\/api.w.org\/{rel}","templated":true}]}}