{"id":128,"date":"2020-05-11T12:16:36","date_gmt":"2020-05-11T10:16:36","guid":{"rendered":"https:\/\/us.edu.pl\/instytut\/inpr\/?page_id=128"},"modified":"2026-04-01T10:11:01","modified_gmt":"2026-04-01T08:11:01","slug":"pracownicy-instytutu","status":"publish","type":"page","link":"https:\/\/us.edu.pl\/instytut\/inpr\/instytut\/pracownicy-instytutu\/","title":{"rendered":"Pracownicy Instytutu"},"content":{"rendered":"<p>[vc_row][vc_column]\r\n                <div class=\"text-modules\">\r\n                    <div class=\"container\">\r\n                        <h3 class=\"page-title text__title\">Pracownicy Instytutu<\/h3>\r\n                        <div class=\"text-modules__content\"><\/div>\r\n                    <\/div>\r\n                <\/div>\r\n                <div class=\"text-modules\">\r\n                    <div class=\"container\">\r\n                        \r\n                        <div class=\"text-modules__content\"><\/p>\n<ul>\n<li><a href=\"https:\/\/ab.us.edu.pl\/emp?id=PE59015\">Adamczyk Tomasz<\/a>, dr<\/li>\n<li><a href=\"https:\/\/ab.us.edu.pl\/emp?id=54273\">Bara\u0144ski Micha\u0142<\/a>, dr<\/li>\n<li><a href=\"https:\/\/ab.us.edu.pl\/emp?id=812\">Barcik Jacek<\/a>, prof. dr hab<\/li>\n<li><a href=\"https:\/\/ab.us.edu.pl\/emp?id=PE251935\">Bartoszek Mateusz<\/a>, mgr<\/li>\n<li><a href=\"https:\/\/ab.us.edu.pl\/emp?id=42271\">Bek Dominika<\/a>, dr<\/li>\n<li><a href=\"https:\/\/ab.us.edu.pl\/emp?id=PE120488\">Bicz-Kordonets Anna<\/a>, dr<\/li>\n<li><a href=\"https:\/\/ab.us.edu.pl\/emp?id=1392\">Bielska-Brodziak Agnieszka<\/a>, dr hab. prof. U\u015a<\/li>\n<li><a href=\"https:\/\/ab.us.edu.pl\/emp?id=PE247021\">Biernat Jakub<\/a>, dr hab.<\/li>\n<li><a href=\"https:\/\/ab.us.edu.pl\/emp?id=43531\">Bi\u0142gorajski Artur<\/a>, dr<\/li>\n<li><a href=\"https:\/\/ab.us.edu.pl\/emp?id=1612\">Blicharz Rafa\u0142<\/a>, prof. dr hab.<\/li>\n<li><a href=\"https:\/\/ab.us.edu.pl\/emp?id=2022\">Bo\u017cek Micha\u0142<\/a>, dr hab. prof. U\u015a<\/li>\n<li><a href=\"https:\/\/ab.us.edu.pl\/emp?id=PE181597\">Bu\u0142awa Piotr<\/a>, dr<\/li>\n<li><a href=\"https:\/\/ab.us.edu.pl\/emp?id=PE191134\">Burdzik Marcin<\/a>, dr<\/li>\n<li><a href=\"https:\/\/ab.us.edu.pl\/emp?id=3092\">Chor\u0105\u017cewska Anna<\/a>, dr hab. prof. U\u015a<\/li>\n<li><a href=\"https:\/\/ab.us.edu.pl\/emp?id=PE147478\">Cis Barbara<\/a>, mgr<\/li>\n<li><a href=\"https:\/\/ab.us.edu.pl\/emp?id=35301\">Cybulska Renata<\/a>, dr<\/li>\n<li><a href=\"https:\/\/ab.us.edu.pl\/emp?id=50292\">Czerwi\u0144ska-Koral Katarzyna<\/a>, dr<\/li>\n<li><a href=\"https:\/\/ab.us.edu.pl\/emp?id=4422\">Dobrowolski Grzegorz<\/a>, dr hab. prof. U\u015a<\/li>\n<li><a href=\"https:\/\/ab.us.edu.pl\/emp?id=4512\">Dolnicki Bogdan<\/a>, prof. dr hab.<\/li>\n<li><a href=\"https:\/\/ab.us.edu.pl\/emp?id=64983\">Drapalska-Grochowicz Marlena<\/a>, dr<\/li>\n<li><a href=\"https:\/\/ab.us.edu.pl\/emp?id=6042\">Fuchs Bernadetta<\/a>, prof. dr hab.<\/li>\n<li><a href=\"https:\/\/ab.us.edu.pl\/emp?id=PE193162\">Gabor <\/a><a href=\"https:\/\/ab.us.edu.pl\/emp?id=PE193162\">Dominik <\/a>, mgr<\/li>\n<li><a href=\"https:\/\/ab.us.edu.pl\/emp?id=49372\">Gajda-Roszczynialska Katarzyna<\/a>, dr hab. prof. U\u015a<\/li>\n<li><a href=\"https:\/\/ab.us.edu.pl\/emp?id=6552\">Ga\u0142a Pawe\u0142<\/a>, dr<\/li>\n<li><a href=\"https:\/\/ab.us.edu.pl\/emp?id=PE145387\">Gawron Arkadiusz<\/a>, dr<\/li>\n<li><a href=\"https:\/\/ab.us.edu.pl\/emp?id=6962\">Glumi\u0144ska-Pawlic Jadwiga<\/a>, prof. dr hab.<\/li>\n<li><a href=\"https:\/\/ab.us.edu.pl\/emp?id=7182\">Gorczy\u0144ski Grzegorz<\/a>, dr<\/li>\n<li><a href=\"https:\/\/ab.us.edu.pl\/emp?id=8162\">G\u00f3recki Jacek<\/a>, prof. dr hab.<\/li>\n<li><a href=\"https:\/\/ab.us.edu.pl\/emp?id=59343\">Graczyk Konrad<\/a>, dr hab. prof. U\u015a<\/li>\n<li><a href=\"https:\/\/ab.us.edu.pl\/emp?id=38161\">Gramatyka Micha\u0142<\/a>, dr<\/li>\n<li><a href=\"https:\/\/ab.us.edu.pl\/emp?id=59943\">Gredka-Ligarska Iwona<\/a>, dr<\/li>\n<li><a href=\"https:\/\/ab.us.edu.pl\/emp?id=54553\">Gregorczyk Dawid<\/a>, dr<\/li>\n<li><a href=\"https:\/\/ab.us.edu.pl\/emp?id=35531\">Gronkiewicz Anna<\/a>, dr<\/li>\n<li><a href=\"https:\/\/ab.us.edu.pl\/emp?id=65293\">Grudecki Micha\u0142<\/a>, dr prof. U\u015a<\/li>\n<li><a href=\"https:\/\/ab.us.edu.pl\/emp?id=7842\">Grzybczyk Katarzyna<\/a>, prof. dr hab.<\/li>\n<li><a href=\"https:\/\/ab.us.edu.pl\/emp?id=46701\">Gwo\u017adziewicz-Matan Paulina<\/a>, dr<\/li>\n<li><a href=\"https:\/\/ab.us.edu.pl\/emp?id=59953\">Gw\u00f3\u017ad\u017a Tomasz<\/a>, dr<\/li>\n<li><a href=\"https:\/\/ab.us.edu.pl\/emp?id=8512\">Habdas Magdalena<\/a>, dr hab. prof. U\u015a<\/li>\n<li><a href=\"https:\/\/ab.us.edu.pl\/emp?id=43711\">Ho\u0142da-Wydrzy\u0144ska Anna<\/a>, dr<\/li>\n<li><a href=\"https:\/\/ab.us.edu.pl\/emp?id=64693\">Iwan-Sojka Dominika<\/a> dr<\/li>\n<li><a href=\"https:\/\/ab.us.edu.pl\/emp?id=9202\">Jagielska Monika<\/a>, prof. dr hab.<\/li>\n<li><a href=\"https:\/\/ab.us.edu.pl\/emp?id=9212\">Jagielski Mariusz<\/a>, dr hab. prof. U\u015a<\/li>\n<li><a href=\"https:\/\/ab.us.edu.pl\/emp?id=9242\">Jagoda Joanna<\/a>, dr hab. prof. U\u015a<\/li>\n<li><a href=\"https:\/\/ab.us.edu.pl\/emp?id=9462\">Janik Marcin<\/a>, dr hab. prof. U\u015a<\/li>\n<li><a href=\"https:\/\/ab.us.edu.pl\/emp?id=36251\">Jankowska-Augustyn Marlena<\/a>, dr hab. prof. U\u015a<\/li>\n<li><a href=\"https:\/\/ab.us.edu.pl\/emp?id=42081\">Jaworska-Wieloch Anna<\/a>, dr<\/li>\n<li><a href=\"https:\/\/ab.us.edu.pl\/emp?id=PE260307\">Juzaszek Maciej<\/a>, dr<\/li>\n<li><a href=\"https:\/\/ab.us.edu.pl\/emp?id=PE167427\">Kami\u0144ska Katarzyna<\/a>, dr<\/li>\n<li><a href=\"https:\/\/ab.us.edu.pl\/emp?id=10562\">Kania Micha\u0142<\/a>, dr hab. prof. U\u015a<\/li>\n<li><a href=\"https:\/\/ab.us.edu.pl\/emp?id=11662\">Klyta Wojciech<\/a>, dr hab.<\/li>\n<li><a href=\"https:\/\/ab.us.edu.pl\/emp?id=51812\">Koczur Joanna<\/a>, dr<\/li>\n<li><a href=\"https:\/\/ab.us.edu.pl\/emp?id=PE155073\">Konca Paulina<\/a>, dr<\/li>\n<li><a href=\"https:\/\/ab.us.edu.pl\/emp?id=12232\">Koper Rados\u0142aw<\/a>, prof. dr hab.<\/li>\n<li><a href=\"https:\/\/ab.us.edu.pl\/emp?id=42191\">Kozio\u0142 Agata<\/a>, dr<\/li>\n<li><a href=\"https:\/\/ab.us.edu.pl\/emp?id=54743\">Kr\u00f3liczek Pawe\u0142<\/a>,dr<\/li>\n<li><a href=\"https:\/\/ab.us.edu.pl\/emp?id=51872\">Kubista Bartosz<\/a>, dr<\/li>\n<li><a href=\"https:\/\/ab.us.edu.pl\/emp?id=46171\">Kucia Bartosz<\/a>, dr<\/li>\n<li><a href=\"https:\/\/ab.us.edu.pl\/emp?id=14402\">Kurowski Witold<\/a>, dr hab. prof. U\u015a<\/li>\n<li><a href=\"https:\/\/ab.us.edu.pl\/emp?id=14432\">Kurzyna-Chmiel Danuta<\/a>, dr hab. prof. U\u015a &#8211; pracownik Wydzia\u0142u Sztuki i Nauki o Edukacji<\/li>\n<li><a href=\"https:\/\/ab.us.edu.pl\/emp?id=PE192137\">Leder Wojciech<\/a>, mgr<\/li>\n<li><a href=\"https:\/\/ab.us.edu.pl\/emp?id=15282\">Le\u015bniak Marek<\/a>, dr hab. prof. U\u015a<\/li>\n<li><a href=\"https:\/\/ab.us.edu.pl\/emp?id=53653\">Lichosik-\u015alusarczyk Anna<\/a>, dr hab.<\/li>\n<li><a href=\"https:\/\/ab.us.edu.pl\/emp?id=60083\">Lubelska-Sazan\u00f3w Ma\u0142gorzata<\/a>, dr<\/li>\n<li><a href=\"https:\/\/ab.us.edu.pl\/emp?id=32992\">\u0141aszczyca Grzegorz<\/a>, prof. dr hab.<\/li>\n<li><a href=\"https:\/\/ab.us.edu.pl\/emp?id=PE83772\">\u0141ata Monika<\/a>, dr<\/li>\n<li><a href=\"https:\/\/ab.us.edu.pl\/emp?id=33022\">\u0141obos-Kotowska Dorota<\/a>, dr hab. prof. U\u015a<\/li>\n<li><a href=\"https:\/\/ab.us.edu.pl\/emp?id=43721\">Marchaj Roman<\/a>, dr<\/li>\n<li><a href=\"https:\/\/ab.us.edu.pl\/emp?id=PE175017\">Marcinowski-Pra\u017cmowski Maciej<\/a>, dr<\/li>\n<li><a href=\"https:\/\/ab.us.edu.pl\/emp?id=16592\">Markiewicz Krystian<\/a>, dr hab. prof. U\u015a<\/li>\n<li><a href=\"https:\/\/ab.us.edu.pl\/emp?id=16682\">Martysz Czes\u0142aw<\/a>, prof. dr hab.<\/li>\n<li><a href=\"https:\/\/ab.us.edu.pl\/emp?id=PE119809\">Maryniak \u0141ukasz<\/a>, dr<\/li>\n<li><a href=\"https:\/\/ab.us.edu.pl\/emp?id=16812\">Matan Andrzej<\/a>, prof. dr hab.<\/li>\n<li><a href=\"https:\/\/ab.us.edu.pl\/emp?id=35801\">Matusik Grzegorz<\/a>, dr hab.<\/li>\n<li><a href=\"https:\/\/ab.us.edu.pl\/emp?id=60123\">M\u0105drzycki B\u0142a\u017cej<\/a>, dr<\/li>\n<li><a href=\"https:\/\/ab.us.edu.pl\/emp?id=17732\">Miko\u0142ajczyk Barbara<\/a>, prof. dr hab.<\/li>\n<li><a href=\"https:\/\/ab.us.edu.pl\/emp?id=17742\">Miko\u0142ajczyk Marian<\/a>, prof. dr hab.<\/li>\n<li><a href=\"https:\/\/ab.us.edu.pl\/emp?id=17722\">Mikosz Ryszard<\/a>, prof. dr hab.<\/li>\n<li><a href=\"https:\/\/ab.us.edu.pl\/emp?id=PE192393\">Mizerski Dominik<\/a>, dr<\/li>\n<li><a href=\"https:\/\/ab.us.edu.pl\/emp?id=54903\">Myl- Chojnacka Ma\u0142gorzata<\/a>, dr<\/li>\n<li><a href=\"https:\/\/ab.us.edu.pl\/emp?id=54913\">Nancka Grzegorz<\/a>, dr hab. prof. U\u015a<\/li>\n<li><a href=\"https:\/\/us.edu.pl\/wydzial\/wpia\/student\/ogloszenia-wpia\/dyzury\/\">Nawrot Filip<\/a>, dr<\/li>\n<li><a href=\"https:\/\/ab.us.edu.pl\/emp?id=19482\">Nowakowska-Ma\u0142usecka Joanna<\/a>, dr hab. prof. U\u015a<\/li>\n<li><a href=\"https:\/\/ab.us.edu.pl\/emp?id=45541\">Ochwat Micha\u0142<\/a>, dr &#8211; pracownik Wydzia\u0142u Nauk Spo\u0142ecznych<\/li>\n<li><a href=\"https:\/\/ab.us.edu.pl\/emp?id=PE115851\">Owczarczuk S\u0142awomir<\/a>,dr<\/li>\n<li><a href=\"https:\/\/ab.us.edu.pl\/emp?id=PE165433\">Paleczna-Zgonina Aneta<\/a>, dr<\/li>\n<li><a href=\"https:\/\/ab.us.edu.pl\/emp?id=20542\">Pawe\u0142czyk Miros\u0142aw<\/a>, dr hab. prof. U\u015a<\/li>\n<li><a href=\"https:\/\/ab.us.edu.pl\/emp?id=21212\">Pietrzykowski Tomasz<\/a>, prof. dr hab.<\/li>\n<li><a href=\"https:\/\/ab.us.edu.pl\/emp?id=21332\">Pinior Piotr<\/a>, prof. dr hab.<\/li>\n<li><a href=\"https:\/\/ab.us.edu.pl\/emp?id=60193\">Pisarczyk \u0141ukasz<\/a>, prof. dr hab.<\/li>\n<li><a href=\"https:\/\/ab.us.edu.pl\/emp?id=21442\">Piwowarczyk Agnieszka<\/a>, dr hab. prof. U\u015a<\/li>\n<li><a href=\"https:\/\/ab.us.edu.pl\/emp?id=59573\">P\u0142aziuk Jakub<\/a>, dr<\/li>\n<li><a href=\"https:\/\/ab.us.edu.pl\/emp?id=43341\">Pohl-Micha\u0142ek Ma\u0142gorzata<\/a>, dr<\/li>\n<li><a href=\"https:\/\/ab.us.edu.pl\/emp?id=21752\">Pokryszka Katarzyna<\/a>, dr hab. prof. U\u015a<\/li>\n<li><a href=\"https:\/\/ab.us.edu.pl\/emp?id=21992\">Popio\u0142ek Wojciech<\/a>, prof. dr hab.<\/li>\n<li><a href=\"https:\/\/ab.us.edu.pl\/emp?id=48912\">P\u00f3\u0142torak Magdalena<\/a>, dr<\/li>\n<li><a href=\"https:\/\/ab.us.edu.pl\/emp?id=PE232933\">Prabucki Rafa\u0142<\/a>, dr in\u017c.<\/li>\n<li><a href=\"https:\/\/ab.us.edu.pl\/emp?id=PE137441\">Pra\u017cmowska-Marcinowska Karolina<\/a>, dr<\/li>\n<li><a href=\"https:\/\/ab.us.edu.pl\/emp?id=22302\">Przesz\u0142o Ewa<\/a>, dr hab. prof. U\u015a<\/li>\n<li><a href=\"https:\/\/ab.us.edu.pl\/emp?id=48742\">Radecka Ewa<\/a>, dr<\/li>\n<li><a href=\"https:\/\/ab.us.edu.pl\/emp?id=22832\">Radecki Gabriel<\/a>, dr<\/li>\n<li><a href=\"https:\/\/ab.us.edu.pl\/emp?id=PE238581\">Rivera Mauro Arturo Leon<\/a>, dr hab.<\/li>\n<li><a href=\"https:\/\/ab.us.edu.pl\/emp?id=23202\">Rodak Lidia<\/a>, dr<\/li>\n<li><a href=\"https:\/\/ab.us.edu.pl\/emp?id=62303\">Rybak-Karkosz Olivia<\/a>, dr<\/li>\n<li><a href=\"https:\/\/ab.us.edu.pl\/emp?id=24712\">Sitarz Olga<\/a>, dr hab. prof. U\u015a<\/li>\n<li><a href=\"https:\/\/ab.us.edu.pl\/emp?id=25892\">Stawarska-Rippel Anna<\/a>, dr hab. prof. U\u015a<\/li>\n<li><a href=\"https:\/\/ab.us.edu.pl\/emp?id=45761\">Stro\u017cek-Kucharska Magdalena<\/a>, dr<\/li>\n<li><a href=\"https:\/\/ab.us.edu.pl\/emp?id=65503\">Suska Marek<\/a>, dr<\/li>\n<li><a href=\"https:\/\/ab.us.edu.pl\/emp?id=26612\">Sychta Katarzyna<\/a>, dr<\/li>\n<li><a href=\"https:\/\/ab.us.edu.pl\/emp?id=55633\">Szafra\u0144ska Weronika<\/a>, dr<\/li>\n<li><a href=\"https:\/\/ab.us.edu.pl\/emp?id=49002\">Szczygie\u0142 Tomasz<\/a>, dr hab.<\/li>\n<li><a href=\"https:\/\/ab.us.edu.pl\/emp?id=27092\">Szewczyk Helena<\/a>, dr hab.<\/li>\n<li><a href=\"https:\/\/ab.us.edu.pl\/emp?id=PE164650\">Szostek Dariusz<\/a>, dr hab. prof. U\u015a<\/li>\n<li><a href=\"https:\/\/ab.us.edu.pl\/emp?id=27342\">Szpunar Maciej<\/a>, prof. dr hab.<\/li>\n<li><a href=\"https:\/\/ab.us.edu.pl\/emp?id=33342\">\u015aladkowska Ewa<\/a>, dr<\/li>\n<li><a href=\"https:\/\/ab.us.edu.pl\/emp?id=33352\">\u015aladkowski Mariusz<\/a>, dr<\/li>\n<li><a href=\"https:\/\/ab.us.edu.pl\/emp?id=33492\">\u015al\u0119zak Piotr<\/a>, prof. dr hab. &#8211; pracownik Szko\u0142y Filmowej im. Krzysztofa Kie\u015blowskiego<\/li>\n<li><a href=\"https:\/\/ab.us.edu.pl\/emp?id=PE265378\">Taghvaee Vahid Mohamad<\/a>, dr<\/li>\n<li><a href=\"https:\/\/ab.us.edu.pl\/emp?id=28212\">Tkacz S\u0142awomir<\/a>, dr hab. prof. U\u015a<\/li>\n<li><a href=\"https:\/\/ab.us.edu.pl\/emp?id=28272\">Tobor Zygmunt<\/a>, prof. dr hab.<\/li>\n<li><a href=\"https:\/\/ab.us.edu.pl\/emp?id=37851\">Topa Ilona<\/a>, dr<\/li>\n<li><a href=\"https:\/\/ab.us.edu.pl\/emp?id=28562\">Torbus Andrzej<\/a>, dr hab. prof. U\u015a<\/li>\n<li><a href=\"https:\/\/ab.us.edu.pl\/emp?id=28572\">Torbus Urszula<\/a>, dr<\/li>\n<li><a href=\"https:\/\/ab.us.edu.pl\/emp?id=42571\">Twardoch Paulina<\/a>, dr hab. prof. U\u015a<\/li>\n<li><a href=\"https:\/\/ab.us.edu.pl\/emp?id=55423\">Wentkowska Aleksandra<\/a>, dr hab. prof. U\u015a<\/li>\n<li><a href=\"https:\/\/ab.us.edu.pl\/emp?id=30012\">Wierzbica Anna<\/a>, dr hab. prof. U\u015a<\/li>\n<li><a href=\"https:\/\/ab.us.edu.pl\/emp?id=PE6526\">Wilk Leszek<\/a>, prof. dr hab.<\/li>\n<li><a href=\"https:\/\/ab.us.edu.pl\/emp?id=49132\">Wolwiak Ireneusz<\/a>, dr hab.<\/li>\n<li><a href=\"https:\/\/ab.us.edu.pl\/emp?id=45971\">Wyrzykowski Wojciech<\/a>, dr<\/li>\n<li><a href=\"https:\/\/ab.us.edu.pl\/emp?id=31802\">Zacharko Lidia<\/a>, prof. dr hab.<\/li>\n<li><a href=\"https:\/\/ab.us.edu.pl\/emp?id=52592\">Zadworna Sylwia<\/a>, dr<\/li>\n<li><a href=\"https:\/\/ab.us.edu.pl\/emp?id=31852\">Zagrodnik Jaros\u0142aw<\/a>, dr hab. prof. U\u015a<\/li>\n<li><a href=\"https:\/\/ab.us.edu.pl\/emp?id=32152\">Zawiejski Piotr<\/a>, dr<\/li>\n<li><a href=\"https:\/\/ab.us.edu.pl\/emp?id=55643\">Zeifert Mateusz<\/a>, dr prof. U\u015a<\/li>\n<li><a href=\"https:\/\/ab.us.edu.pl\/emp?id=55653\">Zieli\u0144ska Ewa<\/a>, dr<\/li>\n<li><a href=\"https:\/\/ab.us.edu.pl\/emp?id=32412\">Zieli\u0144ski Marek<\/a>, dr hab. prof. U\u015a<\/li>\n<li><a href=\"https:\/\/ab.us.edu.pl\/emp?id=32452\">Zienkiewicz Dorota<\/a>, dr hab.<\/li>\n<li><a href=\"https:\/\/ab.us.edu.pl\/emp?id=32542\">Zi\u00f3\u0142kowska Agnieszka<\/a>, dr hab. prof. U\u015a<\/li>\n<li><a href=\"https:\/\/ab.us.edu.pl\/emp?id=32732\">Zra\u0142ek Jacek<\/a>, dr hab.<\/li>\n<li><a href=\"https:\/\/ab.us.edu.pl\/emp?id=53313\">\u017baba Mateusz<\/a>, dr<\/li>\n<li><a href=\"https:\/\/ab.us.edu.pl\/emp?id=33832\">\u017bmij Grzegorz<\/a>, dr hab. prof. U\u015a<\/li>\n<li><a href=\"https:\/\/ab.us.edu.pl\/emp?id=57743\">\u017bmuda-Matan Kamila<\/a>, dr<\/li>\n<\/ul>\n<p>\n<\/div>\r\n                    <\/div>\r\n                <\/div>[\/vc_column][\/vc_row][vc_row][vc_column][\/vc_column][\/vc_row][vc_row][vc_column][\/vc_column][\/vc_row]<\/p>","protected":false},"excerpt":{"rendered":"<p>[vc_row][vc_column][\/vc_column][\/vc_row][vc_row][vc_column][\/vc_column][\/vc_row][vc_row][vc_column][\/vc_column][\/vc_row] [&#8230;]<\/p>\n<p><a class=\"btn btn-secondary understrap-read-more-link\" href=\"https:\/\/us.edu.pl\/instytut\/inpr\/instytut\/pracownicy-instytutu\/\">Read More&#8230;<\/a><\/p>\n","protected":false},"author":107,"featured_media":0,"parent":120,"menu_order":0,"comment_status":"closed","ping_status":"closed","template":"page-templates\/inner-page.php","meta":{"_expiration-date-status":"","_expiration-date":0,"_expiration-date-type":"","_expiration-date-categories":[],"_expiration-date-options":[]},"acf":[],"_links":{"self":[{"href":"https:\/\/us.edu.pl\/instytut\/inpr\/wp-json\/wp\/v2\/pages\/128"}],"collection":[{"href":"https:\/\/us.edu.pl\/instytut\/inpr\/wp-json\/wp\/v2\/pages"}],"about":[{"href":"https:\/\/us.edu.pl\/instytut\/inpr\/wp-json\/wp\/v2\/types\/page"}],"author":[{"embeddable":true,"href":"https:\/\/us.edu.pl\/instytut\/inpr\/wp-json\/wp\/v2\/users\/107"}],"replies":[{"embeddable":true,"href":"https:\/\/us.edu.pl\/instytut\/inpr\/wp-json\/wp\/v2\/comments?post=128"}],"version-history":[{"count":12,"href":"https:\/\/us.edu.pl\/instytut\/inpr\/wp-json\/wp\/v2\/pages\/128\/revisions"}],"predecessor-version":[{"id":2809,"href":"https:\/\/us.edu.pl\/instytut\/inpr\/wp-json\/wp\/v2\/pages\/128\/revisions\/2809"}],"up":[{"embeddable":true,"href":"https:\/\/us.edu.pl\/instytut\/inpr\/wp-json\/wp\/v2\/pages\/120"}],"wp:attachment":[{"href":"https:\/\/us.edu.pl\/instytut\/inpr\/wp-json\/wp\/v2\/media?parent=128"}],"curies":[{"name":"wp","href":"https:\/\/api.w.org\/{rel}","templated":true}]}}