{"id":136,"date":"2020-05-11T12:22:39","date_gmt":"2020-05-11T10:22:39","guid":{"rendered":"https:\/\/us.edu.pl\/instytut\/inpr\/?page_id=136"},"modified":"2025-11-18T11:56:49","modified_gmt":"2025-11-18T10:56:49","slug":"badania","status":"publish","type":"page","link":"https:\/\/us.edu.pl\/instytut\/inpr\/nauka-i-badania\/badania\/","title":{"rendered":"Badania"},"content":{"rendered":"<p>[vc_row][vc_column]\r\n                <div class=\"text-modules\">\r\n                    <div class=\"container\">\r\n                        <h3 class=\"page-title text__title\">Badania<\/h3>\r\n                        <div class=\"text-modules__content\"><\/div>\r\n                    <\/div>\r\n                <\/div>\r\n                <div class=\"tiles-section\" style=\"background: \">\r\n                    <div class=\"container\">\r\n                        <h3 class=\"page-title\"><\/h3>\r\n                        <div class=\"tiles tiles-3\">\r\n                            <a href=\"https:\/\/us.edu.pl\/instytut\/inpr\/nauka-i-badania\/badania\/indywidualna-dzialalnosc-badawcza\/\" class=\"tile tile_ justify-content-center\" style=\"background-color: #002E5A; font-weight: ; color: #ffffff;  \">\r\n                                \r\n                                   \r\n                               \r\n                                <div class=\"tile__name\">Indywidualna Dzia\u0142alno\u015b\u0107 Badawcza<\/div>\r\n                            <\/a>\r\n                            <a href=\"https:\/\/us.edu.pl\/instytut\/inpr\/nauka-i-badania\/badania\/zespoly-badawcze\/\" class=\"tile tile_ justify-content-center\" style=\"background-color: #002E5A; font-weight: ; color: #ffffff;  \">\r\n                                \r\n                                   \r\n                               \r\n                                <div class=\"tile__name\">Zespo\u0142y badawcze<\/div>\r\n                            <\/a>\r\n                            <a href=\"https:\/\/us.edu.pl\/instytut\/inpr\/nauka-i-badania\/badania\/regulamin-stazy-naukowych-w-instytucie-nauk-prawnych\/\" class=\"tile tile_ justify-content-center\" style=\"background-color: #002E5A; font-weight: ; color: #ffffff;  \">\r\n                                \r\n                                   \r\n                               \r\n                                <div class=\"tile__name\">Regulamin sta\u017cy naukowych w Instytucie Nauk Prawnych <\/div>\r\n                            <\/a><\/div>\r\n                    <\/div>\r\n                <\/div>[\/vc_column][\/vc_row][vc_row][vc_column]\r\n                <div class=\"text-modules\">\r\n                    <div class=\"container\">\r\n                        \r\n                        <div class=\"text-modules__content\"><p><a href=\"https:\/\/us.edu.pl\/instytut\/inpr\/wp-content\/uploads\/sites\/53\/Bez-kategorii\/Prowadzenie-dzialalnosci-badawczej-wniosek-2025.doc\" class=\"mtli_attachment mtli_doc\" data-mtli=\"mtli_filesize30,50kB\" class=\"mtli_attachment mtli_doc\" data-mtli=\"mtli_filesize30,50kB\">WNIOSEK prowadzenie dzia\u0142alno\u015bci badawczej<\/a><\/p>\n<p><a href=\"https:\/\/us.edu.pl\/instytut\/inpr\/wp-content\/uploads\/sites\/53\/Bez-kategorii\/Uchwala-168-2024.pdf\" class=\"mtli_attachment mtli_pdf\" data-mtli=\"mtli_filesize576,85kB\" class=\"mtli_attachment mtli_pdf\" data-mtli=\"mtli_filesize576,85kB\">Uchwa\u0142a Ri parametry jako\u015bci dorobku dyscypliny 2025<\/a><\/p>\n<p><a href=\"https:\/\/us.edu.pl\/instytut\/inpr\/wp-content\/uploads\/sites\/53\/Bez-kategorii\/zalacznik-do-zarzadzenia-nr-73_-2024-Wytyczne-w-sprawie-organizacji-funkcjonowania-i-finansowania-dzialalnosci-zespolow-badawczych.pdf\" class=\"mtli_attachment mtli_pdf\" data-mtli=\"mtli_filesize125,52kB\" class=\"mtli_attachment mtli_pdf\" data-mtli=\"mtli_filesize125,52kB\">Wytyczne w sprawie organizacji, funkcjonowania i finansowania dzia\u0142alno\u015bci zespo\u0142\u00f3w badawczych<\/a><\/p>\n<p><a href=\"https:\/\/us.edu.pl\/instytut\/inpr\/wp-content\/uploads\/sites\/53\/Nieprzypisane\/Uchwa\u0142a-13_zasady-powo\u0142ywania-zespo\u0142\u00f3w-badawczych.doc\" class=\"mtli_attachment mtli_doc\" data-mtli=\"mtli_filesize45,00kB\" class=\"mtli_attachment mtli_doc\" data-mtli=\"mtli_filesize45,00kB\">Zasady powo\u0142ywania zespo\u0142\u00f3w badawczych<\/a><\/p>\n<style type=\"text\/css\">a[data-mtli~=\"mtli_filesize30,50kB\"]:after {content:\" (30,50 kB)\"}a[data-mtli~=\"mtli_filesize576,85kB\"]:after {content:\" (576,85 kB)\"}a[data-mtli~=\"mtli_filesize125,52kB\"]:after {content:\" (125,52 kB)\"}a[data-mtli~=\"mtli_filesize45,00kB\"]:after {content:\" (45,00 kB)\"}<\/style><\/div>\r\n                    <\/div>\r\n                <\/div>[\/vc_column][\/vc_row]<\/p>\n<style type=\"text\/css\">a[data-mtli~=\"mtli_filesize30,50kB\"]:after {content:\" (30,50 kB)\"}a[data-mtli~=\"mtli_filesize576,85kB\"]:after {content:\" (576,85 kB)\"}a[data-mtli~=\"mtli_filesize125,52kB\"]:after {content:\" (125,52 kB)\"}a[data-mtli~=\"mtli_filesize45,00kB\"]:after {content:\" (45,00 kB)\"}<\/style>","protected":false},"excerpt":{"rendered":"<p>[vc_row][vc_column][\/vc_column][\/vc_row][vc_row][vc_column][\/vc_column][\/vc_row] [&#8230;]<\/p>\n<p><a class=\"btn btn-secondary understrap-read-more-link\" href=\"https:\/\/us.edu.pl\/instytut\/inpr\/nauka-i-badania\/badania\/\">Read More&#8230;<\/a><\/p>\n","protected":false},"author":107,"featured_media":0,"parent":122,"menu_order":0,"comment_status":"closed","ping_status":"closed","template":"page-templates\/inner-page.php","meta":{"_expiration-date-status":"","_expiration-date":0,"_expiration-date-type":"","_expiration-date-categories":[],"_expiration-date-options":[]},"acf":[],"_links":{"self":[{"href":"https:\/\/us.edu.pl\/instytut\/inpr\/wp-json\/wp\/v2\/pages\/136"}],"collection":[{"href":"https:\/\/us.edu.pl\/instytut\/inpr\/wp-json\/wp\/v2\/pages"}],"about":[{"href":"https:\/\/us.edu.pl\/instytut\/inpr\/wp-json\/wp\/v2\/types\/page"}],"author":[{"embeddable":true,"href":"https:\/\/us.edu.pl\/instytut\/inpr\/wp-json\/wp\/v2\/users\/107"}],"replies":[{"embeddable":true,"href":"https:\/\/us.edu.pl\/instytut\/inpr\/wp-json\/wp\/v2\/comments?post=136"}],"version-history":[{"count":11,"href":"https:\/\/us.edu.pl\/instytut\/inpr\/wp-json\/wp\/v2\/pages\/136\/revisions"}],"predecessor-version":[{"id":2755,"href":"https:\/\/us.edu.pl\/instytut\/inpr\/wp-json\/wp\/v2\/pages\/136\/revisions\/2755"}],"up":[{"embeddable":true,"href":"https:\/\/us.edu.pl\/instytut\/inpr\/wp-json\/wp\/v2\/pages\/122"}],"wp:attachment":[{"href":"https:\/\/us.edu.pl\/instytut\/inpr\/wp-json\/wp\/v2\/media?parent=136"}],"curies":[{"name":"wp","href":"https:\/\/api.w.org\/{rel}","templated":true}]}}