{"id":138,"date":"2020-05-11T12:23:09","date_gmt":"2020-05-11T10:23:09","guid":{"rendered":"https:\/\/us.edu.pl\/instytut\/inpr\/?page_id=138"},"modified":"2025-11-18T10:27:17","modified_gmt":"2025-11-18T09:27:17","slug":"zespol-do-spraw-projektow","status":"publish","type":"page","link":"https:\/\/us.edu.pl\/instytut\/inpr\/nauka-i-badania\/zespol-do-spraw-projektow\/","title":{"rendered":"Zesp\u00f3\u0142 do spraw projekt\u00f3w"},"content":{"rendered":"<p>[vc_row][vc_column]\r\n                <div class=\"text-modules\">\r\n                    <div class=\"container\">\r\n                        <h3 class=\"page-title text__title\">Zesp\u00f3\u0142 do spraw projekt\u00f3w<\/h3>\r\n                        <div class=\"text-modules__content\"><\/div>\r\n                    <\/div>\r\n                <\/div>\r\n\t\t\t\t<div class='container'>\r\n\t\t\t\t\t<div class='list-links list-links_'>\r\n\t\t\t\t\t\t  \r\n\t\t\t\t\t\t  <ul>\r\n\t\t\t\t\t\t\t\t<li><a href='https:\/\/us.edu.pl\/wydzial\/wpia\/nauka\/projekty-badawcze\/'><p>Projekty badawcze<\/p><\/a><\/li>\r\n\t\t\t\t\t\t\t\t<li><a href='https:\/\/us.edu.pl\/instytut\/inpr\/nauka-i-badania\/zespol-do-spraw-projektow\/kontakt-projekty\/'><p>Kontakt<\/p><\/a><\/li><\/ul>\r\n\t\t\t\t\t<\/div>\r\n\t\t\t\t<\/div>   \r\n\t\t\t\t\t[\/vc_column][\/vc_row][vc_row][vc_column][vc_column_text][\/vc_column_text][\/vc_column][\/vc_row]<\/p>","protected":false},"excerpt":{"rendered":"<p>[vc_row][vc_column][\/vc_column][\/vc_row][vc_row][vc_column][vc_column_text][\/vc_column_text][\/vc_column][\/vc_row] [&#8230;]<\/p>\n<p><a class=\"btn btn-secondary understrap-read-more-link\" href=\"https:\/\/us.edu.pl\/instytut\/inpr\/nauka-i-badania\/zespol-do-spraw-projektow\/\">Read More&#8230;<\/a><\/p>\n","protected":false},"author":107,"featured_media":0,"parent":122,"menu_order":0,"comment_status":"closed","ping_status":"closed","template":"page-templates\/inner-page.php","meta":{"_expiration-date-status":"","_expiration-date":0,"_expiration-date-type":"","_expiration-date-categories":[],"_expiration-date-options":[]},"acf":[],"_links":{"self":[{"href":"https:\/\/us.edu.pl\/instytut\/inpr\/wp-json\/wp\/v2\/pages\/138"}],"collection":[{"href":"https:\/\/us.edu.pl\/instytut\/inpr\/wp-json\/wp\/v2\/pages"}],"about":[{"href":"https:\/\/us.edu.pl\/instytut\/inpr\/wp-json\/wp\/v2\/types\/page"}],"author":[{"embeddable":true,"href":"https:\/\/us.edu.pl\/instytut\/inpr\/wp-json\/wp\/v2\/users\/107"}],"replies":[{"embeddable":true,"href":"https:\/\/us.edu.pl\/instytut\/inpr\/wp-json\/wp\/v2\/comments?post=138"}],"version-history":[{"count":10,"href":"https:\/\/us.edu.pl\/instytut\/inpr\/wp-json\/wp\/v2\/pages\/138\/revisions"}],"predecessor-version":[{"id":2751,"href":"https:\/\/us.edu.pl\/instytut\/inpr\/wp-json\/wp\/v2\/pages\/138\/revisions\/2751"}],"up":[{"embeddable":true,"href":"https:\/\/us.edu.pl\/instytut\/inpr\/wp-json\/wp\/v2\/pages\/122"}],"wp:attachment":[{"href":"https:\/\/us.edu.pl\/instytut\/inpr\/wp-json\/wp\/v2\/media?parent=138"}],"curies":[{"name":"wp","href":"https:\/\/api.w.org\/{rel}","templated":true}]}}