{"id":2,"date":"2019-10-28T10:21:19","date_gmt":"2019-10-28T09:21:19","guid":{"rendered":"https:\/\/us.edu.pl\/npr\/?page_id=2"},"modified":"2026-04-07T11:29:37","modified_gmt":"2026-04-07T09:29:37","slug":"przykladowa-strona","status":"publish","type":"page","link":"https:\/\/us.edu.pl\/instytut\/inpr\/","title":{"rendered":"Strona g\u0142\u00f3wna"},"content":{"rendered":"<p>[vc_row][vc_column]\n            <div data-autotime=\"6\" class=\"slider reverse color_white bg_\" >\n                  <div class=\"slide slide_css\">\n                     <div class=\"slide__content_container container\">\n                        <div class=\"slide__content\">\n                           <a href=\"https:\/\/us.edu.pl\/instytut\/inpr\/2022\/08\/02\/nauki-prawne-na-uniwersytecie-slaskim-z-kategoria-a\/\" class=\"slide__link\">\n                              <div class=\"slide__title\">Nauki prawne na Uniwersytecie \u015al\u0105skim z kategori\u0105 \"A\"<\/div>\n                              <div class=\"slide__text\"><\/div>\n                           <\/a>\n                        <\/div>\n                     <\/div>\n                     <a href=\"https:\/\/us.edu.pl\/instytut\/inpr\/2022\/08\/02\/nauki-prawne-na-uniwersytecie-slaskim-z-kategoria-a\/\" class=\"slide__img thumbnail\"\n                           style=\"background-image: url('https:\/\/us.edu.pl\/instytut\/inpr\/wp-content\/uploads\/sites\/53\/Banery\/a-kafelek-1095\u00d7575-px.png')\">\n                           <span class=\"d-none\">Nauki prawne na Uniwersytecie \u015al\u0105skim z kategori\u0105 \"A\" <\/span>\n                     <\/a>\n                  <\/div>\n                <div class=\"slider__controls\">\n                    <div class=\"slider__dots\"><\/div>\n                    <div class=\"slider__actions\">\n                        <a href=\"#\" class=\"arrow\" data-direction=\"prev\" title=\"poprzedni slajd\">\n                            <em class=\"ci ci-arrow-left\"><\/em>\n                            <span class=\"d-none\">control<\/span>\n                        <\/a>\n            \n                        <a href=\"#\" class=\"start-pause\" data-action=\"stop\" title=\"wstrzymaj poruszanie si\u0119 slajd\u00f3w\">\n                            <em class=\"ci ci-pause\"><\/em>\n                            <span class=\"d-none\">control<\/span>\n                        <\/a>\n            \n                       \n                        <a href=\"#\" class=\"arrow\" data-direction=\"next\"  title=\"Kolejny slajd\" >\n                            <em class=\"ci ci-arrow-right\"><\/em>\n                            <span class=\"d-none\">control<\/span>\n                        <\/a>\n                    <\/div>\n                <\/div>\n            <\/div>\r\n            \r\n            <div class=\"events-loop loop-section color-blue\" style=\"background: \">\r\n                <div class=\"container\">\r\n                    <div class=\"events-loop-top loop-section-top\">\r\n                        <h2 class=\"section-title\">\r\n                            Wydarzenia\r\n                        <\/h2><div class=\"event-loop-top_right loop-section-top__right\">\r\n                                        <a href=\"https:\/\/us.edu.pl\/instytut\/inpr\/event\/\" class=\"link-button \">Wszystko<\/a>\r\n                                    <\/div>\r\n                    <\/div>\r\n            \r\n                    <div class=\"events-loop-main\">\r\n                        <div class=\"row m-0\">    \r\n                    <article class=\"events-loop-post-container\" >\r\n                        <a href = \"https:\/\/us.edu.pl\/wydzial\/wpia\/event\/posiedzenie-pan-kwiecien-2026\/\" class=\"events-loop-post\" >\r\n                            <div class=\"events-loop-post__date\" >\r\n                                <div class=\"events-loop-post__month\" > Kwiecie\u0144<\/div >\r\n                                <span > 14<\/span >\r\n                            <\/div >\r\n                            <h3 class=\"events-loop-post__title\" > Posiedzenie PAN - kwiecie\u0144 2026<\/h3 >\r\n                        <\/a >\r\n                    <\/article >\r\n                    <article class=\"events-loop-post-container\" >\r\n                        <a href = \"https:\/\/us.edu.pl\/wydzial\/wpia\/event\/gaullizm-fundamenty-ideowe-i-konstytucyjne-wspolczesnej-francji-spotkanie-kn-doktryn-polityczno-prawnych\/\" class=\"events-loop-post\" >\r\n                            <div class=\"events-loop-post__date\" >\r\n                                <div class=\"events-loop-post__month\" > Kwiecie\u0144<\/div >\r\n                                <span > 14<\/span >\r\n                            <\/div >\r\n                            <h3 class=\"events-loop-post__title\" > Gaullizm. Fundamenty ideowe i konstytucyjne wsp\u00f3\u0142czesnej Francji - spotkanie KN Doktryn Polityczno-Prawnych<\/h3 >\r\n                        <\/a >\r\n                    <\/article >\r\n                    <article class=\"events-loop-post-container\" >\r\n                        <a href = \"https:\/\/us.edu.pl\/wydzial\/wpia\/event\/rola-bieglego-z-zakresu-prawa-obcego-spotkanie-z-dr-alicja-banczyk-z-uniwersytetu-jagiellonskiego-2\/\" class=\"events-loop-post\" >\r\n                            <div class=\"events-loop-post__date\" >\r\n                                <div class=\"events-loop-post__month\" > Kwiecie\u0144<\/div >\r\n                                <span > 14<\/span >\r\n                            <\/div >\r\n                            <h3 class=\"events-loop-post__title\" > Rola bieg\u0142ego z zakresu prawa obcego - spotkanie z dr Alicj\u0105 Ba\u0144czyk z Uniwersytetu Jagiello\u0144skiego<\/h3 >\r\n                        <\/a >\r\n                    <\/article >\r\n                    <article class=\"events-loop-post-container\" >\r\n                        <a href = \"https:\/\/us.edu.pl\/wydzial\/wpia\/event\/postepowanie-sadowe-w-sprawach-pracowniczych-perspektywa-pelnomocnika-zawodowego-warsztaty-z-r-pr-maciejem-giermakiem\/\" class=\"events-loop-post\" >\r\n                            <div class=\"events-loop-post__date\" >\r\n                                <div class=\"events-loop-post__month\" > Kwiecie\u0144<\/div >\r\n                                <span > 15<\/span >\r\n                            <\/div >\r\n                            <h3 class=\"events-loop-post__title\" > Post\u0119powanie s\u0105dowe w sprawach pracowniczych \u2013 perspektywa pe\u0142nomocnika zawodowego - warsztaty z r. pr.\u00a0Maciejem Giermakiem<\/h3 >\r\n                        <\/a >\r\n                    <\/article ><\/div>\r\n                    <\/div>\r\n                <\/div>\r\n            <\/div>\r\n\r\n            <div class=\"blocks\" style=\"text-align: \">\r\n               <div class=\"container\">\r\n                  \r\n                  <div class=\"row m-0 blocks_3\">\r\n                  \r\n                     <a href=\"https:\/\/us.edu.pl\/instytut\/inpr\/nauka-i-badania\/zespol-do-spraw-projektow\/\" class=\"thumbnail blocks__item\" style=\"background-image: url(https:\/\/us.edu.pl\/instytut\/inpr\/wp-content\/uploads\/sites\/53\/Grafiki\/granty-1024x617.jpg)\">\r\n                        <span>wi\u0119cej<\/span>\r\n                        <div class=\"blocks__bottom\">\r\n                        <div class=\"blocks__title\">Zesp\u00f3\u0142 do spraw projekt\u00f3w<\/div>\r\n                        \r\n                        <\/div>\r\n                     <\/a>\r\n                  \r\n                     <a href=\"https:\/\/us.edu.pl\/instytut\/inpr\/nauka-i-badania\/awanse-naukowe\/\" class=\"thumbnail blocks__item\" style=\"background-image: url(https:\/\/us.edu.pl\/instytut\/inpr\/wp-content\/uploads\/sites\/53\/Grafiki\/awanse-naukowe-1024x683.jpg)\">\r\n                        <span>wi\u0119cej<\/span>\r\n                        <div class=\"blocks__bottom\">\r\n                        <div class=\"blocks__title\">Awanse naukowe<\/div>\r\n                        \r\n                        <\/div>\r\n                     <\/a>\r\n                  \r\n                     <a href=\"https:\/\/us.edu.pl\/instytut\/inpr\/instytut\/pracownicy-instytutu\/\" class=\"thumbnail blocks__item\" style=\"background-image: url(https:\/\/us.edu.pl\/instytut\/inpr\/wp-content\/uploads\/sites\/53\/Grafiki\/pracownicy-.jpg)\">\r\n                        <span>wi\u0119cej<\/span>\r\n                        <div class=\"blocks__bottom\">\r\n                        <div class=\"blocks__title\">Pracownicy Instytutu<\/div>\r\n                        \r\n                        <\/div>\r\n                     <\/a><\/div>     \r\n               <\/div>\r\n            <\/div>\r\n                <div class=\"tiles-section\" style=\"background: \">\r\n                    <div class=\"container\">\r\n                        <h3 class=\"page-title\"><\/h3>\r\n                        <div class=\"tiles tiles-2\">\r\n                            <a href=\"https:\/\/us.edu.pl\/instytut\/inpr\/zadania-administracji-wydzialowej-wraz-z-wykazem-osob-odpowiedzialnych-za-ich-wykonanie\/\" class=\"tile tile_double justify-content-center\" style=\"background-color: #002E5A; font-weight: ; color: #ffffff;  \">\r\n                                \r\n                                   \r\n                               \r\n                                <div class=\"tile__name\">Za\u0142atw spraw\u0119<\/div>\r\n                            <\/a><\/div>\r\n                    <\/div>\r\n                <\/div>\n\t\t\t\t<input type=\"hidden\" name=\"promoted_only\" value=\"\">\n\t\t\t\t<input type=\"hidden\" name=\"order\" value=\"DESC\">\n\t\t\t\t<input type=\"hidden\" name=\"order_by\" value=\"post_date\">\n\n\t\t\t\t<div class=\"article-loop loop-section article-loop_tall color-blue\" style=\"background: \">\n\t\t\t\t\t <div class=\"container \">\n\t\t\t\t\t \t<div class=\"col-12 article-loop-gutter-left\">\n\t\t\t\t\t\t  <div class=\"article-loop-top loop-section-top\">\n\t\t\t\t\t\t\t\t<h2 class=\"section-title\">Wiadomo\u015bci instytutowe<\/h2><div class=\"article-loop-top_right loop-section-top__right\" >\n\t\t\t\t\t\t\t\t\t <select name=\"sort\" title = \"filter by category\"\n\t\t\t\t\t\t\t\t\t\t  class=\"article-loop-sort\" >\n\t\t\t\t\t\t\t\t\t\t  <option value = \"\" selected disabled > filtrowanie wed\u0142ug kategorii<\/option>\n\t\t\t\t\t\t\t\t\t\t  <option value = \"53-8\" > Wszystko<\/option> <option data-link='https:\/\/us.edu.pl\/instytut\/inpr\/category\/wiadomosci\/' value='53-8'>Wiadomo\u015bci<\/option><\/select>    <a href = \"\/instytut\/inpr\/category\/wiadomosci\" class=\"link-button \" > Wszystko<\/a><\/div>  \n\t\t\t\t\t\t  <\/div>\n\t\t\t\t\t\t  <div class=\"article-loop-main carousel\" data-home-url=\"https:\/\/us.edu.pl\/instytut\/inpr\" >\n\t\t\t\t\t\t\t\t<a href = \"#\" data-slide = \"prev\" title=\"przesu\u0144 pasek Wiadomo\u015bci instytutowew lewo\" class=\"arrow\" >\n\t\t\t\t\t\t\t\t\t <em class=\"ci ci-arrow-left\" ><\/em >\n\t\t\t\t\t\t\t\t\t <span class=\"d-none\" > arrow<\/span >\n\t\t\t\t\t\t\t\t<\/a>\n\t \n\t\t\t\t\t\t\t\t<a href = \"#\" data-slide = \"next\" title=\"przesu\u0144 pasek Wiadomo\u015bci instytutowe w prawo\" class=\"arrow\" >\n\t\t\t\t\t\t\t\t\t <em class=\"ci ci-arrow-right\" ><\/em >\n\t\t\t\t\t\t\t\t\t <span class=\"d-none\" > arrow<\/span >\n\t\t\t\t\t\t\t\t<\/a>\n\t\t\t\t\t\t\t\t<div class=\"row items\" >\n\t\t\t\t\t\t\t\t\t \r\n            <article class=\"article-loop-post carousel-slide\">\r\n                <a href=\"https:\/\/us.edu.pl\/idb\/rozwoj\/#szkola-metodologiczna\" class=\"article-loop-post__thumbnail thumbnail\"\r\n                    style=\"background-image: url(https:\/\/us.edu.pl\/instytut\/inpr\/wp-content\/themes\/uniwersytet-slaski\/img\/post\/default.jpg)\">\r\n                    <span>wi\u0119cej<\/span>\r\n                <\/a>\r\n\r\n                <div class=\"article-loop-post__content\">\r\n                    <h3 class=\"article-loop-post__title\">\r\n                        <a href=\"https:\/\/us.edu.pl\/idb\/rozwoj\/#szkola-metodologiczna\">Szko\u0142a Metodologiczna Uniwersytetu \u015al\u0105skiego &#8211; nab\u00f3r wniosk\u00f3w<\/a>\r\n                    <\/h3>\r\n            \r\n                    <div class=\"article-loop-post__categories\">\r\n                        <a href=\"https:\/\/us.edu.pl\/instytut\/inpr\/category\/wiadomosci\/\">Wiadomo\u015bci<\/a>\r\n                    <\/div>    \r\n                <\/div>\r\n            <\/article>\r\n        \r\n            <article class=\"article-loop-post carousel-slide\">\r\n                <a href=\"https:\/\/us.edu.pl\/idb\/mobilnosc\/#mobilnosc-nauka-V\" class=\"article-loop-post__thumbnail thumbnail\"\r\n                    style=\"background-image: url(https:\/\/us.edu.pl\/instytut\/inpr\/wp-content\/themes\/uniwersytet-slaski\/img\/post\/default.jpg)\">\r\n                    <span>wi\u0119cej<\/span>\r\n                <\/a>\r\n\r\n                <div class=\"article-loop-post__content\">\r\n                    <h3 class=\"article-loop-post__title\">\r\n                        <a href=\"https:\/\/us.edu.pl\/idb\/mobilnosc\/#mobilnosc-nauka-V\">Nab\u00f3r wniosk\u00f3w do V edycji programu sta\u017cowego Mobilno\u015b\u0107 I Nauka<\/a>\r\n                    <\/h3>\r\n            \r\n                    <div class=\"article-loop-post__categories\">\r\n                        <a href=\"https:\/\/us.edu.pl\/instytut\/inpr\/category\/wiadomosci\/\">Wiadomo\u015bci<\/a>\r\n                    <\/div>    \r\n                <\/div>\r\n            <\/article>\r\n        \r\n            <article class=\"article-loop-post carousel-slide\">\r\n                <a href=\"https:\/\/us.edu.pl\/idb\/badania\/#swoboda-badan-vi\" class=\"article-loop-post__thumbnail thumbnail\"\r\n                    style=\"background-image: url(https:\/\/us.edu.pl\/instytut\/inpr\/wp-content\/themes\/uniwersytet-slaski\/img\/post\/default.jpg)\">\r\n                    <span>wi\u0119cej<\/span>\r\n                <\/a>\r\n\r\n                <div class=\"article-loop-post__content\">\r\n                    <h3 class=\"article-loop-post__title\">\r\n                        <a href=\"https:\/\/us.edu.pl\/idb\/badania\/#swoboda-badan-vi\">Nab\u00f3r wniosk\u00f3w do IV edycji \u201eSwobody bada\u0144\u201d<\/a>\r\n                    <\/h3>\r\n            \r\n                    <div class=\"article-loop-post__categories\">\r\n                        <a href=\"https:\/\/us.edu.pl\/instytut\/inpr\/category\/wiadomosci\/\">Wiadomo\u015bci<\/a>\r\n                    <\/div>    \r\n                <\/div>\r\n            <\/article>\r\n        \r\n            <article class=\"article-loop-post carousel-slide\">\r\n                <a href=\"https:\/\/us.edu.pl\/instytut\/inpr\/2025\/12\/03\/pracownicy-wpia-laureatami-konkursow-narodowego-centrum-nauki\/\" class=\"article-loop-post__thumbnail thumbnail\"\r\n                    style=\"background-image: url(https:\/\/us.edu.pl\/instytut\/inpr\/wp-content\/uploads\/sites\/53\/Bez-kategorii\/trophy-8676528_1280-300x168.jpg)\">\r\n                    <span>wi\u0119cej<\/span>\r\n                <\/a>\r\n\r\n                <div class=\"article-loop-post__content\">\r\n                    <h3 class=\"article-loop-post__title\">\r\n                        <a href=\"https:\/\/us.edu.pl\/instytut\/inpr\/2025\/12\/03\/pracownicy-wpia-laureatami-konkursow-narodowego-centrum-nauki\/\">Pracownicy i doktoranci WPiA laureatami konkurs\u00f3w Narodowego Centrum Nauki<\/a>\r\n                    <\/h3>\r\n            \r\n                    <div class=\"article-loop-post__categories\">\r\n                        <a href=\"https:\/\/us.edu.pl\/instytut\/inpr\/category\/wiadomosci\/\">Wiadomo\u015bci<\/a>\r\n                    <\/div>    \r\n                <\/div>\r\n            <\/article>\r\n        \r\n            <article class=\"article-loop-post carousel-slide\">\r\n                <a href=\"https:\/\/us.edu.pl\/wydzial\/wpia\/komunikaty\/rozprawa-dr-natalii-zych-wyrozniona-w-konkursie-iws\/\" class=\"article-loop-post__thumbnail thumbnail\"\r\n                    style=\"background-image: url(https:\/\/us.edu.pl\/instytut\/inpr\/wp-content\/themes\/uniwersytet-slaski\/img\/post\/default.jpg)\">\r\n                    <span>wi\u0119cej<\/span>\r\n                <\/a>\r\n\r\n                <div class=\"article-loop-post__content\">\r\n                    <h3 class=\"article-loop-post__title\">\r\n                        <a href=\"https:\/\/us.edu.pl\/wydzial\/wpia\/komunikaty\/rozprawa-dr-natalii-zych-wyrozniona-w-konkursie-iws\/\">Rozprawa dr Natalii Zych wyr\u00f3\u017cniona w konkursie IWS<\/a>\r\n                    <\/h3>\r\n            \r\n                    <div class=\"article-loop-post__categories\">\r\n                        <a href=\"https:\/\/us.edu.pl\/instytut\/inpr\/category\/wiadomosci\/\">Wiadomo\u015bci<\/a>\r\n                    <\/div>    \r\n                <\/div>\r\n            <\/article>\r\n        \r\n            <article class=\"article-loop-post carousel-slide\">\r\n                <a href=\"https:\/\/us.edu.pl\/wydzial\/wpia\/2025\/10\/15\/slaskie-centrum-inzynierii-prawa-techniki-i-kompetencji-cyfrowych-cyber-science-wyroznione-podczas-gali-jubileuszu-20-lecia-zwiazku-polska-cyfrowa\/\" class=\"article-loop-post__thumbnail thumbnail\"\r\n                    style=\"background-image: url(https:\/\/us.edu.pl\/instytut\/inpr\/wp-content\/themes\/uniwersytet-slaski\/img\/post\/default.jpg)\">\r\n                    <span>wi\u0119cej<\/span>\r\n                <\/a>\r\n\r\n                <div class=\"article-loop-post__content\">\r\n                    <h3 class=\"article-loop-post__title\">\r\n                        <a href=\"https:\/\/us.edu.pl\/wydzial\/wpia\/2025\/10\/15\/slaskie-centrum-inzynierii-prawa-techniki-i-kompetencji-cyfrowych-cyber-science-wyroznione-podczas-gali-jubileuszu-20-lecia-zwiazku-polska-cyfrowa\/\">\u015al\u0105skie Centrum In\u017cynierii Prawa, Techniki i Kompetencji Cyfrowych Cyber Science wyr\u00f3\u017cnione podczas Gali Jubileuszu 20-lecia Zwi\u0105zku Polska Cyfrowa<\/a>\r\n                    <\/h3>\r\n            \r\n                    <div class=\"article-loop-post__categories\">\r\n                        <a href=\"https:\/\/us.edu.pl\/instytut\/inpr\/category\/wiadomosci\/\">Wiadomo\u015bci<\/a>\r\n                    <\/div>    \r\n                <\/div>\r\n            <\/article>\r\n        \r\n            <article class=\"article-loop-post carousel-slide\">\r\n                <a href=\"https:\/\/us.edu.pl\/wydzial\/wpia\/2025\/10\/14\/dr-hab-mauro-arturo-rivera-leon-wystapil-podczas-10th-biennial-conference-of-the-asian-society-of-international-law-w-hano\/\" class=\"article-loop-post__thumbnail thumbnail\"\r\n                    style=\"background-image: url(https:\/\/us.edu.pl\/instytut\/inpr\/wp-content\/uploads\/sites\/53\/Bez-kategorii\/IMG_9521-scaled-e1760438706971-279x300.jpg)\">\r\n                    <span>wi\u0119cej<\/span>\r\n                <\/a>\r\n\r\n                <div class=\"article-loop-post__content\">\r\n                    <h3 class=\"article-loop-post__title\">\r\n                        <a href=\"https:\/\/us.edu.pl\/wydzial\/wpia\/2025\/10\/14\/dr-hab-mauro-arturo-rivera-leon-wystapil-podczas-10th-biennial-conference-of-the-asian-society-of-international-law-w-hano\/\">Dr hab. Mauro Arturo Rivera Le\u00f3n wyst\u0105pi\u0142 podczas 10th Biennial Conference of the Asian Society of International Law w Hanoi<\/a>\r\n                    <\/h3>\r\n            \r\n                    <div class=\"article-loop-post__categories\">\r\n                        <a href=\"https:\/\/us.edu.pl\/instytut\/inpr\/category\/wiadomosci\/\">Wiadomo\u015bci<\/a>\r\n                    <\/div>    \r\n                <\/div>\r\n            <\/article>\r\n        \r\n            <article class=\"article-loop-post carousel-slide\">\r\n                <a href=\"https:\/\/us.edu.pl\/event\/krajowy-final-famelab-2025\/\" class=\"article-loop-post__thumbnail thumbnail\"\r\n                    style=\"background-image: url(https:\/\/us.edu.pl\/instytut\/inpr\/wp-content\/uploads\/sites\/53\/Obrazy\/fot.-Katarzyna-Suchanska-456-300x200.jpg)\">\r\n                    <span>wi\u0119cej<\/span>\r\n                <\/a>\r\n\r\n                <div class=\"article-loop-post__content\">\r\n                    <h3 class=\"article-loop-post__title\">\r\n                        <a href=\"https:\/\/us.edu.pl\/event\/krajowy-final-famelab-2025\/\">Krajowy Fina\u0142 FameLab 2025<\/a>\r\n                    <\/h3>\r\n            \r\n                    <div class=\"article-loop-post__categories\">\r\n                        <a href=\"https:\/\/us.edu.pl\/instytut\/inpr\/category\/wiadomosci\/\">Wiadomo\u015bci<\/a>\r\n                    <\/div>    \r\n                <\/div>\r\n            <\/article>\r\n        \n\t\t\t\t\t\t\t\t<\/div>\n\t\t\t\t\t\t  <\/div>\n\t\t\t\t\t <\/div>\n\t\t\t\t\t <\/div>\n\t\t\t\t<\/div>\r\n                <div class=\"title-with-link color-white\" style=\"background: #002E5A\">\r\n                    <div class=\"container\">\r\n                        <div class=\"title-with-link-container \">\r\n                            <div class=\"title-with-link__title\"><span><\/span><\/div>\r\n                            <a href=\"https:\/\/us.edu.pl\/instytut\/inpr\/dla-pracownika\/\" class=\"title-with-link__link\">Dla pracownika<\/a>\r\n                        <\/div>\r\n                    <\/div>\r\n                <\/div>\r\n            [\/vc_column][\/vc_row]<\/p>","protected":false},"excerpt":{"rendered":"<p>[vc_row][vc_column][\/vc_column][\/vc_row] [&#8230;]<\/p>\n<p><a class=\"btn btn-secondary understrap-read-more-link\" href=\"https:\/\/us.edu.pl\/instytut\/inpr\/2025\/10\/06\/krajowy-final-famelab-2025\/\">Read More&#8230;<\/a><\/p>\n","protected":false},"author":98,"featured_media":0,"parent":0,"menu_order":0,"comment_status":"closed","ping_status":"open","template":"page-templates\/index-template.php","meta":{"_expiration-date-status":"","_expiration-date":0,"_expiration-date-type":"","_expiration-date-categories":[],"_expiration-date-options":[]},"acf":[],"_links":{"self":[{"href":"https:\/\/us.edu.pl\/instytut\/inpr\/wp-json\/wp\/v2\/pages\/2"}],"collection":[{"href":"https:\/\/us.edu.pl\/instytut\/inpr\/wp-json\/wp\/v2\/pages"}],"about":[{"href":"https:\/\/us.edu.pl\/instytut\/inpr\/wp-json\/wp\/v2\/types\/page"}],"author":[{"embeddable":true,"href":"https:\/\/us.edu.pl\/instytut\/inpr\/wp-json\/wp\/v2\/users\/98"}],"replies":[{"embeddable":true,"href":"https:\/\/us.edu.pl\/instytut\/inpr\/wp-json\/wp\/v2\/comments?post=2"}],"version-history":[{"count":11,"href":"https:\/\/us.edu.pl\/instytut\/inpr\/wp-json\/wp\/v2\/pages\/2\/revisions"}],"predecessor-version":[{"id":2811,"href":"https:\/\/us.edu.pl\/instytut\/inpr\/wp-json\/wp\/v2\/pages\/2\/revisions\/2811"}],"wp:attachment":[{"href":"https:\/\/us.edu.pl\/instytut\/inpr\/wp-json\/wp\/v2\/media?parent=2"}],"curies":[{"name":"wp","href":"https:\/\/api.w.org\/{rel}","templated":true}]}}