{"id":59,"date":"2019-10-28T10:55:43","date_gmt":"2019-10-28T09:55:43","guid":{"rendered":"https:\/\/us.edu.pl\/instytut\/inpr\/?page_id=59"},"modified":"2019-10-31T11:42:28","modified_gmt":"2019-10-31T10:42:28","slug":"mapa-strony","status":"publish","type":"page","link":"https:\/\/us.edu.pl\/instytut\/inpr\/mapa-strony\/","title":{"rendered":"Mapa Strony"},"content":{"rendered":"<p>[vc_row][vc_column]\r\n                <div class=\"text-modules\">\r\n                    <div class=\"container\">\r\n                        \r\n                        <div class=\"text-modules__content\"><div class=\"wsp-container\"><h2 class=\"wsp-pages-title\">Pages<\/h2>\n<ul class=\"wsp-pages-list\">\n<li class=\"page_item page-item-2 page_item_has_children\"><a href=\"https:\/\/us.edu.pl\/instytut\/inpr\/\">Strona g\u0142\u00f3wna<\/a>\n<ul class='children'>\n\t<li class=\"page_item page-item-886\"><a href=\"https:\/\/us.edu.pl\/instytut\/inpr\/przykladowa-strona\/zyczenia-swiateczne\/\">\u017byczenia \u015awi\u0105teczne<\/a><\/li>\n<\/ul>\n<\/li>\n<li class=\"page_item page-item-59\"><a href=\"https:\/\/us.edu.pl\/instytut\/inpr\/mapa-strony\/\">Mapa Strony<\/a><\/li>\n<li class=\"page_item page-item-320\"><a href=\"https:\/\/us.edu.pl\/instytut\/inpr\/archiwalne-postepowania-habilitacyjne\/\">Wykaz post\u0119powa\u0144 habilitacyjnych przeprowadzonych w latach 2012 &#8211; 2019<\/a><\/li>\n<li class=\"page_item page-item-327\"><a href=\"https:\/\/us.edu.pl\/instytut\/inpr\/archiwalne-postepowania-o-nadanie-tytulu-profesora\/\">Post\u0119powania o nadanie tytu\u0142u profesora rozpocz\u0119te przed wrze\u015bniem 2019<\/a><\/li>\n<li class=\"page_item page-item-881\"><a href=\"https:\/\/us.edu.pl\/instytut\/inpr\/zyczenia-swiateczne\/\">\u017byczenia \u015awi\u0105teczne<\/a><\/li>\n<li class=\"page_item page-item-120 page_item_has_children\"><a href=\"https:\/\/us.edu.pl\/instytut\/inpr\/instytut\/\">Instytut<\/a>\n<ul class='children'>\n\t<li class=\"page_item page-item-124\"><a href=\"https:\/\/us.edu.pl\/instytut\/inpr\/instytut\/dyrektor-instytutu-nauk-prawnych\/\">Dyrektor Instytutu Nauk Prawnych<\/a><\/li>\n\t<li class=\"page_item page-item-126 page_item_has_children\"><a href=\"https:\/\/us.edu.pl\/instytut\/inpr\/instytut\/rada-naukowa\/\">Rada naukowa<\/a>\n\t<ul class='children'>\n\t\t<li class=\"page_item page-item-176\"><a href=\"https:\/\/us.edu.pl\/instytut\/inpr\/instytut\/rada-naukowa\/sklad-rady-naukowej\/\">Sk\u0142ad Rady Naukowej<\/a><\/li>\n\t\t<li class=\"page_item page-item-178\"><a href=\"https:\/\/us.edu.pl\/instytut\/inpr\/instytut\/rada-naukowa\/uchwaly-rady-instytutu\/\">Uchwa\u0142y Rady Instytutu<\/a><\/li>\n\t<\/ul>\n<\/li>\n\t<li class=\"page_item page-item-128\"><a href=\"https:\/\/us.edu.pl\/instytut\/inpr\/instytut\/pracownicy-instytutu\/\">Pracownicy Instytutu<\/a><\/li>\n\t<li class=\"page_item page-item-130\"><a href=\"https:\/\/us.edu.pl\/instytut\/inpr\/instytut\/kontakt\/\">Kontakt<\/a><\/li>\n<\/ul>\n<\/li>\n<li class=\"page_item page-item-1144\"><a href=\"https:\/\/us.edu.pl\/instytut\/inpr\/ewaluacja\/\">Ewaluacja<\/a><\/li>\n<li class=\"page_item page-item-122 page_item_has_children\"><a href=\"https:\/\/us.edu.pl\/instytut\/inpr\/nauka-i-badania\/\">Nauka i badania<\/a>\n<ul class='children'>\n\t<li class=\"page_item page-item-1414\"><a href=\"https:\/\/us.edu.pl\/instytut\/inpr\/nauka-i-badania\/projekt-pols\/\">Projekt POLS<\/a><\/li>\n\t<li class=\"page_item page-item-136 page_item_has_children\"><a href=\"https:\/\/us.edu.pl\/instytut\/inpr\/nauka-i-badania\/badania\/\">Badania<\/a>\n\t<ul class='children'>\n\t\t<li class=\"page_item page-item-826\"><a href=\"https:\/\/us.edu.pl\/instytut\/inpr\/nauka-i-badania\/badania\/regulamin-stazy-naukowych-w-instytucie-nauk-prawnych\/\">Regulamin sta\u017cy naukowych w Instytucie Nauk Prawnych<\/a><\/li>\n\t\t<li class=\"page_item page-item-158\"><a href=\"https:\/\/us.edu.pl\/instytut\/inpr\/nauka-i-badania\/badania\/indywidualna-dzialalnosc-badawcza\/\">Indywidualna Dzia\u0142alno\u015b\u0107 Badawcza<\/a><\/li>\n\t\t<li class=\"page_item page-item-160\"><a href=\"https:\/\/us.edu.pl\/instytut\/inpr\/nauka-i-badania\/badania\/zespoly-badawcze\/\">Zespo\u0142y badawcze<\/a><\/li>\n\t<\/ul>\n<\/li>\n\t<li class=\"page_item page-item-138 page_item_has_children\"><a href=\"https:\/\/us.edu.pl\/instytut\/inpr\/nauka-i-badania\/zespol-do-spraw-projektow\/\">Zesp\u00f3\u0142 do spraw projekt\u00f3w<\/a>\n\t<ul class='children'>\n\t\t<li class=\"page_item page-item-281\"><a href=\"https:\/\/us.edu.pl\/instytut\/inpr\/nauka-i-badania\/zespol-do-spraw-projektow\/kontakt-projekty\/\">Kontakt-projekty<\/a><\/li>\n\t<\/ul>\n<\/li>\n\t<li class=\"page_item page-item-140\"><a href=\"https:\/\/us.edu.pl\/instytut\/inpr\/nauka-i-badania\/konferencje-naukowe\/\">Konferencje naukowe<\/a><\/li>\n\t<li class=\"page_item page-item-142 page_item_has_children\"><a href=\"https:\/\/us.edu.pl\/instytut\/inpr\/nauka-i-badania\/awanse-naukowe\/\">Awanse naukowe<\/a>\n\t<ul class='children'>\n\t\t<li class=\"page_item page-item-317\"><a href=\"https:\/\/us.edu.pl\/instytut\/inpr\/nauka-i-badania\/awanse-naukowe\/postepowania-habilitacyjne\/\">Post\u0119powania habilitacyjne<\/a><\/li>\n\t\t<li class=\"page_item page-item-324\"><a href=\"https:\/\/us.edu.pl\/instytut\/inpr\/nauka-i-badania\/awanse-naukowe\/postepowania-o-nadanie-tytulu-profesora\/\">Post\u0119powania o nadanie tytu\u0142u profesora<\/a><\/li>\n\t\t<li class=\"page_item page-item-1150 page_item_has_children\"><a href=\"https:\/\/us.edu.pl\/instytut\/inpr\/nauka-i-badania\/awanse-naukowe\/przewody-doktorskie\/\">Przewody doktorskie<\/a>\n\t\t<ul class='children'>\n\t\t\t<li class=\"page_item page-item-1153 page_item_has_children\"><a href=\"https:\/\/us.edu.pl\/instytut\/inpr\/nauka-i-badania\/awanse-naukowe\/przewody-doktorskie\/tryb-uzyskania-stopnia-doktora\/\">Tryb uzyskania stopnia doktora<\/a>\n\t\t\t<ul class='children'>\n\t\t\t\t<li class=\"page_item page-item-1156\"><a href=\"https:\/\/us.edu.pl\/instytut\/inpr\/nauka-i-badania\/awanse-naukowe\/przewody-doktorskie\/tryb-uzyskania-stopnia-doktora\/doktorancki-szkoly-doktorskiej\/\">Doktoranci Szko\u0142y Doktorskiej<\/a><\/li>\n\t\t\t\t<li class=\"page_item page-item-1160\"><a href=\"https:\/\/us.edu.pl\/instytut\/inpr\/nauka-i-badania\/awanse-naukowe\/przewody-doktorskie\/tryb-uzyskania-stopnia-doktora\/tryb-eksternistyczny\/\">Tryb eksternistyczny<\/a><\/li>\n\t\t\t\t<li class=\"page_item page-item-1163\"><a href=\"https:\/\/us.edu.pl\/instytut\/inpr\/nauka-i-badania\/awanse-naukowe\/przewody-doktorskie\/tryb-uzyskania-stopnia-doktora\/studia-doktoranckie-doktoranci-bez-wszczetego-przewodu\/\">Studia doktoranckie \u2013 doktoranci z przewodem wszcz\u0119tym mi\u0119dzy 1.10.2019 r. a18.02.2024 r.<\/a><\/li>\n\t\t\t\t<li class=\"page_item page-item-1166\"><a href=\"https:\/\/us.edu.pl\/instytut\/inpr\/nauka-i-badania\/awanse-naukowe\/przewody-doktorskie\/tryb-uzyskania-stopnia-doktora\/studia-doktoranckie-doktorancki-ktorzy-maja-wszczety-przewod\/\">Osoby, kt\u00f3re wszcz\u0119\u0142y przew\u00f3d do 30 kwietnia 2019 roku<\/a><\/li>\n\t\t\t\t<li class=\"page_item page-item-1960\"><a href=\"https:\/\/us.edu.pl\/instytut\/inpr\/nauka-i-badania\/awanse-naukowe\/przewody-doktorskie\/tryb-uzyskania-stopnia-doktora\/studia-doktoranckie-doktoranci-bez-wszczetego-przewodu-2\/\">Studia doktoranckie &#8211; doktoranci bez wszcz\u0119tego przewodu<\/a><\/li>\n\t\t\t\t<li class=\"page_item page-item-1964\"><a href=\"https:\/\/us.edu.pl\/instytut\/inpr\/nauka-i-badania\/awanse-naukowe\/przewody-doktorskie\/tryb-uzyskania-stopnia-doktora\/test\/\">Tryb eksternistyczny<\/a><\/li>\n\t\t\t<\/ul>\n<\/li>\n\t\t<\/ul>\n<\/li>\n\t<\/ul>\n<\/li>\n\t<li class=\"page_item page-item-144\"><a href=\"https:\/\/us.edu.pl\/instytut\/inpr\/nauka-i-badania\/czasopisma\/\">Czasopisma<\/a><\/li>\n\t<li class=\"page_item page-item-195\"><a href=\"https:\/\/us.edu.pl\/instytut\/inpr\/nauka-i-badania\/centra-badawcze\/\">Centra badawcze<\/a><\/li>\n<\/ul>\n<\/li>\n<li class=\"page_item page-item-383\"><a href=\"https:\/\/us.edu.pl\/instytut\/inpr\/zadania-administracji-wydzialowej-wraz-z-wykazem-osob-odpowiedzialnych-za-ich-wykonanie\/\">Zadania administracji wydzia\u0142owej wraz z wykazem os\u00f3b odpowiedzialnych za ich wykonanie<\/a><\/li>\n<li class=\"page_item page-item-162\"><a href=\"https:\/\/us.edu.pl\/instytut\/inpr\/etyka-w-badaniach-naukowych\/\">Etyka w badaniach naukowych<\/a><\/li>\n<li class=\"page_item page-item-2213\"><a href=\"https:\/\/us.edu.pl\/instytut\/inpr\/english-about\/\">(English) about<\/a><\/li>\n<li class=\"page_item page-item-2220\"><a href=\"https:\/\/us.edu.pl\/instytut\/inpr\/2220-2\/\">(English) contact<\/a><\/li>\n<li class=\"page_item page-item-2244\"><a href=\"https:\/\/us.edu.pl\/instytut\/inpr\/english-our-experts\/\">(English) our experts<\/a><\/li>\n<li class=\"page_item page-item-734 page_item_has_children\"><a href=\"https:\/\/us.edu.pl\/instytut\/inpr\/dla-pracownika\/\">Dla pracownika<\/a>\n<ul class='children'>\n\t<li class=\"page_item page-item-744\"><a href=\"https:\/\/us.edu.pl\/instytut\/inpr\/dla-pracownika\/przydatne-linki\/\">Przydatne linki<\/a><\/li>\n<\/ul>\n<\/li>\n<\/ul>\n<\/div>\n<\/div>\r\n                    <\/div>\r\n                <\/div>[\/vc_column][\/vc_row]<\/p>\n","protected":false},"excerpt":{"rendered":"<p>[vc_row][vc_column][\/vc_column][\/vc_row] [&#8230;]<\/p>\n<p><a class=\"btn btn-secondary understrap-read-more-link\" href=\"https:\/\/us.edu.pl\/instytut\/inpr\/mapa-strony\/\">Read More&#8230;<\/a><\/p>\n","protected":false},"author":29,"featured_media":0,"parent":0,"menu_order":0,"comment_status":"closed","ping_status":"closed","template":"page-templates\/sitemap-template.php","meta":{"_expiration-date-status":"saved","_expiration-date":0,"_expiration-date-type":"","_expiration-date-categories":[],"_expiration-date-options":[]},"acf":[],"_links":{"self":[{"href":"https:\/\/us.edu.pl\/instytut\/inpr\/wp-json\/wp\/v2\/pages\/59"}],"collection":[{"href":"https:\/\/us.edu.pl\/instytut\/inpr\/wp-json\/wp\/v2\/pages"}],"about":[{"href":"https:\/\/us.edu.pl\/instytut\/inpr\/wp-json\/wp\/v2\/types\/page"}],"author":[{"embeddable":true,"href":"https:\/\/us.edu.pl\/instytut\/inpr\/wp-json\/wp\/v2\/users\/29"}],"replies":[{"embeddable":true,"href":"https:\/\/us.edu.pl\/instytut\/inpr\/wp-json\/wp\/v2\/comments?post=59"}],"version-history":[{"count":2,"href":"https:\/\/us.edu.pl\/instytut\/inpr\/wp-json\/wp\/v2\/pages\/59\/revisions"}],"predecessor-version":[{"id":93,"href":"https:\/\/us.edu.pl\/instytut\/inpr\/wp-json\/wp\/v2\/pages\/59\/revisions\/93"}],"wp:attachment":[{"href":"https:\/\/us.edu.pl\/instytut\/inpr\/wp-json\/wp\/v2\/media?parent=59"}],"curies":[{"name":"wp","href":"https:\/\/api.w.org\/{rel}","templated":true}]}}