{"id":135,"date":"2019-11-04T11:31:41","date_gmt":"2019-11-04T10:31:41","guid":{"rendered":"http:\/\/us.edu.pl\/instytut\/int\/?page_id=135"},"modified":"2024-09-09T09:30:33","modified_gmt":"2024-09-09T07:30:33","slug":"projekty-badawcze","status":"publish","type":"page","link":"https:\/\/us.edu.pl\/instytut\/int\/projekty-badawcze\/","title":{"rendered":"Projekty badawcze"},"content":{"rendered":"<p>[vc_row][vc_column]\r\n                <div class=\"text-modules\">\r\n                    <div class=\"container\">\r\n                        <h3 class=\"page-title text__title\">Projekty badawcze<\/h3>\r\n                        <div class=\"text-modules__content\"><p>W Instytucie Nauk Teologicznych prowadzone s\u0105 badania w zakresie dyscypliny nauki teologiczne, jak i badania interdyscyplinarne. Nasi pracownicy realizuj\u0105 projekty indywidualne, jak i zespo\u0142owe. Zapraszamy do zapoznania si\u0119 z badaniami prowadzonymi przez INT.<\/p>\n<\/div>\r\n                    <\/div>\r\n                <\/div>[\/vc_column][\/vc_row][vc_row el_class=&#8221;container&#8221;][vc_column width=&#8221;1\/4&#8243;]\r\n                <div class='sidebar_moduls sidebar_one_header' style='color:#002E5A;background-color: #EBEBEB'>\r\n                    <a href='https:\/\/us.edu.pl\/instytut\/int\/projekty-badawcze\/projekty-zespolowe\/' class='link'>Zespo\u0142y badawcze (aktualne)<\/a>\r\n                <\/div>[\/vc_column][vc_column width=&#8221;1\/4&#8243;]\r\n                <div class='sidebar_moduls sidebar_one_header' style='color:#002E5A;background-color: #EBEBEB'>\r\n                    <a href='https:\/\/us.edu.pl\/instytut\/int\/projekty-badawcze\/projekty-zespolowe-zakonczone\/' class='link'>Zespo\u0142y badawcze (archiwalne)<\/a>\r\n                <\/div>[\/vc_column][vc_column width=&#8221;1\/4&#8243;]\r\n                <div class='sidebar_moduls sidebar_one_header' style='color:#002E5A;background-color: #EBEBEB'>\r\n                    <a href='https:\/\/us.edu.pl\/instytut\/int\/projekty-badawcze\/projekty-indywidualne\/' class='link'>Projekty indywidualne (aktualne)<\/a>\r\n                <\/div>[\/vc_column][vc_column width=&#8221;1\/4&#8243;]\r\n                <div class='sidebar_moduls sidebar_one_header' style='color:#002E5A;background-color: #EBEBEB'>\r\n                    <a href='https:\/\/us.edu.pl\/instytut\/int\/projekty-badawcze\/projekty-indywidualne-zakonczone\/' class='link'>Projekty indywidualne (archiwalne)<\/a>\r\n                <\/div>[\/vc_column][\/vc_row]<\/p>","protected":false},"excerpt":{"rendered":"<p>[vc_row][vc_column][\/vc_column][\/vc_row][vc_row el_class=&#8221;container&#8221;][vc_column width=&#8221;1\/4&#8243;][\/vc_column][vc_column width=&#8221;1\/4&#8243;][\/vc_column][vc_column width=&#8221;1\/4&#8243;][\/vc_column][vc_column width=&#8221;1\/4&#8243;][\/vc_column][\/vc_row] [&#8230;]<\/p>\n<p><a class=\"btn btn-secondary understrap-read-more-link\" href=\"https:\/\/us.edu.pl\/instytut\/int\/projekty-badawcze\/\">Read More&#8230;<\/a><\/p>\n","protected":false},"author":118,"featured_media":0,"parent":0,"menu_order":0,"comment_status":"closed","ping_status":"closed","template":"","meta":{"_expiration-date-status":"","_expiration-date":0,"_expiration-date-type":"","_expiration-date-categories":[],"_expiration-date-options":[]},"acf":[],"_links":{"self":[{"href":"https:\/\/us.edu.pl\/instytut\/int\/wp-json\/wp\/v2\/pages\/135"}],"collection":[{"href":"https:\/\/us.edu.pl\/instytut\/int\/wp-json\/wp\/v2\/pages"}],"about":[{"href":"https:\/\/us.edu.pl\/instytut\/int\/wp-json\/wp\/v2\/types\/page"}],"author":[{"embeddable":true,"href":"https:\/\/us.edu.pl\/instytut\/int\/wp-json\/wp\/v2\/users\/118"}],"replies":[{"embeddable":true,"href":"https:\/\/us.edu.pl\/instytut\/int\/wp-json\/wp\/v2\/comments?post=135"}],"version-history":[{"count":6,"href":"https:\/\/us.edu.pl\/instytut\/int\/wp-json\/wp\/v2\/pages\/135\/revisions"}],"predecessor-version":[{"id":2708,"href":"https:\/\/us.edu.pl\/instytut\/int\/wp-json\/wp\/v2\/pages\/135\/revisions\/2708"}],"wp:attachment":[{"href":"https:\/\/us.edu.pl\/instytut\/int\/wp-json\/wp\/v2\/media?parent=135"}],"curies":[{"name":"wp","href":"https:\/\/api.w.org\/{rel}","templated":true}]}}